{"id":1436,"date":"2022-03-21T12:49:21","date_gmt":"2022-03-21T12:49:21","guid":{"rendered":"https:\/\/precisebag.com\/?post_type=product&#038;p=1436"},"modified":"2022-03-21T12:51:34","modified_gmt":"2022-03-21T12:51:34","slug":"tyvek-paper-lunch-bag","status":"publish","type":"product","link":"https:\/\/precisebag.com\/de\/produkt\/tyvek-paper-lunch-bag\/","title":{"rendered":"Lunchpaket aus Tyvek-Papier"},"content":{"rendered":"<p><strong>Produktbeschreibung<\/strong><br \/>\n<strong>K\u00fchltasche aus Tyvek-Papier<\/strong>\u00a0wird aus einem umweltfreundlichen Material verwendet, das kunststoff\u00e4hnlich ist, mehrfach gewaschen werden kann und rei\u00dffest ist. Wichtig ist, dass das Material umweltfreundlich ist, also wiederverwendbar. Dieses neue Material ist unser erster Versuch, es in der Oberfl\u00e4che von K\u00fchltaschen zu verwenden. Der Effekt ist offensichtlich. Das ist so verdammt s\u00fc\u00df und ordentlich. Die Tyvek-K\u00fchltasche ist wasserdicht und \u00f6lbest\u00e4ndig, sodass Lebensmittel leicht ins B\u00fcro und in die Schule transportiert werden k\u00f6nnen. Sie k\u00f6nnen es mit einer wiederverwendbaren Einkaufstasche im Auto aufbewahren und es ist perfekt f\u00fcr kleine und gefrorene.<\/p>\n<p>Wenn Sie eine solche K\u00fchltasche besitzen, k\u00f6nnen Sie Ihre k\u00f6stlichen Speisen, Meeresfr\u00fcchte, Obst und frisches Gem\u00fcse rechtzeitig genie\u00dfen. Kein teures und ungesundes Junk Food mehr f\u00fcr Sie oder Ihre Familie. Die Kapazit\u00e4t ist moderat, was bedeutet, dass es viel Platz f\u00fcr Mittagessen, Wasserflaschen, Obst und Snacks gibt.<\/p>\n<p>Das besondere Erscheinungsbild ist f\u00fcr M\u00e4nner, Frauen, Kinder, Jungen oder M\u00e4dchen konzipiert. Kurz gesagt, die Tyvek-K\u00fchltasche ist f\u00fcr alle Altersgruppen geeignet, um zu arbeiten, zu picknicken, zu arbeiten oder zu reisen.<\/p>\n<p><strong>Tyvek-K\u00fchltasche<\/strong>\u00a0ist multifunktional, kompakt, stilvoll und langlebig, wiederverwendbare praktische Lunchtasche, gen\u00e4ht, gut gestrickt, die stark als Magnet ist und nicht leicht herunterf\u00e4llt, einfach zu bedienen, sowohl f\u00fcr Erwachsene als auch f\u00fcr Kinder geeignet, selbst das kleine Baby kann sein von selbst ge\u00f6ffnet. Elegant, stilvoll, liebenswert, cool, unverwechselbar und personalisiert, die Lunch-Tasche kann auch bemalt und signiert werden. Dies ist eine originelle Art, Ihr Essen frisch und warm zu halten, obwohl es aussieht wie eine Packung zerkn\u00fclltes Papier.<\/p>\n<p>Es ist Zeit herauszufinden, wie man es schlie\u00dft und \u00f6ffnet. Hier ist eine Schaltfl\u00e4che oben, Sie m\u00fcssen sie also nur \u00f6ffnen. Die K\u00fchltasche ist jedoch nicht vollst\u00e4ndig luftdicht platzierbar, sodass sich kein k\u00f6stlicher Essensgeruch aus der Tasche ausbreitet.<\/p>\n<p><strong>Spezifikation<\/strong><\/p>\n<div class=\"table_wrap\">\n<table border=\"1\" cellspacing=\"0\">\n<tbody>\n<tr>\n<td valign=\"center\" width=\"284\">\n<p align=\"justify\">MATERIL<\/p>\n<\/td>\n<td valign=\"center\" width=\"284\">\n<p align=\"justify\">Tyvek<\/p>\n<\/td>\n<\/tr>\n<tr>\n<td valign=\"center\" width=\"284\">\n<p align=\"justify\">Gr\u00f6\u00dfe<\/p>\n<\/td>\n<td valign=\"center\" width=\"284\">\n<p align=\"justify\">Standardgr\u00f6\u00dfe oder Benutzerdefiniert<\/p>\n<\/td>\n<\/tr>\n<tr>\n<td valign=\"center\" width=\"284\">\n<p align=\"justify\">Farben<\/p>\n<\/td>\n<td valign=\"center\" width=\"284\">\n<p align=\"justify\">Braun, Schwarz, Gr\u00fcn oder Benutzerdefiniert<\/p>\n<\/td>\n<\/tr>\n<tr>\n<td valign=\"center\" width=\"284\">\n<p align=\"justify\">Mindestbestellmenge<\/p>\n<\/td>\n<td valign=\"center\" width=\"284\">\n<p align=\"justify\">100St<\/p>\n<\/td>\n<\/tr>\n<tr>\n<td valign=\"center\" width=\"284\">\n<p align=\"justify\">OEM &amp; ODM<\/p>\n<\/td>\n<td valign=\"center\" width=\"284\">\n<p align=\"justify\">Annehmen<\/p>\n<\/td>\n<\/tr>\n<tr>\n<td valign=\"center\" width=\"284\">\n<p align=\"justify\">Logo<\/p>\n<\/td>\n<td valign=\"center\" width=\"284\">\n<p align=\"justify\">Benutzerdefiniert<\/p>\n<\/td>\n<\/tr>\n<\/tbody>\n<\/table>\n<\/div>\n<div class=\"clear\"><\/div>","protected":false},"excerpt":{"rendered":"<table border=\"1\" cellspacing=\"0\">\n<tbody>\n<tr>\n<td valign=\"center\" width=\"284\">\n<p align=\"justify\">MATERIL<\/p>\n<\/td>\n<td valign=\"center\" width=\"284\">\n<p align=\"justify\">Tyvek<\/p>\n<\/td>\n<\/tr>\n<tr>\n<td valign=\"center\" width=\"284\">\n<p align=\"justify\">Gr\u00f6\u00dfe<\/p>\n<\/td>\n<td valign=\"center\" width=\"284\">\n<p align=\"justify\">Standardgr\u00f6\u00dfe oder Benutzerdefiniert<\/p>\n<\/td>\n<\/tr>\n<tr>\n<td valign=\"center\" width=\"284\">\n<p align=\"justify\">Farben<\/p>\n<\/td>\n<td valign=\"center\" width=\"284\">\n<p align=\"justify\">Braun, Schwarz, Gr\u00fcn oder Benutzerdefiniert<\/p>\n<\/td>\n<\/tr>\n<tr>\n<td valign=\"center\" width=\"284\">\n<p align=\"justify\">Mindestbestellmenge<\/p>\n<\/td>\n<td valign=\"center\" width=\"284\">\n<p align=\"justify\">100St<\/p>\n<\/td>\n<\/tr>\n<tr>\n<td valign=\"center\" width=\"284\">\n<p align=\"justify\">OEM &amp; ODM<\/p>\n<\/td>\n<td valign=\"center\" width=\"284\">\n<p align=\"justify\">Annehmen<\/p>\n<\/td>\n<\/tr>\n<tr>\n<td valign=\"center\" width=\"284\">\n<p align=\"justify\">Logo<\/p>\n<\/td>\n<td valign=\"center\" width=\"284\">\n<p align=\"justify\">Benutzerdefiniert<\/p>\n<\/td>\n<\/tr>\n<\/tbody>\n<\/table>","protected":false},"featured_media":1438,"comment_status":"closed","ping_status":"closed","template":"","meta":{"_seopress_robots_primary_cat":"","_seopress_titles_title":"","_seopress_titles_desc":"","_seopress_robots_index":"","site-sidebar-layout":"default","site-content-layout":"default","ast-site-content-layout":"default","site-content-style":"default","site-sidebar-style":"default","ast-global-header-display":"","ast-banner-title-visibility":"","ast-main-header-display":"","ast-hfb-above-header-display":"","ast-hfb-below-header-display":"","ast-hfb-mobile-header-display":"","site-post-title":"","ast-breadcrumbs-content":"","ast-featured-img":"","footer-sml-layout":"","theme-transparent-header-meta":"default","adv-header-id-meta":"","stick-header-meta":"","header-above-stick-meta":"","header-main-stick-meta":"","header-below-stick-meta":"","astra-migrate-meta-layouts":"default","ast-page-background-enabled":"default","ast-page-background-meta":{"desktop":{"background-color":"","background-image":"","background-repeat":"repeat","background-position":"center center","background-size":"auto","background-attachment":"scroll","background-type":"","background-media":"","overlay-type":"","overlay-color":"","overlay-opacity":"","overlay-gradient":""},"tablet":{"background-color":"","background-image":"","background-repeat":"repeat","background-position":"center center","background-size":"auto","background-attachment":"scroll","background-type":"","background-media":"","overlay-type":"","overlay-color":"","overlay-opacity":"","overlay-gradient":""},"mobile":{"background-color":"","background-image":"","background-repeat":"repeat","background-position":"center center","background-size":"auto","background-attachment":"scroll","background-type":"","background-media":"","overlay-type":"","overlay-color":"","overlay-opacity":"","overlay-gradient":""}},"ast-content-background-meta":{"desktop":{"background-color":"var(--ast-global-color-5)","background-image":"","background-repeat":"repeat","background-position":"center center","background-size":"auto","background-attachment":"scroll","background-type":"","background-media":"","overlay-type":"","overlay-color":"","overlay-opacity":"","overlay-gradient":""},"tablet":{"background-color":"var(--ast-global-color-5)","background-image":"","background-repeat":"repeat","background-position":"center center","background-size":"auto","background-attachment":"scroll","background-type":"","background-media":"","overlay-type":"","overlay-color":"","overlay-opacity":"","overlay-gradient":""},"mobile":{"background-color":"var(--ast-global-color-5)","background-image":"","background-repeat":"repeat","background-position":"center center","background-size":"auto","background-attachment":"scroll","background-type":"","background-media":"","overlay-type":"","overlay-color":"","overlay-opacity":"","overlay-gradient":""}}},"product_brand":[],"product_cat":[33],"product_tag":[],"class_list":{"0":"post-1436","1":"product","2":"type-product","3":"status-publish","4":"has-post-thumbnail","6":"product_cat-coolerbag","7":"desktop-align-left","8":"tablet-align-left","9":"mobile-align-left","11":"first","12":"instock","13":"shipping-taxable","14":"product-type-simple"},"_links":{"self":[{"href":"https:\/\/precisebag.com\/de\/wp-json\/wp\/v2\/product\/1436","targetHints":{"allow":["GET"]}}],"collection":[{"href":"https:\/\/precisebag.com\/de\/wp-json\/wp\/v2\/product"}],"about":[{"href":"https:\/\/precisebag.com\/de\/wp-json\/wp\/v2\/types\/product"}],"replies":[{"embeddable":true,"href":"https:\/\/precisebag.com\/de\/wp-json\/wp\/v2\/comments?post=1436"}],"wp:featuredmedia":[{"embeddable":true,"href":"https:\/\/precisebag.com\/de\/wp-json\/wp\/v2\/media\/1438"}],"wp:attachment":[{"href":"https:\/\/precisebag.com\/de\/wp-json\/wp\/v2\/media?parent=1436"}],"wp:term":[{"taxonomy":"product_brand","embeddable":true,"href":"https:\/\/precisebag.com\/de\/wp-json\/wp\/v2\/product_brand?post=1436"},{"taxonomy":"product_cat","embeddable":true,"href":"https:\/\/precisebag.com\/de\/wp-json\/wp\/v2\/product_cat?post=1436"},{"taxonomy":"product_tag","embeddable":true,"href":"https:\/\/precisebag.com\/de\/wp-json\/wp\/v2\/product_tag?post=1436"}],"curies":[{"name":"wp","href":"https:\/\/api.w.org\/{rel}","templated":true}]}}