{"id":1445,"date":"2022-03-21T12:55:35","date_gmt":"2022-03-21T12:55:35","guid":{"rendered":"https:\/\/precisebag.com\/?post_type=product&#038;p=1445"},"modified":"2022-03-21T13:04:20","modified_gmt":"2022-03-21T13:04:20","slug":"insulated-pizza-delivery-bag","status":"publish","type":"product","link":"https:\/\/precisebag.com\/de\/produkt\/insulated-pizza-delivery-bag\/","title":{"rendered":"Isolierte Pizza-Liefertasche"},"content":{"rendered":"<p><strong>Produktbeschreibung<\/strong><br \/>\n<strong>Die K\u00fchltasche f\u00fcr die Lieferung von Lebensmitteln ist extra gro\u00df<\/strong>, was bedeutet, dass gen\u00fcgend Platz f\u00fcr Pizza und Kuchen vorhanden ist und mehr Platz f\u00fcr alle Lebensmittel oder Lebensmittellieferungen gespart wird. Die Pizza-Liefertasche ist langlebig und f\u00fcr schwere Lasten ausgelegt. Sie verf\u00fcgen \u00fcber verst\u00e4rkte N\u00e4hte an wichtigen Belastungspunkten und robuste Nylonriemen, die den Boden jeder Tasche verst\u00e4rken.<\/p>\n<p>Die Oberfl\u00e4che besteht aus Oxford und die Innenseite ist aluminiumbeschichtet, sodass sie auslaufsicher und wasserdicht ist. Dadurch ist auch die Reinigung der Beutel denkbar einfach. Die hochwertige Auskleidung besteht aus Aluminiumfolie und Isolierschaum, wodurch hei\u00dfe Speisen hei\u00df und gefrorene Speisen eiskalt bleiben. Sie m\u00fcssen sich keine Sorgen machen, dass Ihr Imbiss kalt wird oder Sahne auftaut. Die Oberfl\u00e4che besteht aus Oxford, was die Taschen wasserdicht macht und bedeutet auch, dass die Lebensmittelliefertaschen das ganze Jahr \u00fcber verwendet werden k\u00f6nnen, bei Regen oder Sonnenschein. Egal, ob Sie Lebensmittel oder Pizza liefern, die Taschen sind isoliert, um Ihre Lebensmittel frisch zu halten.<\/p>\n<p>Viele Catering-Unternehmen haben die isolierten Food Delivery Bags f\u00fcr alle unsere Catering-Events verwendet. Wir empfehlen! sie k\u00f6nnen viel Gewicht halten! In der K\u00fchltasche f\u00fcr die Lieferung von Lebensmitteln befinden sich zwei Schichten, was bedeutet, dass Sie Pizza auf die oberste Schicht legen. Eine weitere Schicht kann auf den Kuchen gelegt werden. Es ist eine gute M\u00f6glichkeit, das unordentliche Problem zu l\u00f6sen. Die meisten konkurrierenden Lebensmittelliefertaschen werden aufgrund des N\u00e4h-\/N\u00e4hprozesses, der das wasserdichte Innere beeintr\u00e4chtigt, immer noch undicht. Unsere hat jedoch eine einteilige Innenkonstruktion, die sie wirklich wasserdicht macht. Qualit\u00e4t, der Sie vertrauen k\u00f6nnen. Ein Kunde von uns sagte: Die Tasche kann zwei gro\u00dfe Pizzen aufnehmen und h\u00e4lt eine ganze Weile warm, und sie ist sehr stark und strapazierf\u00e4hig.<\/p>\n<p><strong>Spezifikation<\/strong><\/p>\n<div class=\"table_wrap\">\n<table border=\"1\" cellspacing=\"0\">\n<tbody>\n<tr>\n<td valign=\"top\" width=\"284\">Material<\/td>\n<td valign=\"top\" width=\"284\">Oxford, Aluminiumfolie, PVC<\/td>\n<\/tr>\n<tr>\n<td valign=\"top\" width=\"284\">Gr\u00f6\u00dfe<\/td>\n<td valign=\"top\" width=\"284\">Gro\u00dfe Gr\u00f6\u00dfe oder Benutzerdefiniert<\/td>\n<\/tr>\n<tr>\n<td valign=\"top\" width=\"284\">Farben<\/td>\n<td valign=\"top\" width=\"284\">Rot, Schwarz oder Benutzerdefiniert<\/td>\n<\/tr>\n<tr>\n<td valign=\"top\" width=\"284\">Mindestbestellmenge<\/td>\n<td valign=\"top\" width=\"284\">100St<\/td>\n<\/tr>\n<tr>\n<td valign=\"top\" width=\"284\">OEM &amp; ODM<\/td>\n<td valign=\"top\" width=\"284\">Annehmen<\/td>\n<\/tr>\n<tr>\n<td valign=\"top\" width=\"284\">Logo<\/td>\n<td valign=\"top\" width=\"284\">Benutzerdefiniert<\/td>\n<\/tr>\n<\/tbody>\n<\/table>\n<\/div>","protected":false},"excerpt":{"rendered":"<table border=\"1\" cellspacing=\"0\">\n<tbody>\n<tr>\n<td valign=\"top\" width=\"284\">Material<\/td>\n<td valign=\"top\" width=\"284\">Oxford, Aluminiumfolie, PVC<\/td>\n<\/tr>\n<tr>\n<td valign=\"top\" width=\"284\">Gr\u00f6\u00dfe<\/td>\n<td valign=\"top\" width=\"284\">Gro\u00dfe Gr\u00f6\u00dfe oder Benutzerdefiniert<\/td>\n<\/tr>\n<tr>\n<td valign=\"top\" width=\"284\">Farben<\/td>\n<td valign=\"top\" width=\"284\">Rot, Schwarz oder Benutzerdefiniert<\/td>\n<\/tr>\n<tr>\n<td valign=\"top\" width=\"284\">Mindestbestellmenge<\/td>\n<td valign=\"top\" width=\"284\">100St<\/td>\n<\/tr>\n<tr>\n<td valign=\"top\" width=\"284\">OEM &amp; ODM<\/td>\n<td valign=\"top\" width=\"284\">Annehmen<\/td>\n<\/tr>\n<tr>\n<td valign=\"top\" width=\"284\">Logo<\/td>\n<td valign=\"top\" width=\"284\">Benutzerdefiniert<\/td>\n<\/tr>\n<\/tbody>\n<\/table>","protected":false},"featured_media":1447,"comment_status":"closed","ping_status":"closed","template":"","meta":{"_seopress_robots_primary_cat":"","_seopress_titles_title":"","_seopress_titles_desc":"","_seopress_robots_index":"","site-sidebar-layout":"default","site-content-layout":"default","ast-site-content-layout":"default","site-content-style":"default","site-sidebar-style":"default","ast-global-header-display":"","ast-banner-title-visibility":"","ast-main-header-display":"","ast-hfb-above-header-display":"","ast-hfb-below-header-display":"","ast-hfb-mobile-header-display":"","site-post-title":"","ast-breadcrumbs-content":"","ast-featured-img":"","footer-sml-layout":"","theme-transparent-header-meta":"default","adv-header-id-meta":"","stick-header-meta":"","header-above-stick-meta":"","header-main-stick-meta":"","header-below-stick-meta":"","astra-migrate-meta-layouts":"default","ast-page-background-enabled":"default","ast-page-background-meta":{"desktop":{"background-color":"","background-image":"","background-repeat":"repeat","background-position":"center center","background-size":"auto","background-attachment":"scroll","background-type":"","background-media":"","overlay-type":"","overlay-color":"","overlay-opacity":"","overlay-gradient":""},"tablet":{"background-color":"","background-image":"","background-repeat":"repeat","background-position":"center center","background-size":"auto","background-attachment":"scroll","background-type":"","background-media":"","overlay-type":"","overlay-color":"","overlay-opacity":"","overlay-gradient":""},"mobile":{"background-color":"","background-image":"","background-repeat":"repeat","background-position":"center center","background-size":"auto","background-attachment":"scroll","background-type":"","background-media":"","overlay-type":"","overlay-color":"","overlay-opacity":"","overlay-gradient":""}},"ast-content-background-meta":{"desktop":{"background-color":"var(--ast-global-color-5)","background-image":"","background-repeat":"repeat","background-position":"center center","background-size":"auto","background-attachment":"scroll","background-type":"","background-media":"","overlay-type":"","overlay-color":"","overlay-opacity":"","overlay-gradient":""},"tablet":{"background-color":"var(--ast-global-color-5)","background-image":"","background-repeat":"repeat","background-position":"center center","background-size":"auto","background-attachment":"scroll","background-type":"","background-media":"","overlay-type":"","overlay-color":"","overlay-opacity":"","overlay-gradient":""},"mobile":{"background-color":"var(--ast-global-color-5)","background-image":"","background-repeat":"repeat","background-position":"center center","background-size":"auto","background-attachment":"scroll","background-type":"","background-media":"","overlay-type":"","overlay-color":"","overlay-opacity":"","overlay-gradient":""}}},"product_brand":[],"product_cat":[33],"product_tag":[],"class_list":{"0":"post-1445","1":"product","2":"type-product","3":"status-publish","4":"has-post-thumbnail","6":"product_cat-coolerbag","7":"desktop-align-left","8":"tablet-align-left","9":"mobile-align-left","11":"first","12":"instock","13":"shipping-taxable","14":"product-type-simple"},"_links":{"self":[{"href":"https:\/\/precisebag.com\/de\/wp-json\/wp\/v2\/product\/1445","targetHints":{"allow":["GET"]}}],"collection":[{"href":"https:\/\/precisebag.com\/de\/wp-json\/wp\/v2\/product"}],"about":[{"href":"https:\/\/precisebag.com\/de\/wp-json\/wp\/v2\/types\/product"}],"replies":[{"embeddable":true,"href":"https:\/\/precisebag.com\/de\/wp-json\/wp\/v2\/comments?post=1445"}],"wp:featuredmedia":[{"embeddable":true,"href":"https:\/\/precisebag.com\/de\/wp-json\/wp\/v2\/media\/1447"}],"wp:attachment":[{"href":"https:\/\/precisebag.com\/de\/wp-json\/wp\/v2\/media?parent=1445"}],"wp:term":[{"taxonomy":"product_brand","embeddable":true,"href":"https:\/\/precisebag.com\/de\/wp-json\/wp\/v2\/product_brand?post=1445"},{"taxonomy":"product_cat","embeddable":true,"href":"https:\/\/precisebag.com\/de\/wp-json\/wp\/v2\/product_cat?post=1445"},{"taxonomy":"product_tag","embeddable":true,"href":"https:\/\/precisebag.com\/de\/wp-json\/wp\/v2\/product_tag?post=1445"}],"curies":[{"name":"wp","href":"https:\/\/api.w.org\/{rel}","templated":true}]}}