{"id":1478,"date":"2022-03-22T13:03:35","date_gmt":"2022-03-22T13:03:35","guid":{"rendered":"https:\/\/precisebag.com\/?post_type=product&#038;p=1478"},"modified":"2022-03-22T13:03:41","modified_gmt":"2022-03-22T13:03:41","slug":"canvas-shopping-bag","status":"publish","type":"product","link":"https:\/\/precisebag.com\/de\/produkt\/canvas-shopping-bag\/","title":{"rendered":"Canvas-Einkaufstasche"},"content":{"rendered":"<p><strong>Produktbeschreibung<\/strong><br \/>\nCanvas-Einkaufstasche ist aus Baumwolle hergestellt. Aufgrund ihres umweltfreundlichen Materials sind die Kosten f\u00fcr Tragetaschen aus Segeltuch teurer als Vliesstoffe. Wir legen gro\u00dfen Wert auf den Schutz der Erde und mit wiederverwendbaren Einkaufstaschen k\u00f6nnen Sie zu Papier- oder Plastikt\u00fcten nein sagen und die Umwelt der Erde sch\u00fctzen, die die Heimat der gesamten Menschheit ist. Verantwortlich f\u00fcr die Rettung des Planeten, indem wir keine Papier- oder Plastikt\u00fcten w\u00e4hlen, gr\u00fcn werden, unser Leben auf farbenfrohe und kreative Weise gestalten. Diese gro\u00dfe gestreifte Einkaufstasche ist wiederverwendbar und kann als Einkaufstasche, Strandtasche, Bastelkreation, Geschenkt\u00fcte, umweltfreundliche Tasche oder jede andere Verwendung verwendet werden, die Sie sich vorstellen k\u00f6nnen! In der Tasche befindet sich eine Tasche, in der Sie Schl\u00fcssel, Brieftasche, M\u00fcnzen und andere Kleinigkeiten verstauen k\u00f6nnen.<\/p>\n<p>Mit immer mehr Designelementen von Canvas-Einkaufstaschen ist Canvas-Tasche zu einer Modeerscheinung geworden. Es ist die neue Mode, die f\u00fcr Leute angesagt ist. Leinentaschen sind grunds\u00e4tzlich vielseitig und passen zu jeder Kleidung. Eine einfarbige Canvas-Tasche ist das h\u00e4ufigste Produkt, obwohl sie sehr praktisch ist, aber ich glaube, Sie werden sich manchmal langweilen, dann k\u00f6nnen Sie genauso gut eine hell gemusterte Canvas-Tasche w\u00e4hlen.<\/p>\n<p>Alle Canvas-Einkaufstaschen k\u00f6nnen individuell angepasst werden. Wenn Sie eine leere Tragetasche haben m\u00f6chten, k\u00f6nnen Sie mit leeren Canvas-Taschen die DIY-Lieblingsmuster genie\u00dfen. Einzigartige Bleichverarbeitung, schnelle Wasseraufnahme, ideal zum Malen und Dekorieren von Projekten zu Hause, in der Schule oder im Camp. Verleihen Sie Ihren Lieben Ihre eigene Note mit Farbe und anderen Bastelwerkzeugen f\u00fcr eine personalisierte Geschenkt\u00fcte. Kaufen Sie etwas W\u00e4rme\u00fcbertragungs-Vinylpapier, um es auf die Tasche zu \u00fcbertragen, es kann auch gestickt werden. Wenn Sie ein eigenes Design haben m\u00f6chten, k\u00f6nnen wir Ihnen auch bei der Fertigstellung behilflich sein.<\/p>\n<p>Stoffe aus Canvas-Einkaufstaschen werden gebleicht und gef\u00e4rbt, die Schrumpfung wird recht gut kontrolliert. Machen Sie sich keine Sorgen \u00fcber Schmutzflecken oder Schlamm, werfen Sie es einfach in die Waschmaschine, um es sauber zu bekommen.<\/p>\n<p><strong>Spezifikation<\/strong><\/p>\n<div class=\"table_wrap\">\n<table border=\"1\" cellspacing=\"0\">\n<tbody>\n<tr>\n<td valign=\"top\" width=\"284\">Material<\/td>\n<td valign=\"top\" width=\"284\">Segeltuch<\/td>\n<\/tr>\n<tr>\n<td valign=\"top\" width=\"284\">Gr\u00f6\u00dfe<\/td>\n<td valign=\"top\" width=\"284\">Gro\u00dfe Gr\u00f6\u00dfe, Standardgr\u00f6\u00dfe oder Benutzerdefiniert<\/td>\n<\/tr>\n<tr>\n<td valign=\"top\" width=\"284\">Farben<\/td>\n<td valign=\"top\" width=\"284\">Benutzerdefiniert<\/td>\n<\/tr>\n<tr>\n<td valign=\"top\" width=\"284\">Mindestbestellmenge<\/td>\n<td valign=\"top\" width=\"284\">100St<\/td>\n<\/tr>\n<tr>\n<td valign=\"top\" width=\"284\">OEM &amp; ODM<\/td>\n<td valign=\"top\" width=\"284\">Annehmen<\/td>\n<\/tr>\n<tr>\n<td valign=\"top\" width=\"284\">Logo<\/td>\n<td valign=\"top\" width=\"284\">Benutzerdefiniert<\/td>\n<\/tr>\n<\/tbody>\n<\/table>\n<\/div>","protected":false},"excerpt":{"rendered":"<table border=\"1\" cellspacing=\"0\">\n<tbody>\n<tr>\n<td valign=\"top\" width=\"284\">Material<\/td>\n<td valign=\"top\" width=\"284\">Segeltuch<\/td>\n<\/tr>\n<tr>\n<td valign=\"top\" width=\"284\">Gr\u00f6\u00dfe<\/td>\n<td valign=\"top\" width=\"284\">Gro\u00dfe Gr\u00f6\u00dfe, Standardgr\u00f6\u00dfe oder Benutzerdefiniert<\/td>\n<\/tr>\n<tr>\n<td valign=\"top\" width=\"284\">Farben<\/td>\n<td valign=\"top\" width=\"284\">Benutzerdefiniert<\/td>\n<\/tr>\n<tr>\n<td valign=\"top\" width=\"284\">Mindestbestellmenge<\/td>\n<td valign=\"top\" width=\"284\">100St<\/td>\n<\/tr>\n<tr>\n<td valign=\"top\" width=\"284\">OEM &amp; ODM<\/td>\n<td valign=\"top\" width=\"284\">Annehmen<\/td>\n<\/tr>\n<tr>\n<td valign=\"top\" width=\"284\">Logo<\/td>\n<td valign=\"top\" width=\"284\">Benutzerdefiniert<\/td>\n<\/tr>\n<\/tbody>\n<\/table>","protected":false},"featured_media":1481,"comment_status":"closed","ping_status":"closed","template":"","meta":{"_seopress_robots_primary_cat":"","_seopress_titles_title":"","_seopress_titles_desc":"","_seopress_robots_index":"","site-sidebar-layout":"default","site-content-layout":"default","ast-site-content-layout":"default","site-content-style":"default","site-sidebar-style":"default","ast-global-header-display":"","ast-banner-title-visibility":"","ast-main-header-display":"","ast-hfb-above-header-display":"","ast-hfb-below-header-display":"","ast-hfb-mobile-header-display":"","site-post-title":"","ast-breadcrumbs-content":"","ast-featured-img":"","footer-sml-layout":"","theme-transparent-header-meta":"default","adv-header-id-meta":"","stick-header-meta":"","header-above-stick-meta":"","header-main-stick-meta":"","header-below-stick-meta":"","astra-migrate-meta-layouts":"default","ast-page-background-enabled":"default","ast-page-background-meta":{"desktop":{"background-color":"","background-image":"","background-repeat":"repeat","background-position":"center center","background-size":"auto","background-attachment":"scroll","background-type":"","background-media":"","overlay-type":"","overlay-color":"","overlay-opacity":"","overlay-gradient":""},"tablet":{"background-color":"","background-image":"","background-repeat":"repeat","background-position":"center center","background-size":"auto","background-attachment":"scroll","background-type":"","background-media":"","overlay-type":"","overlay-color":"","overlay-opacity":"","overlay-gradient":""},"mobile":{"background-color":"","background-image":"","background-repeat":"repeat","background-position":"center center","background-size":"auto","background-attachment":"scroll","background-type":"","background-media":"","overlay-type":"","overlay-color":"","overlay-opacity":"","overlay-gradient":""}},"ast-content-background-meta":{"desktop":{"background-color":"var(--ast-global-color-5)","background-image":"","background-repeat":"repeat","background-position":"center center","background-size":"auto","background-attachment":"scroll","background-type":"","background-media":"","overlay-type":"","overlay-color":"","overlay-opacity":"","overlay-gradient":""},"tablet":{"background-color":"var(--ast-global-color-5)","background-image":"","background-repeat":"repeat","background-position":"center center","background-size":"auto","background-attachment":"scroll","background-type":"","background-media":"","overlay-type":"","overlay-color":"","overlay-opacity":"","overlay-gradient":""},"mobile":{"background-color":"var(--ast-global-color-5)","background-image":"","background-repeat":"repeat","background-position":"center center","background-size":"auto","background-attachment":"scroll","background-type":"","background-media":"","overlay-type":"","overlay-color":"","overlay-opacity":"","overlay-gradient":""}}},"product_brand":[],"product_cat":[35],"product_tag":[],"class_list":{"0":"post-1478","1":"product","2":"type-product","3":"status-publish","4":"has-post-thumbnail","6":"product_cat-canvastotebag","7":"desktop-align-left","8":"tablet-align-left","9":"mobile-align-left","11":"first","12":"instock","13":"shipping-taxable","14":"product-type-simple"},"_links":{"self":[{"href":"https:\/\/precisebag.com\/de\/wp-json\/wp\/v2\/product\/1478","targetHints":{"allow":["GET"]}}],"collection":[{"href":"https:\/\/precisebag.com\/de\/wp-json\/wp\/v2\/product"}],"about":[{"href":"https:\/\/precisebag.com\/de\/wp-json\/wp\/v2\/types\/product"}],"replies":[{"embeddable":true,"href":"https:\/\/precisebag.com\/de\/wp-json\/wp\/v2\/comments?post=1478"}],"wp:featuredmedia":[{"embeddable":true,"href":"https:\/\/precisebag.com\/de\/wp-json\/wp\/v2\/media\/1481"}],"wp:attachment":[{"href":"https:\/\/precisebag.com\/de\/wp-json\/wp\/v2\/media?parent=1478"}],"wp:term":[{"taxonomy":"product_brand","embeddable":true,"href":"https:\/\/precisebag.com\/de\/wp-json\/wp\/v2\/product_brand?post=1478"},{"taxonomy":"product_cat","embeddable":true,"href":"https:\/\/precisebag.com\/de\/wp-json\/wp\/v2\/product_cat?post=1478"},{"taxonomy":"product_tag","embeddable":true,"href":"https:\/\/precisebag.com\/de\/wp-json\/wp\/v2\/product_tag?post=1478"}],"curies":[{"name":"wp","href":"https:\/\/api.w.org\/{rel}","templated":true}]}}