{"id":1540,"date":"2022-03-26T13:42:34","date_gmt":"2022-03-26T13:42:34","guid":{"rendered":"https:\/\/precisebag.com\/?post_type=product&#038;p=1540"},"modified":"2022-03-26T13:47:06","modified_gmt":"2022-03-26T13:47:06","slug":"laundry-bag-backpack","status":"publish","type":"product","link":"https:\/\/precisebag.com\/de\/produkt\/laundry-bag-backpack\/","title":{"rendered":"W\u00e4schesack Rucksack"},"content":{"rendered":"<p>Mit einem W\u00e4schebeutel-Rucksack aus strapazierf\u00e4higem Polyester k\u00f6nnen Sie ihn in Ihrer Maschine waschen, ohne sich Gedanken \u00fcber eine Besch\u00e4digung des Materials machen zu m\u00fcssen. Die verst\u00e4rkten N\u00e4hte an jedem Gelenk sorgen daf\u00fcr, dass diese N\u00e4hte nicht so leicht aufrei\u00dfen und bieten mehr Halt beim Tragen schwerer Lasten mit wenig zus\u00e4tzlichem Gewicht<\/p>\n<p><strong>Produktbeschreibung<\/strong><br \/>\nDas<strong>\u00a0W\u00e4schesack Rucksack<\/strong>\u00a0besteht aus Polyester, das langlebig und stark ist. Es ist wasserdicht und maschinenwaschbar. Verst\u00e4rkte N\u00e4hte an jedem Gelenk sorgen daf\u00fcr, dass die N\u00e4hte nicht leicht aufrei\u00dfen und mit wenig zus\u00e4tzlichem Gewicht leichter zu transportieren sind. Stellen Sie eine l\u00e4ngere Lebensdauer und dauerhafte Nutzung sicher. Der gesamte W\u00e4schesack ist kundenspezifisch. Sie k\u00f6nnen uns Ihre eigene Gr\u00f6\u00dfe, Farbe und Ihr eigenes Design zusenden, wir k\u00f6nnen Ihnen bei der Vervollst\u00e4ndigung behilflich sein.<\/p>\n<p>Die einzigartige Form ist etwas ganz Besonderes. Kordelzug-Design ist einfach, Kleidung aufzuheben. Machen Sie einen Knoten \u00fcber dem Kordelzugverschluss, um sicherzustellen, dass nichts verloren geht, wenn der W\u00e4schesack voll ist. Doppelte Schultergurte sind verstellbar, sodass Sie sie an Ihre Statur anpassen k\u00f6nnen.<\/p>\n<p>Verstellbare Schultergurte des W\u00e4schesacks machen diese Tasche bequem zu tragen und geben Ihnen den Komfort, Ihre H\u00e4nde frei zu haben. Das Material ist wasserdichtes Polyestergewebe, das sich hervorragend f\u00fcr Camping und Reisen eignet.<\/p>\n<p>Die extra gro\u00dfe Kapazit\u00e4t kann oben in der Tasche erweitert werden und bietet noch mehr Platz f\u00fcr zus\u00e4tzliche Kleidung, Wanderartikel, Sportausr\u00fcstung oder was auch immer Sie f\u00fcr eine \u00dcbernachtung oder einen Campingausflug ben\u00f6tigen.<\/p>\n<p>Auf der Vorderseite des W\u00e4schesacks befinden sich zwei Taschen, die zus\u00e4tzlichen Stauraum f\u00fcr Waschmittel, Unterw\u00e4sche und BH bieten. Wenn Sie l\u00e4ngere Zeit in der W\u00e4sche bleiben m\u00fcssen, k\u00f6nnen Sie ein Buch in die Tasche stecken. Das Buch wird Ihnen helfen, die Zeit totzuschlagen.<\/p>\n<p>Es ist eine gute Idee, diesen W\u00e4schesack-Rucksack an die Wand oder T\u00fcr zu h\u00e4ngen, um schmutzige W\u00e4sche zu sammeln. Au\u00dferdem ist der Rucksack-W\u00e4schesack wasserdicht und maschinenwaschbar f\u00fcr Waschsalon, Wohnung und Uni. Diese Methode k\u00f6nnte Platz sparen. Der strapazierf\u00e4hige W\u00e4schesack kann bis zu 50 Pfund aufnehmen und ist f\u00fcr eine Ladung w\u00f6chentlicher Kleidung ausgelegt. Dieser gro\u00dfe W\u00e4scherucksack ist faltbar und einfach f\u00fcr Reisen oder Camping zu packen.<\/p>\n<p>Wenn der Rucksack-W\u00e4schesack Qualit\u00e4tsprobleme hat, kontaktieren Sie uns bitte.<\/p>\n<p><strong>Spezifikation<\/strong><\/p>\n<div class=\"table_wrap\">\n<table border=\"1\" cellspacing=\"0\">\n<tbody>\n<tr>\n<td valign=\"top\" width=\"284\">Material<\/td>\n<td valign=\"top\" width=\"284\">Polyester<\/td>\n<\/tr>\n<tr>\n<td valign=\"top\" width=\"284\">Gr\u00f6\u00dfe<\/td>\n<td valign=\"top\" width=\"284\">Gro\u00dfe Gr\u00f6\u00dfe oder Benutzerdefiniert<\/td>\n<\/tr>\n<tr>\n<td valign=\"top\" width=\"284\">Farben<\/td>\n<td valign=\"top\" width=\"284\">Rot, Schwarz, Gr\u00fcn oder Benutzerdefiniert<\/td>\n<\/tr>\n<tr>\n<td valign=\"top\" width=\"284\">Mindestbestellmenge<\/td>\n<td valign=\"top\" width=\"284\">200St<\/td>\n<\/tr>\n<tr>\n<td valign=\"top\" width=\"284\">OEM &amp; ODM<\/td>\n<td valign=\"top\" width=\"284\">Annehmen<\/td>\n<\/tr>\n<tr>\n<td valign=\"top\" width=\"284\">Logo<\/td>\n<td valign=\"top\" width=\"284\">Benutzerdefiniert<\/td>\n<\/tr>\n<\/tbody>\n<\/table>\n<\/div>","protected":false},"excerpt":{"rendered":"<p><strong>Spezifikation<\/strong><\/p>\n<div class=\"table_wrap\">\n<table border=\"1\" cellspacing=\"0\">\n<tbody>\n<tr>\n<td valign=\"top\" width=\"284\">Material<\/td>\n<td valign=\"top\" width=\"284\">Polyester<\/td>\n<\/tr>\n<tr>\n<td valign=\"top\" width=\"284\">Gr\u00f6\u00dfe<\/td>\n<td valign=\"top\" width=\"284\">Gro\u00dfe Gr\u00f6\u00dfe oder Benutzerdefiniert<\/td>\n<\/tr>\n<tr>\n<td valign=\"top\" width=\"284\">Farben<\/td>\n<td valign=\"top\" width=\"284\">Rot, Schwarz, Gr\u00fcn oder Benutzerdefiniert<\/td>\n<\/tr>\n<tr>\n<td valign=\"top\" width=\"284\">Mindestbestellmenge<\/td>\n<td valign=\"top\" width=\"284\">200St<\/td>\n<\/tr>\n<tr>\n<td valign=\"top\" width=\"284\">OEM &amp; ODM<\/td>\n<td valign=\"top\" width=\"284\">Annehmen<\/td>\n<\/tr>\n<tr>\n<td valign=\"top\" width=\"284\">Logo<\/td>\n<td valign=\"top\" width=\"284\">Benutzerdefiniert<\/td>\n<\/tr>\n<\/tbody>\n<\/table>\n<\/div>","protected":false},"featured_media":1542,"comment_status":"closed","ping_status":"closed","template":"","meta":{"_seopress_robots_primary_cat":"","_seopress_titles_title":"","_seopress_titles_desc":"","_seopress_robots_index":"","site-sidebar-layout":"default","site-content-layout":"default","ast-site-content-layout":"default","site-content-style":"default","site-sidebar-style":"default","ast-global-header-display":"","ast-banner-title-visibility":"","ast-main-header-display":"","ast-hfb-above-header-display":"","ast-hfb-below-header-display":"","ast-hfb-mobile-header-display":"","site-post-title":"","ast-breadcrumbs-content":"","ast-featured-img":"","footer-sml-layout":"","theme-transparent-header-meta":"default","adv-header-id-meta":"","stick-header-meta":"","header-above-stick-meta":"","header-main-stick-meta":"","header-below-stick-meta":"","astra-migrate-meta-layouts":"default","ast-page-background-enabled":"default","ast-page-background-meta":{"desktop":{"background-color":"","background-image":"","background-repeat":"repeat","background-position":"center center","background-size":"auto","background-attachment":"scroll","background-type":"","background-media":"","overlay-type":"","overlay-color":"","overlay-opacity":"","overlay-gradient":""},"tablet":{"background-color":"","background-image":"","background-repeat":"repeat","background-position":"center center","background-size":"auto","background-attachment":"scroll","background-type":"","background-media":"","overlay-type":"","overlay-color":"","overlay-opacity":"","overlay-gradient":""},"mobile":{"background-color":"","background-image":"","background-repeat":"repeat","background-position":"center center","background-size":"auto","background-attachment":"scroll","background-type":"","background-media":"","overlay-type":"","overlay-color":"","overlay-opacity":"","overlay-gradient":""}},"ast-content-background-meta":{"desktop":{"background-color":"var(--ast-global-color-5)","background-image":"","background-repeat":"repeat","background-position":"center center","background-size":"auto","background-attachment":"scroll","background-type":"","background-media":"","overlay-type":"","overlay-color":"","overlay-opacity":"","overlay-gradient":""},"tablet":{"background-color":"var(--ast-global-color-5)","background-image":"","background-repeat":"repeat","background-position":"center center","background-size":"auto","background-attachment":"scroll","background-type":"","background-media":"","overlay-type":"","overlay-color":"","overlay-opacity":"","overlay-gradient":""},"mobile":{"background-color":"var(--ast-global-color-5)","background-image":"","background-repeat":"repeat","background-position":"center center","background-size":"auto","background-attachment":"scroll","background-type":"","background-media":"","overlay-type":"","overlay-color":"","overlay-opacity":"","overlay-gradient":""}}},"product_brand":[],"product_cat":[36],"product_tag":[],"class_list":{"0":"post-1540","1":"product","2":"type-product","3":"status-publish","4":"has-post-thumbnail","6":"product_cat-laundrybag","7":"desktop-align-left","8":"tablet-align-left","9":"mobile-align-left","11":"first","12":"instock","13":"shipping-taxable","14":"product-type-simple"},"_links":{"self":[{"href":"https:\/\/precisebag.com\/de\/wp-json\/wp\/v2\/product\/1540","targetHints":{"allow":["GET"]}}],"collection":[{"href":"https:\/\/precisebag.com\/de\/wp-json\/wp\/v2\/product"}],"about":[{"href":"https:\/\/precisebag.com\/de\/wp-json\/wp\/v2\/types\/product"}],"replies":[{"embeddable":true,"href":"https:\/\/precisebag.com\/de\/wp-json\/wp\/v2\/comments?post=1540"}],"wp:featuredmedia":[{"embeddable":true,"href":"https:\/\/precisebag.com\/de\/wp-json\/wp\/v2\/media\/1542"}],"wp:attachment":[{"href":"https:\/\/precisebag.com\/de\/wp-json\/wp\/v2\/media?parent=1540"}],"wp:term":[{"taxonomy":"product_brand","embeddable":true,"href":"https:\/\/precisebag.com\/de\/wp-json\/wp\/v2\/product_brand?post=1540"},{"taxonomy":"product_cat","embeddable":true,"href":"https:\/\/precisebag.com\/de\/wp-json\/wp\/v2\/product_cat?post=1540"},{"taxonomy":"product_tag","embeddable":true,"href":"https:\/\/precisebag.com\/de\/wp-json\/wp\/v2\/product_tag?post=1540"}],"curies":[{"name":"wp","href":"https:\/\/api.w.org\/{rel}","templated":true}]}}