{"id":1573,"date":"2022-04-04T04:53:11","date_gmt":"2022-04-04T04:53:11","guid":{"rendered":"https:\/\/precisebag.com\/?post_type=product&#038;p=1573"},"modified":"2022-04-04T04:55:33","modified_gmt":"2022-04-04T04:55:33","slug":"reusable-foldable-garment-bag","status":"publish","type":"product","link":"https:\/\/precisebag.com\/de\/produkt\/reusable-foldable-garment-bag\/","title":{"rendered":"Wiederverwendbarer faltbarer Kleidersack"},"content":{"rendered":"<p><strong>Produktbeschreibung<\/strong><br \/>\n<strong>Kleidersack<\/strong>, wird auch als Kleidersack oder Kleidersack bezeichnet und wird normalerweise zum Transport von Anz\u00fcgen, Jacken und anderen Kleidungsst\u00fccken verwendet. Kleidung kann durch den Kleidersack vor Staub gesch\u00fctzt werden. Die Leute h\u00e4ngen sie normalerweise mit ihren Kleiderb\u00fcgeln in der Schrankbar auf.<\/p>\n<p>Diese Art von Kleidersack besteht aus Vliesstoff. Es ist atmungsaktiv, stark und leicht f\u00fcr Jacken, Hochzeitsm\u00e4ntel, Hosen, Uniformen, Pelzm\u00e4ntel und so weiter. Die Vorderseite ist braun und die R\u00fcckseite wei\u00df. Menschen konnten die Kleidung durch ein klares Fenster auf der R\u00fcckseite unterscheiden, und dies ist ein spezielles Design unserer Kunden. Faltbar und einfach aufzuh\u00e4ngen mit \u00d6ffnung oben, ideal f\u00fcr Reisen und zur Aufbewahrung zu Hause. Durchgehender Rei\u00dfverschluss in der Mitte zum einfachen An- und Ausziehen von Kleidung.<\/p>\n<p>Der Griff des Kleidersacks wurde verst\u00e4rkt, was bedeutet, dass die Leute drei oder vier Anz\u00fcge in die Taschen stecken k\u00f6nnen. Unter dem Griff befindet sich eine Rei\u00dfverschlusstasche, in die einige Kleinigkeiten wie Schl\u00fcssel, Handt\u00fccher, Unterw\u00e4sche gesteckt werden k\u00f6nnen.<\/p>\n<p>Die Anzugh\u00fcllentasche wurde speziell entwickelt, um Anz\u00fcge vor Feuchtigkeit, Sonneneinstrahlung und Sch\u00e4dlingen wie Motten zu sch\u00fctzen und die Kleidung sauber und faltenfrei zu halten.<\/p>\n<p>Einer unserer Kunden sagte: \u201eDer Kleidersack ist perfekt f\u00fcr die Aufbewahrung mehrerer Artikel. Ich habe es gekauft, um zwei meiner teuren Winterm\u00e4ntel aufzubewahren. Mit den zwei M\u00e4nteln innen ist noch Platz f\u00fcr mehr. Die Tasche und der Rei\u00dfverschluss scheinen langlebig zu sein.\u201c<\/p>\n<p>Ob Sie beruflich oder privat unterwegs sind, irgendwann m\u00fcssen Sie ein paar Anz\u00fcge im Gep\u00e4ck haben. Vielleicht reisen Sie in ein anderes Land, um ein Meeting abzuhalten, oder Sie m\u00fcssen bei einem wichtigen Anlass erscheinen. Wenn eine Gesch\u00e4ftsreise ein Teil Ihrer Arbeit ist, ist der Kleidersack so wichtig f\u00fcr Sie. Sie m\u00fcssen in Ihrem ma\u00dfgeschneiderten Anzug auf Gesch\u00e4ftsreisen am besten aussehen und Ihre Anz\u00fcge in einen soliden Kleidersack stecken.<\/p>\n<p><strong>Spezifikation<\/strong><strong><br \/>\n<\/strong><\/p>\n<div class=\"table_wrap\">\n<table border=\"1\" cellspacing=\"0\">\n<tbody>\n<tr>\n<td valign=\"center\" width=\"284\">\n<p align=\"justify\">Material<\/p>\n<\/td>\n<td valign=\"center\" width=\"284\">\n<p align=\"justify\">Vlies, Polyester, PEVA, PVC, Baumwolle<\/p>\n<\/td>\n<\/tr>\n<tr>\n<td valign=\"center\" width=\"284\">\n<p align=\"justify\">Gr\u00f6\u00dfe<\/p>\n<\/td>\n<td valign=\"center\" width=\"284\">\n<p align=\"justify\">Gro\u00dfe Gr\u00f6\u00dfe oder Benutzerdefiniert<\/p>\n<\/td>\n<\/tr>\n<tr>\n<td valign=\"center\" width=\"284\">\n<p align=\"justify\">Farben<\/p>\n<\/td>\n<td valign=\"center\" width=\"284\">\n<p align=\"justify\">Rot, Schwarz oder Benutzerdefiniert<\/p>\n<\/td>\n<\/tr>\n<tr>\n<td valign=\"center\" width=\"284\">\n<p align=\"justify\">Mindestbestellmenge<\/p>\n<\/td>\n<td valign=\"center\" width=\"284\">\n<p align=\"justify\">100St<\/p>\n<\/td>\n<\/tr>\n<tr>\n<td valign=\"center\" width=\"284\">\n<p align=\"justify\">OEM &amp; ODM<\/p>\n<\/td>\n<td valign=\"center\" width=\"284\">\n<p align=\"justify\">Annehmen<\/p>\n<\/td>\n<\/tr>\n<tr>\n<td valign=\"center\" width=\"284\">\n<p align=\"justify\">Logo<\/p>\n<\/td>\n<td valign=\"center\" width=\"284\">\n<p align=\"justify\">Benutzerdefiniert<\/p>\n<\/td>\n<\/tr>\n<\/tbody>\n<\/table>\n<\/div>","protected":false},"excerpt":{"rendered":"<p>Kleidersack, auch Kleidersack oder Kleiderh\u00fclle genannt, wird normalerweise zum Transport von Anz\u00fcgen, Jacken und anderen Kleidungsst\u00fccken verwendet. Kleidung kann durch den Kleidersack vor Staub gesch\u00fctzt werden. Die Leute h\u00e4ngen sie normalerweise mit ihren Kleiderb\u00fcgeln in der Schrankbar auf.<\/p>\n<p><strong>Spezifikation<\/strong><strong><br \/>\n<\/strong><\/p>\n<div class=\"table_wrap\">\n<table border=\"1\" cellspacing=\"0\">\n<tbody>\n<tr>\n<td valign=\"center\" width=\"284\">\n<p align=\"justify\">Material<\/p>\n<\/td>\n<td valign=\"center\" width=\"284\">\n<p align=\"justify\">Vlies, Polyester, PEVA, PVC, Baumwolle<\/p>\n<\/td>\n<\/tr>\n<tr>\n<td valign=\"center\" width=\"284\">\n<p align=\"justify\">Gr\u00f6\u00dfe<\/p>\n<\/td>\n<td valign=\"center\" width=\"284\">\n<p align=\"justify\">Gro\u00dfe Gr\u00f6\u00dfe oder Benutzerdefiniert<\/p>\n<\/td>\n<\/tr>\n<tr>\n<td valign=\"center\" width=\"284\">\n<p align=\"justify\">Farben<\/p>\n<\/td>\n<td valign=\"center\" width=\"284\">\n<p align=\"justify\">Rot, Schwarz oder Benutzerdefiniert<\/p>\n<\/td>\n<\/tr>\n<tr>\n<td valign=\"center\" width=\"284\">\n<p align=\"justify\">Mindestbestellmenge<\/p>\n<\/td>\n<td valign=\"center\" width=\"284\">\n<p align=\"justify\">100St<\/p>\n<\/td>\n<\/tr>\n<tr>\n<td valign=\"center\" width=\"284\">\n<p align=\"justify\">OEM &amp; ODM<\/p>\n<\/td>\n<td valign=\"center\" width=\"284\">\n<p align=\"justify\">Annehmen<\/p>\n<\/td>\n<\/tr>\n<tr>\n<td valign=\"center\" width=\"284\">\n<p align=\"justify\">Logo<\/p>\n<\/td>\n<td valign=\"center\" width=\"284\">\n<p align=\"justify\">Benutzerdefiniert<\/p>\n<\/td>\n<\/tr>\n<\/tbody>\n<\/table>\n<\/div>","protected":false},"featured_media":1577,"comment_status":"closed","ping_status":"closed","template":"","meta":{"_seopress_robots_primary_cat":"none","_seopress_titles_title":"","_seopress_titles_desc":"","_seopress_robots_index":"","site-sidebar-layout":"default","site-content-layout":"default","ast-site-content-layout":"default","site-content-style":"default","site-sidebar-style":"default","ast-global-header-display":"","ast-banner-title-visibility":"","ast-main-header-display":"","ast-hfb-above-header-display":"","ast-hfb-below-header-display":"","ast-hfb-mobile-header-display":"","site-post-title":"","ast-breadcrumbs-content":"","ast-featured-img":"","footer-sml-layout":"","theme-transparent-header-meta":"default","adv-header-id-meta":"","stick-header-meta":"","header-above-stick-meta":"","header-main-stick-meta":"","header-below-stick-meta":"","astra-migrate-meta-layouts":"default","ast-page-background-enabled":"default","ast-page-background-meta":{"desktop":{"background-color":"","background-image":"","background-repeat":"repeat","background-position":"center center","background-size":"auto","background-attachment":"scroll","background-type":"","background-media":"","overlay-type":"","overlay-color":"","overlay-opacity":"","overlay-gradient":""},"tablet":{"background-color":"","background-image":"","background-repeat":"repeat","background-position":"center center","background-size":"auto","background-attachment":"scroll","background-type":"","background-media":"","overlay-type":"","overlay-color":"","overlay-opacity":"","overlay-gradient":""},"mobile":{"background-color":"","background-image":"","background-repeat":"repeat","background-position":"center center","background-size":"auto","background-attachment":"scroll","background-type":"","background-media":"","overlay-type":"","overlay-color":"","overlay-opacity":"","overlay-gradient":""}},"ast-content-background-meta":{"desktop":{"background-color":"var(--ast-global-color-5)","background-image":"","background-repeat":"repeat","background-position":"center center","background-size":"auto","background-attachment":"scroll","background-type":"","background-media":"","overlay-type":"","overlay-color":"","overlay-opacity":"","overlay-gradient":""},"tablet":{"background-color":"var(--ast-global-color-5)","background-image":"","background-repeat":"repeat","background-position":"center center","background-size":"auto","background-attachment":"scroll","background-type":"","background-media":"","overlay-type":"","overlay-color":"","overlay-opacity":"","overlay-gradient":""},"mobile":{"background-color":"var(--ast-global-color-5)","background-image":"","background-repeat":"repeat","background-position":"center center","background-size":"auto","background-attachment":"scroll","background-type":"","background-media":"","overlay-type":"","overlay-color":"","overlay-opacity":"","overlay-gradient":""}}},"product_brand":[],"product_cat":[37],"product_tag":[],"class_list":{"0":"post-1573","1":"product","2":"type-product","3":"status-publish","4":"has-post-thumbnail","6":"product_cat-garmentbag","7":"desktop-align-left","8":"tablet-align-left","9":"mobile-align-left","11":"first","12":"instock","13":"shipping-taxable","14":"product-type-simple"},"_links":{"self":[{"href":"https:\/\/precisebag.com\/de\/wp-json\/wp\/v2\/product\/1573","targetHints":{"allow":["GET"]}}],"collection":[{"href":"https:\/\/precisebag.com\/de\/wp-json\/wp\/v2\/product"}],"about":[{"href":"https:\/\/precisebag.com\/de\/wp-json\/wp\/v2\/types\/product"}],"replies":[{"embeddable":true,"href":"https:\/\/precisebag.com\/de\/wp-json\/wp\/v2\/comments?post=1573"}],"wp:featuredmedia":[{"embeddable":true,"href":"https:\/\/precisebag.com\/de\/wp-json\/wp\/v2\/media\/1577"}],"wp:attachment":[{"href":"https:\/\/precisebag.com\/de\/wp-json\/wp\/v2\/media?parent=1573"}],"wp:term":[{"taxonomy":"product_brand","embeddable":true,"href":"https:\/\/precisebag.com\/de\/wp-json\/wp\/v2\/product_brand?post=1573"},{"taxonomy":"product_cat","embeddable":true,"href":"https:\/\/precisebag.com\/de\/wp-json\/wp\/v2\/product_cat?post=1573"},{"taxonomy":"product_tag","embeddable":true,"href":"https:\/\/precisebag.com\/de\/wp-json\/wp\/v2\/product_tag?post=1573"}],"curies":[{"name":"wp","href":"https:\/\/api.w.org\/{rel}","templated":true}]}}