{"id":1578,"date":"2022-04-04T04:58:38","date_gmt":"2022-04-04T04:58:38","guid":{"rendered":"https:\/\/precisebag.com\/?post_type=product&#038;p=1578"},"modified":"2022-04-04T05:48:40","modified_gmt":"2022-04-04T05:48:40","slug":"polyester-garment-bag","status":"publish","type":"product","link":"https:\/\/precisebag.com\/de\/produkt\/polyester-garment-bag\/","title":{"rendered":"Kleidersack aus Polyester"},"content":{"rendered":"<p><strong>Produktbeschreibung<\/strong><br \/>\nHeutzutage gibt es viele teure Anz\u00fcge auf dem Markt. Wie man die teuren Anz\u00fcge und Kleidung sch\u00fctzt, ist eine wichtige Sache. Viele bekannte Marken entscheiden sich f\u00fcr Kleiders\u00e4cke, um die Anz\u00fcge w\u00e4hrend der Lagerung wie neu zu halten.<\/p>\n<p>Polyester-Anzugsbeutel wird auch als Polyester-Anzugsschutzh\u00fclle bezeichnet. Der Kleidersack besteht haupts\u00e4chlich aus Polyestermaterial und ist auch mit Bekleidungszubeh\u00f6r wie Rei\u00dfverschl\u00fcssen, PVC, Haken und H\u00e4ngeetiketten ausgestattet.<\/p>\n<p>Polyestermaterial ist leicht, verschlei\u00dffest, wasser- und staubdicht und hat eine gute Belastbarkeit. Gleichzeitig hat der Preis einen gro\u00dfen Vorteil gegen\u00fcber nat\u00fcrlicher Baumwolle. Im Vergleich zu Vliesstoffen ist Polyester verschlei\u00dffester und langlebiger und h\u00e4lt l\u00e4nger. Im Vergleich zu anderen Kunststoff-Anzugstaschen ist es umweltfreundlicher.<\/p>\n<p>Der Korpus des Anzugsacks aus Polyester kann mit dem Markenlogo bedruckt werden, das als Werbung genutzt werden kann, um die Bekanntheit der Anzugmarke zu steigern. Die Art des LOGO-Drucks kann grob unterteilt werden in: Siebdruck, Thermotransferdruck und Stickerei.<\/p>\n<p>Die Polyester-Anzugtasche ist f\u00fcr Kunden leicht zu tragen und zu pflegen. Wie wir alle wissen, stellen Bekleidungsmarken den Verbrauchern kostenlose Handtaschen zur Verf\u00fcgung. Als besondere Art von Kleidung stellen Bekleidungsmarken Anzugsets kostenlos zur Verf\u00fcgung.<\/p>\n<p>Nachdem der Kunde den Anzug gekauft hat, kann der Anzugsack als staubdichte Schutzh\u00fclle verwendet werden, um den Anzug vor Staub und Feuchtigkeit zu sch\u00fctzen, damit der Anzug beim n\u00e4chsten Einsatz immer noch wie neu aussieht. Viele Anzugtaschen aus Polyester sind faltbar konzipiert und verwandeln sich nach dem Zusammenfalten sofort in eine gro\u00dfe \u201eAktentasche\u201c, die f\u00fcr Gesch\u00e4ftsreisen und B\u00fcroarbeiten praktisch ist.<\/p>\n<p>Viele bekannte Bekleidungsmarken k\u00fcmmern sich immer um die Bekleidungsverpackung. Sie werden regul\u00e4re Hersteller finden, um ihre eigenen Anz\u00fcge anzupassen. Die Anz\u00fcge k\u00f6nnen die St\u00e4rke und den Einfluss der Marke auch von der Seite widerspiegeln. Ein guter Anzug-Staubbeutel kann die Konnotation und Qualit\u00e4t der Marke unsichtbar hervorheben. Precisepackage ist ein professioneller Hersteller f\u00fcr Kleiders\u00e4cke. Wir akzeptieren OEM. Wenn Sie irgendwelche Anforderungen an die Produkte haben, k\u00f6nnen wir f\u00fcr Sie entwerfen.<\/p>\n<p><strong>Spezifikation<\/strong><\/p>\n<div class=\"table_wrap\">\n<table border=\"1\" cellspacing=\"0\">\n<tbody>\n<tr>\n<td valign=\"top\" width=\"284\">Material<\/td>\n<td valign=\"top\" width=\"284\">Polyester, Vlies, Oxford, Baumwolle oder kundenspezifisch<\/td>\n<\/tr>\n<tr>\n<td valign=\"top\" width=\"284\">Farben<\/td>\n<td valign=\"top\" width=\"284\">Akzeptieren Sie kundenspezifische Farben<\/td>\n<\/tr>\n<tr>\n<td valign=\"top\" width=\"284\">Gr\u00f6\u00dfe<\/td>\n<td valign=\"top\" width=\"284\">Standardgr\u00f6\u00dfe oder Benutzerdefiniert<\/td>\n<\/tr>\n<tr>\n<td valign=\"top\" width=\"284\">MOQ<\/td>\n<td valign=\"top\" width=\"284\">500<\/td>\n<\/tr>\n<\/tbody>\n<\/table>\n<\/div>","protected":false},"excerpt":{"rendered":"<p>Wie man die teuren Anz\u00fcge und Kleidung sch\u00fctzt, ist eine wichtige Sache. Viele bekannte Marken entscheiden sich f\u00fcr Kleiders\u00e4cke, um die Anz\u00fcge w\u00e4hrend der Lagerung wie neu zu halten.<\/p>\n<section class=\"web_main page_main\">\n<div class=\"layout\">\n<section class=\"main\">\n<section class=\"tab-content-wrap product-detail\">\n<section class=\"tab-panel-wrap\">\n<section class=\"tab-panel entry\">\n<section class=\"tab-panel-content\"><strong>Spezifikation<\/strong><\/p>\n<div class=\"table_wrap\">\n<table border=\"1\" cellspacing=\"0\">\n<tbody>\n<tr>\n<td valign=\"top\" width=\"284\">Material<\/td>\n<td valign=\"top\" width=\"284\">Polyester, Vlies, Oxford, Baumwolle oder kundenspezifisch<\/td>\n<\/tr>\n<tr>\n<td valign=\"top\" width=\"284\">Farben<\/td>\n<td valign=\"top\" width=\"284\">Akzeptieren Sie kundenspezifische Farben<\/td>\n<\/tr>\n<tr>\n<td valign=\"top\" width=\"284\">Gr\u00f6\u00dfe<\/td>\n<td valign=\"top\" width=\"284\">Standardgr\u00f6\u00dfe oder Benutzerdefiniert<\/td>\n<\/tr>\n<tr>\n<td valign=\"top\" width=\"284\">MOQ<\/td>\n<td valign=\"top\" width=\"284\">500<\/td>\n<\/tr>\n<\/tbody>\n<\/table>\n<\/div>\n<\/section>\n<\/section>\n<\/section>\n<\/section>\n<\/section>\n<\/div>\n<\/section>","protected":false},"featured_media":1582,"comment_status":"closed","ping_status":"closed","template":"","meta":{"_seopress_robots_primary_cat":"none","_seopress_titles_title":"","_seopress_titles_desc":"","_seopress_robots_index":"","site-sidebar-layout":"default","site-content-layout":"default","ast-site-content-layout":"default","site-content-style":"default","site-sidebar-style":"default","ast-global-header-display":"","ast-banner-title-visibility":"","ast-main-header-display":"","ast-hfb-above-header-display":"","ast-hfb-below-header-display":"","ast-hfb-mobile-header-display":"","site-post-title":"","ast-breadcrumbs-content":"","ast-featured-img":"","footer-sml-layout":"","theme-transparent-header-meta":"default","adv-header-id-meta":"","stick-header-meta":"","header-above-stick-meta":"","header-main-stick-meta":"","header-below-stick-meta":"","astra-migrate-meta-layouts":"default","ast-page-background-enabled":"default","ast-page-background-meta":{"desktop":{"background-color":"","background-image":"","background-repeat":"repeat","background-position":"center center","background-size":"auto","background-attachment":"scroll","background-type":"","background-media":"","overlay-type":"","overlay-color":"","overlay-opacity":"","overlay-gradient":""},"tablet":{"background-color":"","background-image":"","background-repeat":"repeat","background-position":"center center","background-size":"auto","background-attachment":"scroll","background-type":"","background-media":"","overlay-type":"","overlay-color":"","overlay-opacity":"","overlay-gradient":""},"mobile":{"background-color":"","background-image":"","background-repeat":"repeat","background-position":"center center","background-size":"auto","background-attachment":"scroll","background-type":"","background-media":"","overlay-type":"","overlay-color":"","overlay-opacity":"","overlay-gradient":""}},"ast-content-background-meta":{"desktop":{"background-color":"var(--ast-global-color-5)","background-image":"","background-repeat":"repeat","background-position":"center center","background-size":"auto","background-attachment":"scroll","background-type":"","background-media":"","overlay-type":"","overlay-color":"","overlay-opacity":"","overlay-gradient":""},"tablet":{"background-color":"var(--ast-global-color-5)","background-image":"","background-repeat":"repeat","background-position":"center center","background-size":"auto","background-attachment":"scroll","background-type":"","background-media":"","overlay-type":"","overlay-color":"","overlay-opacity":"","overlay-gradient":""},"mobile":{"background-color":"var(--ast-global-color-5)","background-image":"","background-repeat":"repeat","background-position":"center center","background-size":"auto","background-attachment":"scroll","background-type":"","background-media":"","overlay-type":"","overlay-color":"","overlay-opacity":"","overlay-gradient":""}}},"product_brand":[],"product_cat":[37],"product_tag":[],"class_list":{"0":"post-1578","1":"product","2":"type-product","3":"status-publish","4":"has-post-thumbnail","6":"product_cat-garmentbag","7":"desktop-align-left","8":"tablet-align-left","9":"mobile-align-left","11":"first","12":"instock","13":"shipping-taxable","14":"product-type-simple"},"_links":{"self":[{"href":"https:\/\/precisebag.com\/de\/wp-json\/wp\/v2\/product\/1578","targetHints":{"allow":["GET"]}}],"collection":[{"href":"https:\/\/precisebag.com\/de\/wp-json\/wp\/v2\/product"}],"about":[{"href":"https:\/\/precisebag.com\/de\/wp-json\/wp\/v2\/types\/product"}],"replies":[{"embeddable":true,"href":"https:\/\/precisebag.com\/de\/wp-json\/wp\/v2\/comments?post=1578"}],"wp:featuredmedia":[{"embeddable":true,"href":"https:\/\/precisebag.com\/de\/wp-json\/wp\/v2\/media\/1582"}],"wp:attachment":[{"href":"https:\/\/precisebag.com\/de\/wp-json\/wp\/v2\/media?parent=1578"}],"wp:term":[{"taxonomy":"product_brand","embeddable":true,"href":"https:\/\/precisebag.com\/de\/wp-json\/wp\/v2\/product_brand?post=1578"},{"taxonomy":"product_cat","embeddable":true,"href":"https:\/\/precisebag.com\/de\/wp-json\/wp\/v2\/product_cat?post=1578"},{"taxonomy":"product_tag","embeddable":true,"href":"https:\/\/precisebag.com\/de\/wp-json\/wp\/v2\/product_tag?post=1578"}],"curies":[{"name":"wp","href":"https:\/\/api.w.org\/{rel}","templated":true}]}}