{"id":1588,"date":"2022-04-04T05:54:29","date_gmt":"2022-04-04T05:54:29","guid":{"rendered":"https:\/\/precisebag.com\/?post_type=product&#038;p=1588"},"modified":"2022-04-04T05:54:31","modified_gmt":"2022-04-04T05:54:31","slug":"garment-suit-cover","status":"publish","type":"product","link":"https:\/\/precisebag.com\/de\/produkt\/garment-suit-cover\/","title":{"rendered":"Kleidungsst\u00fcck Anzug Abdeckung"},"content":{"rendered":"<p>Eine Kleidersackh\u00fclle ist ein g\u00e4ngiger Artikel f\u00fcr Gesch\u00e4ftsreisen oder Reisen. Die Anzugh\u00fclle ist eine weiche, die zum Tragen bestimmt ist, die normalerweise auf einem Kleiderb\u00fcgel aufbewahrt werden.<\/p>\n<p><strong>Spezifikation<\/strong><\/p>\n<div class=\"table_wrap\">\n<table border=\"1\" cellspacing=\"0\">\n<tbody>\n<tr>\n<td valign=\"top\" width=\"284\">Material<\/td>\n<td valign=\"top\" width=\"284\">Polyester, Vlies, Oxford, Baumwolle oder kundenspezifisch<\/td>\n<\/tr>\n<tr>\n<td valign=\"top\" width=\"284\">Farben<\/td>\n<td valign=\"top\" width=\"284\">Akzeptieren Sie kundenspezifische Farben<\/td>\n<\/tr>\n<tr>\n<td valign=\"top\" width=\"284\">Gr\u00f6\u00dfe<\/td>\n<td valign=\"top\" width=\"284\">Standardgr\u00f6\u00dfe oder Benutzerdefiniert<\/td>\n<\/tr>\n<tr>\n<td valign=\"top\" width=\"284\">MOQ<\/td>\n<td valign=\"top\" width=\"284\">500<\/td>\n<\/tr>\n<\/tbody>\n<\/table>\n<\/div>","protected":false},"excerpt":{"rendered":"<p><strong>Produktbeschreibung<\/strong><br \/>\nWas ist eine Kleiderschutzh\u00fclle? Eine Kleidersackh\u00fclle ist ein g\u00e4ngiger Artikel f\u00fcr Gesch\u00e4ftsreisen oder Reisen. Die Anzugh\u00fclle ist eine weiche, die zum Tragen bestimmt ist, die normalerweise auf einem Kleiderb\u00fcgel aufbewahrt werden. Das Design sieht immer toll aus. Ob auf der Gesch\u00e4ftsreise oder bei einem Event, sie liegen immer im Trend.<\/p>\n<p>Wir haben Hunderte von Schutzanz\u00fcgen entworfen, die in verschiedenen Gr\u00f6\u00dfen, Formen und Spezifikationen erh\u00e4ltlich sind, um den Bed\u00fcrfnissen von Vielreisenden gerecht zu werden. Sie sollten den Kleidersack kaufen, der zu Ihrem Lebensstil und Ihren Reisebed\u00fcrfnissen passt.<\/p>\n<p>Diese Art von Anzug\u00fcberzug besteht aus Baumwolle, die wiederverwendbar und umweltfreundlich ist. Es ist extrem atmungsaktiv und h\u00e4lt Ihre Kleidung sicher und neu. Die Gr\u00f6\u00dfe wird individuell angepasst und kann auf lang und kurz ausgelegt werden. Diese Arten von Kleiderh\u00fcllen sind perfekt f\u00fcr den Heimgebrauch. Wenn Sie jedoch Ihre ma\u00dfgefertigten Anz\u00fcge mit auf Reisen nehmen m\u00fcssen, ist es an der Zeit, in einen hochwertigen, reisefertigen Kleidersack zu investieren.<\/p>\n<p>Wenn Sie m\u00f6chten, dass der Anzug\u00fcberzug so gut wie neu aussieht, greifen Sie zu Aufbewahrungsbeuteln aus wei\u00dfer Baumwolle. Es sind viele Gr\u00f6\u00dfen gestaltbar und aus 100% Baumwolle. Kleidersackh\u00fcllen haben eine Fenstertasche, um Karten zur Unterscheidung von Anz\u00fcgen zu platzieren. Diese hilfreiche Funktion ist wichtig, da sie es Ihnen erm\u00f6glicht, Ihre Artikel schnell und einfach zu identifizieren, wann immer Sie sie brauchen.<\/p>\n<p>Im Allgemeinen k\u00f6nnen Kleiders\u00e4cke ein Dutzend Kleidungsst\u00fccke aufnehmen, um mehr Platz zu sparen. Eine spezielle angewachsene Halsfunktion versiegelt die Zwischenr\u00e4ume zwischen den H\u00e4lsen jedes Kleiderb\u00fcgels und sch\u00fctzt Ihre Anz\u00fcge vor l\u00e4stigen Motten.<\/p>\n<p>Anzugabdeckungen sind perfekt f\u00fcr Artikel au\u00dferhalb der Saison. Diese lange Anzugtasche eignet sich hervorragend f\u00fcr all Ihre Abendkleider, Kleider und langen M\u00e4ntel. Sie eignet sich perfekt zum Organisieren Ihrer Garderobe und zum Aufbewahren all Ihrer geliebten Artikel.<\/p>\n<p><strong>Spezifikation<\/strong><\/p>\n<div class=\"table_wrap\">\n<table border=\"1\" cellspacing=\"0\">\n<tbody>\n<tr>\n<td valign=\"top\" width=\"284\">Material<\/td>\n<td valign=\"top\" width=\"284\">Polyester, Vlies, Oxford, Baumwolle oder kundenspezifisch<\/td>\n<\/tr>\n<tr>\n<td valign=\"top\" width=\"284\">Farben<\/td>\n<td valign=\"top\" width=\"284\">Akzeptieren Sie kundenspezifische Farben<\/td>\n<\/tr>\n<tr>\n<td valign=\"top\" width=\"284\">Gr\u00f6\u00dfe<\/td>\n<td valign=\"top\" width=\"284\">Standardgr\u00f6\u00dfe oder Benutzerdefiniert<\/td>\n<\/tr>\n<tr>\n<td valign=\"top\" width=\"284\">MOQ<\/td>\n<td valign=\"top\" width=\"284\">500<\/td>\n<\/tr>\n<\/tbody>\n<\/table>\n<\/div>","protected":false},"featured_media":1591,"comment_status":"closed","ping_status":"closed","template":"","meta":{"_seopress_robots_primary_cat":"","_seopress_titles_title":"","_seopress_titles_desc":"","_seopress_robots_index":"","site-sidebar-layout":"default","site-content-layout":"default","ast-site-content-layout":"default","site-content-style":"default","site-sidebar-style":"default","ast-global-header-display":"","ast-banner-title-visibility":"","ast-main-header-display":"","ast-hfb-above-header-display":"","ast-hfb-below-header-display":"","ast-hfb-mobile-header-display":"","site-post-title":"","ast-breadcrumbs-content":"","ast-featured-img":"","footer-sml-layout":"","theme-transparent-header-meta":"default","adv-header-id-meta":"","stick-header-meta":"","header-above-stick-meta":"","header-main-stick-meta":"","header-below-stick-meta":"","astra-migrate-meta-layouts":"default","ast-page-background-enabled":"default","ast-page-background-meta":{"desktop":{"background-color":"","background-image":"","background-repeat":"repeat","background-position":"center center","background-size":"auto","background-attachment":"scroll","background-type":"","background-media":"","overlay-type":"","overlay-color":"","overlay-opacity":"","overlay-gradient":""},"tablet":{"background-color":"","background-image":"","background-repeat":"repeat","background-position":"center center","background-size":"auto","background-attachment":"scroll","background-type":"","background-media":"","overlay-type":"","overlay-color":"","overlay-opacity":"","overlay-gradient":""},"mobile":{"background-color":"","background-image":"","background-repeat":"repeat","background-position":"center center","background-size":"auto","background-attachment":"scroll","background-type":"","background-media":"","overlay-type":"","overlay-color":"","overlay-opacity":"","overlay-gradient":""}},"ast-content-background-meta":{"desktop":{"background-color":"var(--ast-global-color-5)","background-image":"","background-repeat":"repeat","background-position":"center center","background-size":"auto","background-attachment":"scroll","background-type":"","background-media":"","overlay-type":"","overlay-color":"","overlay-opacity":"","overlay-gradient":""},"tablet":{"background-color":"var(--ast-global-color-5)","background-image":"","background-repeat":"repeat","background-position":"center center","background-size":"auto","background-attachment":"scroll","background-type":"","background-media":"","overlay-type":"","overlay-color":"","overlay-opacity":"","overlay-gradient":""},"mobile":{"background-color":"var(--ast-global-color-5)","background-image":"","background-repeat":"repeat","background-position":"center center","background-size":"auto","background-attachment":"scroll","background-type":"","background-media":"","overlay-type":"","overlay-color":"","overlay-opacity":"","overlay-gradient":""}}},"product_brand":[],"product_cat":[37],"product_tag":[],"class_list":{"0":"post-1588","1":"product","2":"type-product","3":"status-publish","4":"has-post-thumbnail","6":"product_cat-garmentbag","7":"desktop-align-left","8":"tablet-align-left","9":"mobile-align-left","11":"first","12":"instock","13":"shipping-taxable","14":"product-type-simple"},"_links":{"self":[{"href":"https:\/\/precisebag.com\/de\/wp-json\/wp\/v2\/product\/1588","targetHints":{"allow":["GET"]}}],"collection":[{"href":"https:\/\/precisebag.com\/de\/wp-json\/wp\/v2\/product"}],"about":[{"href":"https:\/\/precisebag.com\/de\/wp-json\/wp\/v2\/types\/product"}],"replies":[{"embeddable":true,"href":"https:\/\/precisebag.com\/de\/wp-json\/wp\/v2\/comments?post=1588"}],"wp:featuredmedia":[{"embeddable":true,"href":"https:\/\/precisebag.com\/de\/wp-json\/wp\/v2\/media\/1591"}],"wp:attachment":[{"href":"https:\/\/precisebag.com\/de\/wp-json\/wp\/v2\/media?parent=1588"}],"wp:term":[{"taxonomy":"product_brand","embeddable":true,"href":"https:\/\/precisebag.com\/de\/wp-json\/wp\/v2\/product_brand?post=1588"},{"taxonomy":"product_cat","embeddable":true,"href":"https:\/\/precisebag.com\/de\/wp-json\/wp\/v2\/product_cat?post=1588"},{"taxonomy":"product_tag","embeddable":true,"href":"https:\/\/precisebag.com\/de\/wp-json\/wp\/v2\/product_tag?post=1588"}],"curies":[{"name":"wp","href":"https:\/\/api.w.org\/{rel}","templated":true}]}}