{"id":1593,"date":"2022-04-04T06:04:41","date_gmt":"2022-04-04T06:04:41","guid":{"rendered":"https:\/\/precisebag.com\/?post_type=product&#038;p=1593"},"modified":"2022-04-04T06:04:43","modified_gmt":"2022-04-04T06:04:43","slug":"wedding-dress-bag","status":"publish","type":"product","link":"https:\/\/precisebag.com\/de\/produkt\/wedding-dress-bag\/","title":{"rendered":"Brautkleid Tasche"},"content":{"rendered":"<p>Hochzeitskleidersack, wird auch Schutzkleidersack genannt. Die Leute konnten es in einer Brautboutique, in Gesch\u00e4ften und anderen Bekleidungsgesch\u00e4ften kaufen. Die Hauptfarbe dieser Hochzeitskleidertasche ist Schwarz und wird mit Grau kombiniert.<\/p>\n<p><strong>Produktbeschreibung<\/strong><br \/>\n<strong>Tasche f\u00fcr Hochzeitskleider<\/strong>, wird auch Kleiderschutzbeutel genannt. Die Leute konnten es in einer Brautboutique, in Gesch\u00e4ften und anderen Bekleidungsgesch\u00e4ften kaufen. Die Hauptfarbe dieser Hochzeitskleidertasche ist Schwarz und wird mit Grau kombiniert. Es sieht luxuri\u00f6s aus. Im Allgemeinen wird diese Tasche f\u00fcr Hochzeitskleider, Abendkleider und lange Kleider verwendet. Einige Leute tragen auch den Mantel, den Anzug und das gew\u00f6hnliche Kleid. In vielen F\u00e4llen erweckt die Tasche den Eindruck, ein billiges Werbegeschenk f\u00fcr den Laden zu sein, komplett mit einem darauf gedruckten individuellen Ladenlogo. Wir akzeptieren jedoch ein personalisiertes Logo, was bedeutet, dass Sie ein eigenes Design haben k\u00f6nnen.<\/p>\n<p>Wenn Sie Tausende von Dollar f\u00fcr ein Kleid ausgegeben haben, sollten Sie eine Hochzeitskleidtasche haben, die sowohl hochwertige Funktion als auch erschwingliche Luxusmode bietet. Kurz gesagt, der Kleidersack sollte dem Wert Ihres Hochzeitskleides gerecht werden.<\/p>\n<p>Auf dem Markt ist eine Hochzeitskleidtasche nur ein paar Dollar gro\u00df, die nicht lange halten, da das Material der Taschen minderwertig ist. Unsere Taschen bestehen aus hochwertigem Material und sind daher wiederverwendbar. Vielleicht m\u00f6chten Sie Ihr Kleid viele Jahre lang behalten, in diesem Fall sollte der Kauf eines Kleidersacks aus archivalischem Qualit\u00e4tsmaterial ganz oben auf Ihrer Priorit\u00e4tenliste stehen. Oder vielleicht planen Sie eine Hochzeit am Zielort und legen mehr Wert darauf, die richtige Aufbewahrungsm\u00f6glichkeit f\u00fcr den Transport Ihres kostbaren Kleides zu kaufen.<\/p>\n<p>Diese Kleiderh\u00fclle ist gro\u00df genug, um das gesamte Hochzeitskleid aufzunehmen. Es ist leicht, sodass es das Kleid nicht beschwert. Das Material der Brautkleidtasche ist atmungsaktiv und sch\u00fctzt das Kleid dennoch vor Partikeln in der Luft oder l\u00e4stigen Insekten.<\/p>\n<p>Sie m\u00fcssen nur Ihre Anforderungen mitteilen, wir entwerfen einen Kleidersack f\u00fcr Sie!<\/p>\n<p><strong>Spezifikation<\/strong><\/p>\n<div class=\"table_wrap\">\n<table border=\"1\" cellspacing=\"0\">\n<tbody>\n<tr>\n<td valign=\"top\" width=\"284\">Material<\/td>\n<td valign=\"top\" width=\"284\">Polyester, Vlies, Oxford, Baumwolle oder kundenspezifisch<\/td>\n<\/tr>\n<tr>\n<td valign=\"top\" width=\"284\">Farben<\/td>\n<td valign=\"top\" width=\"284\">Akzeptieren Sie kundenspezifische Farben<\/td>\n<\/tr>\n<tr>\n<td valign=\"top\" width=\"284\">Gr\u00f6\u00dfe<\/td>\n<td valign=\"top\" width=\"284\">Standardgr\u00f6\u00dfe oder Benutzerdefiniert<\/td>\n<\/tr>\n<tr>\n<td valign=\"top\" width=\"284\">MOQ<\/td>\n<td valign=\"top\" width=\"284\">500<\/td>\n<\/tr>\n<\/tbody>\n<\/table>\n<\/div>","protected":false},"excerpt":{"rendered":"<p>Hochzeitskleidersack, wird auch Schutzkleidersack genannt. Die Leute konnten es in einer Brautboutique, in Gesch\u00e4ften und anderen Bekleidungsgesch\u00e4ften kaufen. Die Hauptfarbe dieser Hochzeitskleidertasche ist Schwarz und wird mit Grau kombiniert.<\/p>\n<p><strong>Spezifikation<\/strong><\/p>\n<div class=\"table_wrap\">\n<table border=\"1\" cellspacing=\"0\">\n<tbody>\n<tr>\n<td valign=\"top\" width=\"284\">Material<\/td>\n<td valign=\"top\" width=\"284\">Polyester, Vlies, Oxford, Baumwolle oder kundenspezifisch<\/td>\n<\/tr>\n<tr>\n<td valign=\"top\" width=\"284\">Farben<\/td>\n<td valign=\"top\" width=\"284\">Akzeptieren Sie kundenspezifische Farben<\/td>\n<\/tr>\n<tr>\n<td valign=\"top\" width=\"284\">Gr\u00f6\u00dfe<\/td>\n<td valign=\"top\" width=\"284\">Standardgr\u00f6\u00dfe oder Benutzerdefiniert<\/td>\n<\/tr>\n<tr>\n<td valign=\"top\" width=\"284\">MOQ<\/td>\n<td valign=\"top\" width=\"284\">500<\/td>\n<\/tr>\n<\/tbody>\n<\/table>\n<\/div>","protected":false},"featured_media":1597,"comment_status":"closed","ping_status":"closed","template":"","meta":{"_seopress_robots_primary_cat":"","_seopress_titles_title":"","_seopress_titles_desc":"","_seopress_robots_index":"","site-sidebar-layout":"default","site-content-layout":"default","ast-site-content-layout":"default","site-content-style":"default","site-sidebar-style":"default","ast-global-header-display":"","ast-banner-title-visibility":"","ast-main-header-display":"","ast-hfb-above-header-display":"","ast-hfb-below-header-display":"","ast-hfb-mobile-header-display":"","site-post-title":"","ast-breadcrumbs-content":"","ast-featured-img":"","footer-sml-layout":"","theme-transparent-header-meta":"default","adv-header-id-meta":"","stick-header-meta":"","header-above-stick-meta":"","header-main-stick-meta":"","header-below-stick-meta":"","astra-migrate-meta-layouts":"default","ast-page-background-enabled":"default","ast-page-background-meta":{"desktop":{"background-color":"","background-image":"","background-repeat":"repeat","background-position":"center center","background-size":"auto","background-attachment":"scroll","background-type":"","background-media":"","overlay-type":"","overlay-color":"","overlay-opacity":"","overlay-gradient":""},"tablet":{"background-color":"","background-image":"","background-repeat":"repeat","background-position":"center center","background-size":"auto","background-attachment":"scroll","background-type":"","background-media":"","overlay-type":"","overlay-color":"","overlay-opacity":"","overlay-gradient":""},"mobile":{"background-color":"","background-image":"","background-repeat":"repeat","background-position":"center center","background-size":"auto","background-attachment":"scroll","background-type":"","background-media":"","overlay-type":"","overlay-color":"","overlay-opacity":"","overlay-gradient":""}},"ast-content-background-meta":{"desktop":{"background-color":"var(--ast-global-color-5)","background-image":"","background-repeat":"repeat","background-position":"center center","background-size":"auto","background-attachment":"scroll","background-type":"","background-media":"","overlay-type":"","overlay-color":"","overlay-opacity":"","overlay-gradient":""},"tablet":{"background-color":"var(--ast-global-color-5)","background-image":"","background-repeat":"repeat","background-position":"center center","background-size":"auto","background-attachment":"scroll","background-type":"","background-media":"","overlay-type":"","overlay-color":"","overlay-opacity":"","overlay-gradient":""},"mobile":{"background-color":"var(--ast-global-color-5)","background-image":"","background-repeat":"repeat","background-position":"center center","background-size":"auto","background-attachment":"scroll","background-type":"","background-media":"","overlay-type":"","overlay-color":"","overlay-opacity":"","overlay-gradient":""}}},"product_brand":[],"product_cat":[37],"product_tag":[],"class_list":{"0":"post-1593","1":"product","2":"type-product","3":"status-publish","4":"has-post-thumbnail","6":"product_cat-garmentbag","7":"desktop-align-left","8":"tablet-align-left","9":"mobile-align-left","11":"first","12":"instock","13":"shipping-taxable","14":"product-type-simple"},"_links":{"self":[{"href":"https:\/\/precisebag.com\/de\/wp-json\/wp\/v2\/product\/1593","targetHints":{"allow":["GET"]}}],"collection":[{"href":"https:\/\/precisebag.com\/de\/wp-json\/wp\/v2\/product"}],"about":[{"href":"https:\/\/precisebag.com\/de\/wp-json\/wp\/v2\/types\/product"}],"replies":[{"embeddable":true,"href":"https:\/\/precisebag.com\/de\/wp-json\/wp\/v2\/comments?post=1593"}],"wp:featuredmedia":[{"embeddable":true,"href":"https:\/\/precisebag.com\/de\/wp-json\/wp\/v2\/media\/1597"}],"wp:attachment":[{"href":"https:\/\/precisebag.com\/de\/wp-json\/wp\/v2\/media?parent=1593"}],"wp:term":[{"taxonomy":"product_brand","embeddable":true,"href":"https:\/\/precisebag.com\/de\/wp-json\/wp\/v2\/product_brand?post=1593"},{"taxonomy":"product_cat","embeddable":true,"href":"https:\/\/precisebag.com\/de\/wp-json\/wp\/v2\/product_cat?post=1593"},{"taxonomy":"product_tag","embeddable":true,"href":"https:\/\/precisebag.com\/de\/wp-json\/wp\/v2\/product_tag?post=1593"}],"curies":[{"name":"wp","href":"https:\/\/api.w.org\/{rel}","templated":true}]}}