{"id":1692,"date":"2022-04-05T12:53:43","date_gmt":"2022-04-05T12:53:43","guid":{"rendered":"https:\/\/precisebag.com\/?post_type=product&#038;p=1692"},"modified":"2022-04-05T12:53:45","modified_gmt":"2022-04-05T12:53:45","slug":"non-woven-wine-bag","status":"publish","type":"product","link":"https:\/\/precisebag.com\/de\/produkt\/non-woven-wine-bag\/","title":{"rendered":"Weinbeutel aus Vliesstoff"},"content":{"rendered":"<p>Die Wein-Einkaufstasche ist ein Muss f\u00fcr jeden Spirituosenladen und kann aus nicht gewebter, gewebter Baumwolle oder Polyester hergestellt werden. Das Material bietet Langlebigkeit, wobei das Gewicht ein wesentlicher Aspekt von Qualit\u00e4tsprodukten wie diesen Taschen ist!<\/p>\n<p><strong>Produktbeschreibung<\/strong><br \/>\nWeineinkaufstasche ist ein Muss f\u00fcr Spirituosengesch\u00e4fte. Im Allgemeinen w\u00e4hlen diese Gesch\u00e4fte m\u00f6glicherweise hellere Farben. Es k\u00f6nnen viele Farben gew\u00e4hlt werden. \u00dcber die Farbe hinaus k\u00f6nnen Sie Ihr Logo auf die Taschen drucken. Weinbeutel k\u00f6nnen aus Vliesstoff, PP-Gewebe, Baumwolle und Polyester hergestellt werden. Es ist sehr schwer und von guter Qualit\u00e4t.<\/p>\n<p>Wenn Leute Wein als Geschenk f\u00fcr Freunde verschicken wollen, brauchen sie eine Tasche, um den Wein zu halten. Im Allgemeinen gibt der Spirituosenladen eine kostenlose Weint\u00fcte. Der Kunde bringt den Wein nach Hause, in den Park oder an andere Orte. Dieser wirkliche Vorteil besteht darin, dass Kunden die Marke von Spirituosengesch\u00e4ften beworben und aufgebaut haben, ohne es wirklich zu merken. Wenn Sie an einer Weinverkostung teilnehmen, werden Ihnen m\u00f6glicherweise Fragen zu Weing\u00fctern, Lieblingsweinen und Veranstaltungen gestellt.<\/p>\n<p>Wein-Einkaufstaschen f\u00fcr Werbezwecke sind ein echter Gewinn, wenn es darum geht, Ihre Weinmarke aufzubauen und zu bewerben.<\/p>\n<p>Die Weintaschen von Bildern sind nicht gewebte Weintaschen. Es ist wiederverwendbar, umweltfreundlich und stark. Auf der Innenseite der Weinbeutel finden Sie eine Einteilung f\u00fcr Doppelflaschen, Dreiflaschen, Vierflaschen oder Sechsflaschen. Dies richtet sich nat\u00fcrlich nach Ihren Anforderungen.<\/p>\n<p>Sie sollten eine solche Erfahrung haben: Sie haben eine Flasche Wein gekauft, aber die Flasche rutscht aus Ihren Armen, f\u00e4llt und zerbricht, mit Weinspritzern \u00fcberall. So eine peinliche Erfahrung. Jetzt k\u00f6nnen die Weinbeutel Ihnen helfen, das Problem zu l\u00f6sen. Diese Weintasche h\u00e4lt sicher bis zu 6 Flaschen Wein. Wenn Sie denken, dass die 6 Flaschen zu viel f\u00fcr Sie sind, ist die Weintasche f\u00fcr 2 Flaschen auch eine gute Idee.<\/p>\n<p>Dies kann auch f\u00fcr andere Waren verwendet werden. Es ist perfekt f\u00fcr einen kleinen Beh\u00e4lter mit Oberfl\u00e4chent\u00fcchern, Feuchtt\u00fcchern, Handdesinfektionsmitteln, Sprays usw. Die Trennw\u00e4nde verhindern, dass alles umf\u00e4llt.<\/p>\n<p><strong>Spezifikation<\/strong><\/p>\n<div class=\"table_wrap\">\n<table border=\"1\" cellspacing=\"0\">\n<tbody>\n<tr>\n<td valign=\"top\" width=\"284\">Material<\/td>\n<td valign=\"top\" width=\"284\">Nicht gewebt<\/td>\n<\/tr>\n<tr>\n<td valign=\"top\" width=\"284\">Logo<\/td>\n<td valign=\"top\" width=\"284\">Annehmen<\/td>\n<\/tr>\n<tr>\n<td valign=\"top\" width=\"284\">Gr\u00f6\u00dfe<\/td>\n<td valign=\"top\" width=\"284\">Standardgr\u00f6\u00dfe oder benutzerdefinierte<\/td>\n<\/tr>\n<tr>\n<td valign=\"top\" width=\"284\">MOQ<\/td>\n<td valign=\"top\" width=\"284\">1000<\/td>\n<\/tr>\n<tr>\n<td valign=\"top\" width=\"284\">Verwendungszweck<\/td>\n<td valign=\"top\" width=\"284\">Einkaufen\/Wein\/Getr\u00e4nk<\/td>\n<\/tr>\n<\/tbody>\n<\/table>\n<\/div>","protected":false},"excerpt":{"rendered":"<p>Die Wein-Einkaufstasche ist ein Muss f\u00fcr jeden Spirituosenladen und kann aus nicht gewebter, gewebter Baumwolle oder Polyester hergestellt werden. Das Material bietet Langlebigkeit, wobei das Gewicht ein wesentlicher Aspekt von Qualit\u00e4tsprodukten wie diesen Taschen ist!<\/p>\n<p><strong>Spezifikation<\/strong><\/p>\n<div class=\"table_wrap\">\n<table border=\"1\" cellspacing=\"0\">\n<tbody>\n<tr>\n<td valign=\"top\" width=\"284\">Material<\/td>\n<td valign=\"top\" width=\"284\">Nicht gewebt<\/td>\n<\/tr>\n<tr>\n<td valign=\"top\" width=\"284\">Logo<\/td>\n<td valign=\"top\" width=\"284\">Annehmen<\/td>\n<\/tr>\n<tr>\n<td valign=\"top\" width=\"284\">Gr\u00f6\u00dfe<\/td>\n<td valign=\"top\" width=\"284\">Standardgr\u00f6\u00dfe oder benutzerdefinierte<\/td>\n<\/tr>\n<tr>\n<td valign=\"top\" width=\"284\">MOQ<\/td>\n<td valign=\"top\" width=\"284\">1000<\/td>\n<\/tr>\n<tr>\n<td valign=\"top\" width=\"284\">Verwendungszweck<\/td>\n<td valign=\"top\" width=\"284\">Einkaufen\/Wein\/Getr\u00e4nk<\/td>\n<\/tr>\n<\/tbody>\n<\/table>\n<\/div>","protected":false},"featured_media":1695,"comment_status":"closed","ping_status":"closed","template":"","meta":{"_seopress_robots_primary_cat":"","_seopress_titles_title":"","_seopress_titles_desc":"","_seopress_robots_index":"","site-sidebar-layout":"default","site-content-layout":"default","ast-site-content-layout":"default","site-content-style":"default","site-sidebar-style":"default","ast-global-header-display":"","ast-banner-title-visibility":"","ast-main-header-display":"","ast-hfb-above-header-display":"","ast-hfb-below-header-display":"","ast-hfb-mobile-header-display":"","site-post-title":"","ast-breadcrumbs-content":"","ast-featured-img":"","footer-sml-layout":"","theme-transparent-header-meta":"default","adv-header-id-meta":"","stick-header-meta":"","header-above-stick-meta":"","header-main-stick-meta":"","header-below-stick-meta":"","astra-migrate-meta-layouts":"default","ast-page-background-enabled":"default","ast-page-background-meta":{"desktop":{"background-color":"","background-image":"","background-repeat":"repeat","background-position":"center center","background-size":"auto","background-attachment":"scroll","background-type":"","background-media":"","overlay-type":"","overlay-color":"","overlay-opacity":"","overlay-gradient":""},"tablet":{"background-color":"","background-image":"","background-repeat":"repeat","background-position":"center center","background-size":"auto","background-attachment":"scroll","background-type":"","background-media":"","overlay-type":"","overlay-color":"","overlay-opacity":"","overlay-gradient":""},"mobile":{"background-color":"","background-image":"","background-repeat":"repeat","background-position":"center center","background-size":"auto","background-attachment":"scroll","background-type":"","background-media":"","overlay-type":"","overlay-color":"","overlay-opacity":"","overlay-gradient":""}},"ast-content-background-meta":{"desktop":{"background-color":"var(--ast-global-color-5)","background-image":"","background-repeat":"repeat","background-position":"center center","background-size":"auto","background-attachment":"scroll","background-type":"","background-media":"","overlay-type":"","overlay-color":"","overlay-opacity":"","overlay-gradient":""},"tablet":{"background-color":"var(--ast-global-color-5)","background-image":"","background-repeat":"repeat","background-position":"center center","background-size":"auto","background-attachment":"scroll","background-type":"","background-media":"","overlay-type":"","overlay-color":"","overlay-opacity":"","overlay-gradient":""},"mobile":{"background-color":"var(--ast-global-color-5)","background-image":"","background-repeat":"repeat","background-position":"center center","background-size":"auto","background-attachment":"scroll","background-type":"","background-media":"","overlay-type":"","overlay-color":"","overlay-opacity":"","overlay-gradient":""}}},"product_brand":[],"product_cat":[38],"product_tag":[],"class_list":{"0":"post-1692","1":"product","2":"type-product","3":"status-publish","4":"has-post-thumbnail","6":"product_cat-shoppingbag","7":"desktop-align-left","8":"tablet-align-left","9":"mobile-align-left","11":"first","12":"instock","13":"shipping-taxable","14":"product-type-simple"},"_links":{"self":[{"href":"https:\/\/precisebag.com\/de\/wp-json\/wp\/v2\/product\/1692","targetHints":{"allow":["GET"]}}],"collection":[{"href":"https:\/\/precisebag.com\/de\/wp-json\/wp\/v2\/product"}],"about":[{"href":"https:\/\/precisebag.com\/de\/wp-json\/wp\/v2\/types\/product"}],"replies":[{"embeddable":true,"href":"https:\/\/precisebag.com\/de\/wp-json\/wp\/v2\/comments?post=1692"}],"wp:featuredmedia":[{"embeddable":true,"href":"https:\/\/precisebag.com\/de\/wp-json\/wp\/v2\/media\/1695"}],"wp:attachment":[{"href":"https:\/\/precisebag.com\/de\/wp-json\/wp\/v2\/media?parent=1692"}],"wp:term":[{"taxonomy":"product_brand","embeddable":true,"href":"https:\/\/precisebag.com\/de\/wp-json\/wp\/v2\/product_brand?post=1692"},{"taxonomy":"product_cat","embeddable":true,"href":"https:\/\/precisebag.com\/de\/wp-json\/wp\/v2\/product_cat?post=1692"},{"taxonomy":"product_tag","embeddable":true,"href":"https:\/\/precisebag.com\/de\/wp-json\/wp\/v2\/product_tag?post=1692"}],"curies":[{"name":"wp","href":"https:\/\/api.w.org\/{rel}","templated":true}]}}