{"id":1698,"date":"2022-04-05T12:59:40","date_gmt":"2022-04-05T12:59:40","guid":{"rendered":"https:\/\/precisebag.com\/?post_type=product&#038;p=1698"},"modified":"2022-04-05T12:59:41","modified_gmt":"2022-04-05T12:59:41","slug":"non-woven-shoulder-bag","status":"publish","type":"product","link":"https:\/\/precisebag.com\/de\/produkt\/non-woven-shoulder-bag\/","title":{"rendered":"Umh\u00e4ngetasche aus Vliesstoff"},"content":{"rendered":"<p>Wenn Sie auf der Suche nach einer stilvollen und funktionellen Tasche sind, sind Sie bei der Umh\u00e4ngetasche aus Vlies genau richtig! Diese Taschen k\u00f6nnen t\u00e4glich verwendet werden, was sie perfekt zum Herumtragen mit Ihrem pers\u00f6nlichen Logo oder Ihrer Marke macht. Durch den verstellbaren Tragegurt finden sowohl kleine Kinder als auch Erwachsene diese Art von Einkaufswagen genau richtig \u2013 so wird der Tag Schritt f\u00fcr Schritt bunter.<\/p>\n<p><strong>Produktbeschreibung<\/strong><br \/>\nNon-Woven-Schultertasche ist eine Art Einkaufstasche. Es ist perfekt f\u00fcr den t\u00e4glichen Gebrauch, wodurch Ihr personalisiertes Logo, Ihre Marke oder Ihr Slogan t\u00e4glich auf die Stra\u00dfen, Schulen, Parks und Superm\u00e4rkte zur\u00fcckkehren. Der Schultergurt ist verstellbar, wodurch die Umh\u00e4ngetaschen von Jung und Alt getragen werden k\u00f6nnen. Wenn die Umh\u00e4ngetasche keine Funktion zum Einstellen hat, bedeutet dies, dass die gro\u00dfe billiger ist. Die Umh\u00e4ngetaschen bestehen aus Vliesstoff oder PP-Gewebe und Vliesstoff f\u00fchlt sich wie Stoff an, ist aber stark.<\/p>\n<p>Wir alle wissen, dass Vliesstoffe extrem langlebig sind, sodass die Lebensdauer einige Jahre dauern kann. Kunden werden die Umh\u00e4ngetasche aus Vliesstoff immer wieder verwenden, was bedeutet, dass die Kunden Ihre Werbetasche um die ganze Welt tragen werden, um f\u00fcr Ihr Unternehmen zu werben. Im t\u00e4glichen Leben verwenden sie auch die wiederverwendbare Vliestasche.<\/p>\n<p>Die Umh\u00e4ngetaschen sind aus strapazierf\u00e4higem PP-Woven gefertigt und haben ein luxuri\u00f6ses Aussehen. Die laminierten Non-Woven-Schultertaschen f\u00fchlen sich im Vergleich zu PP-Woven weicher an, sind aber dadurch nicht weniger stark. Nat\u00fcrlich k\u00f6nnen Sie das Beste nach Ihren Anforderungen ausw\u00e4hlen. Unsere nicht gewebten Schultertaschen sind in vielen L\u00e4ndern, insbesondere in Europa und Amerika, weit verbreitet. Diese Tasche ist die vielseitigste und praktischste auf dem heutigen Markt. Der Schutz der Umwelt ist unser Ziel. Lasst uns ab jetzt aufh\u00f6ren, Plastik zu verwenden. Eine Umh\u00e4ngetasche aus Vliesstoff ist eine gute Wahl f\u00fcr alle.<\/p>\n<p>Wir k\u00f6nnen die Umh\u00e4ngetaschen nach Ma\u00df produzieren. Das hei\u00dft, wir k\u00f6nnen die Taschen in jeder Gr\u00f6\u00dfe produzieren, sind in verschiedenen Farben erh\u00e4ltlich und k\u00f6nnen mit Ihrem Logo bedruckt werden. Dies ist eine der beliebtesten und effektivsten, um die Werbeangebote zu zeigen \u2013 Werbegeschenk-Umh\u00e4ngetaschen, die mit Ihrem Firmenlogo und Ihrer Botschaft verziert sind. Es ist sehr einfach zu falten, um zu Hause Platz zu sparen.<\/p>\n<p><strong>Spezifikation<\/strong><\/p>\n<div class=\"table_wrap\">\n<table border=\"1\" cellspacing=\"0\">\n<tbody>\n<tr>\n<td valign=\"top\" width=\"284\">Material<\/td>\n<td valign=\"top\" width=\"284\">Nicht gewebt<\/td>\n<\/tr>\n<tr>\n<td valign=\"top\" width=\"284\">Logo<\/td>\n<td valign=\"top\" width=\"284\">Annehmen<\/td>\n<\/tr>\n<tr>\n<td valign=\"top\" width=\"284\">Gr\u00f6\u00dfe<\/td>\n<td valign=\"top\" width=\"284\">Standardgr\u00f6\u00dfe oder benutzerdefinierte<\/td>\n<\/tr>\n<tr>\n<td valign=\"top\" width=\"284\">MOQ<\/td>\n<td valign=\"top\" width=\"284\">1000<\/td>\n<\/tr>\n<tr>\n<td valign=\"top\" width=\"284\">Verwendungszweck<\/td>\n<td valign=\"top\" width=\"284\">Das Einkaufen<\/td>\n<\/tr>\n<\/tbody>\n<\/table>\n<\/div>","protected":false},"excerpt":{"rendered":"<p>Wenn Sie auf der Suche nach einer stilvollen und funktionellen Tasche sind, sind Sie bei der Umh\u00e4ngetasche aus Vlies genau richtig! Diese Taschen k\u00f6nnen t\u00e4glich verwendet werden, was sie perfekt zum Herumtragen mit Ihrem pers\u00f6nlichen Logo oder Ihrer Marke macht. Durch den verstellbaren Tragegurt finden sowohl kleine Kinder als auch Erwachsene diese Art von Einkaufswagen genau richtig \u2013 so wird der Tag Schritt f\u00fcr Schritt bunter.<\/p>\n<p><strong>Spezifikation<\/strong><\/p>\n<div class=\"table_wrap\">\n<table border=\"1\" cellspacing=\"0\">\n<tbody>\n<tr>\n<td valign=\"top\" width=\"284\">Material<\/td>\n<td valign=\"top\" width=\"284\">Nicht gewebt<\/td>\n<\/tr>\n<tr>\n<td valign=\"top\" width=\"284\">Logo<\/td>\n<td valign=\"top\" width=\"284\">Annehmen<\/td>\n<\/tr>\n<tr>\n<td valign=\"top\" width=\"284\">Gr\u00f6\u00dfe<\/td>\n<td valign=\"top\" width=\"284\">Standardgr\u00f6\u00dfe oder benutzerdefinierte<\/td>\n<\/tr>\n<tr>\n<td valign=\"top\" width=\"284\">MOQ<\/td>\n<td valign=\"top\" width=\"284\">1000<\/td>\n<\/tr>\n<tr>\n<td valign=\"top\" width=\"284\">Verwendungszweck<\/td>\n<td valign=\"top\" width=\"284\">Das Einkaufen<\/td>\n<\/tr>\n<\/tbody>\n<\/table>\n<\/div>","protected":false},"featured_media":1702,"comment_status":"closed","ping_status":"closed","template":"","meta":{"_seopress_robots_primary_cat":"","_seopress_titles_title":"","_seopress_titles_desc":"","_seopress_robots_index":"","site-sidebar-layout":"default","site-content-layout":"default","ast-site-content-layout":"default","site-content-style":"default","site-sidebar-style":"default","ast-global-header-display":"","ast-banner-title-visibility":"","ast-main-header-display":"","ast-hfb-above-header-display":"","ast-hfb-below-header-display":"","ast-hfb-mobile-header-display":"","site-post-title":"","ast-breadcrumbs-content":"","ast-featured-img":"","footer-sml-layout":"","theme-transparent-header-meta":"default","adv-header-id-meta":"","stick-header-meta":"","header-above-stick-meta":"","header-main-stick-meta":"","header-below-stick-meta":"","astra-migrate-meta-layouts":"default","ast-page-background-enabled":"default","ast-page-background-meta":{"desktop":{"background-color":"","background-image":"","background-repeat":"repeat","background-position":"center center","background-size":"auto","background-attachment":"scroll","background-type":"","background-media":"","overlay-type":"","overlay-color":"","overlay-opacity":"","overlay-gradient":""},"tablet":{"background-color":"","background-image":"","background-repeat":"repeat","background-position":"center center","background-size":"auto","background-attachment":"scroll","background-type":"","background-media":"","overlay-type":"","overlay-color":"","overlay-opacity":"","overlay-gradient":""},"mobile":{"background-color":"","background-image":"","background-repeat":"repeat","background-position":"center center","background-size":"auto","background-attachment":"scroll","background-type":"","background-media":"","overlay-type":"","overlay-color":"","overlay-opacity":"","overlay-gradient":""}},"ast-content-background-meta":{"desktop":{"background-color":"var(--ast-global-color-5)","background-image":"","background-repeat":"repeat","background-position":"center center","background-size":"auto","background-attachment":"scroll","background-type":"","background-media":"","overlay-type":"","overlay-color":"","overlay-opacity":"","overlay-gradient":""},"tablet":{"background-color":"var(--ast-global-color-5)","background-image":"","background-repeat":"repeat","background-position":"center center","background-size":"auto","background-attachment":"scroll","background-type":"","background-media":"","overlay-type":"","overlay-color":"","overlay-opacity":"","overlay-gradient":""},"mobile":{"background-color":"var(--ast-global-color-5)","background-image":"","background-repeat":"repeat","background-position":"center center","background-size":"auto","background-attachment":"scroll","background-type":"","background-media":"","overlay-type":"","overlay-color":"","overlay-opacity":"","overlay-gradient":""}}},"product_brand":[],"product_cat":[38],"product_tag":[],"class_list":{"0":"post-1698","1":"product","2":"type-product","3":"status-publish","4":"has-post-thumbnail","6":"product_cat-shoppingbag","7":"desktop-align-left","8":"tablet-align-left","9":"mobile-align-left","11":"first","12":"instock","13":"shipping-taxable","14":"product-type-simple"},"_links":{"self":[{"href":"https:\/\/precisebag.com\/de\/wp-json\/wp\/v2\/product\/1698","targetHints":{"allow":["GET"]}}],"collection":[{"href":"https:\/\/precisebag.com\/de\/wp-json\/wp\/v2\/product"}],"about":[{"href":"https:\/\/precisebag.com\/de\/wp-json\/wp\/v2\/types\/product"}],"replies":[{"embeddable":true,"href":"https:\/\/precisebag.com\/de\/wp-json\/wp\/v2\/comments?post=1698"}],"wp:featuredmedia":[{"embeddable":true,"href":"https:\/\/precisebag.com\/de\/wp-json\/wp\/v2\/media\/1702"}],"wp:attachment":[{"href":"https:\/\/precisebag.com\/de\/wp-json\/wp\/v2\/media?parent=1698"}],"wp:term":[{"taxonomy":"product_brand","embeddable":true,"href":"https:\/\/precisebag.com\/de\/wp-json\/wp\/v2\/product_brand?post=1698"},{"taxonomy":"product_cat","embeddable":true,"href":"https:\/\/precisebag.com\/de\/wp-json\/wp\/v2\/product_cat?post=1698"},{"taxonomy":"product_tag","embeddable":true,"href":"https:\/\/precisebag.com\/de\/wp-json\/wp\/v2\/product_tag?post=1698"}],"curies":[{"name":"wp","href":"https:\/\/api.w.org\/{rel}","templated":true}]}}