{"id":1704,"date":"2022-04-05T13:07:39","date_gmt":"2022-04-05T13:07:39","guid":{"rendered":"https:\/\/precisebag.com\/?post_type=product&#038;p=1704"},"modified":"2022-04-05T13:07:40","modified_gmt":"2022-04-05T13:07:40","slug":"paper-shopping-bag","status":"publish","type":"product","link":"https:\/\/precisebag.com\/de\/produkt\/paper-shopping-bag\/","title":{"rendered":"Einkaufst\u00fcte aus Papier"},"content":{"rendered":"<p>Die Geschichte der Papiert\u00fcte ist lang und komplex. Viele Jahre lang haben die Menschen Stoff oder Jute verwendet, um ihre Waren in eine Tasche zu packen \u2013 aber heutzutage stellen wir fest, dass die meisten Einzelh\u00e4ndler die umweltfreundlicheren Alternativen bevorzugen: n\u00e4mlich solche aus recycelten Materialien wie Zeitungen!<\/p>\n<p><strong>Produktbeschreibung<\/strong><br \/>\nEinkaufst\u00fcten aus Papier sind seit vielen Jahren eine umweltfreundliche T\u00fcte. Vor langer Zeit benutzten die Menschen Stoffe und Jutes\u00e4cke, um Waren zu verpacken. F\u00fcr die kleinen Waren m\u00f6chten Einzelh\u00e4ndler die Papiert\u00fcte verwenden, um Waren wie S\u00fc\u00dfwarengesch\u00e4fte, Verk\u00e4ufer, B\u00e4cker usw. zu verstauen.<\/p>\n<p>Im Vergleich zu Plastikt\u00fcten oder Vliest\u00fcten ist die Papiert\u00fcte idealer, um hochwertige Bilder, Werbebotschaften und Logos zu drucken. Papiert\u00fcten sind also bei manchen Gelegenheiten Mode und Luxus. Der Beitrag der Papiertragetasche im Gesch\u00e4ft wurde jedoch aufgrund der Plastikt\u00fcte allm\u00e4hlich ignoriert. Plastikt\u00fcte ist haltbarer und st\u00e4rker. Tats\u00e4chlich haben sich im Laufe der Zeit die negativen Auswirkungen von Plastik herauskristallisiert. Die Plastikt\u00fcte ist nicht biologisch abbaubar und schadet dem Ozean, der Erde und der Umwelt. Die Leute fangen wieder an, Papiert\u00fcten zu benutzen.<\/p>\n<p>Das Rohmaterial der Papiert\u00fcte wird nicht nur aus B\u00e4umen hergestellt, sondern kann auch Bagasse und Stroh, Elefantenkot und andere Umwelteinfl\u00fcsse sein. Die Strohfasern k\u00f6nnen zur Herstellung von Papiert\u00fcten verwendet werden. In gewissem Sinne ist Papiert\u00fcte auch umweltfreundlich.<\/p>\n<p>Sie k\u00f6nnen die Lebensmittel, Gem\u00fcse und Fr\u00fcchte direkt hineinlegen. Die braune Kraft-Einkaufstasche ist wiederverwendbar und kompostierbar und wird ohne sch\u00e4dliche Chemikalien oder Bleichmittel hergestellt. Diese Kraft-Einkaufstaschen mit Drehgriffen aus Papier sind 100%-recycelt und erf\u00fcllen die Anforderungen f\u00fcr die meisten Bereiche mit Plastikt\u00fctenverboten. Es ist eine gro\u00dfartige Alternative zu herk\u00f6mmlichen Plastikt\u00fcten.<\/p>\n<p>Sie k\u00f6nnen ein personalisiertes Logo und Bild darauf drucken, um f\u00fcr Ihr Gesch\u00e4ft zu werben, oder einfach eins drucken. Die nat\u00fcrliche braune Farbe dieser Tasche ist vielseitig genug, um zu jedem Dekor oder Farbschema jedes Gesch\u00e4fts zu passen.<\/p>\n<p>Die Konstruktion und die gedrehten aufrechten Griffe der Einkaufst\u00fcte aus Papier machen sie robust genug f\u00fcr Ihr Produkt und stark genug, damit Ihre Kunden sie wiederverwenden k\u00f6nnen.<\/p>\n<p><strong>Spezifikation<\/strong><\/p>\n<div class=\"table_wrap\">\n<table border=\"1\" cellspacing=\"0\">\n<tbody>\n<tr>\n<td valign=\"top\" width=\"284\">Material<\/td>\n<td valign=\"top\" width=\"284\">Papier<\/td>\n<\/tr>\n<tr>\n<td valign=\"top\" width=\"284\">Logo<\/td>\n<td valign=\"top\" width=\"284\">Annehmen<\/td>\n<\/tr>\n<tr>\n<td valign=\"top\" width=\"284\">Gr\u00f6\u00dfe<\/td>\n<td valign=\"top\" width=\"284\">Standardgr\u00f6\u00dfe oder benutzerdefinierte<\/td>\n<\/tr>\n<tr>\n<td valign=\"top\" width=\"284\">MOQ<\/td>\n<td valign=\"top\" width=\"284\">1000<\/td>\n<\/tr>\n<tr>\n<td valign=\"top\" width=\"284\">Verwendungszweck<\/td>\n<td valign=\"top\" width=\"284\">Das Einkaufen<\/td>\n<\/tr>\n<\/tbody>\n<\/table>\n<\/div>\n<div class=\"clear\"><\/div>","protected":false},"excerpt":{"rendered":"<p>Die Geschichte der Papiert\u00fcte ist lang und komplex. Viele Jahre lang haben die Menschen Stoff oder Jute verwendet, um ihre Waren in eine Tasche zu packen \u2013 aber heutzutage stellen wir fest, dass die meisten Einzelh\u00e4ndler die umweltfreundlicheren Alternativen bevorzugen: n\u00e4mlich solche aus recycelten Materialien wie Zeitungen!<\/p>\n<p><strong>Spezifikation<\/strong><\/p>\n<div class=\"table_wrap\">\n<table border=\"1\" cellspacing=\"0\">\n<tbody>\n<tr>\n<td valign=\"top\" width=\"284\">Material<\/td>\n<td valign=\"top\" width=\"284\">Papier<\/td>\n<\/tr>\n<tr>\n<td valign=\"top\" width=\"284\">Logo<\/td>\n<td valign=\"top\" width=\"284\">Annehmen<\/td>\n<\/tr>\n<tr>\n<td valign=\"top\" width=\"284\">Gr\u00f6\u00dfe<\/td>\n<td valign=\"top\" width=\"284\">Standardgr\u00f6\u00dfe oder benutzerdefinierte<\/td>\n<\/tr>\n<tr>\n<td valign=\"top\" width=\"284\">MOQ<\/td>\n<td valign=\"top\" width=\"284\">1000<\/td>\n<\/tr>\n<tr>\n<td valign=\"top\" width=\"284\">Verwendungszweck<\/td>\n<td valign=\"top\" width=\"284\">Das Einkaufen<\/td>\n<\/tr>\n<\/tbody>\n<\/table>\n<\/div>","protected":false},"featured_media":1706,"comment_status":"closed","ping_status":"closed","template":"","meta":{"_seopress_robots_primary_cat":"","_seopress_titles_title":"","_seopress_titles_desc":"","_seopress_robots_index":"","site-sidebar-layout":"default","site-content-layout":"default","ast-site-content-layout":"default","site-content-style":"default","site-sidebar-style":"default","ast-global-header-display":"","ast-banner-title-visibility":"","ast-main-header-display":"","ast-hfb-above-header-display":"","ast-hfb-below-header-display":"","ast-hfb-mobile-header-display":"","site-post-title":"","ast-breadcrumbs-content":"","ast-featured-img":"","footer-sml-layout":"","theme-transparent-header-meta":"default","adv-header-id-meta":"","stick-header-meta":"","header-above-stick-meta":"","header-main-stick-meta":"","header-below-stick-meta":"","astra-migrate-meta-layouts":"default","ast-page-background-enabled":"default","ast-page-background-meta":{"desktop":{"background-color":"","background-image":"","background-repeat":"repeat","background-position":"center center","background-size":"auto","background-attachment":"scroll","background-type":"","background-media":"","overlay-type":"","overlay-color":"","overlay-opacity":"","overlay-gradient":""},"tablet":{"background-color":"","background-image":"","background-repeat":"repeat","background-position":"center center","background-size":"auto","background-attachment":"scroll","background-type":"","background-media":"","overlay-type":"","overlay-color":"","overlay-opacity":"","overlay-gradient":""},"mobile":{"background-color":"","background-image":"","background-repeat":"repeat","background-position":"center center","background-size":"auto","background-attachment":"scroll","background-type":"","background-media":"","overlay-type":"","overlay-color":"","overlay-opacity":"","overlay-gradient":""}},"ast-content-background-meta":{"desktop":{"background-color":"var(--ast-global-color-5)","background-image":"","background-repeat":"repeat","background-position":"center center","background-size":"auto","background-attachment":"scroll","background-type":"","background-media":"","overlay-type":"","overlay-color":"","overlay-opacity":"","overlay-gradient":""},"tablet":{"background-color":"var(--ast-global-color-5)","background-image":"","background-repeat":"repeat","background-position":"center center","background-size":"auto","background-attachment":"scroll","background-type":"","background-media":"","overlay-type":"","overlay-color":"","overlay-opacity":"","overlay-gradient":""},"mobile":{"background-color":"var(--ast-global-color-5)","background-image":"","background-repeat":"repeat","background-position":"center center","background-size":"auto","background-attachment":"scroll","background-type":"","background-media":"","overlay-type":"","overlay-color":"","overlay-opacity":"","overlay-gradient":""}}},"product_brand":[],"product_cat":[38],"product_tag":[],"class_list":{"0":"post-1704","1":"product","2":"type-product","3":"status-publish","4":"has-post-thumbnail","6":"product_cat-shoppingbag","7":"desktop-align-left","8":"tablet-align-left","9":"mobile-align-left","11":"first","12":"instock","13":"shipping-taxable","14":"product-type-simple"},"_links":{"self":[{"href":"https:\/\/precisebag.com\/de\/wp-json\/wp\/v2\/product\/1704","targetHints":{"allow":["GET"]}}],"collection":[{"href":"https:\/\/precisebag.com\/de\/wp-json\/wp\/v2\/product"}],"about":[{"href":"https:\/\/precisebag.com\/de\/wp-json\/wp\/v2\/types\/product"}],"replies":[{"embeddable":true,"href":"https:\/\/precisebag.com\/de\/wp-json\/wp\/v2\/comments?post=1704"}],"wp:featuredmedia":[{"embeddable":true,"href":"https:\/\/precisebag.com\/de\/wp-json\/wp\/v2\/media\/1706"}],"wp:attachment":[{"href":"https:\/\/precisebag.com\/de\/wp-json\/wp\/v2\/media?parent=1704"}],"wp:term":[{"taxonomy":"product_brand","embeddable":true,"href":"https:\/\/precisebag.com\/de\/wp-json\/wp\/v2\/product_brand?post=1704"},{"taxonomy":"product_cat","embeddable":true,"href":"https:\/\/precisebag.com\/de\/wp-json\/wp\/v2\/product_cat?post=1704"},{"taxonomy":"product_tag","embeddable":true,"href":"https:\/\/precisebag.com\/de\/wp-json\/wp\/v2\/product_tag?post=1704"}],"curies":[{"name":"wp","href":"https:\/\/api.w.org\/{rel}","templated":true}]}}