{"id":1709,"date":"2022-04-05T13:16:47","date_gmt":"2022-04-05T13:16:47","guid":{"rendered":"https:\/\/precisebag.com\/?post_type=product&#038;p=1709"},"modified":"2022-04-05T13:16:48","modified_gmt":"2022-04-05T13:16:48","slug":"laminated-non-woven-bag","status":"publish","type":"product","link":"https:\/\/precisebag.com\/de\/produkt\/laminated-non-woven-bag\/","title":{"rendered":"Laminierte Vliestasche"},"content":{"rendered":"<p>Diese laminierte Einkaufstasche aus Vliesstoff ist die perfekte Wahl f\u00fcr jedes Gesch\u00e4ft, das Sch\u00f6nheitsartikel, B\u00fccher oder Kunsthandwerk verkauft. Es bietet bequem Platz f\u00fcr bis zu vier Shopping Places-Coupons und hat ein attraktives Design, damit es in Ihrer t\u00e4glichen Reisetasche nicht verloren geht!<\/p>\n<p><strong>Produktbeschreibung<\/strong><br \/>\nWenn Sie eine Einkaufstasche m\u00f6chten, ist diese laminierte Vliestasche ideal f\u00fcr Sie. Es kann in Kosmetikartikeln, B\u00fcchern, Kunsthandwerksgesch\u00e4ften, Karten, Geschenkel\u00e4den, Bekleidungsgesch\u00e4ften, Kaufh\u00e4usern, Fast-Food-L\u00e4den, M\u00f6belgesch\u00e4ften, Geschenk- und Blumengesch\u00e4ften, Lebensmittelgesch\u00e4ften, Juweliergesch\u00e4ften, Musikgesch\u00e4ften, Videogesch\u00e4ften, B\u00fcrobedarf verwendet werden. Apotheke und Drogerie, Restaurants, Schuhgesch\u00e4fte, Sportartikel, Superm\u00e4rkte und Spirituosengesch\u00e4fte, Spielwarengesch\u00e4fte und andere Einkaufsm\u00f6glichkeiten. Diese Tasche ist super stark und rei\u00df- und verschlei\u00dffest.<\/p>\n<p>Mit dem zunehmenden Bewusstsein der Menschen f\u00fcr den Umweltschutz beginnen die Menschen zu erkennen, dass die Plastikt\u00fcte umweltsch\u00e4dlich ist. Es hat Unternehmen, Gesch\u00e4fte und Superm\u00e4rkte dazu ermutigt, nach Alternativen f\u00fcr Tragetaschen zu suchen. Laminierte Vliesbeutel sind ein gro\u00dfartiger Ersatz f\u00fcr Plastikt\u00fcten, da sie umweltfreundlich und recycelbar sind. Im Vergleich zu Papiert\u00fcten ist es umweltfreundlicher. Papiert\u00fcten ben\u00f6tigen B\u00e4ume, um ihr Rohmaterial zu unterst\u00fctzen, und wir haben keinen Grund, st\u00e4ndig B\u00e4ume zu f\u00e4llen, um Papiert\u00fcten herzustellen. Tats\u00e4chlich ist eine Papiert\u00fcte nicht stark und haltbar, um schwere Lebensmittel zu tragen. Aus diesem Grund w\u00e4hlen viele Menschen die laminierte Vliestasche als Einkaufstasche.<\/p>\n<p>Das wichtige Merkmal der laminierten Vliestasche ist wasserdicht, sodass Sie sie zum Transport verschiedener Dinge wie Lebensmittel und Getr\u00e4nke verwenden k\u00f6nnen. Au\u00dferdem hat diese Einkaufstasche eine gro\u00dfe Kapazit\u00e4t, um Ihre Anforderungen zu erf\u00fcllen. Wenn Sie mit unserer Standardgr\u00f6\u00dfe nicht zufrieden sind, k\u00f6nnen Sie ein eigenes Design haben. Wir akzeptieren Ihr personalisiertes Logo, Farben und Gr\u00f6\u00dfe.<\/p>\n<p>Die strapazierf\u00e4hige laminierte Vliestasche wird in einer speziellen Vliesstruktur hergestellt, und zus\u00e4tzliche Laminierung macht diese Tasche zu einer der st\u00e4rksten ihrer Klasse. Ideal, um auf den Markt zu gehen und umweltfreundlich zu sein, robust und strapazierf\u00e4hig, aber dennoch leicht, sodass Sie mit weniger Aufwand mehr tragen k\u00f6nnen, und perfekt zum Einkaufen und f\u00fcr Lebensmittel. Wenn Sie mehr \u00fcber unsere Produkte wissen m\u00f6chten, k\u00f6nnen Sie uns anfragen!<\/p>\n<p><strong>Spezifikation<\/strong><\/p>\n<div class=\"table_wrap\">\n<table border=\"1\" cellspacing=\"0\">\n<tbody>\n<tr>\n<td valign=\"center\" width=\"284\">\n<p align=\"justify\">Material<\/p>\n<\/td>\n<td valign=\"center\" width=\"284\">\n<p align=\"justify\">Laminierter Vliesstoff<\/p>\n<\/td>\n<\/tr>\n<tr>\n<td valign=\"center\" width=\"284\">\n<p align=\"justify\">Logo<\/p>\n<\/td>\n<td valign=\"center\" width=\"284\">\n<p align=\"justify\">Annehmen<\/p>\n<\/td>\n<\/tr>\n<tr>\n<td valign=\"center\" width=\"284\">\n<p align=\"justify\">Gr\u00f6\u00dfe<\/p>\n<\/td>\n<td valign=\"center\" width=\"284\">\n<p align=\"justify\">Standardgr\u00f6\u00dfe oder benutzerdefinierte<\/p>\n<\/td>\n<\/tr>\n<tr>\n<td valign=\"center\" width=\"284\">\n<p align=\"justify\">MOQ<\/p>\n<\/td>\n<td valign=\"center\" width=\"284\">\n<p align=\"justify\">1000<\/p>\n<\/td>\n<\/tr>\n<tr>\n<td valign=\"center\" width=\"284\">\n<p align=\"justify\">Verwendungszweck<\/p>\n<\/td>\n<td valign=\"center\" width=\"284\">\n<p align=\"justify\">Das Einkaufen<\/p>\n<\/td>\n<\/tr>\n<\/tbody>\n<\/table>\n<\/div>","protected":false},"excerpt":{"rendered":"<p>Diese laminierte Einkaufstasche aus Vliesstoff ist die perfekte Wahl f\u00fcr jedes Gesch\u00e4ft, das Sch\u00f6nheitsartikel, B\u00fccher oder Kunsthandwerk verkauft. Es bietet bequem Platz f\u00fcr bis zu vier Shopping Places-Coupons und hat ein attraktives Design, damit es in Ihrer t\u00e4glichen Reisetasche nicht verloren geht!<\/p>\n<p><strong>Spezifikation<\/strong><\/p>\n<div class=\"table_wrap\">\n<table border=\"1\" cellspacing=\"0\">\n<tbody>\n<tr>\n<td valign=\"center\" width=\"284\">\n<p align=\"justify\">Material<\/p>\n<\/td>\n<td valign=\"center\" width=\"284\">\n<p align=\"justify\">Laminierter Vliesstoff<\/p>\n<\/td>\n<\/tr>\n<tr>\n<td valign=\"center\" width=\"284\">\n<p align=\"justify\">Logo<\/p>\n<\/td>\n<td valign=\"center\" width=\"284\">\n<p align=\"justify\">Annehmen<\/p>\n<\/td>\n<\/tr>\n<tr>\n<td valign=\"center\" width=\"284\">\n<p align=\"justify\">Gr\u00f6\u00dfe<\/p>\n<\/td>\n<td valign=\"center\" width=\"284\">\n<p align=\"justify\">Standardgr\u00f6\u00dfe oder benutzerdefinierte<\/p>\n<\/td>\n<\/tr>\n<tr>\n<td valign=\"center\" width=\"284\">\n<p align=\"justify\">MOQ<\/p>\n<\/td>\n<td valign=\"center\" width=\"284\">\n<p align=\"justify\">1000<\/p>\n<\/td>\n<\/tr>\n<tr>\n<td valign=\"center\" width=\"284\">\n<p align=\"justify\">Verwendungszweck<\/p>\n<\/td>\n<td valign=\"center\" width=\"284\">\n<p align=\"justify\">Das Einkaufen<\/p>\n<\/td>\n<\/tr>\n<\/tbody>\n<\/table>\n<\/div>\n<div class=\"clear\"><\/div>","protected":false},"featured_media":1711,"comment_status":"closed","ping_status":"closed","template":"","meta":{"_seopress_robots_primary_cat":"","_seopress_titles_title":"","_seopress_titles_desc":"","_seopress_robots_index":"","site-sidebar-layout":"default","site-content-layout":"default","ast-site-content-layout":"default","site-content-style":"default","site-sidebar-style":"default","ast-global-header-display":"","ast-banner-title-visibility":"","ast-main-header-display":"","ast-hfb-above-header-display":"","ast-hfb-below-header-display":"","ast-hfb-mobile-header-display":"","site-post-title":"","ast-breadcrumbs-content":"","ast-featured-img":"","footer-sml-layout":"","theme-transparent-header-meta":"default","adv-header-id-meta":"","stick-header-meta":"","header-above-stick-meta":"","header-main-stick-meta":"","header-below-stick-meta":"","astra-migrate-meta-layouts":"default","ast-page-background-enabled":"default","ast-page-background-meta":{"desktop":{"background-color":"","background-image":"","background-repeat":"repeat","background-position":"center center","background-size":"auto","background-attachment":"scroll","background-type":"","background-media":"","overlay-type":"","overlay-color":"","overlay-opacity":"","overlay-gradient":""},"tablet":{"background-color":"","background-image":"","background-repeat":"repeat","background-position":"center center","background-size":"auto","background-attachment":"scroll","background-type":"","background-media":"","overlay-type":"","overlay-color":"","overlay-opacity":"","overlay-gradient":""},"mobile":{"background-color":"","background-image":"","background-repeat":"repeat","background-position":"center center","background-size":"auto","background-attachment":"scroll","background-type":"","background-media":"","overlay-type":"","overlay-color":"","overlay-opacity":"","overlay-gradient":""}},"ast-content-background-meta":{"desktop":{"background-color":"var(--ast-global-color-5)","background-image":"","background-repeat":"repeat","background-position":"center center","background-size":"auto","background-attachment":"scroll","background-type":"","background-media":"","overlay-type":"","overlay-color":"","overlay-opacity":"","overlay-gradient":""},"tablet":{"background-color":"var(--ast-global-color-5)","background-image":"","background-repeat":"repeat","background-position":"center center","background-size":"auto","background-attachment":"scroll","background-type":"","background-media":"","overlay-type":"","overlay-color":"","overlay-opacity":"","overlay-gradient":""},"mobile":{"background-color":"var(--ast-global-color-5)","background-image":"","background-repeat":"repeat","background-position":"center center","background-size":"auto","background-attachment":"scroll","background-type":"","background-media":"","overlay-type":"","overlay-color":"","overlay-opacity":"","overlay-gradient":""}}},"product_brand":[],"product_cat":[38],"product_tag":[],"class_list":{"0":"post-1709","1":"product","2":"type-product","3":"status-publish","4":"has-post-thumbnail","6":"product_cat-shoppingbag","7":"desktop-align-left","8":"tablet-align-left","9":"mobile-align-left","11":"first","12":"instock","13":"shipping-taxable","14":"product-type-simple"},"_links":{"self":[{"href":"https:\/\/precisebag.com\/de\/wp-json\/wp\/v2\/product\/1709","targetHints":{"allow":["GET"]}}],"collection":[{"href":"https:\/\/precisebag.com\/de\/wp-json\/wp\/v2\/product"}],"about":[{"href":"https:\/\/precisebag.com\/de\/wp-json\/wp\/v2\/types\/product"}],"replies":[{"embeddable":true,"href":"https:\/\/precisebag.com\/de\/wp-json\/wp\/v2\/comments?post=1709"}],"wp:featuredmedia":[{"embeddable":true,"href":"https:\/\/precisebag.com\/de\/wp-json\/wp\/v2\/media\/1711"}],"wp:attachment":[{"href":"https:\/\/precisebag.com\/de\/wp-json\/wp\/v2\/media?parent=1709"}],"wp:term":[{"taxonomy":"product_brand","embeddable":true,"href":"https:\/\/precisebag.com\/de\/wp-json\/wp\/v2\/product_brand?post=1709"},{"taxonomy":"product_cat","embeddable":true,"href":"https:\/\/precisebag.com\/de\/wp-json\/wp\/v2\/product_cat?post=1709"},{"taxonomy":"product_tag","embeddable":true,"href":"https:\/\/precisebag.com\/de\/wp-json\/wp\/v2\/product_tag?post=1709"}],"curies":[{"name":"wp","href":"https:\/\/api.w.org\/{rel}","templated":true}]}}