{"id":1718,"date":"2022-04-05T14:05:36","date_gmt":"2022-04-05T14:05:36","guid":{"rendered":"https:\/\/precisebag.com\/?post_type=product&#038;p=1718"},"modified":"2022-04-05T14:05:38","modified_gmt":"2022-04-05T14:05:38","slug":"reusable-canvas-tote-bag","status":"publish","type":"product","link":"https:\/\/precisebag.com\/de\/produkt\/reusable-canvas-tote-bag\/","title":{"rendered":"Wiederverwendbare Tragetasche aus Segeltuch"},"content":{"rendered":"<p>Canvas-Einkaufstaschen sind eine langlebige Alternative zu fadenscheinigen Plastik- und Papiertaschen. Diese nat\u00fcrlichen Materialien sind abbaubar, was bedeutet, dass sie sich mit der Zeit zersetzen, damit unser Planet uns weiterhin alles geben kann, was er hat!<\/p>\n<p><strong>Produktbeschreibung<\/strong><\/p>\n<p>Die meisten Menschen wissen, dass Baumwolle eines der \u00e4ltesten Materialien seit Jahrzehnten ist. Unter Ber\u00fccksichtigung des Umweltschutzaspekts von Baumwolle ist Baumwolle daher im Vergleich zu Kunststoff das beste Material f\u00fcr die Herstellung von Taschen. Canvas-Einkaufstaschen sind abbaubar und sind relativ umweltfreundliche wiederverwendbare sowie organische Einkaufstaschen. Im Gegensatz zu anderen d\u00fcnnen Plastik- und Papiert\u00fcten ist diese langlebig.<\/p>\n<p>Die Wahl einer geeigneten Tragetasche aus Segeltuch kann unser Leben bequemer machen. Was sollten wir beim Kauf einer Stofftasche beachten?<\/p>\n<p>Zun\u00e4chst m\u00fcssen wir das Material der Segeltuchtasche ber\u00fccksichtigen. Canvas ist ein relativ dicker, starker und strapazierf\u00e4higer Stoff, der nicht leicht zu tragen ist und lange h\u00e4lt. Seine Haltbarkeit und Festigkeit sind h\u00f6her als bei nicht gewebten Einkaufstaschen. Es hat mehr Stoffe, neuartige Stile und l\u00e4sst sich beim Reinigen nicht leicht verformen. Einige Canvas-Einkaufstaschen haben auch mehrere Funktionen wie Innenfutter und Rei\u00dfverschluss und k\u00f6nnen als Rucks\u00e4cke verwendet werden.<\/p>\n<p>Die Dicke der Segeltuchtasche betr\u00e4gt im Allgemeinen 12A-Leinwand, was in Bezug auf Dicke und Preis besser geeignet ist. Wenn keine besonderen Anforderungen bestehen, ist diese Dicke eher f\u00fcr den t\u00e4glichen Gebrauch geeignet. Wenn Sie besondere Bed\u00fcrfnisse haben, k\u00f6nnen Sie eine dickere Leinwand w\u00e4hlen.<\/p>\n<p>Wir k\u00f6nnen Canvas-Taschen in Gr\u00f6\u00dfe und Stil anpassen, die den Bed\u00fcrfnissen vieler Menschen entsprechen. Es k\u00f6nnen auch viele Farben gew\u00e4hlt werden. Canvas-Taschen k\u00f6nnen nicht nur als Tragetaschen, sondern auch als Einkaufstaschen, Werbetaschen usw. verwendet werden.<\/p>\n<p>Unsere Canvas-Tasche wurde mit einer Vielzahl von einfachen und eleganten Stilen, klassischen Stilen, entworfen. Es wurde vom Markt allgemein anerkannt. Der sogenannte Klassiker ist urspr\u00fcnglich ein Test der Zeit. Wenn eine Tasche als klassische Tasche bezeichnet wird, muss sie in erster Linie hochwertig, verschlei\u00dffest und langlebig sein. Das ist die grundlegendste Wahrheit.<\/p>\n<p><strong>Spezifikation<\/strong><\/p>\n<div class=\"table_wrap\">\n<table border=\"1\" cellspacing=\"0\">\n<tbody>\n<tr>\n<td valign=\"center\" width=\"284\">\n<p align=\"justify\">Material<\/p>\n<\/td>\n<td valign=\"center\" width=\"284\">\n<p align=\"justify\">Segeltuch<\/p>\n<\/td>\n<\/tr>\n<tr>\n<td valign=\"center\" width=\"284\">\n<p align=\"justify\">Gr\u00f6\u00dfe<\/p>\n<\/td>\n<td valign=\"center\" width=\"284\">\n<p align=\"justify\">Gro\u00dfe Gr\u00f6\u00dfe, Standardgr\u00f6\u00dfe oder Benutzerdefiniert<\/p>\n<\/td>\n<\/tr>\n<tr>\n<td valign=\"center\" width=\"284\">\n<p align=\"justify\">Farben<\/p>\n<\/td>\n<td valign=\"center\" width=\"284\">\n<p align=\"justify\">Benutzerdefiniert<\/p>\n<\/td>\n<\/tr>\n<tr>\n<td valign=\"center\" width=\"284\">\n<p align=\"justify\">Mindestbestellmenge<\/p>\n<\/td>\n<td valign=\"center\" width=\"284\">\n<p align=\"justify\">100St<\/p>\n<\/td>\n<\/tr>\n<tr>\n<td valign=\"center\" width=\"284\">\n<p align=\"justify\">OEM &amp; ODM<\/p>\n<\/td>\n<td valign=\"center\" width=\"284\">\n<p align=\"justify\">Annehmen<\/p>\n<\/td>\n<\/tr>\n<tr>\n<td valign=\"center\" width=\"284\">\n<p align=\"justify\">Logo<\/p>\n<\/td>\n<td valign=\"center\" width=\"284\">\n<p align=\"justify\">Benutzerdefiniert<\/p>\n<\/td>\n<\/tr>\n<\/tbody>\n<\/table>\n<\/div>","protected":false},"excerpt":{"rendered":"<p>Canvas-Einkaufstaschen sind eine langlebige Alternative zu fadenscheinigen Plastik- und Papiertaschen. Diese nat\u00fcrlichen Materialien sind abbaubar, was bedeutet, dass sie sich mit der Zeit zersetzen, damit unser Planet uns weiterhin alles geben kann, was er hat!<\/p>\n<p><strong>Spezifikation<\/strong><\/p>\n<div class=\"table_wrap\">\n<table border=\"1\" cellspacing=\"0\">\n<tbody>\n<tr>\n<td valign=\"center\" width=\"284\">\n<p align=\"justify\">Material<\/p>\n<\/td>\n<td valign=\"center\" width=\"284\">\n<p align=\"justify\">Segeltuch<\/p>\n<\/td>\n<\/tr>\n<tr>\n<td valign=\"center\" width=\"284\">\n<p align=\"justify\">Gr\u00f6\u00dfe<\/p>\n<\/td>\n<td valign=\"center\" width=\"284\">\n<p align=\"justify\">Gro\u00dfe Gr\u00f6\u00dfe, Standardgr\u00f6\u00dfe oder Benutzerdefiniert<\/p>\n<\/td>\n<\/tr>\n<tr>\n<td valign=\"center\" width=\"284\">\n<p align=\"justify\">Farben<\/p>\n<\/td>\n<td valign=\"center\" width=\"284\">\n<p align=\"justify\">Benutzerdefiniert<\/p>\n<\/td>\n<\/tr>\n<tr>\n<td valign=\"center\" width=\"284\">\n<p align=\"justify\">Mindestbestellmenge<\/p>\n<\/td>\n<td valign=\"center\" width=\"284\">\n<p align=\"justify\">100St<\/p>\n<\/td>\n<\/tr>\n<tr>\n<td valign=\"center\" width=\"284\">\n<p align=\"justify\">OEM &amp; ODM<\/p>\n<\/td>\n<td valign=\"center\" width=\"284\">\n<p align=\"justify\">Annehmen<\/p>\n<\/td>\n<\/tr>\n<tr>\n<td valign=\"center\" width=\"284\">\n<p align=\"justify\">Logo<\/p>\n<\/td>\n<td valign=\"center\" width=\"284\">\n<p align=\"justify\">Benutzerdefiniert<\/p>\n<\/td>\n<\/tr>\n<\/tbody>\n<\/table>\n<\/div>","protected":false},"featured_media":1721,"comment_status":"closed","ping_status":"closed","template":"","meta":{"_seopress_robots_primary_cat":"","_seopress_titles_title":"","_seopress_titles_desc":"","_seopress_robots_index":"","site-sidebar-layout":"default","site-content-layout":"default","ast-site-content-layout":"default","site-content-style":"default","site-sidebar-style":"default","ast-global-header-display":"","ast-banner-title-visibility":"","ast-main-header-display":"","ast-hfb-above-header-display":"","ast-hfb-below-header-display":"","ast-hfb-mobile-header-display":"","site-post-title":"","ast-breadcrumbs-content":"","ast-featured-img":"","footer-sml-layout":"","theme-transparent-header-meta":"default","adv-header-id-meta":"","stick-header-meta":"","header-above-stick-meta":"","header-main-stick-meta":"","header-below-stick-meta":"","astra-migrate-meta-layouts":"default","ast-page-background-enabled":"default","ast-page-background-meta":{"desktop":{"background-color":"","background-image":"","background-repeat":"repeat","background-position":"center center","background-size":"auto","background-attachment":"scroll","background-type":"","background-media":"","overlay-type":"","overlay-color":"","overlay-opacity":"","overlay-gradient":""},"tablet":{"background-color":"","background-image":"","background-repeat":"repeat","background-position":"center center","background-size":"auto","background-attachment":"scroll","background-type":"","background-media":"","overlay-type":"","overlay-color":"","overlay-opacity":"","overlay-gradient":""},"mobile":{"background-color":"","background-image":"","background-repeat":"repeat","background-position":"center center","background-size":"auto","background-attachment":"scroll","background-type":"","background-media":"","overlay-type":"","overlay-color":"","overlay-opacity":"","overlay-gradient":""}},"ast-content-background-meta":{"desktop":{"background-color":"var(--ast-global-color-5)","background-image":"","background-repeat":"repeat","background-position":"center center","background-size":"auto","background-attachment":"scroll","background-type":"","background-media":"","overlay-type":"","overlay-color":"","overlay-opacity":"","overlay-gradient":""},"tablet":{"background-color":"var(--ast-global-color-5)","background-image":"","background-repeat":"repeat","background-position":"center center","background-size":"auto","background-attachment":"scroll","background-type":"","background-media":"","overlay-type":"","overlay-color":"","overlay-opacity":"","overlay-gradient":""},"mobile":{"background-color":"var(--ast-global-color-5)","background-image":"","background-repeat":"repeat","background-position":"center center","background-size":"auto","background-attachment":"scroll","background-type":"","background-media":"","overlay-type":"","overlay-color":"","overlay-opacity":"","overlay-gradient":""}}},"product_brand":[],"product_cat":[35],"product_tag":[],"class_list":{"0":"post-1718","1":"product","2":"type-product","3":"status-publish","4":"has-post-thumbnail","6":"product_cat-canvastotebag","7":"desktop-align-left","8":"tablet-align-left","9":"mobile-align-left","11":"first","12":"instock","13":"shipping-taxable","14":"product-type-simple"},"_links":{"self":[{"href":"https:\/\/precisebag.com\/de\/wp-json\/wp\/v2\/product\/1718","targetHints":{"allow":["GET"]}}],"collection":[{"href":"https:\/\/precisebag.com\/de\/wp-json\/wp\/v2\/product"}],"about":[{"href":"https:\/\/precisebag.com\/de\/wp-json\/wp\/v2\/types\/product"}],"replies":[{"embeddable":true,"href":"https:\/\/precisebag.com\/de\/wp-json\/wp\/v2\/comments?post=1718"}],"wp:featuredmedia":[{"embeddable":true,"href":"https:\/\/precisebag.com\/de\/wp-json\/wp\/v2\/media\/1721"}],"wp:attachment":[{"href":"https:\/\/precisebag.com\/de\/wp-json\/wp\/v2\/media?parent=1718"}],"wp:term":[{"taxonomy":"product_brand","embeddable":true,"href":"https:\/\/precisebag.com\/de\/wp-json\/wp\/v2\/product_brand?post=1718"},{"taxonomy":"product_cat","embeddable":true,"href":"https:\/\/precisebag.com\/de\/wp-json\/wp\/v2\/product_cat?post=1718"},{"taxonomy":"product_tag","embeddable":true,"href":"https:\/\/precisebag.com\/de\/wp-json\/wp\/v2\/product_tag?post=1718"}],"curies":[{"name":"wp","href":"https:\/\/api.w.org\/{rel}","templated":true}]}}