{"id":1725,"date":"2022-04-05T14:10:27","date_gmt":"2022-04-05T14:10:27","guid":{"rendered":"https:\/\/precisebag.com\/?post_type=product&#038;p=1725"},"modified":"2022-04-05T14:10:28","modified_gmt":"2022-04-05T14:10:28","slug":"cotton-tote-bag","status":"publish","type":"product","link":"https:\/\/precisebag.com\/de\/produkt\/cotton-tote-bag\/","title":{"rendered":"Einkaufstasche aus Baumwolle"},"content":{"rendered":"<p>Canvas-Einkaufstaschen sind perfekt f\u00fcr die Person, die sich von der Masse abheben m\u00f6chte. Sie sind in vielen verschiedenen Stilen erh\u00e4ltlich, z. B. im Waldstil oder sogar im modischen All-Matching!<\/p>\n<p><strong>Produktbeschreibung<\/strong><br \/>\n<strong>Einkaufstaschen aus Segeltuch<\/strong>\u00a0werden in unserem t\u00e4glichen Leben immer beliebter. Es gibt viele Arten von Segeltuchtaschen, wie z. B. Waldstil, literarischer Stil und Mode-All-Match.<\/p>\n<p>Die meisten Canvas-Taschen sind eher l\u00e4ssig. Die Querstreifen sind seit jeher ein sehr beliebter Stil. Diese Art von weicher und l\u00e4ssiger Canvas-Tasche eignet sich gut f\u00fcr ein einfaches Kleid. Ziegelrot passt auch gut, und die modischen Querstreifen sind ein sehr guter Fr\u00fchlingsstil, ein typischer literarischer Stil.<\/p>\n<p>Die Segeltuchtasche sollte gro\u00df sein und einen Laptop und Papier im A4-Format aufnehmen k\u00f6nnen. Der Stil der Stofftasche sollte einfach und nicht umst\u00e4ndlich sein. Canvas-Einkaufstaschen sollten leicht zu tragen, funktional und einfach zu handhaben sein, und dies ist auch die Haupt\u00fcberlegung f\u00fcr den Kauf einer Canvas-Tasche. Das Material der Segeltuchtasche ist leicht und die Segeltuchtasche mit Schulter- und Handtrage ist am praktischsten.<\/p>\n<p>Stil ist das wichtigste Mittel, um den Stil eines Produkts auszudr\u00fccken, und er kann auch den Kauf des Kunden ausdr\u00fccken<br \/>\nInspiration. Die gestreifte Canvas-Tasche hat einfache und modische Stile, saubere und sch\u00f6ne Farben und ist zum ersten Lichtblick geworden, der Kunden anzieht. Guter Stil ist der Grundstein f\u00fcr erfolgreiches Verkaufen. Wenn der Stil besser zum Kunden passt, beginnt der Aufmerksamkeits- und Bewertungsprozess f\u00fcr Stoffe und Verarbeitung erst.<\/p>\n<p>Canvas-Stoffe wurden in den fr\u00fchen Tagen wegen ihrer soliden und langlebigen Eigenschaften zur Herstellung von Milit\u00e4rzelten und Fallschirmen verwendet. Mit dem Fortschritt von Wissenschaft und Technologie wurde die Textiltechnologie stark verbessert, und die Arten von Leinw\u00e4nden nahmen allm\u00e4hlich zu und die Anwendung wurde umfangreicher. Im 21. Jahrhundert sind wir in die \u00c4ra des Umweltschutzes eingetreten, und Canvas, ein umweltfreundlicher Stoff, hat mehr Anerkennung erlangt und neue Modekonzepte getragen und ist in den Bereich der Mode eingetreten. Leinentaschen sind zu einem beliebten Modeartikel geworden.<\/p>\n<p>Beim Kauf von Canvas-Taschen kommt es jedoch h\u00e4ufig zu Missverst\u00e4ndnissen. Einige Verbraucher denken, je dicker der Stoff, desto besser die Qualit\u00e4t der Leinwand, aber das ist nicht der Fall. Die Stoffqualit\u00e4t hat nichts mit der Stoffdicke zu tun.<\/p>\n<p>Unser Material f\u00fcr Canvas-Taschen wurde mit verschiedenen Technologien verarbeitet, sodass es nicht nur fest und langlebig ist, sondern sich auch zarter, weicher und atmungsaktiver anf\u00fchlt. Die Leichtigkeit des Stoffes reduziert auch das Gewicht der originalen schweren Segeltuchtasche.<\/p>\n<p><strong>Spezifikation<\/strong><\/p>\n<div class=\"table_wrap\">\n<table border=\"1\" cellspacing=\"0\">\n<tbody>\n<tr>\n<td valign=\"center\" width=\"284\">\n<p align=\"justify\">Material<\/p>\n<\/td>\n<td valign=\"center\" width=\"284\">\n<p align=\"justify\">Segeltuch<\/p>\n<\/td>\n<\/tr>\n<tr>\n<td valign=\"center\" width=\"284\">\n<p align=\"justify\">Gr\u00f6\u00dfe<\/p>\n<\/td>\n<td valign=\"center\" width=\"284\">\n<p align=\"justify\">Gro\u00dfe Gr\u00f6\u00dfe, Standardgr\u00f6\u00dfe oder Benutzerdefiniert<\/p>\n<\/td>\n<\/tr>\n<tr>\n<td valign=\"center\" width=\"284\">\n<p align=\"justify\">Farben<\/p>\n<\/td>\n<td valign=\"center\" width=\"284\">\n<p align=\"justify\">Benutzerdefiniert<\/p>\n<\/td>\n<\/tr>\n<tr>\n<td valign=\"center\" width=\"284\">\n<p align=\"justify\">Mindestbestellmenge<\/p>\n<\/td>\n<td valign=\"center\" width=\"284\">\n<p align=\"justify\">100St<\/p>\n<\/td>\n<\/tr>\n<tr>\n<td valign=\"center\" width=\"284\">\n<p align=\"justify\">OEM &amp; ODM<\/p>\n<\/td>\n<td valign=\"center\" width=\"284\">\n<p align=\"justify\">Annehmen<\/p>\n<\/td>\n<\/tr>\n<tr>\n<td valign=\"center\" width=\"284\">\n<p align=\"justify\">Logo<\/p>\n<\/td>\n<td valign=\"center\" width=\"284\">\n<p align=\"justify\">Benutzerdefiniert<\/p>\n<\/td>\n<\/tr>\n<\/tbody>\n<\/table>\n<\/div>","protected":false},"excerpt":{"rendered":"<p>Canvas-Einkaufstaschen sind perfekt f\u00fcr die Person, die sich von der Masse abheben m\u00f6chte. Sie sind in vielen verschiedenen Stilen erh\u00e4ltlich, z. B. im Waldstil oder sogar im modischen All-Matching!<\/p>\n<p><strong>Spezifikation<\/strong><\/p>\n<div class=\"table_wrap\">\n<table border=\"1\" cellspacing=\"0\">\n<tbody>\n<tr>\n<td valign=\"center\" width=\"284\">\n<p align=\"justify\">Material<\/p>\n<\/td>\n<td valign=\"center\" width=\"284\">\n<p align=\"justify\">Segeltuch<\/p>\n<\/td>\n<\/tr>\n<tr>\n<td valign=\"center\" width=\"284\">\n<p align=\"justify\">Gr\u00f6\u00dfe<\/p>\n<\/td>\n<td valign=\"center\" width=\"284\">\n<p align=\"justify\">Gro\u00dfe Gr\u00f6\u00dfe, Standardgr\u00f6\u00dfe oder Benutzerdefiniert<\/p>\n<\/td>\n<\/tr>\n<tr>\n<td valign=\"center\" width=\"284\">\n<p align=\"justify\">Farben<\/p>\n<\/td>\n<td valign=\"center\" width=\"284\">\n<p align=\"justify\">Benutzerdefiniert<\/p>\n<\/td>\n<\/tr>\n<tr>\n<td valign=\"center\" width=\"284\">\n<p align=\"justify\">Mindestbestellmenge<\/p>\n<\/td>\n<td valign=\"center\" width=\"284\">\n<p align=\"justify\">100St<\/p>\n<\/td>\n<\/tr>\n<tr>\n<td valign=\"center\" width=\"284\">\n<p align=\"justify\">OEM &amp; ODM<\/p>\n<\/td>\n<td valign=\"center\" width=\"284\">\n<p align=\"justify\">Annehmen<\/p>\n<\/td>\n<\/tr>\n<tr>\n<td valign=\"center\" width=\"284\">\n<p align=\"justify\">Logo<\/p>\n<\/td>\n<td valign=\"center\" width=\"284\">\n<p align=\"justify\">Benutzerdefiniert<\/p>\n<\/td>\n<\/tr>\n<\/tbody>\n<\/table>\n<\/div>","protected":false},"featured_media":1727,"comment_status":"closed","ping_status":"closed","template":"","meta":{"_seopress_robots_primary_cat":"","_seopress_titles_title":"","_seopress_titles_desc":"","_seopress_robots_index":"","site-sidebar-layout":"default","site-content-layout":"default","ast-site-content-layout":"default","site-content-style":"default","site-sidebar-style":"default","ast-global-header-display":"","ast-banner-title-visibility":"","ast-main-header-display":"","ast-hfb-above-header-display":"","ast-hfb-below-header-display":"","ast-hfb-mobile-header-display":"","site-post-title":"","ast-breadcrumbs-content":"","ast-featured-img":"","footer-sml-layout":"","theme-transparent-header-meta":"default","adv-header-id-meta":"","stick-header-meta":"","header-above-stick-meta":"","header-main-stick-meta":"","header-below-stick-meta":"","astra-migrate-meta-layouts":"default","ast-page-background-enabled":"default","ast-page-background-meta":{"desktop":{"background-color":"","background-image":"","background-repeat":"repeat","background-position":"center center","background-size":"auto","background-attachment":"scroll","background-type":"","background-media":"","overlay-type":"","overlay-color":"","overlay-opacity":"","overlay-gradient":""},"tablet":{"background-color":"","background-image":"","background-repeat":"repeat","background-position":"center center","background-size":"auto","background-attachment":"scroll","background-type":"","background-media":"","overlay-type":"","overlay-color":"","overlay-opacity":"","overlay-gradient":""},"mobile":{"background-color":"","background-image":"","background-repeat":"repeat","background-position":"center center","background-size":"auto","background-attachment":"scroll","background-type":"","background-media":"","overlay-type":"","overlay-color":"","overlay-opacity":"","overlay-gradient":""}},"ast-content-background-meta":{"desktop":{"background-color":"var(--ast-global-color-5)","background-image":"","background-repeat":"repeat","background-position":"center center","background-size":"auto","background-attachment":"scroll","background-type":"","background-media":"","overlay-type":"","overlay-color":"","overlay-opacity":"","overlay-gradient":""},"tablet":{"background-color":"var(--ast-global-color-5)","background-image":"","background-repeat":"repeat","background-position":"center center","background-size":"auto","background-attachment":"scroll","background-type":"","background-media":"","overlay-type":"","overlay-color":"","overlay-opacity":"","overlay-gradient":""},"mobile":{"background-color":"var(--ast-global-color-5)","background-image":"","background-repeat":"repeat","background-position":"center center","background-size":"auto","background-attachment":"scroll","background-type":"","background-media":"","overlay-type":"","overlay-color":"","overlay-opacity":"","overlay-gradient":""}}},"product_brand":[],"product_cat":[35],"product_tag":[],"class_list":{"0":"post-1725","1":"product","2":"type-product","3":"status-publish","4":"has-post-thumbnail","6":"product_cat-canvastotebag","7":"desktop-align-left","8":"tablet-align-left","9":"mobile-align-left","11":"first","12":"instock","13":"shipping-taxable","14":"product-type-simple"},"_links":{"self":[{"href":"https:\/\/precisebag.com\/de\/wp-json\/wp\/v2\/product\/1725","targetHints":{"allow":["GET"]}}],"collection":[{"href":"https:\/\/precisebag.com\/de\/wp-json\/wp\/v2\/product"}],"about":[{"href":"https:\/\/precisebag.com\/de\/wp-json\/wp\/v2\/types\/product"}],"replies":[{"embeddable":true,"href":"https:\/\/precisebag.com\/de\/wp-json\/wp\/v2\/comments?post=1725"}],"wp:featuredmedia":[{"embeddable":true,"href":"https:\/\/precisebag.com\/de\/wp-json\/wp\/v2\/media\/1727"}],"wp:attachment":[{"href":"https:\/\/precisebag.com\/de\/wp-json\/wp\/v2\/media?parent=1725"}],"wp:term":[{"taxonomy":"product_brand","embeddable":true,"href":"https:\/\/precisebag.com\/de\/wp-json\/wp\/v2\/product_brand?post=1725"},{"taxonomy":"product_cat","embeddable":true,"href":"https:\/\/precisebag.com\/de\/wp-json\/wp\/v2\/product_cat?post=1725"},{"taxonomy":"product_tag","embeddable":true,"href":"https:\/\/precisebag.com\/de\/wp-json\/wp\/v2\/product_tag?post=1725"}],"curies":[{"name":"wp","href":"https:\/\/api.w.org\/{rel}","templated":true}]}}