{"id":1731,"date":"2022-04-05T14:16:36","date_gmt":"2022-04-05T14:16:36","guid":{"rendered":"https:\/\/precisebag.com\/?post_type=product&#038;p=1731"},"modified":"2022-04-05T14:16:37","modified_gmt":"2022-04-05T14:16:37","slug":"eco-friendly-canvas-tote-bag","status":"publish","type":"product","link":"https:\/\/precisebag.com\/de\/produkt\/eco-friendly-canvas-tote-bag\/","title":{"rendered":"Umweltfreundliche Tragetasche aus Segeltuch"},"content":{"rendered":"<p>Segeltuchtaschen gibt es in drei Arten \u2013 Polyester-Baumwolle, reine Baumwolle oder eine Mischung aus beiden; diese teilen sich danach auf, ob sie ein Innenfutter und Au\u00dfenh\u00fcllen haben. Es gibt auch eine einzelne Schultertasche f\u00fcr diejenigen, die es vorziehen, keine schweren Gegenst\u00e4nde auf einem Arm zu tragen, sowie eine Doppel- (Poly-) Schultertasche, wenn Sie mehr Platz ben\u00f6tigen, aber nicht m\u00f6chten, dass etwas Sperriges um Ihre H\u00e4nde versch\u00fcttet wird, wenn Sie durch belebte Stra\u00dfen gehen! Die letzte verf\u00fcgbare Option w\u00e4ren Handtaschen, die aufgrund ihrer Bequemlichkeit entweder einen Rei\u00dfverschluss haben k\u00f6nnen, wie es viele Frauen heutzutage tun, auch wenn dies altmodisch erscheinen mag.<\/p>\n<p><strong>Produktbeschreibung<\/strong><br \/>\nCanvas-Taschen k\u00f6nnen je nach Material in drei Typen unterteilt werden: Polyester-Baumwolle, reine Baumwolle und reines Polyester. Segeltuchtaschen werden nach der R\u00fcckenmethode in Einzelschulter-, Doppelschulter- und Handtaschen unterteilt. Canvas-Taschen sind in den letzten Jahren eine beliebte Tasche, weil sie langlebig sind und nach dem Anblick ein nostalgisches Gef\u00fchl vermitteln. Es ist der aktuelle Modetrend. Und es gibt je nach Personengruppe unterschiedliche Typen. Es gibt Bergsteiger-, Reise- und Freizeitstile.<\/p>\n<p>Auch die Farben der Stofftaschen sind sehr vielf\u00e4ltig. Es gibt eine einzelne Farbe oder eine Kombination von Farben. Sie sind mehr frei aufeinander abgestimmte Taschen. Mit immer mehr Designelementen von Canvas-Taschen hat sich die Canvas-Tasche zu einem Modetrend entwickelt. Segeltuchtasche ist die neue aktuelle Mode f\u00fcr Menschen. Canvas-Einkaufstaschen sind grunds\u00e4tzlich vielseitig und k\u00f6nnen zu jeder Kleidung passen. Eine einfarbige Canvas-Tasche ist der h\u00e4ufigste Artikel, obwohl sie sehr praktisch ist, aber ich glaube, Sie werden sich manchmal langweilen, dann k\u00f6nnen Sie zum Einkaufen genauso gut eine bunt gemusterte Canvas-Tasche w\u00e4hlen.<\/p>\n<p>Die Canvas-Tasche ist robust und langlebig und entspricht der Mode von Reisebegeisterten. Die Segeltuchtasche ist aus Sackleinen gefertigt. Das gr\u00f6\u00dfte Merkmal ist, dass es langlebig ist. Seine Vielseitigkeit wird auch von vielen Menschen bevorzugt und kann mit jeder Kleidung kombiniert werden. Das einzigartige l\u00e4ssige Design der Canvas-Tasche und die aktuellste \u00e4u\u00dfere Verzierung und innere Qualit\u00e4t haben sie zur trendigen Mode f\u00fcr junge Leute gemacht.<\/p>\n<p>Der gr\u00f6\u00dfte Vorteil von Leinentaschen ist, dass sie langlebig sind und die Muster auf der Tasche kreativ sind. Segeltuchtaschen sind einfach zu handhaben und sehen gut aus und der Preis ist relativ g\u00fcnstig. Im Allgemeinen k\u00f6nnen Sie eine f\u00fcr mehr als zehn Dollar kaufen, aber wenn Sie sie bei einer bekannten Marke kaufen, ist sie auch sehr teuer. Schlie\u00dflich sind ihre Markennamen viel Geld wert. Die Tasche ist auch eine Art sparsame und erschwingliche Tasche. Wir akzeptieren Ihr eigenes Design, was bedeutet, dass Sie mit wenig Geld eigene Segeltuchtaschen haben k\u00f6nnen. Bitte konsultieren Sie uns!<\/p>\n<p><strong>Spezifikation<\/strong><\/p>\n<div class=\"table_wrap\">\n<table border=\"1\" cellspacing=\"0\">\n<tbody>\n<tr>\n<td valign=\"center\" width=\"284\">\n<p align=\"justify\">Material<\/p>\n<\/td>\n<td valign=\"center\" width=\"284\">\n<p align=\"justify\">Segeltuch<\/p>\n<\/td>\n<\/tr>\n<tr>\n<td valign=\"center\" width=\"284\">\n<p align=\"justify\">Gr\u00f6\u00dfe<\/p>\n<\/td>\n<td valign=\"center\" width=\"284\">\n<p align=\"justify\">Gro\u00dfe Gr\u00f6\u00dfe, Standardgr\u00f6\u00dfe oder Benutzerdefiniert<\/p>\n<\/td>\n<\/tr>\n<tr>\n<td valign=\"center\" width=\"284\">\n<p align=\"justify\">Farben<\/p>\n<\/td>\n<td valign=\"center\" width=\"284\">\n<p align=\"justify\">Benutzerdefiniert<\/p>\n<\/td>\n<\/tr>\n<tr>\n<td valign=\"center\" width=\"284\">\n<p align=\"justify\">Mindestbestellmenge<\/p>\n<\/td>\n<td valign=\"center\" width=\"284\">\n<p align=\"justify\">100St<\/p>\n<\/td>\n<\/tr>\n<tr>\n<td valign=\"center\" width=\"284\">\n<p align=\"justify\">OEM &amp; ODM<\/p>\n<\/td>\n<td valign=\"center\" width=\"284\">\n<p align=\"justify\">Annehmen<\/p>\n<\/td>\n<\/tr>\n<tr>\n<td valign=\"center\" width=\"284\">\n<p align=\"justify\">Logo<\/p>\n<\/td>\n<td valign=\"center\" width=\"284\">\n<p align=\"justify\">Benutzerdefiniert<\/p>\n<\/td>\n<\/tr>\n<\/tbody>\n<\/table>\n<\/div>","protected":false},"excerpt":{"rendered":"<p>Segeltuchtaschen gibt es in drei Arten \u2013 Polyester-Baumwolle, reine Baumwolle oder eine Mischung aus beiden; diese teilen sich danach auf, ob sie ein Innenfutter und Au\u00dfenh\u00fcllen haben. Es gibt auch eine einzelne Schultertasche f\u00fcr diejenigen, die es vorziehen, keine schweren Gegenst\u00e4nde auf einem Arm zu tragen, sowie eine Doppel- (Poly-) Schultertasche, wenn Sie mehr Platz ben\u00f6tigen, aber nicht m\u00f6chten, dass etwas Sperriges um Ihre H\u00e4nde versch\u00fcttet wird, wenn Sie durch belebte Stra\u00dfen gehen! Die letzte verf\u00fcgbare Option w\u00e4ren Handtaschen, die aufgrund ihrer Bequemlichkeit entweder einen Rei\u00dfverschluss haben k\u00f6nnen, wie es viele Frauen heutzutage tun, auch wenn dies altmodisch erscheinen mag.<\/p>\n<p><strong>Spezifikation<\/strong><\/p>\n<div class=\"table_wrap\">\n<table border=\"1\" cellspacing=\"0\">\n<tbody>\n<tr>\n<td valign=\"center\" width=\"284\">\n<p align=\"justify\">Material<\/p>\n<\/td>\n<td valign=\"center\" width=\"284\">\n<p align=\"justify\">Segeltuch<\/p>\n<\/td>\n<\/tr>\n<tr>\n<td valign=\"center\" width=\"284\">\n<p align=\"justify\">Gr\u00f6\u00dfe<\/p>\n<\/td>\n<td valign=\"center\" width=\"284\">\n<p align=\"justify\">Gro\u00dfe Gr\u00f6\u00dfe, Standardgr\u00f6\u00dfe oder Benutzerdefiniert<\/p>\n<\/td>\n<\/tr>\n<tr>\n<td valign=\"center\" width=\"284\">\n<p align=\"justify\">Farben<\/p>\n<\/td>\n<td valign=\"center\" width=\"284\">\n<p align=\"justify\">Benutzerdefiniert<\/p>\n<\/td>\n<\/tr>\n<tr>\n<td valign=\"center\" width=\"284\">\n<p align=\"justify\">Mindestbestellmenge<\/p>\n<\/td>\n<td valign=\"center\" width=\"284\">\n<p align=\"justify\">100St<\/p>\n<\/td>\n<\/tr>\n<tr>\n<td valign=\"center\" width=\"284\">\n<p align=\"justify\">OEM &amp; ODM<\/p>\n<\/td>\n<td valign=\"center\" width=\"284\">\n<p align=\"justify\">Annehmen<\/p>\n<\/td>\n<\/tr>\n<tr>\n<td valign=\"center\" width=\"284\">\n<p align=\"justify\">Logo<\/p>\n<\/td>\n<td valign=\"center\" width=\"284\">\n<p align=\"justify\">Benutzerdefiniert<\/p>\n<\/td>\n<\/tr>\n<\/tbody>\n<\/table>\n<\/div>","protected":false},"featured_media":1733,"comment_status":"closed","ping_status":"closed","template":"","meta":{"_seopress_robots_primary_cat":"","_seopress_titles_title":"","_seopress_titles_desc":"","_seopress_robots_index":"","site-sidebar-layout":"default","site-content-layout":"default","ast-site-content-layout":"default","site-content-style":"default","site-sidebar-style":"default","ast-global-header-display":"","ast-banner-title-visibility":"","ast-main-header-display":"","ast-hfb-above-header-display":"","ast-hfb-below-header-display":"","ast-hfb-mobile-header-display":"","site-post-title":"","ast-breadcrumbs-content":"","ast-featured-img":"","footer-sml-layout":"","theme-transparent-header-meta":"default","adv-header-id-meta":"","stick-header-meta":"","header-above-stick-meta":"","header-main-stick-meta":"","header-below-stick-meta":"","astra-migrate-meta-layouts":"default","ast-page-background-enabled":"default","ast-page-background-meta":{"desktop":{"background-color":"","background-image":"","background-repeat":"repeat","background-position":"center center","background-size":"auto","background-attachment":"scroll","background-type":"","background-media":"","overlay-type":"","overlay-color":"","overlay-opacity":"","overlay-gradient":""},"tablet":{"background-color":"","background-image":"","background-repeat":"repeat","background-position":"center center","background-size":"auto","background-attachment":"scroll","background-type":"","background-media":"","overlay-type":"","overlay-color":"","overlay-opacity":"","overlay-gradient":""},"mobile":{"background-color":"","background-image":"","background-repeat":"repeat","background-position":"center center","background-size":"auto","background-attachment":"scroll","background-type":"","background-media":"","overlay-type":"","overlay-color":"","overlay-opacity":"","overlay-gradient":""}},"ast-content-background-meta":{"desktop":{"background-color":"var(--ast-global-color-5)","background-image":"","background-repeat":"repeat","background-position":"center center","background-size":"auto","background-attachment":"scroll","background-type":"","background-media":"","overlay-type":"","overlay-color":"","overlay-opacity":"","overlay-gradient":""},"tablet":{"background-color":"var(--ast-global-color-5)","background-image":"","background-repeat":"repeat","background-position":"center center","background-size":"auto","background-attachment":"scroll","background-type":"","background-media":"","overlay-type":"","overlay-color":"","overlay-opacity":"","overlay-gradient":""},"mobile":{"background-color":"var(--ast-global-color-5)","background-image":"","background-repeat":"repeat","background-position":"center center","background-size":"auto","background-attachment":"scroll","background-type":"","background-media":"","overlay-type":"","overlay-color":"","overlay-opacity":"","overlay-gradient":""}}},"product_brand":[],"product_cat":[35],"product_tag":[],"class_list":{"0":"post-1731","1":"product","2":"type-product","3":"status-publish","4":"has-post-thumbnail","6":"product_cat-canvastotebag","7":"desktop-align-left","8":"tablet-align-left","9":"mobile-align-left","11":"first","12":"instock","13":"shipping-taxable","14":"product-type-simple"},"_links":{"self":[{"href":"https:\/\/precisebag.com\/de\/wp-json\/wp\/v2\/product\/1731","targetHints":{"allow":["GET"]}}],"collection":[{"href":"https:\/\/precisebag.com\/de\/wp-json\/wp\/v2\/product"}],"about":[{"href":"https:\/\/precisebag.com\/de\/wp-json\/wp\/v2\/types\/product"}],"replies":[{"embeddable":true,"href":"https:\/\/precisebag.com\/de\/wp-json\/wp\/v2\/comments?post=1731"}],"wp:featuredmedia":[{"embeddable":true,"href":"https:\/\/precisebag.com\/de\/wp-json\/wp\/v2\/media\/1733"}],"wp:attachment":[{"href":"https:\/\/precisebag.com\/de\/wp-json\/wp\/v2\/media?parent=1731"}],"wp:term":[{"taxonomy":"product_brand","embeddable":true,"href":"https:\/\/precisebag.com\/de\/wp-json\/wp\/v2\/product_brand?post=1731"},{"taxonomy":"product_cat","embeddable":true,"href":"https:\/\/precisebag.com\/de\/wp-json\/wp\/v2\/product_cat?post=1731"},{"taxonomy":"product_tag","embeddable":true,"href":"https:\/\/precisebag.com\/de\/wp-json\/wp\/v2\/product_tag?post=1731"}],"curies":[{"name":"wp","href":"https:\/\/api.w.org\/{rel}","templated":true}]}}