{"id":2859,"date":"2022-09-08T11:14:21","date_gmt":"2022-09-08T11:14:21","guid":{"rendered":"https:\/\/precisebag.com\/?post_type=product&#038;p=2859"},"modified":"2022-09-08T11:16:28","modified_gmt":"2022-09-08T11:16:28","slug":"lightweight-travel-sport-floating-waterproof-dry-bag-with-logo","status":"publish","type":"product","link":"https:\/\/precisebag.com\/de\/produkt\/lightweight-travel-sport-floating-waterproof-dry-bag-with-logo\/","title":{"rendered":"Leichter, schwimmender, wasserdichter Reisesport-Trockensack mit Logo"},"content":{"rendered":"<h2><strong><b>Schnelle Details<\/b><\/strong><\/h2>\n<ul>\n<li>Herkunftsort: Jiangsu, China<\/li>\n<li>Markenname: oem\/odm<\/li>\n<li>Produktname: Wasserdichter Packsack<\/li>\n<li>Material: PVC\/TUP\/Nylon<\/li>\n<li>Verwendung: Outdoor Camping Wandern Reisen<\/li>\n<li>Farbe: Kundenspezifische Farbe<\/li>\n<li>Funktion: Wasserdicht<\/li>\n<li>Logo: Logo des Kunden<\/li>\n<li>Mindestbestellmenge: 300<\/li>\n<li>Gr\u00f6\u00dfe: 5L\/10L\/15L\/20L\/30L\/40L\/50L ect.<\/li>\n<li>Probe: Verf\u00fcgbar<\/li>\n<\/ul>\n<h2>Merkmale<\/h2>\n<ul>\n<li>Der Trockensack-Rucksack besteht aus wasserdichtem Material, das kratzfest und leistungsstark ist und sicherstellt, dass kein Wasser von der Oberseite des Trockensacks eindringen kann, um Ihre Campingausr\u00fcstung w\u00e4hrend des Abenteuers trocken zu halten. Ihr wasserdichter Trockenrucksack ist an allen wichtigen Druckpunkten doppelt verst\u00e4rkt, damit er strapazierf\u00e4hig und verschlei\u00dffest ist. W\u00e4re definitiv Ihre Wahl f\u00fcr jede schwierige Umgebung, der Sie begegnen k\u00f6nnen.<\/li>\n<li>Schlie\u00dfen Sie die obere Schnalle und dehnen Sie den Gurt, um zu verhindern, dass Ihre Ausr\u00fcstung nass wird. Jeder Trockensack bietet einen breiten, festen Halt f\u00fcr Ihre Bequemlichkeit. Humanisiertes Design: Unser neuer spezieller Rucksack-Trockensack ist in 4 verschiedenen Farben erh\u00e4ltlich, von denen jede \u00fcber das Tragesystem im Wabendesign verf\u00fcgt. Dies ist ein anpassbares und komfortables System, das den R\u00fccken durch ein ergonomisches mechanisches Design unterst\u00fctzt, um die Erfahrung des Benutzers angenehmer zu gestalten. Au\u00dferdem haben wir bei diesem wasserdichten Trockensack auch den Reflexstreifen angebracht, der nachts oder bei schlechten Lichtverh\u00e4ltnissen gut sichtbar ist. Das bedeutet, dass Ihre Sicherheit gew\u00e4hrleistet ist.<\/li>\n<li>Au\u00dfentasche und Innentasche: Ihr wasserdichter Taschenrucksack wird mit einer spritzwassergesch\u00fctzten Au\u00dfentasche und einer Innentasche geliefert, damit Sie Ihre Sachen bequemer organisieren k\u00f6nnen. Die vordere Au\u00dfentasche dieser Trockentasche enth\u00e4lt wichtige Dinge wie ein Messer, eine Taschenlampe und pers\u00f6nliche Gegenst\u00e4nde, damit Sie im Notfall schnell darauf zugreifen k\u00f6nnen. Die Innentasche hilft bei der Aufbewahrung dieser hochwertigen Gegenst\u00e4nde, um zu verhindern, dass sie gestohlen werden, wie Telefone, Karten, Brieftaschen.<\/li>\n<li>Multi-Use: Unser wasserdichter Dry Bag ist perfekt f\u00fcr eine enorme Auswahl an Outdoor-Aktivit\u00e4ten, wie Wandern, Camping, Klettern, Radfahren, sogar Wassersportarten wie Floating, Kajakfahren, Schwimmen, Rafting, Bootfahren, Kanufahren, Angeln, Surfen, Rudern \u2026 alles passend!<\/li>\n<\/ul>\n<p><img fetchpriority=\"high\" decoding=\"async\" class=\"alignnone size-full wp-image-2870\" src=\"https:\/\/precisebag.com\/wp-content\/uploads\/2022\/09\/\u8be6\u60c5\u98751.webp\" alt=\"Leichter, schwimmender, wasserdichter Reisesport-Trockensack mit Logo\" width=\"790\" height=\"975\" srcset=\"https:\/\/precisebag.com\/wp-content\/uploads\/2022\/09\/\u8be6\u60c5\u98751.webp 790w, https:\/\/precisebag.com\/wp-content\/uploads\/2022\/09\/\u8be6\u60c5\u98751-243x300.webp 243w, https:\/\/precisebag.com\/wp-content\/uploads\/2022\/09\/\u8be6\u60c5\u98751-768x948.webp 768w, https:\/\/precisebag.com\/wp-content\/uploads\/2022\/09\/\u8be6\u60c5\u98751-10x12.webp 10w, https:\/\/precisebag.com\/wp-content\/uploads\/2022\/09\/\u8be6\u60c5\u98751-600x741.webp 600w\" sizes=\"(max-width: 790px) 100vw, 790px\" \/> <img decoding=\"async\" class=\"alignnone size-full wp-image-2869\" src=\"https:\/\/precisebag.com\/wp-content\/uploads\/2022\/09\/Lightweight-Travel-Sport-Floating-Waterproof-Dry-Bag-with-Logo-4.webp\" alt=\"Leichter, schwimmender, wasserdichter Reisesport-Trockensack mit Logo\" width=\"790\" height=\"958\" srcset=\"https:\/\/precisebag.com\/wp-content\/uploads\/2022\/09\/Lightweight-Travel-Sport-Floating-Waterproof-Dry-Bag-with-Logo-4.webp 790w, https:\/\/precisebag.com\/wp-content\/uploads\/2022\/09\/Lightweight-Travel-Sport-Floating-Waterproof-Dry-Bag-with-Logo-4-247x300.webp 247w, https:\/\/precisebag.com\/wp-content\/uploads\/2022\/09\/Lightweight-Travel-Sport-Floating-Waterproof-Dry-Bag-with-Logo-4-768x931.webp 768w, https:\/\/precisebag.com\/wp-content\/uploads\/2022\/09\/Lightweight-Travel-Sport-Floating-Waterproof-Dry-Bag-with-Logo-4-10x12.webp 10w, https:\/\/precisebag.com\/wp-content\/uploads\/2022\/09\/Lightweight-Travel-Sport-Floating-Waterproof-Dry-Bag-with-Logo-4-600x728.webp 600w\" sizes=\"(max-width: 790px) 100vw, 790px\" \/> <img decoding=\"async\" class=\"alignnone size-full wp-image-2867\" src=\"https:\/\/precisebag.com\/wp-content\/uploads\/2022\/09\/Lightweight-Travel-Sport-Floating-Waterproof-Dry-Bag-with-Logo-3.webp\" alt=\"Leichter, schwimmender, wasserdichter Reisesport-Trockensack mit Logo\" width=\"790\" height=\"2261\" srcset=\"https:\/\/precisebag.com\/wp-content\/uploads\/2022\/09\/Lightweight-Travel-Sport-Floating-Waterproof-Dry-Bag-with-Logo-3.webp 790w, https:\/\/precisebag.com\/wp-content\/uploads\/2022\/09\/Lightweight-Travel-Sport-Floating-Waterproof-Dry-Bag-with-Logo-3-105x300.webp 105w, https:\/\/precisebag.com\/wp-content\/uploads\/2022\/09\/Lightweight-Travel-Sport-Floating-Waterproof-Dry-Bag-with-Logo-3-358x1024.webp 358w, https:\/\/precisebag.com\/wp-content\/uploads\/2022\/09\/Lightweight-Travel-Sport-Floating-Waterproof-Dry-Bag-with-Logo-3-768x2198.webp 768w, https:\/\/precisebag.com\/wp-content\/uploads\/2022\/09\/Lightweight-Travel-Sport-Floating-Waterproof-Dry-Bag-with-Logo-3-537x1536.webp 537w, https:\/\/precisebag.com\/wp-content\/uploads\/2022\/09\/Lightweight-Travel-Sport-Floating-Waterproof-Dry-Bag-with-Logo-3-716x2048.webp 716w, https:\/\/precisebag.com\/wp-content\/uploads\/2022\/09\/Lightweight-Travel-Sport-Floating-Waterproof-Dry-Bag-with-Logo-3-4x12.webp 4w, https:\/\/precisebag.com\/wp-content\/uploads\/2022\/09\/Lightweight-Travel-Sport-Floating-Waterproof-Dry-Bag-with-Logo-3-600x1717.webp 600w\" sizes=\"(max-width: 790px) 100vw, 790px\" \/> <img loading=\"lazy\" decoding=\"async\" class=\"alignnone size-full wp-image-2865\" src=\"https:\/\/precisebag.com\/wp-content\/uploads\/2022\/09\/Lightweight-Travel-Sport-Floating-Waterproof-Dry-Bag-with-Logo-2.webp\" alt=\"Leichter, schwimmender, wasserdichter Reisesport-Trockensack mit Logo\" width=\"790\" height=\"1728\" srcset=\"https:\/\/precisebag.com\/wp-content\/uploads\/2022\/09\/Lightweight-Travel-Sport-Floating-Waterproof-Dry-Bag-with-Logo-2.webp 790w, https:\/\/precisebag.com\/wp-content\/uploads\/2022\/09\/Lightweight-Travel-Sport-Floating-Waterproof-Dry-Bag-with-Logo-2-137x300.webp 137w, https:\/\/precisebag.com\/wp-content\/uploads\/2022\/09\/Lightweight-Travel-Sport-Floating-Waterproof-Dry-Bag-with-Logo-2-468x1024.webp 468w, https:\/\/precisebag.com\/wp-content\/uploads\/2022\/09\/Lightweight-Travel-Sport-Floating-Waterproof-Dry-Bag-with-Logo-2-768x1680.webp 768w, https:\/\/precisebag.com\/wp-content\/uploads\/2022\/09\/Lightweight-Travel-Sport-Floating-Waterproof-Dry-Bag-with-Logo-2-702x1536.webp 702w, https:\/\/precisebag.com\/wp-content\/uploads\/2022\/09\/Lightweight-Travel-Sport-Floating-Waterproof-Dry-Bag-with-Logo-2-5x12.webp 5w, https:\/\/precisebag.com\/wp-content\/uploads\/2022\/09\/Lightweight-Travel-Sport-Floating-Waterproof-Dry-Bag-with-Logo-2-600x1312.webp 600w\" sizes=\"(max-width: 790px) 100vw, 790px\" \/> <img loading=\"lazy\" decoding=\"async\" class=\"alignnone size-full wp-image-2863\" src=\"https:\/\/precisebag.com\/wp-content\/uploads\/2022\/09\/Lightweight-Travel-Sport-Floating-Waterproof-Dry-Bag-with-Logo-1.webp\" alt=\"Leichter, schwimmender, wasserdichter Reisesport-Trockensack mit Logo\" width=\"790\" height=\"1479\" srcset=\"https:\/\/precisebag.com\/wp-content\/uploads\/2022\/09\/Lightweight-Travel-Sport-Floating-Waterproof-Dry-Bag-with-Logo-1.webp 790w, https:\/\/precisebag.com\/wp-content\/uploads\/2022\/09\/Lightweight-Travel-Sport-Floating-Waterproof-Dry-Bag-with-Logo-1-160x300.webp 160w, https:\/\/precisebag.com\/wp-content\/uploads\/2022\/09\/Lightweight-Travel-Sport-Floating-Waterproof-Dry-Bag-with-Logo-1-547x1024.webp 547w, https:\/\/precisebag.com\/wp-content\/uploads\/2022\/09\/Lightweight-Travel-Sport-Floating-Waterproof-Dry-Bag-with-Logo-1-768x1438.webp 768w, https:\/\/precisebag.com\/wp-content\/uploads\/2022\/09\/Lightweight-Travel-Sport-Floating-Waterproof-Dry-Bag-with-Logo-1-6x12.webp 6w, https:\/\/precisebag.com\/wp-content\/uploads\/2022\/09\/Lightweight-Travel-Sport-Floating-Waterproof-Dry-Bag-with-Logo-1-600x1123.webp 600w\" sizes=\"(max-width: 790px) 100vw, 790px\" \/><\/p>","protected":false},"excerpt":{"rendered":"<p>Leichter, schwimmender, wasserdichter Reisesport-Trockensack mit Logo ist ein Trockensack, der sich perfekt f\u00fcr jede Wasseraktivit\u00e4t eignet. Sie besteht aus einem leichten Material, das Sie auch im nassen Zustand nicht beschwert, und hat einen starken Verschluss, um Ihre Sachen trocken zu halten. Die Tasche schwimmt auch und eignet sich daher perfekt zum Schwimmen oder Bootfahren. Der Lightweight Travel Sport Floating Waterproof Dry Bag mit Logo eignet sich auch hervorragend zum Wandern oder Camping, da er leicht und einfach zu tragen ist. Diese Tasche ist ein Must-Have f\u00fcr alle, die gerne Zeit im Freien verbringen.<\/p>","protected":false},"featured_media":2866,"comment_status":"closed","ping_status":"closed","template":"","meta":{"_seopress_robots_primary_cat":"none","_seopress_titles_title":"","_seopress_titles_desc":"","_seopress_robots_index":"","site-sidebar-layout":"default","site-content-layout":"default","ast-site-content-layout":"default","site-content-style":"default","site-sidebar-style":"default","ast-global-header-display":"","ast-banner-title-visibility":"","ast-main-header-display":"","ast-hfb-above-header-display":"","ast-hfb-below-header-display":"","ast-hfb-mobile-header-display":"","site-post-title":"","ast-breadcrumbs-content":"","ast-featured-img":"","footer-sml-layout":"","theme-transparent-header-meta":"default","adv-header-id-meta":"","stick-header-meta":"","header-above-stick-meta":"","header-main-stick-meta":"","header-below-stick-meta":"","astra-migrate-meta-layouts":"default","ast-page-background-enabled":"default","ast-page-background-meta":{"desktop":{"background-color":"","background-image":"","background-repeat":"repeat","background-position":"center center","background-size":"auto","background-attachment":"scroll","background-type":"","background-media":"","overlay-type":"","overlay-color":"","overlay-opacity":"","overlay-gradient":""},"tablet":{"background-color":"","background-image":"","background-repeat":"repeat","background-position":"center center","background-size":"auto","background-attachment":"scroll","background-type":"","background-media":"","overlay-type":"","overlay-color":"","overlay-opacity":"","overlay-gradient":""},"mobile":{"background-color":"","background-image":"","background-repeat":"repeat","background-position":"center center","background-size":"auto","background-attachment":"scroll","background-type":"","background-media":"","overlay-type":"","overlay-color":"","overlay-opacity":"","overlay-gradient":""}},"ast-content-background-meta":{"desktop":{"background-color":"var(--ast-global-color-5)","background-image":"","background-repeat":"repeat","background-position":"center center","background-size":"auto","background-attachment":"scroll","background-type":"","background-media":"","overlay-type":"","overlay-color":"","overlay-opacity":"","overlay-gradient":""},"tablet":{"background-color":"var(--ast-global-color-5)","background-image":"","background-repeat":"repeat","background-position":"center center","background-size":"auto","background-attachment":"scroll","background-type":"","background-media":"","overlay-type":"","overlay-color":"","overlay-opacity":"","overlay-gradient":""},"mobile":{"background-color":"var(--ast-global-color-5)","background-image":"","background-repeat":"repeat","background-position":"center center","background-size":"auto","background-attachment":"scroll","background-type":"","background-media":"","overlay-type":"","overlay-color":"","overlay-opacity":"","overlay-gradient":""}}},"product_brand":[],"product_cat":[40],"product_tag":[],"class_list":{"0":"post-2859","1":"product","2":"type-product","3":"status-publish","4":"has-post-thumbnail","6":"product_cat-drybag","7":"desktop-align-left","8":"tablet-align-left","9":"mobile-align-left","11":"first","12":"instock","13":"shipping-taxable","14":"product-type-simple"},"_links":{"self":[{"href":"https:\/\/precisebag.com\/de\/wp-json\/wp\/v2\/product\/2859","targetHints":{"allow":["GET"]}}],"collection":[{"href":"https:\/\/precisebag.com\/de\/wp-json\/wp\/v2\/product"}],"about":[{"href":"https:\/\/precisebag.com\/de\/wp-json\/wp\/v2\/types\/product"}],"replies":[{"embeddable":true,"href":"https:\/\/precisebag.com\/de\/wp-json\/wp\/v2\/comments?post=2859"}],"wp:featuredmedia":[{"embeddable":true,"href":"https:\/\/precisebag.com\/de\/wp-json\/wp\/v2\/media\/2866"}],"wp:attachment":[{"href":"https:\/\/precisebag.com\/de\/wp-json\/wp\/v2\/media?parent=2859"}],"wp:term":[{"taxonomy":"product_brand","embeddable":true,"href":"https:\/\/precisebag.com\/de\/wp-json\/wp\/v2\/product_brand?post=2859"},{"taxonomy":"product_cat","embeddable":true,"href":"https:\/\/precisebag.com\/de\/wp-json\/wp\/v2\/product_cat?post=2859"},{"taxonomy":"product_tag","embeddable":true,"href":"https:\/\/precisebag.com\/de\/wp-json\/wp\/v2\/product_tag?post=2859"}],"curies":[{"name":"wp","href":"https:\/\/api.w.org\/{rel}","templated":true}]}}