{"id":2888,"date":"2022-09-08T12:08:11","date_gmt":"2022-09-08T12:08:11","guid":{"rendered":"https:\/\/precisebag.com\/?post_type=product&#038;p=2888"},"modified":"2022-09-08T12:08:14","modified_gmt":"2022-09-08T12:08:14","slug":"small-overboard-sports-waterproof-dry-bag","status":"publish","type":"product","link":"https:\/\/precisebag.com\/de\/produkt\/small-overboard-sports-waterproof-dry-bag\/","title":{"rendered":"Kleine wasserdichte Trockentasche f\u00fcr Overboard-Sportarten"},"content":{"rendered":"<h2><strong><b>Schnelle Details<\/b><\/strong><\/h2>\n<ul>\n<li>Herkunftsort: Jiangsu, China<\/li>\n<li>Markenname: oem\/odm<\/li>\n<li>Produktname: Wasserdichter Packsack<\/li>\n<li>Material: PVC\/TUP\/Nylon<\/li>\n<li>Verwendung: Outdoor Camping Wandern Reisen<\/li>\n<li>Farbe: Kundenspezifische Farbe<\/li>\n<li>Funktion: Wasserdicht<\/li>\n<li>Logo: Logo des Kunden<\/li>\n<li>Mindestbestellmenge: 500<\/li>\n<li>Gr\u00f6\u00dfe: 5L\/10L\/15L\/20L\/30L\/40L\/50L ect.<\/li>\n<li>Probe: Verf\u00fcgbar<\/li>\n<li>VERSAND:DHL\\EMS\\UPS\\FEDEX\\auf dem Seeweg\\auf dem Luftweg<\/li>\n<\/ul>\n<h2>Merkmale<\/h2>\n<ol>\n<li>Die wasserdichten, verschwei\u00dften N\u00e4hte und das herunterrollbare Oberteil bieten IPX-6-Schutz f\u00fcr Ihre Ausr\u00fcstung bei einer Vielzahl von Outdoor-Sportarten und -Aktivit\u00e4ten.<\/li>\n<li>SCHNELLER ZUGRIFF AUF Bargeld &amp; Ausweis: Au\u00dfentasche zur sicheren Aufbewahrung von wichtigen Kleinigkeiten. Egal, ob Sie Kajak fahren, wandern oder am Strand entspannen, Sie werden Ihre Must-Haves leicht erreichen, ohne in Ihrer Tasche kramen zu m\u00fcssen.<\/li>\n<li>H\u00c4LT SIE BEI NACHT SICHER SICHTBAR: Der reflektierende Rand um den Taschenrei\u00dfverschluss sorgt daf\u00fcr, dass Sie gesehen werden. Au\u00dferdem hilft es Ihnen, Ihre Tasche zu finden und wiederzufinden, falls sie jemals \u00fcber Bord geht.<\/li>\n<li>ABNEHMBARER, EINSTELLBARER SCHULTERRIEMEN: Legen Sie den Riemen \u00fcber Ihre Schulter, um Ihre Ausr\u00fcstung \u00fcberall hin mitzunehmen. Oder befestigen Sie den Gurt an Ihrem Boot oder Kajak, um Ihre Tasche bequem zur Hand zu haben.<\/li>\n<\/ol>","protected":false},"excerpt":{"rendered":"<p>Der kleine wasserdichte Overboard Sports Dry Bag ist ein Dry Bag, der entwickelt wurde, um Ihre Sachen sicher und trocken zu halten, w\u00e4hrend Sie auf dem Wasser sind. Die Tasche besteht aus einem wasserdichten Material, das Ihre Sachen trocken h\u00e4lt, selbst wenn es nass wird. Die Tasche hat auch einen Rolltop-Verschluss, der das Eindringen von Wasser verhindert. Die kleine wasserdichte Trockentasche von Overboard Sports ist perfekt, um Ihre Sachen sicher aufzubewahren, w\u00e4hrend Sie auf dem Wasser sind.<\/p>","protected":false},"featured_media":2890,"comment_status":"closed","ping_status":"closed","template":"","meta":{"_seopress_robots_primary_cat":"","_seopress_titles_title":"","_seopress_titles_desc":"","_seopress_robots_index":"","site-sidebar-layout":"default","site-content-layout":"default","ast-site-content-layout":"default","site-content-style":"default","site-sidebar-style":"default","ast-global-header-display":"","ast-banner-title-visibility":"","ast-main-header-display":"","ast-hfb-above-header-display":"","ast-hfb-below-header-display":"","ast-hfb-mobile-header-display":"","site-post-title":"","ast-breadcrumbs-content":"","ast-featured-img":"","footer-sml-layout":"","theme-transparent-header-meta":"default","adv-header-id-meta":"","stick-header-meta":"","header-above-stick-meta":"","header-main-stick-meta":"","header-below-stick-meta":"","astra-migrate-meta-layouts":"default","ast-page-background-enabled":"default","ast-page-background-meta":{"desktop":{"background-color":"","background-image":"","background-repeat":"repeat","background-position":"center center","background-size":"auto","background-attachment":"scroll","background-type":"","background-media":"","overlay-type":"","overlay-color":"","overlay-opacity":"","overlay-gradient":""},"tablet":{"background-color":"","background-image":"","background-repeat":"repeat","background-position":"center center","background-size":"auto","background-attachment":"scroll","background-type":"","background-media":"","overlay-type":"","overlay-color":"","overlay-opacity":"","overlay-gradient":""},"mobile":{"background-color":"","background-image":"","background-repeat":"repeat","background-position":"center center","background-size":"auto","background-attachment":"scroll","background-type":"","background-media":"","overlay-type":"","overlay-color":"","overlay-opacity":"","overlay-gradient":""}},"ast-content-background-meta":{"desktop":{"background-color":"var(--ast-global-color-5)","background-image":"","background-repeat":"repeat","background-position":"center center","background-size":"auto","background-attachment":"scroll","background-type":"","background-media":"","overlay-type":"","overlay-color":"","overlay-opacity":"","overlay-gradient":""},"tablet":{"background-color":"var(--ast-global-color-5)","background-image":"","background-repeat":"repeat","background-position":"center center","background-size":"auto","background-attachment":"scroll","background-type":"","background-media":"","overlay-type":"","overlay-color":"","overlay-opacity":"","overlay-gradient":""},"mobile":{"background-color":"var(--ast-global-color-5)","background-image":"","background-repeat":"repeat","background-position":"center center","background-size":"auto","background-attachment":"scroll","background-type":"","background-media":"","overlay-type":"","overlay-color":"","overlay-opacity":"","overlay-gradient":""}}},"product_brand":[],"product_cat":[40],"product_tag":[],"class_list":{"0":"post-2888","1":"product","2":"type-product","3":"status-publish","4":"has-post-thumbnail","6":"product_cat-drybag","7":"desktop-align-left","8":"tablet-align-left","9":"mobile-align-left","11":"first","12":"instock","13":"shipping-taxable","14":"product-type-simple"},"_links":{"self":[{"href":"https:\/\/precisebag.com\/de\/wp-json\/wp\/v2\/product\/2888","targetHints":{"allow":["GET"]}}],"collection":[{"href":"https:\/\/precisebag.com\/de\/wp-json\/wp\/v2\/product"}],"about":[{"href":"https:\/\/precisebag.com\/de\/wp-json\/wp\/v2\/types\/product"}],"replies":[{"embeddable":true,"href":"https:\/\/precisebag.com\/de\/wp-json\/wp\/v2\/comments?post=2888"}],"wp:featuredmedia":[{"embeddable":true,"href":"https:\/\/precisebag.com\/de\/wp-json\/wp\/v2\/media\/2890"}],"wp:attachment":[{"href":"https:\/\/precisebag.com\/de\/wp-json\/wp\/v2\/media?parent=2888"}],"wp:term":[{"taxonomy":"product_brand","embeddable":true,"href":"https:\/\/precisebag.com\/de\/wp-json\/wp\/v2\/product_brand?post=2888"},{"taxonomy":"product_cat","embeddable":true,"href":"https:\/\/precisebag.com\/de\/wp-json\/wp\/v2\/product_cat?post=2888"},{"taxonomy":"product_tag","embeddable":true,"href":"https:\/\/precisebag.com\/de\/wp-json\/wp\/v2\/product_tag?post=2888"}],"curies":[{"name":"wp","href":"https:\/\/api.w.org\/{rel}","templated":true}]}}