{"id":2897,"date":"2023-11-14T12:34:02","date_gmt":"2023-11-14T12:34:02","guid":{"rendered":"https:\/\/precisebag.com\/?post_type=product&#038;p=2897"},"modified":"2023-11-14T12:34:37","modified_gmt":"2023-11-14T12:34:37","slug":"cooler-wine-bag-wine-bag","status":"publish","type":"product","link":"https:\/\/precisebag.com\/de\/produkt\/cooler-wine-bag-wine-bag\/","title":{"rendered":"K\u00fchler Weinbeutel, Weinbeutel"},"content":{"rendered":"<h2>Beschreibung<\/h2>\n<p>Eine Weink\u00fchltasche, auch Weintasche oder Weintr\u00e4ger genannt, ist ein praktisches Zubeh\u00f6r zum Transportieren und Halten von Wein oder anderen Getr\u00e4nken auf der gew\u00fcnschten Temperatur, egal ob Sie zu einem Picknick oder einer Party gehen oder einfach nur Ihre Weine aufbewahren m\u00f6chten Wein k\u00fchl unterwegs. Diese Beutel sollen die Temperatur des Weins aufrechterhalten und ihn vor \u00e4u\u00dferen Faktoren sch\u00fctzen, die seine Qualit\u00e4t beeintr\u00e4chtigen k\u00f6nnen. Ber\u00fccksichtigen Sie bei der Auswahl einer Weink\u00fchltasche Ihre spezifischen Bed\u00fcrfnisse, z. B. die Anzahl der Flaschen, die Sie transportieren m\u00f6chten, und ob Sie ein schlichteres oder stilvolleres Design bevorzugen.<\/p>\n<h2><strong><b>Weitere Informationen<\/b><\/strong><\/h2>\n<table>\n<tbody>\n<tr>\n<td width=\"426\">Gr\u00f6\u00dfe<\/td>\n<td width=\"426\">Mass angefertigt<\/td>\n<\/tr>\n<tr>\n<td width=\"426\">Lieferzeit<\/td>\n<td width=\"426\">30 Tage<\/td>\n<\/tr>\n<tr>\n<td width=\"426\">Farbe<\/td>\n<td width=\"426\">Wei\u00df, Schwarz, Grau oder ma\u00dfgeschneidert<\/td>\n<\/tr>\n<tr>\n<td width=\"426\">MOQ<\/td>\n<td width=\"426\">1000 St\u00fcck<\/td>\n<\/tr>\n<tr>\n<td width=\"426\">Material<\/td>\n<td width=\"426\">Oxford, Polyester, Vlies, Aluminiumfolie\u2026<\/td>\n<\/tr>\n<tr>\n<td width=\"426\">Zahlungsbedingung<\/td>\n<td width=\"426\">T\/T, L\/C, Paypal usw<\/td>\n<\/tr>\n<\/tbody>\n<\/table>\n<h2><strong><b>Warum uns w\u00e4hlen?<\/b><\/strong><\/h2>\n<ul>\n<li><b><\/b><strong><b>H<\/b><\/strong><strong><b>oh <\/b><\/strong><strong><b>Q<\/b><\/strong><strong><b>Qualit\u00e4t und <\/b><\/strong><strong><b>R<\/b><\/strong><strong><b>Zuverl\u00e4ssigkeit<\/b><\/strong><\/li>\n<li><b><\/b><strong><b>Au\u00dfergew\u00f6hnlich <\/b><\/strong><strong><b>C<\/b><\/strong><strong><b>Kunde <\/b><\/strong><strong><b>S<\/b><\/strong><strong><b>Dienst<\/b><\/strong><\/li>\n<li><b><\/b><strong><b>Wettbewerbsf\u00e4hig <\/b><\/strong><strong><b>P<\/b><\/strong><strong><b>Reis<\/b><\/strong><\/li>\n<li><b><\/b><strong><b>Anpassung<\/b><\/strong><\/li>\n<li><b><\/b><strong><b>Direkt ab Werk liefern<\/b><\/strong><b><\/b><\/li>\n<\/ul>\n<h2><strong><b>K\u00fchler Weinbeutel<\/b><\/strong><\/h2>\n<p>1. Isolierung: Weink\u00fchltaschen verf\u00fcgen normalerweise \u00fcber isolierende Materialien, um den Wein k\u00fchl zu halten oder seine Temperatur aufrechtzuerhalten. Einige Beutel verf\u00fcgen \u00fcber eine Schaumstoffisolierung oder Aluminiumfolie, w\u00e4hrend andere \u00fcber Gelpackungen oder Thermoeinlagen verf\u00fcgen, die eingefroren und in den Beutel eingesetzt werden k\u00f6nnen.<\/p>\n<p>2.Gr\u00f6\u00dfe: Weink\u00fchltaschen gibt es in verschiedenen Gr\u00f6\u00dfen, um eine oder mehrere Flaschen Wein unterzubringen.<\/p>\n<p>3. Stil: Weink\u00fchltaschen gibt es in verschiedenen Stilen und Materialien, von einfachen und funktionalen Designs bis hin zu eleganteren und stilvolleren Optionen.<\/p>\n<p>4.Verstellbare Trennw\u00e4nde: Einige Weink\u00fchltaschen verf\u00fcgen \u00fcber verstellbare Trennw\u00e4nde oder F\u00e4cher, um die Flaschen w\u00e4hrend des Transports getrennt und sicher aufzubewahren.<\/p>\n<p>5. Tragbarkeit: Weink\u00fchltaschen werden oft mit Griffen oder Riemen zum einfachen Tragen geliefert, und einige sind so konzipiert, dass sie rucksackartig sind, um den freih\u00e4ndigen Transport zu erm\u00f6glichen.<\/p>\n<p><img fetchpriority=\"high\" decoding=\"async\" class=\"alignnone size-full wp-image-2903\" src=\"https:\/\/precisebag.com\/wp-content\/uploads\/2023\/11\/certificate1.png\" alt=\"K\u00fchler Weinbeutel, Weinbeutel\" width=\"1200\" height=\"450\" srcset=\"https:\/\/precisebag.com\/wp-content\/uploads\/2023\/11\/certificate1.png 1200w, https:\/\/precisebag.com\/wp-content\/uploads\/2023\/11\/certificate1-300x113.png 300w, https:\/\/precisebag.com\/wp-content\/uploads\/2023\/11\/certificate1-1024x384.png 1024w, https:\/\/precisebag.com\/wp-content\/uploads\/2023\/11\/certificate1-768x288.png 768w, https:\/\/precisebag.com\/wp-content\/uploads\/2023\/11\/certificate1-18x7.png 18w, https:\/\/precisebag.com\/wp-content\/uploads\/2023\/11\/certificate1-600x225.png 600w\" sizes=\"(max-width: 1200px) 100vw, 1200px\" \/><\/p>\n<h2><strong><b>Details zu individuellen Taschen<\/b><\/strong><\/h2>\n<p><img decoding=\"async\" class=\"size-full wp-image-2902 aligncenter\" src=\"https:\/\/precisebag.com\/wp-content\/uploads\/2023\/11\/precise.png\" alt=\"K\u00fchler Weinbeutel, Weinbeutel\" width=\"750\" height=\"477\" srcset=\"https:\/\/precisebag.com\/wp-content\/uploads\/2023\/11\/precise.png 750w, https:\/\/precisebag.com\/wp-content\/uploads\/2023\/11\/precise-300x191.png 300w, https:\/\/precisebag.com\/wp-content\/uploads\/2023\/11\/precise-18x12.png 18w, https:\/\/precisebag.com\/wp-content\/uploads\/2023\/11\/precise-600x382.png 600w\" sizes=\"(max-width: 750px) 100vw, 750px\" \/><\/p>","protected":false},"excerpt":{"rendered":"<p>Eine Weink\u00fchltasche, auch Weintasche oder Weintr\u00e4ger genannt, ist ein praktisches Zubeh\u00f6r zum Transportieren und Halten von Wein oder anderen Getr\u00e4nken auf der gew\u00fcnschten Temperatur, egal ob Sie zu einem Picknick oder einer Party gehen oder einfach nur Ihre Weine aufbewahren m\u00f6chten Wein k\u00fchl unterwegs. Diese Beutel sollen die Temperatur des Weins aufrechterhalten und ihn vor \u00e4u\u00dferen Faktoren sch\u00fctzen, die seine Qualit\u00e4t beeintr\u00e4chtigen k\u00f6nnen. Ber\u00fccksichtigen Sie bei der Auswahl einer Weink\u00fchltasche Ihre spezifischen Bed\u00fcrfnisse, z. B. die Anzahl der Flaschen, die Sie transportieren m\u00f6chten, und ob Sie ein schlichteres oder stilvolleres Design bevorzugen.<\/p>","protected":false},"featured_media":2900,"comment_status":"closed","ping_status":"closed","template":"","meta":{"_seopress_robots_primary_cat":"none","_seopress_titles_title":"","_seopress_titles_desc":"","_seopress_robots_index":"","site-sidebar-layout":"default","site-content-layout":"default","ast-site-content-layout":"default","site-content-style":"default","site-sidebar-style":"default","ast-global-header-display":"","ast-banner-title-visibility":"","ast-main-header-display":"","ast-hfb-above-header-display":"","ast-hfb-below-header-display":"","ast-hfb-mobile-header-display":"","site-post-title":"","ast-breadcrumbs-content":"","ast-featured-img":"","footer-sml-layout":"","theme-transparent-header-meta":"default","adv-header-id-meta":"","stick-header-meta":"","header-above-stick-meta":"","header-main-stick-meta":"","header-below-stick-meta":"","astra-migrate-meta-layouts":"default","ast-page-background-enabled":"default","ast-page-background-meta":{"desktop":{"background-color":"","background-image":"","background-repeat":"repeat","background-position":"center center","background-size":"auto","background-attachment":"scroll","background-type":"","background-media":"","overlay-type":"","overlay-color":"","overlay-opacity":"","overlay-gradient":""},"tablet":{"background-color":"","background-image":"","background-repeat":"repeat","background-position":"center center","background-size":"auto","background-attachment":"scroll","background-type":"","background-media":"","overlay-type":"","overlay-color":"","overlay-opacity":"","overlay-gradient":""},"mobile":{"background-color":"","background-image":"","background-repeat":"repeat","background-position":"center center","background-size":"auto","background-attachment":"scroll","background-type":"","background-media":"","overlay-type":"","overlay-color":"","overlay-opacity":"","overlay-gradient":""}},"ast-content-background-meta":{"desktop":{"background-color":"var(--ast-global-color-5)","background-image":"","background-repeat":"repeat","background-position":"center center","background-size":"auto","background-attachment":"scroll","background-type":"","background-media":"","overlay-type":"","overlay-color":"","overlay-opacity":"","overlay-gradient":""},"tablet":{"background-color":"var(--ast-global-color-5)","background-image":"","background-repeat":"repeat","background-position":"center center","background-size":"auto","background-attachment":"scroll","background-type":"","background-media":"","overlay-type":"","overlay-color":"","overlay-opacity":"","overlay-gradient":""},"mobile":{"background-color":"var(--ast-global-color-5)","background-image":"","background-repeat":"repeat","background-position":"center center","background-size":"auto","background-attachment":"scroll","background-type":"","background-media":"","overlay-type":"","overlay-color":"","overlay-opacity":"","overlay-gradient":""}}},"product_brand":[],"product_cat":[16],"product_tag":[],"class_list":{"0":"post-2897","1":"product","2":"type-product","3":"status-publish","4":"has-post-thumbnail","6":"product_cat-uncategorized","7":"desktop-align-left","8":"tablet-align-left","9":"mobile-align-left","11":"first","12":"instock","13":"shipping-taxable","14":"product-type-simple"},"_links":{"self":[{"href":"https:\/\/precisebag.com\/de\/wp-json\/wp\/v2\/product\/2897","targetHints":{"allow":["GET"]}}],"collection":[{"href":"https:\/\/precisebag.com\/de\/wp-json\/wp\/v2\/product"}],"about":[{"href":"https:\/\/precisebag.com\/de\/wp-json\/wp\/v2\/types\/product"}],"replies":[{"embeddable":true,"href":"https:\/\/precisebag.com\/de\/wp-json\/wp\/v2\/comments?post=2897"}],"wp:featuredmedia":[{"embeddable":true,"href":"https:\/\/precisebag.com\/de\/wp-json\/wp\/v2\/media\/2900"}],"wp:attachment":[{"href":"https:\/\/precisebag.com\/de\/wp-json\/wp\/v2\/media?parent=2897"}],"wp:term":[{"taxonomy":"product_brand","embeddable":true,"href":"https:\/\/precisebag.com\/de\/wp-json\/wp\/v2\/product_brand?post=2897"},{"taxonomy":"product_cat","embeddable":true,"href":"https:\/\/precisebag.com\/de\/wp-json\/wp\/v2\/product_cat?post=2897"},{"taxonomy":"product_tag","embeddable":true,"href":"https:\/\/precisebag.com\/de\/wp-json\/wp\/v2\/product_tag?post=2897"}],"curies":[{"name":"wp","href":"https:\/\/api.w.org\/{rel}","templated":true}]}}