{"id":2904,"date":"2023-11-14T12:39:05","date_gmt":"2023-11-14T12:39:05","guid":{"rendered":"https:\/\/precisebag.com\/?post_type=product&#038;p=2904"},"modified":"2023-11-14T12:39:08","modified_gmt":"2023-11-14T12:39:08","slug":"laundry-bag","status":"publish","type":"product","link":"https:\/\/precisebag.com\/de\/produkt\/laundry-bag\/","title":{"rendered":"W\u00e4schesack"},"content":{"rendered":"<p>Hochleistungs-W\u00e4sches\u00e4cke f\u00fcr Gewerbe und Industrie sind so konzipiert, dass sie den Strapazen von W\u00e4schereivorg\u00e4ngen mit hohem Volumen standhalten, wie sie beispielsweise in Hotels, Krankenh\u00e4usern, Restaurants und anderen Unternehmen vorkommen. Diese Taschen bestehen in der Regel aus strapazierf\u00e4higen Materialien und verf\u00fcgen \u00fcber verst\u00e4rkte N\u00e4hte und Griffe, um sicherzustellen, dass sie schwere W\u00e4scheladungen bew\u00e4ltigen k\u00f6nnen, ohne zu rei\u00dfen oder zu brechen. In gewerblichen Umgebungen wie Hotels, Waschsalons, Krankenh\u00e4usern und Fitnessstudios erfordert die Handhabung gro\u00dfer W\u00e4schemengen langlebige und zuverl\u00e4ssige L\u00f6sungen.<\/p>\n<h2><strong><b>Robuster W\u00e4schesack f\u00fcr den gewerblichen und industriellen Gebrauch<\/b><\/strong><strong><b>\u00a0<\/b><\/strong><\/h2>\n<h2><strong><b>Beschreibung<\/b><\/strong><\/h2>\n<p>Hochleistungs-W\u00e4sches\u00e4cke f\u00fcr Gewerbe und Industrie sind so konzipiert, dass sie den Strapazen von W\u00e4schereivorg\u00e4ngen mit hohem Volumen standhalten, wie sie beispielsweise in Hotels, Krankenh\u00e4usern, Restaurants und anderen Unternehmen vorkommen. Diese Taschen bestehen in der Regel aus strapazierf\u00e4higen Materialien und verf\u00fcgen \u00fcber verst\u00e4rkte N\u00e4hte und Griffe, um sicherzustellen, dass sie schwere W\u00e4scheladungen bew\u00e4ltigen k\u00f6nnen, ohne zu rei\u00dfen oder zu brechen. In gewerblichen Umgebungen wie Hotels, Waschsalons, Krankenh\u00e4usern und Fitnessstudios erfordert die Handhabung gro\u00dfer W\u00e4schemengen langlebige und zuverl\u00e4ssige L\u00f6sungen.<\/p>\n<h2><strong><b>Weitere Informationen<\/b><\/strong><\/h2>\n<table>\n<tbody>\n<tr>\n<td width=\"426\">Gr\u00f6\u00dfe<\/td>\n<td width=\"426\">Akzeptieren Sie Benutzerdefiniert<\/td>\n<\/tr>\n<tr>\n<td width=\"426\">Lieferzeit<\/td>\n<td width=\"426\">Ungef\u00e4hr 30 Tage<\/td>\n<\/tr>\n<tr>\n<td width=\"426\">Material<\/td>\n<td width=\"426\">Nylon, Polyester, Baumwolle, PEVA, Vliesstoff\u2026<\/td>\n<\/tr>\n<tr>\n<td width=\"426\">MOQ<\/td>\n<td width=\"426\">1000 St\u00fcck<\/td>\n<\/tr>\n<tr>\n<td width=\"426\">Herkunft<\/td>\n<td width=\"426\">In China hergestellt<\/td>\n<\/tr>\n<tr>\n<td width=\"426\">Zahlungsbedingung<\/td>\n<td width=\"426\">T\/T, L\/C, Paypal usw<\/td>\n<\/tr>\n<\/tbody>\n<\/table>\n<h2><strong><b>Warum uns w\u00e4hlen?<\/b><\/strong><\/h2>\n<ul>\n<li><b><\/b><strong><b>hohe Qualit\u00e4t und Zuverl\u00e4ssigkeit<\/b><\/strong><\/li>\n<li><b><\/b><strong><b>Au\u00dfergew\u00f6hnlicher Kundenservice<\/b><\/strong><\/li>\n<li><b><\/b><strong><b>Wettbewerbsf\u00e4hige Preisanpassung<\/b><\/strong><\/li>\n<li><b><\/b><strong><b>Anpassung<\/b><\/strong><\/li>\n<li><b><\/b><strong><b>Direkt ab Werk liefern<\/b><\/strong><\/li>\n<\/ul>\n<h2><strong><b>Robuster W\u00e4schesack f\u00fcr den gewerblichen und industriellen Gebrauch<\/b><\/strong><strong><b>\u00a0<\/b><\/strong><\/h2>\n<ol>\n<li>Hohe Kapazit\u00e4t und Tragf\u00e4higkeit: Die robusten W\u00e4sches\u00e4cke f\u00fcr den gewerblichen Einsatz verf\u00fcgen \u00fcber ein gro\u00dfz\u00fcgiges Fassungsverm\u00f6gen und erm\u00f6glichen die effiziente Handhabung gro\u00dfer W\u00e4schemengen. Ganz gleich, ob es sich um Bettw\u00e4sche, Handt\u00fccher oder Uniformen handelt, in diesen Beuteln k\u00f6nnen gro\u00dfe W\u00e4schemengen auf einmal untergebracht werden. Das ger\u00e4umige Design minimiert die Notwendigkeit h\u00e4ufiger Beutelwechsel und spart Zeit und M\u00fche. Dar\u00fcber hinaus ist die Belastbarkeit dieser Taschen beeindruckend, sodass sie dem Gewicht sperriger oder schwerer Gegenst\u00e4nde standhalten, ohne zu zerren oder zu rei\u00dfen.<\/li>\n<li>Vielseitigkeit und Mehrzweckfunktionalit\u00e4t:<\/li>\n<\/ol>\n<p>W\u00e4hrend sie haupts\u00e4chlich f\u00fcr gewerbliche W\u00e4schereien verwendet werden, sind robuste Industriebeutel f\u00fcr den gewerblichen Gebrauch vielseitig einsetzbar und k\u00f6nnen in verschiedenen Branchen vielf\u00e4ltigen Zwecken dienen. Diese Taschen eignen sich ideal zum Aufbewahren und Transportieren einer Vielzahl von Gegenst\u00e4nden, darunter Bettw\u00e4sche, Handt\u00fccher, Bettw\u00e4sche, Uniformen und mehr. Sie k\u00f6nnen auch zur M\u00fcllentsorgung oder als Allzweck-Aufbewahrungsbeutel verwendet werden, was sie zu einem vielseitigen Vorteil im gewerblichen Bereich macht.<\/p>\n<ol start=\"3\">\n<li>Verst\u00e4rkte N\u00e4hte: Industrielle W\u00e4sches\u00e4cke verf\u00fcgen \u00fcber verst\u00e4rkte N\u00e4hte und N\u00e4hte, um zu verhindern, dass sie rei\u00dfen oder auseinanderfallen, selbst wenn sie schwere Lasten tragen.<\/li>\n<li>Material: Diese W\u00e4sches\u00e4cke bestehen oft aus strapazierf\u00e4higen Materialien wie Nylon, Polyester, Canvas oder Oxford. Die Wahl des Materials h\u00e4ngt von den spezifischen Anforderungen der W\u00e4scherei und der Art der zu waschenden W\u00e4schest\u00fccke ab.<\/li>\n<\/ol>\n<p><img fetchpriority=\"high\" decoding=\"async\" class=\"size-full wp-image-2903 aligncenter\" src=\"https:\/\/precisebag.com\/wp-content\/uploads\/2023\/11\/certificate1.png\" alt=\"K\u00fchler Weinbeutel, Weinbeutel\" width=\"1200\" height=\"450\" srcset=\"https:\/\/precisebag.com\/wp-content\/uploads\/2023\/11\/certificate1.png 1200w, https:\/\/precisebag.com\/wp-content\/uploads\/2023\/11\/certificate1-300x113.png 300w, https:\/\/precisebag.com\/wp-content\/uploads\/2023\/11\/certificate1-1024x384.png 1024w, https:\/\/precisebag.com\/wp-content\/uploads\/2023\/11\/certificate1-768x288.png 768w, https:\/\/precisebag.com\/wp-content\/uploads\/2023\/11\/certificate1-18x7.png 18w, https:\/\/precisebag.com\/wp-content\/uploads\/2023\/11\/certificate1-600x225.png 600w\" sizes=\"(max-width: 1200px) 100vw, 1200px\" \/><\/p>","protected":false},"excerpt":{"rendered":"<p>Hochleistungs-W\u00e4sches\u00e4cke f\u00fcr Gewerbe und Industrie sind so konzipiert, dass sie den Strapazen von W\u00e4schereivorg\u00e4ngen mit hohem Volumen standhalten, wie sie beispielsweise in Hotels, Krankenh\u00e4usern, Restaurants und anderen Unternehmen vorkommen. Diese Taschen bestehen in der Regel aus strapazierf\u00e4higen Materialien und verf\u00fcgen \u00fcber verst\u00e4rkte N\u00e4hte und Griffe, um sicherzustellen, dass sie schwere W\u00e4scheladungen bew\u00e4ltigen k\u00f6nnen, ohne zu rei\u00dfen oder zu brechen. In gewerblichen Umgebungen wie Hotels, Waschsalons, Krankenh\u00e4usern und Fitnessstudios erfordert die Handhabung gro\u00dfer W\u00e4schemengen langlebige und zuverl\u00e4ssige L\u00f6sungen.<\/p>","protected":false},"featured_media":2909,"comment_status":"closed","ping_status":"closed","template":"","meta":{"_seopress_robots_primary_cat":"","_seopress_titles_title":"","_seopress_titles_desc":"","_seopress_robots_index":"","site-sidebar-layout":"default","site-content-layout":"default","ast-site-content-layout":"default","site-content-style":"default","site-sidebar-style":"default","ast-global-header-display":"","ast-banner-title-visibility":"","ast-main-header-display":"","ast-hfb-above-header-display":"","ast-hfb-below-header-display":"","ast-hfb-mobile-header-display":"","site-post-title":"","ast-breadcrumbs-content":"","ast-featured-img":"","footer-sml-layout":"","theme-transparent-header-meta":"default","adv-header-id-meta":"","stick-header-meta":"","header-above-stick-meta":"","header-main-stick-meta":"","header-below-stick-meta":"","astra-migrate-meta-layouts":"default","ast-page-background-enabled":"default","ast-page-background-meta":{"desktop":{"background-color":"","background-image":"","background-repeat":"repeat","background-position":"center center","background-size":"auto","background-attachment":"scroll","background-type":"","background-media":"","overlay-type":"","overlay-color":"","overlay-opacity":"","overlay-gradient":""},"tablet":{"background-color":"","background-image":"","background-repeat":"repeat","background-position":"center center","background-size":"auto","background-attachment":"scroll","background-type":"","background-media":"","overlay-type":"","overlay-color":"","overlay-opacity":"","overlay-gradient":""},"mobile":{"background-color":"","background-image":"","background-repeat":"repeat","background-position":"center center","background-size":"auto","background-attachment":"scroll","background-type":"","background-media":"","overlay-type":"","overlay-color":"","overlay-opacity":"","overlay-gradient":""}},"ast-content-background-meta":{"desktop":{"background-color":"var(--ast-global-color-5)","background-image":"","background-repeat":"repeat","background-position":"center center","background-size":"auto","background-attachment":"scroll","background-type":"","background-media":"","overlay-type":"","overlay-color":"","overlay-opacity":"","overlay-gradient":""},"tablet":{"background-color":"var(--ast-global-color-5)","background-image":"","background-repeat":"repeat","background-position":"center center","background-size":"auto","background-attachment":"scroll","background-type":"","background-media":"","overlay-type":"","overlay-color":"","overlay-opacity":"","overlay-gradient":""},"mobile":{"background-color":"var(--ast-global-color-5)","background-image":"","background-repeat":"repeat","background-position":"center center","background-size":"auto","background-attachment":"scroll","background-type":"","background-media":"","overlay-type":"","overlay-color":"","overlay-opacity":"","overlay-gradient":""}}},"product_brand":[],"product_cat":[16],"product_tag":[],"class_list":{"0":"post-2904","1":"product","2":"type-product","3":"status-publish","4":"has-post-thumbnail","6":"product_cat-uncategorized","7":"desktop-align-left","8":"tablet-align-left","9":"mobile-align-left","11":"first","12":"instock","13":"shipping-taxable","14":"product-type-simple"},"_links":{"self":[{"href":"https:\/\/precisebag.com\/de\/wp-json\/wp\/v2\/product\/2904","targetHints":{"allow":["GET"]}}],"collection":[{"href":"https:\/\/precisebag.com\/de\/wp-json\/wp\/v2\/product"}],"about":[{"href":"https:\/\/precisebag.com\/de\/wp-json\/wp\/v2\/types\/product"}],"replies":[{"embeddable":true,"href":"https:\/\/precisebag.com\/de\/wp-json\/wp\/v2\/comments?post=2904"}],"wp:featuredmedia":[{"embeddable":true,"href":"https:\/\/precisebag.com\/de\/wp-json\/wp\/v2\/media\/2909"}],"wp:attachment":[{"href":"https:\/\/precisebag.com\/de\/wp-json\/wp\/v2\/media?parent=2904"}],"wp:term":[{"taxonomy":"product_brand","embeddable":true,"href":"https:\/\/precisebag.com\/de\/wp-json\/wp\/v2\/product_brand?post=2904"},{"taxonomy":"product_cat","embeddable":true,"href":"https:\/\/precisebag.com\/de\/wp-json\/wp\/v2\/product_cat?post=2904"},{"taxonomy":"product_tag","embeddable":true,"href":"https:\/\/precisebag.com\/de\/wp-json\/wp\/v2\/product_tag?post=2904"}],"curies":[{"name":"wp","href":"https:\/\/api.w.org\/{rel}","templated":true}]}}