{"id":2913,"date":"2023-11-14T13:16:04","date_gmt":"2023-11-14T13:16:04","guid":{"rendered":"https:\/\/precisebag.com\/?post_type=product&#038;p=2913"},"modified":"2023-11-14T13:16:06","modified_gmt":"2023-11-14T13:16:06","slug":"canvas-tote-bag","status":"publish","type":"product","link":"https:\/\/precisebag.com\/de\/produkt\/canvas-tote-bag\/","title":{"rendered":"Canvas-Einkaufstasche"},"content":{"rendered":"<p>Die Tragetasche aus Canvas-Baumwolle ist mehr als nur ein trendiges Accessoire; Es ist ein Symbol f\u00fcr bewussten Konsum und nachhaltige Mode. Ihre Nachhaltigkeit, Haltbarkeit, Vielseitigkeit und einfache Wartung haben sie zu einem Favoriten bei umweltbewussten Menschen und denen gemacht, die eine stilvolle und zuverl\u00e4ssige Tasche f\u00fcr den t\u00e4glichen Gebrauch suchen. Weiche und strapazierf\u00e4hige Tragetaschen aus Baumwollcanvas sind eine praktische, stilvolle und umweltfreundliche Option f\u00fcr den t\u00e4glichen Gebrauch. Sie bestehen aus hochwertigem Baumwoll-Canvas-Material, das sowohl weich als auch langlebig ist, was sie zu einer gro\u00dfartigen Investition macht, die viele Jahre lang Freude bereiten wird.<\/p>\n<h2><strong><b>Weitere Informationen<\/b><\/strong><\/h2>\n<table>\n<tbody>\n<tr>\n<td width=\"426\">Gr\u00f6\u00dfe<\/td>\n<td width=\"426\">Mass angefertigt<\/td>\n<\/tr>\n<tr>\n<td width=\"426\">Lieferzeit<\/td>\n<td width=\"426\">30 Tage<\/td>\n<\/tr>\n<tr>\n<td width=\"426\">Farbe<\/td>\n<td width=\"426\">Wei\u00df, Schwarz, Grau oder ma\u00dfgeschneidert<\/td>\n<\/tr>\n<tr>\n<td width=\"426\">MOQ<\/td>\n<td width=\"426\">1000 St\u00fcck<\/td>\n<\/tr>\n<tr>\n<td width=\"426\">Material<\/td>\n<td width=\"426\">Segeltuch<\/td>\n<\/tr>\n<tr>\n<td width=\"426\">Zahlungsbedingung<\/td>\n<td width=\"426\">T\/T, L\/C, Paypal usw<\/td>\n<\/tr>\n<\/tbody>\n<\/table>\n<h2><strong><b>Warum uns w\u00e4hlen?<\/b><\/strong><\/h2>\n<ul>\n<li><b><\/b><strong><b>Wiederverwendbar <\/b><\/strong><\/li>\n<li><b><\/b><strong><b>Umweltfreundlich<\/b><\/strong><\/li>\n<li><b><\/b><strong><b>Wettbewerbsf\u00e4hige Preisanpassung<\/b><\/strong><\/li>\n<li><b><\/b><strong><b>Anpassung<\/b><\/strong><\/li>\n<li><b><\/b><strong><b>Direkt ab Werk liefern<\/b><\/strong><\/li>\n<\/ul>\n<h2><strong><b>Tragetasche aus Canvas-Baumwolle<\/b><\/strong><strong><b>\u00a0<\/b><\/strong><\/h2>\n<ol>\n<li>Nachhaltig: Tragetaschen aus Canvas-Baumwolle sind ein Symbol f\u00fcr Nachhaltigkeit. Sie bestehen aus nat\u00fcrlichen und erneuerbaren Materialien und sind weit entfernt von den sch\u00e4dlichen Plastikt\u00fcten, die unsere Umwelt verschmutzen. Die Wahl von Canvas-Baumwolle anstelle von Einweg-Plastikt\u00fcten ist ein einfacher, aber wirkungsvoller Schritt zur Reduzierung Ihres CO2-Fu\u00dfabdrucks und zur Unterst\u00fctzung nachhaltiger Modepraktiken.<\/li>\n<li>Haltbarkeit: Diese Taschen sind auf Langlebigkeit ausgelegt. Im Gegensatz zu d\u00fcnnen Plastikt\u00fcten, die bei minimaler Belastung oft rei\u00dfen, sind Canvas-Baumwolltaschen aus robusten Materialien gefertigt, die starker Beanspruchung standhalten.<\/li>\n<li>Vielseitig und stilvoll: Tragetaschen aus Canvas-Baumwolle sind in einer Reihe stilvoller Designs und Gr\u00f6\u00dfen erh\u00e4ltlich, um den unterschiedlichen Geschm\u00e4ckern und Bed\u00fcrfnissen gerecht zu werden. Von einfachen, klassischen Designs bis hin zu lebendigen und k\u00fcnstlerischen Drucken gibt es f\u00fcr jeden die passende Tragetasche aus Canvas-Baumwolle. Egal, ob Sie zum Lebensmittelgesch\u00e4ft, zum Strand, zum Picknick oder zum Einkaufsbummel gehen, es gibt eine Canvas-Tragetasche, die Ihren Stil erg\u00e4nzt und zum Anlass passt.<\/li>\n<li>Leicht zu reinigen: Die Reinigung und Pflege von Tragetaschen aus Canvas-Baumwolle ist ein Kinderspiel. Viele von ihnen sind maschinenwaschbar oder k\u00f6nnen leicht abgewischt werden, sodass sie lange Zeit in makellosem Zustand bleiben. Die F\u00e4higkeit, sie sauber zu halten, tr\u00e4gt dazu bei, Ger\u00fcche oder Verunreinigungen aus Ihren Lebensmitteln zu vermeiden, was sie zu einer zuverl\u00e4ssigen Wahl f\u00fcr den t\u00e4glichen Gebrauch macht.<\/li>\n<\/ol>\n<p>&nbsp;<\/p>","protected":false},"excerpt":{"rendered":"<p>Die Tragetasche aus Canvas-Baumwolle ist mehr als nur ein trendiges Accessoire; Es ist ein Symbol f\u00fcr bewussten Konsum und nachhaltige Mode. Ihre Nachhaltigkeit, Haltbarkeit, Vielseitigkeit und einfache Wartung haben sie zu einem Favoriten bei umweltbewussten Menschen und denen gemacht, die eine stilvolle und zuverl\u00e4ssige Tasche f\u00fcr den t\u00e4glichen Gebrauch suchen. Weiche und strapazierf\u00e4hige Tragetaschen aus Baumwollcanvas sind eine praktische, stilvolle und umweltfreundliche Option f\u00fcr den t\u00e4glichen Gebrauch. Sie bestehen aus hochwertigem Baumwoll-Canvas-Material, das sowohl weich als auch langlebig ist, was sie zu einer gro\u00dfartigen Investition macht, die viele Jahre lang Freude bereiten wird.<\/p>","protected":false},"featured_media":2918,"comment_status":"closed","ping_status":"closed","template":"","meta":{"_seopress_robots_primary_cat":"","_seopress_titles_title":"","_seopress_titles_desc":"","_seopress_robots_index":"","site-sidebar-layout":"default","site-content-layout":"default","ast-site-content-layout":"default","site-content-style":"default","site-sidebar-style":"default","ast-global-header-display":"","ast-banner-title-visibility":"","ast-main-header-display":"","ast-hfb-above-header-display":"","ast-hfb-below-header-display":"","ast-hfb-mobile-header-display":"","site-post-title":"","ast-breadcrumbs-content":"","ast-featured-img":"","footer-sml-layout":"","theme-transparent-header-meta":"default","adv-header-id-meta":"","stick-header-meta":"","header-above-stick-meta":"","header-main-stick-meta":"","header-below-stick-meta":"","astra-migrate-meta-layouts":"default","ast-page-background-enabled":"default","ast-page-background-meta":{"desktop":{"background-color":"","background-image":"","background-repeat":"repeat","background-position":"center center","background-size":"auto","background-attachment":"scroll","background-type":"","background-media":"","overlay-type":"","overlay-color":"","overlay-opacity":"","overlay-gradient":""},"tablet":{"background-color":"","background-image":"","background-repeat":"repeat","background-position":"center center","background-size":"auto","background-attachment":"scroll","background-type":"","background-media":"","overlay-type":"","overlay-color":"","overlay-opacity":"","overlay-gradient":""},"mobile":{"background-color":"","background-image":"","background-repeat":"repeat","background-position":"center center","background-size":"auto","background-attachment":"scroll","background-type":"","background-media":"","overlay-type":"","overlay-color":"","overlay-opacity":"","overlay-gradient":""}},"ast-content-background-meta":{"desktop":{"background-color":"var(--ast-global-color-5)","background-image":"","background-repeat":"repeat","background-position":"center center","background-size":"auto","background-attachment":"scroll","background-type":"","background-media":"","overlay-type":"","overlay-color":"","overlay-opacity":"","overlay-gradient":""},"tablet":{"background-color":"var(--ast-global-color-5)","background-image":"","background-repeat":"repeat","background-position":"center center","background-size":"auto","background-attachment":"scroll","background-type":"","background-media":"","overlay-type":"","overlay-color":"","overlay-opacity":"","overlay-gradient":""},"mobile":{"background-color":"var(--ast-global-color-5)","background-image":"","background-repeat":"repeat","background-position":"center center","background-size":"auto","background-attachment":"scroll","background-type":"","background-media":"","overlay-type":"","overlay-color":"","overlay-opacity":"","overlay-gradient":""}}},"product_brand":[],"product_cat":[16],"product_tag":[],"class_list":{"0":"post-2913","1":"product","2":"type-product","3":"status-publish","4":"has-post-thumbnail","6":"product_cat-uncategorized","7":"desktop-align-left","8":"tablet-align-left","9":"mobile-align-left","11":"first","12":"instock","13":"shipping-taxable","14":"product-type-simple"},"_links":{"self":[{"href":"https:\/\/precisebag.com\/de\/wp-json\/wp\/v2\/product\/2913","targetHints":{"allow":["GET"]}}],"collection":[{"href":"https:\/\/precisebag.com\/de\/wp-json\/wp\/v2\/product"}],"about":[{"href":"https:\/\/precisebag.com\/de\/wp-json\/wp\/v2\/types\/product"}],"replies":[{"embeddable":true,"href":"https:\/\/precisebag.com\/de\/wp-json\/wp\/v2\/comments?post=2913"}],"wp:featuredmedia":[{"embeddable":true,"href":"https:\/\/precisebag.com\/de\/wp-json\/wp\/v2\/media\/2918"}],"wp:attachment":[{"href":"https:\/\/precisebag.com\/de\/wp-json\/wp\/v2\/media?parent=2913"}],"wp:term":[{"taxonomy":"product_brand","embeddable":true,"href":"https:\/\/precisebag.com\/de\/wp-json\/wp\/v2\/product_brand?post=2913"},{"taxonomy":"product_cat","embeddable":true,"href":"https:\/\/precisebag.com\/de\/wp-json\/wp\/v2\/product_cat?post=2913"},{"taxonomy":"product_tag","embeddable":true,"href":"https:\/\/precisebag.com\/de\/wp-json\/wp\/v2\/product_tag?post=2913"}],"curies":[{"name":"wp","href":"https:\/\/api.w.org\/{rel}","templated":true}]}}