{"id":1540,"date":"2022-03-26T13:42:34","date_gmt":"2022-03-26T13:42:34","guid":{"rendered":"https:\/\/precisebag.com\/?post_type=product&#038;p=1540"},"modified":"2022-03-26T13:47:06","modified_gmt":"2022-03-26T13:47:06","slug":"laundry-bag-backpack","status":"publish","type":"product","link":"https:\/\/precisebag.com\/es\/producto\/laundry-bag-backpack\/","title":{"rendered":"Mochila de bolsa de lavander\u00eda"},"content":{"rendered":"<p>Con una mochila para ropa sucia hecha de poli\u00e9ster duradero, puedes lavarla en tu lavadora sin preocuparte por da\u00f1ar el material. Las costuras reforzadas en cada uni\u00f3n aseguran que estas costuras no se rasguen f\u00e1cilmente y brinden m\u00e1s soporte cuando se transportan cargas pesadas con poco peso extra.<\/p>\n<p><strong>Descripci\u00f3n del Producto<\/strong><br \/>\nEste<strong>\u00a0mochila bolsa de lavander\u00eda<\/strong>\u00a0est\u00e1 hecho de poli\u00e9ster, que es duradero y resistente. Es impermeable y lavable a m\u00e1quina. Las costuras reforzadas en cada uni\u00f3n aseguran que las costuras no se rompan f\u00e1cilmente y que sean m\u00e1s f\u00e1ciles de transportar con poco peso extra. Aseg\u00farese de una vida \u00fatil m\u00e1s larga y un uso duradero. Toda la bolsa de lavander\u00eda es personalizada. Puede enviarnos su propio tama\u00f1o, color y dise\u00f1o, podemos ayudarlo a completarlo.<\/p>\n<p>La forma \u00fanica es muy especial. El dise\u00f1o con cord\u00f3n es f\u00e1cil de recoger la ropa. Apriete un nudo sobre el cierre del cord\u00f3n para asegurarse de que no se pierda nada cuando la bolsa de ropa sucia est\u00e9 llena. Las correas dobles para los hombros son ajustables, por lo que puede ajustarlas para que se ajusten a su estatura.<\/p>\n<p>Las correas ajustables de la mochila para el hombro de la bolsa de lavander\u00eda hacen que esta bolsa sea c\u00f3moda de llevar y le brindan la comodidad de mantener sus manos libres. El material es tela de poli\u00e9ster resistente al agua, ideal para acampar y viajar.<\/p>\n<p>La capacidad extra grande que se puede extender en la parte superior de la bolsa brinda a\u00fan m\u00e1s espacio para guardar esa ropa adicional, art\u00edculos para caminatas, equipos deportivos o lo que necesite para esa noche o viaje de campamento.<\/p>\n<p>Hay dos bolsillos en la parte delantera de la bolsa de lavander\u00eda, que brindan espacio de almacenamiento adicional para detergente, ropa interior y sost\u00e9n. Si necesita permanecer en la lavander\u00eda durante mucho tiempo, puede poner un libro en el bolsillo. El Libro te ayudar\u00e1 a matar el tiempo.<\/p>\n<p>Es una buena idea colgar esta mochila para la colada en la pared o en la puerta para recoger la ropa sucia. Adem\u00e1s, la bolsa de lavander\u00eda tipo mochila es resistente al agua y se puede lavar a m\u00e1quina en lavander\u00edas, departamentos y universidades. Este m\u00e9todo podr\u00eda ahorrar espacio. La bolsa de ropa para trabajo pesado puede contener hasta 50 libras, dise\u00f1ada para llevar una carga de ropa semanal. Esta mochila grande para ropa es plegable y f\u00e1cil de empacar para viajar o acampar.<\/p>\n<p>Si la bolsa de lavander\u00eda de la mochila tiene alg\u00fan problema de calidad, cont\u00e1ctenos.<\/p>\n<p><strong>Especificaci\u00f3n<\/strong><\/p>\n<div class=\"table_wrap\">\n<table border=\"1\" cellspacing=\"0\">\n<tbody>\n<tr>\n<td valign=\"top\" width=\"284\">Material<\/td>\n<td valign=\"top\" width=\"284\">Poli\u00e9ster<\/td>\n<\/tr>\n<tr>\n<td valign=\"top\" width=\"284\">Tama\u00f1o<\/td>\n<td valign=\"top\" width=\"284\">Tama\u00f1o grande o personalizado<\/td>\n<\/tr>\n<tr>\n<td valign=\"top\" width=\"284\">Colores<\/td>\n<td valign=\"top\" width=\"284\">Rojo, Negro, Verde o Personalizado<\/td>\n<\/tr>\n<tr>\n<td valign=\"top\" width=\"284\">Orden m\u00ednima<\/td>\n<td valign=\"top\" width=\"284\">200 piezas<\/td>\n<\/tr>\n<tr>\n<td valign=\"top\" width=\"284\">OEM y ODM<\/td>\n<td valign=\"top\" width=\"284\">Aceptar<\/td>\n<\/tr>\n<tr>\n<td valign=\"top\" width=\"284\">Logo<\/td>\n<td valign=\"top\" width=\"284\">Costumbre<\/td>\n<\/tr>\n<\/tbody>\n<\/table>\n<\/div>","protected":false},"excerpt":{"rendered":"<p><strong>Especificaci\u00f3n<\/strong><\/p>\n<div class=\"table_wrap\">\n<table border=\"1\" cellspacing=\"0\">\n<tbody>\n<tr>\n<td valign=\"top\" width=\"284\">Material<\/td>\n<td valign=\"top\" width=\"284\">Poli\u00e9ster<\/td>\n<\/tr>\n<tr>\n<td valign=\"top\" width=\"284\">Tama\u00f1o<\/td>\n<td valign=\"top\" width=\"284\">Tama\u00f1o grande o personalizado<\/td>\n<\/tr>\n<tr>\n<td valign=\"top\" width=\"284\">Colores<\/td>\n<td valign=\"top\" width=\"284\">Rojo, Negro, Verde o Personalizado<\/td>\n<\/tr>\n<tr>\n<td valign=\"top\" width=\"284\">Orden m\u00ednima<\/td>\n<td valign=\"top\" width=\"284\">200 piezas<\/td>\n<\/tr>\n<tr>\n<td valign=\"top\" width=\"284\">OEM y ODM<\/td>\n<td valign=\"top\" width=\"284\">Aceptar<\/td>\n<\/tr>\n<tr>\n<td valign=\"top\" width=\"284\">Logo<\/td>\n<td valign=\"top\" width=\"284\">Costumbre<\/td>\n<\/tr>\n<\/tbody>\n<\/table>\n<\/div>","protected":false},"featured_media":1542,"comment_status":"closed","ping_status":"closed","template":"","meta":{"_seopress_robots_primary_cat":"","_seopress_titles_title":"","_seopress_titles_desc":"","_seopress_robots_index":"","site-sidebar-layout":"default","site-content-layout":"default","ast-site-content-layout":"default","site-content-style":"default","site-sidebar-style":"default","ast-global-header-display":"","ast-banner-title-visibility":"","ast-main-header-display":"","ast-hfb-above-header-display":"","ast-hfb-below-header-display":"","ast-hfb-mobile-header-display":"","site-post-title":"","ast-breadcrumbs-content":"","ast-featured-img":"","footer-sml-layout":"","theme-transparent-header-meta":"default","adv-header-id-meta":"","stick-header-meta":"","header-above-stick-meta":"","header-main-stick-meta":"","header-below-stick-meta":"","astra-migrate-meta-layouts":"default","ast-page-background-enabled":"default","ast-page-background-meta":{"desktop":{"background-color":"","background-image":"","background-repeat":"repeat","background-position":"center center","background-size":"auto","background-attachment":"scroll","background-type":"","background-media":"","overlay-type":"","overlay-color":"","overlay-opacity":"","overlay-gradient":""},"tablet":{"background-color":"","background-image":"","background-repeat":"repeat","background-position":"center center","background-size":"auto","background-attachment":"scroll","background-type":"","background-media":"","overlay-type":"","overlay-color":"","overlay-opacity":"","overlay-gradient":""},"mobile":{"background-color":"","background-image":"","background-repeat":"repeat","background-position":"center center","background-size":"auto","background-attachment":"scroll","background-type":"","background-media":"","overlay-type":"","overlay-color":"","overlay-opacity":"","overlay-gradient":""}},"ast-content-background-meta":{"desktop":{"background-color":"var(--ast-global-color-5)","background-image":"","background-repeat":"repeat","background-position":"center center","background-size":"auto","background-attachment":"scroll","background-type":"","background-media":"","overlay-type":"","overlay-color":"","overlay-opacity":"","overlay-gradient":""},"tablet":{"background-color":"var(--ast-global-color-5)","background-image":"","background-repeat":"repeat","background-position":"center center","background-size":"auto","background-attachment":"scroll","background-type":"","background-media":"","overlay-type":"","overlay-color":"","overlay-opacity":"","overlay-gradient":""},"mobile":{"background-color":"var(--ast-global-color-5)","background-image":"","background-repeat":"repeat","background-position":"center center","background-size":"auto","background-attachment":"scroll","background-type":"","background-media":"","overlay-type":"","overlay-color":"","overlay-opacity":"","overlay-gradient":""}}},"product_brand":[],"product_cat":[36],"product_tag":[],"class_list":{"0":"post-1540","1":"product","2":"type-product","3":"status-publish","4":"has-post-thumbnail","6":"product_cat-laundrybag","7":"desktop-align-left","8":"tablet-align-left","9":"mobile-align-left","11":"first","12":"instock","13":"shipping-taxable","14":"product-type-simple"},"_links":{"self":[{"href":"https:\/\/precisebag.com\/es\/wp-json\/wp\/v2\/product\/1540","targetHints":{"allow":["GET"]}}],"collection":[{"href":"https:\/\/precisebag.com\/es\/wp-json\/wp\/v2\/product"}],"about":[{"href":"https:\/\/precisebag.com\/es\/wp-json\/wp\/v2\/types\/product"}],"replies":[{"embeddable":true,"href":"https:\/\/precisebag.com\/es\/wp-json\/wp\/v2\/comments?post=1540"}],"wp:featuredmedia":[{"embeddable":true,"href":"https:\/\/precisebag.com\/es\/wp-json\/wp\/v2\/media\/1542"}],"wp:attachment":[{"href":"https:\/\/precisebag.com\/es\/wp-json\/wp\/v2\/media?parent=1540"}],"wp:term":[{"taxonomy":"product_brand","embeddable":true,"href":"https:\/\/precisebag.com\/es\/wp-json\/wp\/v2\/product_brand?post=1540"},{"taxonomy":"product_cat","embeddable":true,"href":"https:\/\/precisebag.com\/es\/wp-json\/wp\/v2\/product_cat?post=1540"},{"taxonomy":"product_tag","embeddable":true,"href":"https:\/\/precisebag.com\/es\/wp-json\/wp\/v2\/product_tag?post=1540"}],"curies":[{"name":"wp","href":"https:\/\/api.w.org\/{rel}","templated":true}]}}