{"id":1549,"date":"2022-03-26T13:54:00","date_gmt":"2022-03-26T13:54:00","guid":{"rendered":"https:\/\/precisebag.com\/?post_type=product&#038;p=1549"},"modified":"2022-03-26T13:54:54","modified_gmt":"2022-03-26T13:54:54","slug":"mesh-laundry-bag","status":"publish","type":"product","link":"https:\/\/precisebag.com\/es\/producto\/mesh-laundry-bag\/","title":{"rendered":"Bolsa de lavander\u00eda de malla"},"content":{"rendered":"<p>Las bolsas de lavander\u00eda de malla son perfectas para proteger tu ropa. Se pueden usar en todo tipo de lavado, incluida la ropa interior y los sostenes para mantenerlos limpios, \u00a1no solo cuando viajas por el mundo sino tambi\u00e9n en casa!<\/p>\n<p><strong>Descripci\u00f3n del Producto<\/strong><br \/>\nPrimero tienes que saber que puedes personalizar un conjunto o una sola pieza. Esta bolsa de lavander\u00eda de malla es resistente, duradera y lavable para proteger su ropa. Funciona para todo tipo de ropa, incluida ropa interior, sostenes, medias, art\u00edculos para beb\u00e9s, camisas de vestir. \u00bfPor qu\u00e9 deber\u00edamos usar tal bolsa de lavander\u00eda? Esta bolsa de lavander\u00eda de malla duradera permitir\u00e1 que el agua y el jab\u00f3n fluyan y limpien la ropa mientras la mantienen protegida y la suciedad y el detergente se retiran, por lo que puede garantizar que su ropa se limpie a fondo. Una cremallera de pl\u00e1stico resistente a la oxidaci\u00f3n bien hecha tiene un cierre el\u00e1stico para que permanezca cerrada mientras se lava. Nunca tendr\u00e1s que preocuparte de que la ropa se salga o se enganche.<\/p>\n<p>A veces, los sostenes, la ropa interior y las medias saldr\u00e1n de la lavadora en una masa enredada, y la ropa interior se rasgar\u00e1 y las camisas de vestir se enrollar\u00e1n alrededor de otras prendas. La bolsa de lavander\u00eda de malla extender\u00e1 la vida \u00fatil de sostenes, lencer\u00eda, faldas finas y vestidos, al mismo tiempo que proteger\u00e1 a sus dedicados para que no se enreden con el resto de su ropa. La \u00fanica forma de protegerlos, mientras se asegura de que est\u00e9n bien lavados, es colocarlos en nuestras bolsas de malla con cremallera para ropa interior delicada.<\/p>\n<p>Cada juego viene con siete bolsas de lavander\u00eda de malla. En t\u00e9rminos generales, colocamos sujetadores en la ropa redonda, y de esta manera protegeremos la torsi\u00f3n de los sujetadores. La ropa interior de colores claros se colocar\u00e1 en una bolsa de lavander\u00eda, y la ropa interior de color negro se colocar\u00e1 en otra bolsa, para que puedas ordenar tu ropa y mantenerla segura.<\/p>\n<p>La bolsa de lavander\u00eda de malla tambi\u00e9n es \u00fatil para lavar calcetines. No solo evitar\u00e1 que se pierdan, sino que har\u00e1 que sea m\u00e1s r\u00e1pido emparejarlos al plegarlos. O elija art\u00edculos que no puedan entrar en la secadora para colocarlos en la bolsa de malla. De esta manera, en lugar de clasificar toda la carga para encontrar el art\u00edculo que no puede ir a la secadora, puede ubicar f\u00e1cilmente la bolsa de malla y retirarla.<\/p>\n<p><strong>Especificaci\u00f3n<\/strong><\/p>\n<div class=\"table_wrap\">\n<table border=\"1\" cellspacing=\"0\">\n<tbody>\n<tr>\n<td valign=\"top\" width=\"284\">Material<\/td>\n<td valign=\"top\" width=\"284\">Poli\u00e9ster<\/td>\n<\/tr>\n<tr>\n<td valign=\"top\" width=\"284\">Tama\u00f1o<\/td>\n<td valign=\"top\" width=\"284\">Tama\u00f1o de soporte o personalizado<\/td>\n<\/tr>\n<tr>\n<td valign=\"top\" width=\"284\">Colores<\/td>\n<td valign=\"top\" width=\"284\">Costumbre<\/td>\n<\/tr>\n<tr>\n<td valign=\"top\" width=\"284\">Orden m\u00ednima<\/td>\n<td valign=\"top\" width=\"284\">200 piezas<\/td>\n<\/tr>\n<tr>\n<td valign=\"top\" width=\"284\">OEM y ODM<\/td>\n<td valign=\"top\" width=\"284\">Aceptar<\/td>\n<\/tr>\n<tr>\n<td valign=\"top\" width=\"284\">Logo<\/td>\n<td valign=\"top\" width=\"284\">Costumbre<\/td>\n<\/tr>\n<\/tbody>\n<\/table>\n<\/div>","protected":false},"excerpt":{"rendered":"<p><strong>Especificaci\u00f3n<\/strong><\/p>\n<div class=\"table_wrap\">\n<table border=\"1\" cellspacing=\"0\">\n<tbody>\n<tr>\n<td valign=\"top\" width=\"284\">Material<\/td>\n<td valign=\"top\" width=\"284\">Poli\u00e9ster<\/td>\n<\/tr>\n<tr>\n<td valign=\"top\" width=\"284\">Tama\u00f1o<\/td>\n<td valign=\"top\" width=\"284\">Tama\u00f1o de soporte o personalizado<\/td>\n<\/tr>\n<tr>\n<td valign=\"top\" width=\"284\">Colores<\/td>\n<td valign=\"top\" width=\"284\">Costumbre<\/td>\n<\/tr>\n<tr>\n<td valign=\"top\" width=\"284\">Orden m\u00ednima<\/td>\n<td valign=\"top\" width=\"284\">200 piezas<\/td>\n<\/tr>\n<tr>\n<td valign=\"top\" width=\"284\">OEM y ODM<\/td>\n<td valign=\"top\" width=\"284\">Aceptar<\/td>\n<\/tr>\n<tr>\n<td valign=\"top\" width=\"284\">Logo<\/td>\n<td valign=\"top\" width=\"284\">Costumbre<\/td>\n<\/tr>\n<\/tbody>\n<\/table>\n<\/div>","protected":false},"featured_media":1551,"comment_status":"closed","ping_status":"closed","template":"","meta":{"_seopress_robots_primary_cat":"","_seopress_titles_title":"","_seopress_titles_desc":"","_seopress_robots_index":"","site-sidebar-layout":"default","site-content-layout":"default","ast-site-content-layout":"default","site-content-style":"default","site-sidebar-style":"default","ast-global-header-display":"","ast-banner-title-visibility":"","ast-main-header-display":"","ast-hfb-above-header-display":"","ast-hfb-below-header-display":"","ast-hfb-mobile-header-display":"","site-post-title":"","ast-breadcrumbs-content":"","ast-featured-img":"","footer-sml-layout":"","theme-transparent-header-meta":"default","adv-header-id-meta":"","stick-header-meta":"","header-above-stick-meta":"","header-main-stick-meta":"","header-below-stick-meta":"","astra-migrate-meta-layouts":"default","ast-page-background-enabled":"default","ast-page-background-meta":{"desktop":{"background-color":"","background-image":"","background-repeat":"repeat","background-position":"center center","background-size":"auto","background-attachment":"scroll","background-type":"","background-media":"","overlay-type":"","overlay-color":"","overlay-opacity":"","overlay-gradient":""},"tablet":{"background-color":"","background-image":"","background-repeat":"repeat","background-position":"center center","background-size":"auto","background-attachment":"scroll","background-type":"","background-media":"","overlay-type":"","overlay-color":"","overlay-opacity":"","overlay-gradient":""},"mobile":{"background-color":"","background-image":"","background-repeat":"repeat","background-position":"center center","background-size":"auto","background-attachment":"scroll","background-type":"","background-media":"","overlay-type":"","overlay-color":"","overlay-opacity":"","overlay-gradient":""}},"ast-content-background-meta":{"desktop":{"background-color":"var(--ast-global-color-5)","background-image":"","background-repeat":"repeat","background-position":"center center","background-size":"auto","background-attachment":"scroll","background-type":"","background-media":"","overlay-type":"","overlay-color":"","overlay-opacity":"","overlay-gradient":""},"tablet":{"background-color":"var(--ast-global-color-5)","background-image":"","background-repeat":"repeat","background-position":"center center","background-size":"auto","background-attachment":"scroll","background-type":"","background-media":"","overlay-type":"","overlay-color":"","overlay-opacity":"","overlay-gradient":""},"mobile":{"background-color":"var(--ast-global-color-5)","background-image":"","background-repeat":"repeat","background-position":"center center","background-size":"auto","background-attachment":"scroll","background-type":"","background-media":"","overlay-type":"","overlay-color":"","overlay-opacity":"","overlay-gradient":""}}},"product_brand":[],"product_cat":[36],"product_tag":[],"class_list":{"0":"post-1549","1":"product","2":"type-product","3":"status-publish","4":"has-post-thumbnail","6":"product_cat-laundrybag","7":"desktop-align-left","8":"tablet-align-left","9":"mobile-align-left","11":"first","12":"instock","13":"shipping-taxable","14":"product-type-simple"},"_links":{"self":[{"href":"https:\/\/precisebag.com\/es\/wp-json\/wp\/v2\/product\/1549","targetHints":{"allow":["GET"]}}],"collection":[{"href":"https:\/\/precisebag.com\/es\/wp-json\/wp\/v2\/product"}],"about":[{"href":"https:\/\/precisebag.com\/es\/wp-json\/wp\/v2\/types\/product"}],"replies":[{"embeddable":true,"href":"https:\/\/precisebag.com\/es\/wp-json\/wp\/v2\/comments?post=1549"}],"wp:featuredmedia":[{"embeddable":true,"href":"https:\/\/precisebag.com\/es\/wp-json\/wp\/v2\/media\/1551"}],"wp:attachment":[{"href":"https:\/\/precisebag.com\/es\/wp-json\/wp\/v2\/media?parent=1549"}],"wp:term":[{"taxonomy":"product_brand","embeddable":true,"href":"https:\/\/precisebag.com\/es\/wp-json\/wp\/v2\/product_brand?post=1549"},{"taxonomy":"product_cat","embeddable":true,"href":"https:\/\/precisebag.com\/es\/wp-json\/wp\/v2\/product_cat?post=1549"},{"taxonomy":"product_tag","embeddable":true,"href":"https:\/\/precisebag.com\/es\/wp-json\/wp\/v2\/product_tag?post=1549"}],"curies":[{"name":"wp","href":"https:\/\/api.w.org\/{rel}","templated":true}]}}