{"id":1553,"date":"2022-03-26T14:55:26","date_gmt":"2022-03-26T14:55:26","guid":{"rendered":"https:\/\/precisebag.com\/?post_type=product&#038;p=1553"},"modified":"2022-03-26T14:56:40","modified_gmt":"2022-03-26T14:56:40","slug":"drawstring-mesh-laundry-bag","status":"publish","type":"product","link":"https:\/\/precisebag.com\/es\/producto\/drawstring-mesh-laundry-bag\/","title":{"rendered":"Bolsa de lavander\u00eda de malla con cord\u00f3n"},"content":{"rendered":"<p>La gran bolsa de lavander\u00eda de malla con cord\u00f3n es una excelente manera de almacenar y transportar ropa. Hecho de nailon duradero, material de poli\u00e9ster con una capa interna hecha de tela de poli\u00e9ster medio para mayor resistencia a lo largo de la parte superior de felpa de algod\u00f3n lateral: \u00a1esto significa que sus camisas u otras prendas permanecer\u00e1n frescas en todo momento!<\/p>\n<p><strong>Descripci\u00f3n del Producto<\/strong><br \/>\neste grande\u00a0<strong>Bolsas de lavander\u00eda de malla con cord\u00f3n<\/strong>\u00a0hace que sea f\u00e1cil de almacenar y transportar la ropa. Est\u00e1 hecho de material de nailon y poli\u00e9ster. El material del centro y la parte inferior es poli\u00e9ster y la otra \u00e1rea de malla es nailon, por lo que es fuerte y confiable. \u00bfPor qu\u00e9 la mitad superior de la bolsa de lavander\u00eda est\u00e1 construida con material de malla? El dise\u00f1o permite que el aire fluya y evita la acumulaci\u00f3n de humedad y olores.<\/p>\n<p>Hay un cierre de cord\u00f3n para mantener toda la ropa segura en el interior. Como bolsa de lavander\u00eda comercial, la bolsa de lavander\u00eda de malla con cord\u00f3n tambi\u00e9n evita el derrame de ropa. Tambi\u00e9n podemos dise\u00f1ar un tama\u00f1o peque\u00f1o para ti, para que puedas poner la bolsa de lavander\u00eda en la lavadora. Pero necesitas ocultar el cierre con cord\u00f3n. Si desea tener un bolsillo adicional, podemos dise\u00f1ar uno \u00fanico para usted.<\/p>\n<p>Las correas ajustables de la mochila para el hombro de la bolsa de lavander\u00eda hacen que esta bolsa sea c\u00f3moda de llevar y le brindan la comodidad de mantener sus manos libres. El material es tela Oxford resistente al agua, ideal para acampar y viajar.<\/p>\n<p>Esta bolsa grande tambi\u00e9n es ideal para sacos de dormir, toallas, s\u00e1banas y otros art\u00edculos de picnic, y el fondo de nylon s\u00f3lido evita que entre la suciedad y la parte superior de malla le permite ver lo que hay en la bolsa para que pueda encontrar f\u00e1cilmente lo que est\u00e1 buscando. .<\/p>\n<p>Nuestras bolsas de lavander\u00eda con cord\u00f3n de malla tambi\u00e9n pueden almacenar equipos deportivos, pelotas de gimnasia y otros equipos deportivos. La malla de poli\u00e9ster transpirable ayuda a prevenir los olores y el moho cuando se guarda ropa y otros art\u00edculos mojados o h\u00famedos.<\/p>\n<p>La bolsa de lavander\u00eda es una soluci\u00f3n de ropa simple para dormitorio, apartamento, viajes y hogar. Aceptamos todos los tama\u00f1os personalizados, por lo que puede encontrar un gran tama\u00f1o para una carga completa de ropa. Estas bolsas de lavander\u00eda con cord\u00f3n son justo lo que est\u00e1 buscando para ayudarlo a ahorrar espacio. Si est\u00e1 buscando una manera f\u00e1cil de llevar su ropa sucia a la lavadora del dormitorio de la universidad o llevarla a casa o vive en un apartamento y quiere dejar su ropa en la lavander\u00eda, tiene que llevarla all\u00ed sin perder nada. Es por eso que estas bolsas de lavander\u00eda de malla con cord\u00f3n de alta resistencia funcionar\u00e1n para usted.<\/p>\n<p><strong>Especificaci\u00f3n<\/strong><\/p>\n<div class=\"table_wrap\">\n<table border=\"1\" cellspacing=\"0\">\n<tbody>\n<tr>\n<td valign=\"top\" width=\"284\">Material<\/td>\n<td valign=\"top\" width=\"284\">Poli\u00e9ster\/Nailon<\/td>\n<\/tr>\n<tr>\n<td valign=\"top\" width=\"284\">Color<\/td>\n<td valign=\"top\" width=\"284\">Blanco\/Azul\/Aceptar personalizado<\/td>\n<\/tr>\n<tr>\n<td valign=\"top\" width=\"284\">Tama\u00f1o<\/td>\n<td valign=\"top\" width=\"284\">Tama\u00f1o est\u00e1ndar o personalizado<\/td>\n<\/tr>\n<tr>\n<td valign=\"top\" width=\"284\">MOQ<\/td>\n<td valign=\"top\" width=\"284\">200<\/td>\n<\/tr>\n<tr>\n<td valign=\"top\" width=\"284\">Impresi\u00f3n de logotipos<\/td>\n<td valign=\"top\" width=\"284\">Aceptar<\/td>\n<\/tr>\n<\/tbody>\n<\/table>\n<\/div>","protected":false},"excerpt":{"rendered":"<p><strong>Especificaci\u00f3n<\/strong><\/p>\n<div class=\"table_wrap\">\n<table border=\"1\" cellspacing=\"0\">\n<tbody>\n<tr>\n<td valign=\"top\" width=\"284\">Material<\/td>\n<td valign=\"top\" width=\"284\">Poli\u00e9ster\/Nailon<\/td>\n<\/tr>\n<tr>\n<td valign=\"top\" width=\"284\">Color<\/td>\n<td valign=\"top\" width=\"284\">Blanco\/Azul\/Aceptar personalizado<\/td>\n<\/tr>\n<tr>\n<td valign=\"top\" width=\"284\">Tama\u00f1o<\/td>\n<td valign=\"top\" width=\"284\">Tama\u00f1o est\u00e1ndar o personalizado<\/td>\n<\/tr>\n<tr>\n<td valign=\"top\" width=\"284\">MOQ<\/td>\n<td valign=\"top\" width=\"284\">200<\/td>\n<\/tr>\n<tr>\n<td valign=\"top\" width=\"284\">Impresi\u00f3n de logotipos<\/td>\n<td valign=\"top\" width=\"284\">Aceptar<\/td>\n<\/tr>\n<\/tbody>\n<\/table>\n<\/div>","protected":false},"featured_media":1555,"comment_status":"closed","ping_status":"closed","template":"","meta":{"_seopress_robots_primary_cat":"","_seopress_titles_title":"","_seopress_titles_desc":"","_seopress_robots_index":"","site-sidebar-layout":"default","site-content-layout":"default","ast-site-content-layout":"default","site-content-style":"default","site-sidebar-style":"default","ast-global-header-display":"","ast-banner-title-visibility":"","ast-main-header-display":"","ast-hfb-above-header-display":"","ast-hfb-below-header-display":"","ast-hfb-mobile-header-display":"","site-post-title":"","ast-breadcrumbs-content":"","ast-featured-img":"","footer-sml-layout":"","theme-transparent-header-meta":"default","adv-header-id-meta":"","stick-header-meta":"","header-above-stick-meta":"","header-main-stick-meta":"","header-below-stick-meta":"","astra-migrate-meta-layouts":"default","ast-page-background-enabled":"default","ast-page-background-meta":{"desktop":{"background-color":"","background-image":"","background-repeat":"repeat","background-position":"center center","background-size":"auto","background-attachment":"scroll","background-type":"","background-media":"","overlay-type":"","overlay-color":"","overlay-opacity":"","overlay-gradient":""},"tablet":{"background-color":"","background-image":"","background-repeat":"repeat","background-position":"center center","background-size":"auto","background-attachment":"scroll","background-type":"","background-media":"","overlay-type":"","overlay-color":"","overlay-opacity":"","overlay-gradient":""},"mobile":{"background-color":"","background-image":"","background-repeat":"repeat","background-position":"center center","background-size":"auto","background-attachment":"scroll","background-type":"","background-media":"","overlay-type":"","overlay-color":"","overlay-opacity":"","overlay-gradient":""}},"ast-content-background-meta":{"desktop":{"background-color":"var(--ast-global-color-5)","background-image":"","background-repeat":"repeat","background-position":"center center","background-size":"auto","background-attachment":"scroll","background-type":"","background-media":"","overlay-type":"","overlay-color":"","overlay-opacity":"","overlay-gradient":""},"tablet":{"background-color":"var(--ast-global-color-5)","background-image":"","background-repeat":"repeat","background-position":"center center","background-size":"auto","background-attachment":"scroll","background-type":"","background-media":"","overlay-type":"","overlay-color":"","overlay-opacity":"","overlay-gradient":""},"mobile":{"background-color":"var(--ast-global-color-5)","background-image":"","background-repeat":"repeat","background-position":"center center","background-size":"auto","background-attachment":"scroll","background-type":"","background-media":"","overlay-type":"","overlay-color":"","overlay-opacity":"","overlay-gradient":""}}},"product_brand":[],"product_cat":[36],"product_tag":[],"class_list":{"0":"post-1553","1":"product","2":"type-product","3":"status-publish","4":"has-post-thumbnail","6":"product_cat-laundrybag","7":"desktop-align-left","8":"tablet-align-left","9":"mobile-align-left","11":"first","12":"instock","13":"shipping-taxable","14":"product-type-simple"},"_links":{"self":[{"href":"https:\/\/precisebag.com\/es\/wp-json\/wp\/v2\/product\/1553","targetHints":{"allow":["GET"]}}],"collection":[{"href":"https:\/\/precisebag.com\/es\/wp-json\/wp\/v2\/product"}],"about":[{"href":"https:\/\/precisebag.com\/es\/wp-json\/wp\/v2\/types\/product"}],"replies":[{"embeddable":true,"href":"https:\/\/precisebag.com\/es\/wp-json\/wp\/v2\/comments?post=1553"}],"wp:featuredmedia":[{"embeddable":true,"href":"https:\/\/precisebag.com\/es\/wp-json\/wp\/v2\/media\/1555"}],"wp:attachment":[{"href":"https:\/\/precisebag.com\/es\/wp-json\/wp\/v2\/media?parent=1553"}],"wp:term":[{"taxonomy":"product_brand","embeddable":true,"href":"https:\/\/precisebag.com\/es\/wp-json\/wp\/v2\/product_brand?post=1553"},{"taxonomy":"product_cat","embeddable":true,"href":"https:\/\/precisebag.com\/es\/wp-json\/wp\/v2\/product_cat?post=1553"},{"taxonomy":"product_tag","embeddable":true,"href":"https:\/\/precisebag.com\/es\/wp-json\/wp\/v2\/product_tag?post=1553"}],"curies":[{"name":"wp","href":"https:\/\/api.w.org\/{rel}","templated":true}]}}