{"id":1573,"date":"2022-04-04T04:53:11","date_gmt":"2022-04-04T04:53:11","guid":{"rendered":"https:\/\/precisebag.com\/?post_type=product&#038;p=1573"},"modified":"2022-04-04T04:55:33","modified_gmt":"2022-04-04T04:55:33","slug":"reusable-foldable-garment-bag","status":"publish","type":"product","link":"https:\/\/precisebag.com\/es\/producto\/reusable-foldable-garment-bag\/","title":{"rendered":"Bolsa de ropa plegable reutilizable"},"content":{"rendered":"<p><strong>Descripci\u00f3n del Producto<\/strong><br \/>\n<strong>Bolsa de ropa<\/strong>, tambi\u00e9n se denomina bolsa de traje o fundas de ropa, generalmente se usa para transportar trajes, chaquetas y otras prendas de vestir. La ropa se puede proteger del polvo a trav\u00e9s de la bolsa para ropa. La gente suele colgarlos dentro con sus perchas en la barra del armario.<\/p>\n<p>Este tipo de portatrajes est\u00e1 hecho de tela no tejida. Es transpirable, fuerte y liviano para chaquetas, abrigos de boda, pantalones, uniformes, abrigos de piel, etc. El color del frente es marr\u00f3n y el reverso es blanco. La gente pod\u00eda distinguir la ropa a trav\u00e9s de la ventana transparente del reverso, y este es un dise\u00f1o especial de nuestros clientes. Plegable y f\u00e1cil de colgar con orificio de apertura en la parte superior, ideal para viajes y almacenamiento en el hogar. La cremallera central de largo completo es f\u00e1cil de poner y quitar la ropa.<\/p>\n<p>El asa de la bolsa de ropa se ha reforzado, lo que significa que las personas pueden poner trajes de tres o cuatro piezas en las bolsas. Hay un bolsillo con cremallera debajo del mango, se pueden poner algunas cosas peque\u00f1as como llaves, toallas, ropa interior.<\/p>\n<p>La funda para traje est\u00e1 dise\u00f1ada espec\u00edficamente para proteger los trajes de la humedad, la exposici\u00f3n al sol y las plagas, como las polillas, y mantener la ropa limpia y sin arrugas.<\/p>\n<p>Uno de nuestros clientes dijo: \u201cEl portatrajes es perfecto para guardar varios art\u00edculos. Lo compr\u00e9 para guardar dos de mis caros abrigos de invierno. Con los dos abrigos dentro todav\u00eda hay sitio para m\u00e1s. La bolsa y la cremallera parecen duraderas.\u201d<\/p>\n<p>Ya sea que viaje por trabajo o por placer, llega un momento en que necesita llevar algunos trajes en su equipaje. Es posible que viaje a otro pa\u00eds para tener una reuni\u00f3n o necesite presentarse en una ocasi\u00f3n importante. Si el viaje de negocios es parte de su trabajo, la bolsa de ropa es muy importante para usted. Debe lucir lo mejor posible con su traje personalizado en un viaje de negocios y poner sus trajes en una bolsa de ropa s\u00f3lida.<\/p>\n<p><strong>Especificaci\u00f3n<\/strong><strong><br \/>\n<\/strong><\/p>\n<div class=\"table_wrap\">\n<table border=\"1\" cellspacing=\"0\">\n<tbody>\n<tr>\n<td valign=\"center\" width=\"284\">\n<p align=\"justify\">Material<\/p>\n<\/td>\n<td valign=\"center\" width=\"284\">\n<p align=\"justify\">No Tejido, Poli\u00e9ster, PEVA, PVC, Algod\u00f3n<\/p>\n<\/td>\n<\/tr>\n<tr>\n<td valign=\"center\" width=\"284\">\n<p align=\"justify\">Tama\u00f1o<\/p>\n<\/td>\n<td valign=\"center\" width=\"284\">\n<p align=\"justify\">Tama\u00f1o grande o personalizado<\/p>\n<\/td>\n<\/tr>\n<tr>\n<td valign=\"center\" width=\"284\">\n<p align=\"justify\">Colores<\/p>\n<\/td>\n<td valign=\"center\" width=\"284\">\n<p align=\"justify\">Rojo, Negro o Personalizado<\/p>\n<\/td>\n<\/tr>\n<tr>\n<td valign=\"center\" width=\"284\">\n<p align=\"justify\">Orden m\u00ednima<\/p>\n<\/td>\n<td valign=\"center\" width=\"284\">\n<p align=\"justify\">100 piezas<\/p>\n<\/td>\n<\/tr>\n<tr>\n<td valign=\"center\" width=\"284\">\n<p align=\"justify\">OEM y ODM<\/p>\n<\/td>\n<td valign=\"center\" width=\"284\">\n<p align=\"justify\">Aceptar<\/p>\n<\/td>\n<\/tr>\n<tr>\n<td valign=\"center\" width=\"284\">\n<p align=\"justify\">Logo<\/p>\n<\/td>\n<td valign=\"center\" width=\"284\">\n<p align=\"justify\">Costumbre<\/p>\n<\/td>\n<\/tr>\n<\/tbody>\n<\/table>\n<\/div>","protected":false},"excerpt":{"rendered":"<p>Bolsa de ropa, tambi\u00e9n llamada bolsa de traje o fundas de ropa, generalmente se usa para transportar trajes, chaquetas y otras prendas. La ropa se puede proteger del polvo a trav\u00e9s de la bolsa para ropa. La gente suele colgarlos dentro con sus perchas en la barra del armario.<\/p>\n<p><strong>Especificaci\u00f3n<\/strong><strong><br \/>\n<\/strong><\/p>\n<div class=\"table_wrap\">\n<table border=\"1\" cellspacing=\"0\">\n<tbody>\n<tr>\n<td valign=\"center\" width=\"284\">\n<p align=\"justify\">Material<\/p>\n<\/td>\n<td valign=\"center\" width=\"284\">\n<p align=\"justify\">No Tejido, Poli\u00e9ster, PEVA, PVC, Algod\u00f3n<\/p>\n<\/td>\n<\/tr>\n<tr>\n<td valign=\"center\" width=\"284\">\n<p align=\"justify\">Tama\u00f1o<\/p>\n<\/td>\n<td valign=\"center\" width=\"284\">\n<p align=\"justify\">Tama\u00f1o grande o personalizado<\/p>\n<\/td>\n<\/tr>\n<tr>\n<td valign=\"center\" width=\"284\">\n<p align=\"justify\">Colores<\/p>\n<\/td>\n<td valign=\"center\" width=\"284\">\n<p align=\"justify\">Rojo, Negro o Personalizado<\/p>\n<\/td>\n<\/tr>\n<tr>\n<td valign=\"center\" width=\"284\">\n<p align=\"justify\">Orden m\u00ednima<\/p>\n<\/td>\n<td valign=\"center\" width=\"284\">\n<p align=\"justify\">100 piezas<\/p>\n<\/td>\n<\/tr>\n<tr>\n<td valign=\"center\" width=\"284\">\n<p align=\"justify\">OEM y ODM<\/p>\n<\/td>\n<td valign=\"center\" width=\"284\">\n<p align=\"justify\">Aceptar<\/p>\n<\/td>\n<\/tr>\n<tr>\n<td valign=\"center\" width=\"284\">\n<p align=\"justify\">Logo<\/p>\n<\/td>\n<td valign=\"center\" width=\"284\">\n<p align=\"justify\">Costumbre<\/p>\n<\/td>\n<\/tr>\n<\/tbody>\n<\/table>\n<\/div>","protected":false},"featured_media":1577,"comment_status":"closed","ping_status":"closed","template":"","meta":{"_seopress_robots_primary_cat":"none","_seopress_titles_title":"","_seopress_titles_desc":"","_seopress_robots_index":"","site-sidebar-layout":"default","site-content-layout":"default","ast-site-content-layout":"default","site-content-style":"default","site-sidebar-style":"default","ast-global-header-display":"","ast-banner-title-visibility":"","ast-main-header-display":"","ast-hfb-above-header-display":"","ast-hfb-below-header-display":"","ast-hfb-mobile-header-display":"","site-post-title":"","ast-breadcrumbs-content":"","ast-featured-img":"","footer-sml-layout":"","theme-transparent-header-meta":"default","adv-header-id-meta":"","stick-header-meta":"","header-above-stick-meta":"","header-main-stick-meta":"","header-below-stick-meta":"","astra-migrate-meta-layouts":"default","ast-page-background-enabled":"default","ast-page-background-meta":{"desktop":{"background-color":"","background-image":"","background-repeat":"repeat","background-position":"center center","background-size":"auto","background-attachment":"scroll","background-type":"","background-media":"","overlay-type":"","overlay-color":"","overlay-opacity":"","overlay-gradient":""},"tablet":{"background-color":"","background-image":"","background-repeat":"repeat","background-position":"center center","background-size":"auto","background-attachment":"scroll","background-type":"","background-media":"","overlay-type":"","overlay-color":"","overlay-opacity":"","overlay-gradient":""},"mobile":{"background-color":"","background-image":"","background-repeat":"repeat","background-position":"center center","background-size":"auto","background-attachment":"scroll","background-type":"","background-media":"","overlay-type":"","overlay-color":"","overlay-opacity":"","overlay-gradient":""}},"ast-content-background-meta":{"desktop":{"background-color":"var(--ast-global-color-5)","background-image":"","background-repeat":"repeat","background-position":"center center","background-size":"auto","background-attachment":"scroll","background-type":"","background-media":"","overlay-type":"","overlay-color":"","overlay-opacity":"","overlay-gradient":""},"tablet":{"background-color":"var(--ast-global-color-5)","background-image":"","background-repeat":"repeat","background-position":"center center","background-size":"auto","background-attachment":"scroll","background-type":"","background-media":"","overlay-type":"","overlay-color":"","overlay-opacity":"","overlay-gradient":""},"mobile":{"background-color":"var(--ast-global-color-5)","background-image":"","background-repeat":"repeat","background-position":"center center","background-size":"auto","background-attachment":"scroll","background-type":"","background-media":"","overlay-type":"","overlay-color":"","overlay-opacity":"","overlay-gradient":""}}},"product_brand":[],"product_cat":[37],"product_tag":[],"class_list":{"0":"post-1573","1":"product","2":"type-product","3":"status-publish","4":"has-post-thumbnail","6":"product_cat-garmentbag","7":"desktop-align-left","8":"tablet-align-left","9":"mobile-align-left","11":"first","12":"instock","13":"shipping-taxable","14":"product-type-simple"},"_links":{"self":[{"href":"https:\/\/precisebag.com\/es\/wp-json\/wp\/v2\/product\/1573","targetHints":{"allow":["GET"]}}],"collection":[{"href":"https:\/\/precisebag.com\/es\/wp-json\/wp\/v2\/product"}],"about":[{"href":"https:\/\/precisebag.com\/es\/wp-json\/wp\/v2\/types\/product"}],"replies":[{"embeddable":true,"href":"https:\/\/precisebag.com\/es\/wp-json\/wp\/v2\/comments?post=1573"}],"wp:featuredmedia":[{"embeddable":true,"href":"https:\/\/precisebag.com\/es\/wp-json\/wp\/v2\/media\/1577"}],"wp:attachment":[{"href":"https:\/\/precisebag.com\/es\/wp-json\/wp\/v2\/media?parent=1573"}],"wp:term":[{"taxonomy":"product_brand","embeddable":true,"href":"https:\/\/precisebag.com\/es\/wp-json\/wp\/v2\/product_brand?post=1573"},{"taxonomy":"product_cat","embeddable":true,"href":"https:\/\/precisebag.com\/es\/wp-json\/wp\/v2\/product_cat?post=1573"},{"taxonomy":"product_tag","embeddable":true,"href":"https:\/\/precisebag.com\/es\/wp-json\/wp\/v2\/product_tag?post=1573"}],"curies":[{"name":"wp","href":"https:\/\/api.w.org\/{rel}","templated":true}]}}