{"id":1578,"date":"2022-04-04T04:58:38","date_gmt":"2022-04-04T04:58:38","guid":{"rendered":"https:\/\/precisebag.com\/?post_type=product&#038;p=1578"},"modified":"2022-04-04T05:48:40","modified_gmt":"2022-04-04T05:48:40","slug":"polyester-garment-bag","status":"publish","type":"product","link":"https:\/\/precisebag.com\/es\/producto\/polyester-garment-bag\/","title":{"rendered":"Bolsa de ropa de poli\u00e9ster"},"content":{"rendered":"<p><strong>Descripci\u00f3n del Producto<\/strong><br \/>\nHoy en d\u00eda, hay muchos trajes caros en el mercado. C\u00f3mo proteger los trajes y la ropa caros es algo importante. Muchas marcas famosas elegir\u00e1n una bolsa para trajes para mantener los trajes nuevos durante el proceso de almacenamiento.<\/p>\n<p>La bolsa para traje de poli\u00e9ster tambi\u00e9n se llama cubierta antipolvo para traje de poli\u00e9ster. La bolsa para traje est\u00e1 hecha principalmente de material de poli\u00e9ster y tambi\u00e9n est\u00e1 equipada con accesorios de ropa como cremalleras, PVC, ganchos y etiquetas colgantes.<\/p>\n<p>El material de poli\u00e9ster es ligero, resistente al desgaste, resistente al agua y al polvo, y tiene buena resiliencia. Al mismo tiempo, el precio tiene una gran ventaja sobre el algod\u00f3n natural. En comparaci\u00f3n con las telas no tejidas, el poli\u00e9ster es m\u00e1s resistente al desgaste y duradero, y dura m\u00e1s. En comparaci\u00f3n con otras bolsas de pl\u00e1stico para trajes, es m\u00e1s respetuosa con el medio ambiente.<\/p>\n<p>El cuerpo de la bolsa de poli\u00e9ster para trajes se puede imprimir con el logotipo de la marca, que se puede usar como publicidad para expandir la popularidad de la marca de trajes. La forma de imprimir el LOGOTIPO se puede dividir aproximadamente en: serigraf\u00eda, impresi\u00f3n por transferencia de calor y bordado.<\/p>\n<p>La bolsa de poli\u00e9ster para trajes es f\u00e1cil de transportar y mantener para los clientes. Como todos sabemos, las marcas de ropa proporcionar\u00e1n bolsos de ropa gratis para los consumidores. Como un tipo especial de ropa, las marcas de ropa proporcionar\u00e1n conjuntos de trajes de forma gratuita.<\/p>\n<p>Despu\u00e9s de que el cliente compr\u00f3 el traje, la bolsa del traje se puede usar como una cubierta protectora a prueba de polvo para proteger el traje del polvo y la humedad, de modo que el traje se vea como nuevo cuando se use la pr\u00f3xima vez. Muchos bolsos de poli\u00e9ster para trajes est\u00e1n dise\u00f1ados para ser plegables y, despu\u00e9s de doblarse por la mitad, se transforman inmediatamente en un gran &quot;malet\u00edn&quot;, que es conveniente para viajes de negocios y trabajo de oficina.<\/p>\n<p>Muchas marcas de ropa conocidas siempre se preocupan por el empaque de la ropa. Encontrar\u00e1n fabricantes habituales para personalizar sus propios trajes. Los trajes tambi\u00e9n pueden reflejar la fuerza y la influencia de la marca desde un lado. Una buena bolsa para el polvo de un traje puede resaltar de manera invisible la connotaci\u00f3n y la calidad de la marca. Precisepackage es un fabricante profesional de bolsas para trajes. Aceptamos OEM. Si tiene alg\u00fan requisito sobre los productos, podemos dise\u00f1arlos para usted.<\/p>\n<p><strong>Especificaci\u00f3n<\/strong><\/p>\n<div class=\"table_wrap\">\n<table border=\"1\" cellspacing=\"0\">\n<tbody>\n<tr>\n<td valign=\"top\" width=\"284\">Material<\/td>\n<td valign=\"top\" width=\"284\">Poli\u00e9ster, no tejido, oxford, algod\u00f3n o personalizado<\/td>\n<\/tr>\n<tr>\n<td valign=\"top\" width=\"284\">Colores<\/td>\n<td valign=\"top\" width=\"284\">Aceptar colores personalizados<\/td>\n<\/tr>\n<tr>\n<td valign=\"top\" width=\"284\">Tama\u00f1o<\/td>\n<td valign=\"top\" width=\"284\">Tama\u00f1o est\u00e1ndar o personalizado<\/td>\n<\/tr>\n<tr>\n<td valign=\"top\" width=\"284\">MOQ<\/td>\n<td valign=\"top\" width=\"284\">500<\/td>\n<\/tr>\n<\/tbody>\n<\/table>\n<\/div>","protected":false},"excerpt":{"rendered":"<p>C\u00f3mo proteger los trajes y la ropa caros es algo importante. Muchas marcas famosas elegir\u00e1n una bolsa para trajes para mantener los trajes nuevos durante el proceso de almacenamiento.<\/p>\n<section class=\"web_main page_main\">\n<div class=\"layout\">\n<section class=\"main\">\n<section class=\"tab-content-wrap product-detail\">\n<section class=\"tab-panel-wrap\">\n<section class=\"tab-panel entry\">\n<section class=\"tab-panel-content\"><strong>Especificaci\u00f3n<\/strong><\/p>\n<div class=\"table_wrap\">\n<table border=\"1\" cellspacing=\"0\">\n<tbody>\n<tr>\n<td valign=\"top\" width=\"284\">Material<\/td>\n<td valign=\"top\" width=\"284\">Poli\u00e9ster, no tejido, oxford, algod\u00f3n o personalizado<\/td>\n<\/tr>\n<tr>\n<td valign=\"top\" width=\"284\">Colores<\/td>\n<td valign=\"top\" width=\"284\">Aceptar colores personalizados<\/td>\n<\/tr>\n<tr>\n<td valign=\"top\" width=\"284\">Tama\u00f1o<\/td>\n<td valign=\"top\" width=\"284\">Tama\u00f1o est\u00e1ndar o personalizado<\/td>\n<\/tr>\n<tr>\n<td valign=\"top\" width=\"284\">MOQ<\/td>\n<td valign=\"top\" width=\"284\">500<\/td>\n<\/tr>\n<\/tbody>\n<\/table>\n<\/div>\n<\/section>\n<\/section>\n<\/section>\n<\/section>\n<\/section>\n<\/div>\n<\/section>","protected":false},"featured_media":1582,"comment_status":"closed","ping_status":"closed","template":"","meta":{"_seopress_robots_primary_cat":"none","_seopress_titles_title":"","_seopress_titles_desc":"","_seopress_robots_index":"","site-sidebar-layout":"default","site-content-layout":"default","ast-site-content-layout":"default","site-content-style":"default","site-sidebar-style":"default","ast-global-header-display":"","ast-banner-title-visibility":"","ast-main-header-display":"","ast-hfb-above-header-display":"","ast-hfb-below-header-display":"","ast-hfb-mobile-header-display":"","site-post-title":"","ast-breadcrumbs-content":"","ast-featured-img":"","footer-sml-layout":"","theme-transparent-header-meta":"default","adv-header-id-meta":"","stick-header-meta":"","header-above-stick-meta":"","header-main-stick-meta":"","header-below-stick-meta":"","astra-migrate-meta-layouts":"default","ast-page-background-enabled":"default","ast-page-background-meta":{"desktop":{"background-color":"","background-image":"","background-repeat":"repeat","background-position":"center center","background-size":"auto","background-attachment":"scroll","background-type":"","background-media":"","overlay-type":"","overlay-color":"","overlay-opacity":"","overlay-gradient":""},"tablet":{"background-color":"","background-image":"","background-repeat":"repeat","background-position":"center center","background-size":"auto","background-attachment":"scroll","background-type":"","background-media":"","overlay-type":"","overlay-color":"","overlay-opacity":"","overlay-gradient":""},"mobile":{"background-color":"","background-image":"","background-repeat":"repeat","background-position":"center center","background-size":"auto","background-attachment":"scroll","background-type":"","background-media":"","overlay-type":"","overlay-color":"","overlay-opacity":"","overlay-gradient":""}},"ast-content-background-meta":{"desktop":{"background-color":"var(--ast-global-color-5)","background-image":"","background-repeat":"repeat","background-position":"center center","background-size":"auto","background-attachment":"scroll","background-type":"","background-media":"","overlay-type":"","overlay-color":"","overlay-opacity":"","overlay-gradient":""},"tablet":{"background-color":"var(--ast-global-color-5)","background-image":"","background-repeat":"repeat","background-position":"center center","background-size":"auto","background-attachment":"scroll","background-type":"","background-media":"","overlay-type":"","overlay-color":"","overlay-opacity":"","overlay-gradient":""},"mobile":{"background-color":"var(--ast-global-color-5)","background-image":"","background-repeat":"repeat","background-position":"center center","background-size":"auto","background-attachment":"scroll","background-type":"","background-media":"","overlay-type":"","overlay-color":"","overlay-opacity":"","overlay-gradient":""}}},"product_brand":[],"product_cat":[37],"product_tag":[],"class_list":{"0":"post-1578","1":"product","2":"type-product","3":"status-publish","4":"has-post-thumbnail","6":"product_cat-garmentbag","7":"desktop-align-left","8":"tablet-align-left","9":"mobile-align-left","11":"first","12":"instock","13":"shipping-taxable","14":"product-type-simple"},"_links":{"self":[{"href":"https:\/\/precisebag.com\/es\/wp-json\/wp\/v2\/product\/1578","targetHints":{"allow":["GET"]}}],"collection":[{"href":"https:\/\/precisebag.com\/es\/wp-json\/wp\/v2\/product"}],"about":[{"href":"https:\/\/precisebag.com\/es\/wp-json\/wp\/v2\/types\/product"}],"replies":[{"embeddable":true,"href":"https:\/\/precisebag.com\/es\/wp-json\/wp\/v2\/comments?post=1578"}],"wp:featuredmedia":[{"embeddable":true,"href":"https:\/\/precisebag.com\/es\/wp-json\/wp\/v2\/media\/1582"}],"wp:attachment":[{"href":"https:\/\/precisebag.com\/es\/wp-json\/wp\/v2\/media?parent=1578"}],"wp:term":[{"taxonomy":"product_brand","embeddable":true,"href":"https:\/\/precisebag.com\/es\/wp-json\/wp\/v2\/product_brand?post=1578"},{"taxonomy":"product_cat","embeddable":true,"href":"https:\/\/precisebag.com\/es\/wp-json\/wp\/v2\/product_cat?post=1578"},{"taxonomy":"product_tag","embeddable":true,"href":"https:\/\/precisebag.com\/es\/wp-json\/wp\/v2\/product_tag?post=1578"}],"curies":[{"name":"wp","href":"https:\/\/api.w.org\/{rel}","templated":true}]}}