{"id":1588,"date":"2022-04-04T05:54:29","date_gmt":"2022-04-04T05:54:29","guid":{"rendered":"https:\/\/precisebag.com\/?post_type=product&#038;p=1588"},"modified":"2022-04-04T05:54:31","modified_gmt":"2022-04-04T05:54:31","slug":"garment-suit-cover","status":"publish","type":"product","link":"https:\/\/precisebag.com\/es\/producto\/garment-suit-cover\/","title":{"rendered":"Cubierta de traje de ropa"},"content":{"rendered":"<p>Una bolsa de cubierta de traje de ropa es un art\u00edculo com\u00fan para viajes de negocios o viajes. La funda del traje es una funda blanda, que est\u00e1 pensada para llevar que normalmente se guardan en una percha.<\/p>\n<p><strong>Especificaci\u00f3n<\/strong><\/p>\n<div class=\"table_wrap\">\n<table border=\"1\" cellspacing=\"0\">\n<tbody>\n<tr>\n<td valign=\"top\" width=\"284\">Material<\/td>\n<td valign=\"top\" width=\"284\">Poli\u00e9ster, no tejido, oxford, algod\u00f3n o personalizado<\/td>\n<\/tr>\n<tr>\n<td valign=\"top\" width=\"284\">Colores<\/td>\n<td valign=\"top\" width=\"284\">Aceptar colores personalizados<\/td>\n<\/tr>\n<tr>\n<td valign=\"top\" width=\"284\">Tama\u00f1o<\/td>\n<td valign=\"top\" width=\"284\">Tama\u00f1o est\u00e1ndar o personalizado<\/td>\n<\/tr>\n<tr>\n<td valign=\"top\" width=\"284\">MOQ<\/td>\n<td valign=\"top\" width=\"284\">500<\/td>\n<\/tr>\n<\/tbody>\n<\/table>\n<\/div>","protected":false},"excerpt":{"rendered":"<p><strong>Descripci\u00f3n del Producto<\/strong><br \/>\n\u00bfQu\u00e9 es una funda de traje de ropa? Una bolsa de cubierta de traje de ropa es un art\u00edculo com\u00fan para viajes de negocios o viajes. La funda del traje es una funda blanda, que est\u00e1 pensada para llevar que normalmente se guardan en una percha. El dise\u00f1o siempre se ve genial. Ya sea que los vea en un viaje de negocios o en un evento, siempre est\u00e1n a la moda.<\/p>\n<p>Hemos dise\u00f1ado cientos de fundas para trajes que vienen en varios tama\u00f1os, formas y especificaciones para satisfacer las necesidades de los viajeros frecuentes. Debes comprar el portatrajes que se adapte a tu estilo de vida y necesidades de viaje.<\/p>\n<p>Este tipo de funda de traje est\u00e1 hecha de algod\u00f3n, que es reutilizable y ecol\u00f3gico. Es extremadamente transpirable y mantiene su ropa segura y nueva. El tama\u00f1o es personalizado y se puede dise\u00f1ar para largo y corto. Estos tipos de fundas para trajes son perfectos para uso dom\u00e9stico. Sin embargo, cuando necesite llevar sus trajes personalizados de viaje, es el momento de invertir en un portatrajes de calidad listo para viajar.<\/p>\n<p>Si desea mantener la cubierta del traje como nueva durante el mayor tiempo posible, las bolsas de almacenamiento de algod\u00f3n blanco para la cubierta del traje. Se pueden dise\u00f1ar muchos tama\u00f1os y est\u00e1n hechos de algod\u00f3n 100%. Las fundas para trajes de ropa tienen un bolsillo con ventana para poner una tarjeta para distinguir los trajes. Esta caracter\u00edstica \u00fatil es importante, ya que le permite identificar r\u00e1pidamente sus art\u00edculos con facilidad cuando los necesite.<\/p>\n<p>En t\u00e9rminos generales, las bolsas de trajes pueden contener una docena de prendas para ahorrar m\u00e1s espacio. La funci\u00f3n especial de cuello crecido sella los espacios entre los cuellos de cada percha y mantiene sus trajes seguros para las molestas polillas.<\/p>\n<p>La funda de traje es perfecta para art\u00edculos fuera de temporada. Este bolso largo para cubrir trajes es ideal para todos sus vestidos de noche, batas, abrigos largos, lo cual es perfecto para organizar su guardarropa y mantener un inventario de todos sus art\u00edculos m\u00e1s queridos.<\/p>\n<p><strong>Especificaci\u00f3n<\/strong><\/p>\n<div class=\"table_wrap\">\n<table border=\"1\" cellspacing=\"0\">\n<tbody>\n<tr>\n<td valign=\"top\" width=\"284\">Material<\/td>\n<td valign=\"top\" width=\"284\">Poli\u00e9ster, no tejido, oxford, algod\u00f3n o personalizado<\/td>\n<\/tr>\n<tr>\n<td valign=\"top\" width=\"284\">Colores<\/td>\n<td valign=\"top\" width=\"284\">Aceptar colores personalizados<\/td>\n<\/tr>\n<tr>\n<td valign=\"top\" width=\"284\">Tama\u00f1o<\/td>\n<td valign=\"top\" width=\"284\">Tama\u00f1o est\u00e1ndar o personalizado<\/td>\n<\/tr>\n<tr>\n<td valign=\"top\" width=\"284\">MOQ<\/td>\n<td valign=\"top\" width=\"284\">500<\/td>\n<\/tr>\n<\/tbody>\n<\/table>\n<\/div>","protected":false},"featured_media":1591,"comment_status":"closed","ping_status":"closed","template":"","meta":{"_seopress_robots_primary_cat":"","_seopress_titles_title":"","_seopress_titles_desc":"","_seopress_robots_index":"","site-sidebar-layout":"default","site-content-layout":"default","ast-site-content-layout":"default","site-content-style":"default","site-sidebar-style":"default","ast-global-header-display":"","ast-banner-title-visibility":"","ast-main-header-display":"","ast-hfb-above-header-display":"","ast-hfb-below-header-display":"","ast-hfb-mobile-header-display":"","site-post-title":"","ast-breadcrumbs-content":"","ast-featured-img":"","footer-sml-layout":"","theme-transparent-header-meta":"default","adv-header-id-meta":"","stick-header-meta":"","header-above-stick-meta":"","header-main-stick-meta":"","header-below-stick-meta":"","astra-migrate-meta-layouts":"default","ast-page-background-enabled":"default","ast-page-background-meta":{"desktop":{"background-color":"","background-image":"","background-repeat":"repeat","background-position":"center center","background-size":"auto","background-attachment":"scroll","background-type":"","background-media":"","overlay-type":"","overlay-color":"","overlay-opacity":"","overlay-gradient":""},"tablet":{"background-color":"","background-image":"","background-repeat":"repeat","background-position":"center center","background-size":"auto","background-attachment":"scroll","background-type":"","background-media":"","overlay-type":"","overlay-color":"","overlay-opacity":"","overlay-gradient":""},"mobile":{"background-color":"","background-image":"","background-repeat":"repeat","background-position":"center center","background-size":"auto","background-attachment":"scroll","background-type":"","background-media":"","overlay-type":"","overlay-color":"","overlay-opacity":"","overlay-gradient":""}},"ast-content-background-meta":{"desktop":{"background-color":"var(--ast-global-color-5)","background-image":"","background-repeat":"repeat","background-position":"center center","background-size":"auto","background-attachment":"scroll","background-type":"","background-media":"","overlay-type":"","overlay-color":"","overlay-opacity":"","overlay-gradient":""},"tablet":{"background-color":"var(--ast-global-color-5)","background-image":"","background-repeat":"repeat","background-position":"center center","background-size":"auto","background-attachment":"scroll","background-type":"","background-media":"","overlay-type":"","overlay-color":"","overlay-opacity":"","overlay-gradient":""},"mobile":{"background-color":"var(--ast-global-color-5)","background-image":"","background-repeat":"repeat","background-position":"center center","background-size":"auto","background-attachment":"scroll","background-type":"","background-media":"","overlay-type":"","overlay-color":"","overlay-opacity":"","overlay-gradient":""}}},"product_brand":[],"product_cat":[37],"product_tag":[],"class_list":{"0":"post-1588","1":"product","2":"type-product","3":"status-publish","4":"has-post-thumbnail","6":"product_cat-garmentbag","7":"desktop-align-left","8":"tablet-align-left","9":"mobile-align-left","11":"first","12":"instock","13":"shipping-taxable","14":"product-type-simple"},"_links":{"self":[{"href":"https:\/\/precisebag.com\/es\/wp-json\/wp\/v2\/product\/1588","targetHints":{"allow":["GET"]}}],"collection":[{"href":"https:\/\/precisebag.com\/es\/wp-json\/wp\/v2\/product"}],"about":[{"href":"https:\/\/precisebag.com\/es\/wp-json\/wp\/v2\/types\/product"}],"replies":[{"embeddable":true,"href":"https:\/\/precisebag.com\/es\/wp-json\/wp\/v2\/comments?post=1588"}],"wp:featuredmedia":[{"embeddable":true,"href":"https:\/\/precisebag.com\/es\/wp-json\/wp\/v2\/media\/1591"}],"wp:attachment":[{"href":"https:\/\/precisebag.com\/es\/wp-json\/wp\/v2\/media?parent=1588"}],"wp:term":[{"taxonomy":"product_brand","embeddable":true,"href":"https:\/\/precisebag.com\/es\/wp-json\/wp\/v2\/product_brand?post=1588"},{"taxonomy":"product_cat","embeddable":true,"href":"https:\/\/precisebag.com\/es\/wp-json\/wp\/v2\/product_cat?post=1588"},{"taxonomy":"product_tag","embeddable":true,"href":"https:\/\/precisebag.com\/es\/wp-json\/wp\/v2\/product_tag?post=1588"}],"curies":[{"name":"wp","href":"https:\/\/api.w.org\/{rel}","templated":true}]}}