{"id":1593,"date":"2022-04-04T06:04:41","date_gmt":"2022-04-04T06:04:41","guid":{"rendered":"https:\/\/precisebag.com\/?post_type=product&#038;p=1593"},"modified":"2022-04-04T06:04:43","modified_gmt":"2022-04-04T06:04:43","slug":"wedding-dress-bag","status":"publish","type":"product","link":"https:\/\/precisebag.com\/es\/producto\/wedding-dress-bag\/","title":{"rendered":"Bolsa de vestido de novia"},"content":{"rendered":"<p>Bolsa de vestido de novia, tambi\u00e9n llamada bolsa de ropa protectora. La gente pod\u00eda comprarlo en una boutique de novias, tiendas y otras tiendas de ropa. El color principal de este bolso para vestido de novia es el negro, combinado con gris.<\/p>\n<p><strong>Descripci\u00f3n del Producto<\/strong><br \/>\n<strong>Bolsa de vestido de novia<\/strong>, tambi\u00e9n se llama bolsa de ropa protectora. La gente pod\u00eda comprarlo en una boutique de novias, tiendas y otras tiendas de ropa. El color principal de este bolso para vestido de novia es el negro, combinado con gris. Se ve de lujo. En t\u00e9rminos generales, esta bolsa se usa para vestidos de novia, vestidos de noche y vestidos largos. Algunas personas tambi\u00e9n se ponen el abrigo, el traje y el vestido ordinario. En muchos casos, la bolsa da la impresi\u00f3n de ser un obsequio econ\u00f3mico para la tienda, con un logotipo personalizado de la tienda impreso en ella. Sin embargo, aceptamos un logotipo personalizado, lo que significa que podr\u00eda tener un dise\u00f1o propio.<\/p>\n<p>Cuando gast\u00f3 miles de d\u00f3lares en un vestido, significa que debe tener un bolso para el vestido de novia que proporcione funciones de alta calidad y moda de lujo asequible. En definitiva, el portatrajes debe estar a la altura de lo que vale tu vestido de novia.<\/p>\n<p>En el mercado, el bolso del vestido de novia cuesta solo unos pocos d\u00f3lares al por mayor no durar\u00e1 mucho, debido a que el material de los bolsos es inferior. Nuestras bolsas est\u00e1n hechas de material de alta calidad, por lo que son reutilizables. Tal vez desee conservar su vestido durante muchos a\u00f1os, en cuyo caso, comprar un portatrajes hecho de material de calidad de archivo debe estar en la parte superior de su lista de prioridades. O tal vez est\u00e9 planeando una boda de destino y le importe m\u00e1s comprar la opci\u00f3n de almacenamiento adecuada para transportar su preciado vestido.<\/p>\n<p>Esta cubierta de ropa es lo suficientemente grande como para acomodar todo el vestido de novia. Es liviano, por lo que no pesa el vestido. El material de la bolsa para vestido de novia es transpirable, al mismo tiempo que protege el vestido de part\u00edculas en el aire o insectos molestos.<\/p>\n<p>\u00a1Solo necesita decir sus requisitos, dise\u00f1aremos un tipo de bolsa de ropa para usted!<\/p>\n<p><strong>Especificaci\u00f3n<\/strong><\/p>\n<div class=\"table_wrap\">\n<table border=\"1\" cellspacing=\"0\">\n<tbody>\n<tr>\n<td valign=\"top\" width=\"284\">Material<\/td>\n<td valign=\"top\" width=\"284\">Poli\u00e9ster, no tejido, oxford, algod\u00f3n o personalizado<\/td>\n<\/tr>\n<tr>\n<td valign=\"top\" width=\"284\">Colores<\/td>\n<td valign=\"top\" width=\"284\">Aceptar colores personalizados<\/td>\n<\/tr>\n<tr>\n<td valign=\"top\" width=\"284\">Tama\u00f1o<\/td>\n<td valign=\"top\" width=\"284\">Tama\u00f1o est\u00e1ndar o personalizado<\/td>\n<\/tr>\n<tr>\n<td valign=\"top\" width=\"284\">MOQ<\/td>\n<td valign=\"top\" width=\"284\">500<\/td>\n<\/tr>\n<\/tbody>\n<\/table>\n<\/div>","protected":false},"excerpt":{"rendered":"<p>Bolsa de vestido de novia, tambi\u00e9n llamada bolsa de ropa protectora. La gente pod\u00eda comprarlo en una boutique de novias, tiendas y otras tiendas de ropa. El color principal de este bolso para vestido de novia es el negro, combinado con gris.<\/p>\n<p><strong>Especificaci\u00f3n<\/strong><\/p>\n<div class=\"table_wrap\">\n<table border=\"1\" cellspacing=\"0\">\n<tbody>\n<tr>\n<td valign=\"top\" width=\"284\">Material<\/td>\n<td valign=\"top\" width=\"284\">Poli\u00e9ster, no tejido, oxford, algod\u00f3n o personalizado<\/td>\n<\/tr>\n<tr>\n<td valign=\"top\" width=\"284\">Colores<\/td>\n<td valign=\"top\" width=\"284\">Aceptar colores personalizados<\/td>\n<\/tr>\n<tr>\n<td valign=\"top\" width=\"284\">Tama\u00f1o<\/td>\n<td valign=\"top\" width=\"284\">Tama\u00f1o est\u00e1ndar o personalizado<\/td>\n<\/tr>\n<tr>\n<td valign=\"top\" width=\"284\">MOQ<\/td>\n<td valign=\"top\" width=\"284\">500<\/td>\n<\/tr>\n<\/tbody>\n<\/table>\n<\/div>","protected":false},"featured_media":1597,"comment_status":"closed","ping_status":"closed","template":"","meta":{"_seopress_robots_primary_cat":"","_seopress_titles_title":"","_seopress_titles_desc":"","_seopress_robots_index":"","site-sidebar-layout":"default","site-content-layout":"default","ast-site-content-layout":"default","site-content-style":"default","site-sidebar-style":"default","ast-global-header-display":"","ast-banner-title-visibility":"","ast-main-header-display":"","ast-hfb-above-header-display":"","ast-hfb-below-header-display":"","ast-hfb-mobile-header-display":"","site-post-title":"","ast-breadcrumbs-content":"","ast-featured-img":"","footer-sml-layout":"","theme-transparent-header-meta":"default","adv-header-id-meta":"","stick-header-meta":"","header-above-stick-meta":"","header-main-stick-meta":"","header-below-stick-meta":"","astra-migrate-meta-layouts":"default","ast-page-background-enabled":"default","ast-page-background-meta":{"desktop":{"background-color":"","background-image":"","background-repeat":"repeat","background-position":"center center","background-size":"auto","background-attachment":"scroll","background-type":"","background-media":"","overlay-type":"","overlay-color":"","overlay-opacity":"","overlay-gradient":""},"tablet":{"background-color":"","background-image":"","background-repeat":"repeat","background-position":"center center","background-size":"auto","background-attachment":"scroll","background-type":"","background-media":"","overlay-type":"","overlay-color":"","overlay-opacity":"","overlay-gradient":""},"mobile":{"background-color":"","background-image":"","background-repeat":"repeat","background-position":"center center","background-size":"auto","background-attachment":"scroll","background-type":"","background-media":"","overlay-type":"","overlay-color":"","overlay-opacity":"","overlay-gradient":""}},"ast-content-background-meta":{"desktop":{"background-color":"var(--ast-global-color-5)","background-image":"","background-repeat":"repeat","background-position":"center center","background-size":"auto","background-attachment":"scroll","background-type":"","background-media":"","overlay-type":"","overlay-color":"","overlay-opacity":"","overlay-gradient":""},"tablet":{"background-color":"var(--ast-global-color-5)","background-image":"","background-repeat":"repeat","background-position":"center center","background-size":"auto","background-attachment":"scroll","background-type":"","background-media":"","overlay-type":"","overlay-color":"","overlay-opacity":"","overlay-gradient":""},"mobile":{"background-color":"var(--ast-global-color-5)","background-image":"","background-repeat":"repeat","background-position":"center center","background-size":"auto","background-attachment":"scroll","background-type":"","background-media":"","overlay-type":"","overlay-color":"","overlay-opacity":"","overlay-gradient":""}}},"product_brand":[],"product_cat":[37],"product_tag":[],"class_list":{"0":"post-1593","1":"product","2":"type-product","3":"status-publish","4":"has-post-thumbnail","6":"product_cat-garmentbag","7":"desktop-align-left","8":"tablet-align-left","9":"mobile-align-left","11":"first","12":"instock","13":"shipping-taxable","14":"product-type-simple"},"_links":{"self":[{"href":"https:\/\/precisebag.com\/es\/wp-json\/wp\/v2\/product\/1593","targetHints":{"allow":["GET"]}}],"collection":[{"href":"https:\/\/precisebag.com\/es\/wp-json\/wp\/v2\/product"}],"about":[{"href":"https:\/\/precisebag.com\/es\/wp-json\/wp\/v2\/types\/product"}],"replies":[{"embeddable":true,"href":"https:\/\/precisebag.com\/es\/wp-json\/wp\/v2\/comments?post=1593"}],"wp:featuredmedia":[{"embeddable":true,"href":"https:\/\/precisebag.com\/es\/wp-json\/wp\/v2\/media\/1597"}],"wp:attachment":[{"href":"https:\/\/precisebag.com\/es\/wp-json\/wp\/v2\/media?parent=1593"}],"wp:term":[{"taxonomy":"product_brand","embeddable":true,"href":"https:\/\/precisebag.com\/es\/wp-json\/wp\/v2\/product_brand?post=1593"},{"taxonomy":"product_cat","embeddable":true,"href":"https:\/\/precisebag.com\/es\/wp-json\/wp\/v2\/product_cat?post=1593"},{"taxonomy":"product_tag","embeddable":true,"href":"https:\/\/precisebag.com\/es\/wp-json\/wp\/v2\/product_tag?post=1593"}],"curies":[{"name":"wp","href":"https:\/\/api.w.org\/{rel}","templated":true}]}}