{"id":1692,"date":"2022-04-05T12:53:43","date_gmt":"2022-04-05T12:53:43","guid":{"rendered":"https:\/\/precisebag.com\/?post_type=product&#038;p=1692"},"modified":"2022-04-05T12:53:45","modified_gmt":"2022-04-05T12:53:45","slug":"non-woven-wine-bag","status":"publish","type":"product","link":"https:\/\/precisebag.com\/es\/producto\/non-woven-wine-bag\/","title":{"rendered":"Bolsa de vino no tejida"},"content":{"rendered":"<p>La bolsa de compras de vino es imprescindible para cualquier tienda de licores y puede estar hecha de algod\u00f3n o poli\u00e9ster no tejido. \u00a1El material ofrece durabilidad y el peso es un aspecto esencial de productos de calidad como estas bolsas!<\/p>\n<p><strong>Descripci\u00f3n del Producto<\/strong><br \/>\nLa bolsa de compras de vino es una necesidad para la tienda de licores. En t\u00e9rminos generales, estas tiendas pueden elegir colores m\u00e1s brillantes. Hay muchos colores que se pueden elegir. M\u00e1s all\u00e1 del color, puedes imprimir tu logo en las bolsas. La bolsa de vino puede estar hecha de no tejido, tejido pp, algod\u00f3n y poli\u00e9ster. Es muy pesado y de buena calidad.<\/p>\n<p>Si las personas quieren enviar vino como regalo a sus amigos, deben tener una bolsa para sostener el vino. En t\u00e9rminos generales, la tienda de licores dar\u00e1 una bolsa de vino gratis. El cliente llevar\u00e1 el vino a su casa, parque u otros lugares. Este beneficio real de esto es que los clientes han promovido y construido la marca de la tienda de licores sin realmente darse cuenta. Si est\u00e1 en una reuni\u00f3n de cata de vinos, la gente puede hacerle preguntas sobre la bodega, los vinos favoritos y los eventos.<\/p>\n<p>Las bolsas de compras de vino promocionales son una verdadera victoria cuando se trata de construir y promocionar su marca de vino.<\/p>\n<p>Las bolsas de vino de cuadros son bolsas de vino no tejidas. Es reutilizable, ecol\u00f3gico y fuerte. En el interior de las bolsas de vino, puedes encontrar un dise\u00f1o para botellas dobles, tres botellas, cuatro botellas o seis botellas. Por supuesto, esto se basa en sus requisitos.<\/p>\n<p>Deber\u00edas tener esa experiencia: compraste una botella de vino, pero la botella se desliz\u00f3 de tus brazos, se cay\u00f3 y se rompi\u00f3, con el vino salpicado por todas partes. Una experiencia tan vergonzosa. Ahora, las bolsas de vino pueden ayudarte a resolver el problema. Esta bolsa de vino tiene capacidad para 6 botellas de vino de forma segura. Si cree que las 6 botellas son demasiado para usted, la bolsa de vino de 2 botellas tambi\u00e9n es una buena idea.<\/p>\n<p>Esto tambi\u00e9n se puede utilizar para otros bienes. Es perfecto para un recipiente peque\u00f1o de toallitas para superficies, toallitas para manos, desinfectante para manos, spray, etc. Los divisores evitan que todo se caiga.<\/p>\n<p><strong>Especificaci\u00f3n<\/strong><\/p>\n<div class=\"table_wrap\">\n<table border=\"1\" cellspacing=\"0\">\n<tbody>\n<tr>\n<td valign=\"top\" width=\"284\">Material<\/td>\n<td valign=\"top\" width=\"284\">no tejido<\/td>\n<\/tr>\n<tr>\n<td valign=\"top\" width=\"284\">Logo<\/td>\n<td valign=\"top\" width=\"284\">Aceptar<\/td>\n<\/tr>\n<tr>\n<td valign=\"top\" width=\"284\">Tama\u00f1o<\/td>\n<td valign=\"top\" width=\"284\">Tama\u00f1o est\u00e1ndar o personalizado<\/td>\n<\/tr>\n<tr>\n<td valign=\"top\" width=\"284\">MOQ<\/td>\n<td valign=\"top\" width=\"284\">1000<\/td>\n<\/tr>\n<tr>\n<td valign=\"top\" width=\"284\">Uso<\/td>\n<td valign=\"top\" width=\"284\">Compras\/vino\/bebida<\/td>\n<\/tr>\n<\/tbody>\n<\/table>\n<\/div>","protected":false},"excerpt":{"rendered":"<p>La bolsa de compras de vino es imprescindible para cualquier tienda de licores y puede estar hecha de algod\u00f3n o poli\u00e9ster no tejido. \u00a1El material ofrece durabilidad y el peso es un aspecto esencial de productos de calidad como estas bolsas!<\/p>\n<p><strong>Especificaci\u00f3n<\/strong><\/p>\n<div class=\"table_wrap\">\n<table border=\"1\" cellspacing=\"0\">\n<tbody>\n<tr>\n<td valign=\"top\" width=\"284\">Material<\/td>\n<td valign=\"top\" width=\"284\">no tejido<\/td>\n<\/tr>\n<tr>\n<td valign=\"top\" width=\"284\">Logo<\/td>\n<td valign=\"top\" width=\"284\">Aceptar<\/td>\n<\/tr>\n<tr>\n<td valign=\"top\" width=\"284\">Tama\u00f1o<\/td>\n<td valign=\"top\" width=\"284\">Tama\u00f1o est\u00e1ndar o personalizado<\/td>\n<\/tr>\n<tr>\n<td valign=\"top\" width=\"284\">MOQ<\/td>\n<td valign=\"top\" width=\"284\">1000<\/td>\n<\/tr>\n<tr>\n<td valign=\"top\" width=\"284\">Uso<\/td>\n<td valign=\"top\" width=\"284\">Compras\/vino\/bebida<\/td>\n<\/tr>\n<\/tbody>\n<\/table>\n<\/div>","protected":false},"featured_media":1695,"comment_status":"closed","ping_status":"closed","template":"","meta":{"_seopress_robots_primary_cat":"","_seopress_titles_title":"","_seopress_titles_desc":"","_seopress_robots_index":"","site-sidebar-layout":"default","site-content-layout":"default","ast-site-content-layout":"default","site-content-style":"default","site-sidebar-style":"default","ast-global-header-display":"","ast-banner-title-visibility":"","ast-main-header-display":"","ast-hfb-above-header-display":"","ast-hfb-below-header-display":"","ast-hfb-mobile-header-display":"","site-post-title":"","ast-breadcrumbs-content":"","ast-featured-img":"","footer-sml-layout":"","theme-transparent-header-meta":"default","adv-header-id-meta":"","stick-header-meta":"","header-above-stick-meta":"","header-main-stick-meta":"","header-below-stick-meta":"","astra-migrate-meta-layouts":"default","ast-page-background-enabled":"default","ast-page-background-meta":{"desktop":{"background-color":"","background-image":"","background-repeat":"repeat","background-position":"center center","background-size":"auto","background-attachment":"scroll","background-type":"","background-media":"","overlay-type":"","overlay-color":"","overlay-opacity":"","overlay-gradient":""},"tablet":{"background-color":"","background-image":"","background-repeat":"repeat","background-position":"center center","background-size":"auto","background-attachment":"scroll","background-type":"","background-media":"","overlay-type":"","overlay-color":"","overlay-opacity":"","overlay-gradient":""},"mobile":{"background-color":"","background-image":"","background-repeat":"repeat","background-position":"center center","background-size":"auto","background-attachment":"scroll","background-type":"","background-media":"","overlay-type":"","overlay-color":"","overlay-opacity":"","overlay-gradient":""}},"ast-content-background-meta":{"desktop":{"background-color":"var(--ast-global-color-5)","background-image":"","background-repeat":"repeat","background-position":"center center","background-size":"auto","background-attachment":"scroll","background-type":"","background-media":"","overlay-type":"","overlay-color":"","overlay-opacity":"","overlay-gradient":""},"tablet":{"background-color":"var(--ast-global-color-5)","background-image":"","background-repeat":"repeat","background-position":"center center","background-size":"auto","background-attachment":"scroll","background-type":"","background-media":"","overlay-type":"","overlay-color":"","overlay-opacity":"","overlay-gradient":""},"mobile":{"background-color":"var(--ast-global-color-5)","background-image":"","background-repeat":"repeat","background-position":"center center","background-size":"auto","background-attachment":"scroll","background-type":"","background-media":"","overlay-type":"","overlay-color":"","overlay-opacity":"","overlay-gradient":""}}},"product_brand":[],"product_cat":[38],"product_tag":[],"class_list":{"0":"post-1692","1":"product","2":"type-product","3":"status-publish","4":"has-post-thumbnail","6":"product_cat-shoppingbag","7":"desktop-align-left","8":"tablet-align-left","9":"mobile-align-left","11":"first","12":"instock","13":"shipping-taxable","14":"product-type-simple"},"_links":{"self":[{"href":"https:\/\/precisebag.com\/es\/wp-json\/wp\/v2\/product\/1692","targetHints":{"allow":["GET"]}}],"collection":[{"href":"https:\/\/precisebag.com\/es\/wp-json\/wp\/v2\/product"}],"about":[{"href":"https:\/\/precisebag.com\/es\/wp-json\/wp\/v2\/types\/product"}],"replies":[{"embeddable":true,"href":"https:\/\/precisebag.com\/es\/wp-json\/wp\/v2\/comments?post=1692"}],"wp:featuredmedia":[{"embeddable":true,"href":"https:\/\/precisebag.com\/es\/wp-json\/wp\/v2\/media\/1695"}],"wp:attachment":[{"href":"https:\/\/precisebag.com\/es\/wp-json\/wp\/v2\/media?parent=1692"}],"wp:term":[{"taxonomy":"product_brand","embeddable":true,"href":"https:\/\/precisebag.com\/es\/wp-json\/wp\/v2\/product_brand?post=1692"},{"taxonomy":"product_cat","embeddable":true,"href":"https:\/\/precisebag.com\/es\/wp-json\/wp\/v2\/product_cat?post=1692"},{"taxonomy":"product_tag","embeddable":true,"href":"https:\/\/precisebag.com\/es\/wp-json\/wp\/v2\/product_tag?post=1692"}],"curies":[{"name":"wp","href":"https:\/\/api.w.org\/{rel}","templated":true}]}}