{"id":1698,"date":"2022-04-05T12:59:40","date_gmt":"2022-04-05T12:59:40","guid":{"rendered":"https:\/\/precisebag.com\/?post_type=product&#038;p=1698"},"modified":"2022-04-05T12:59:41","modified_gmt":"2022-04-05T12:59:41","slug":"non-woven-shoulder-bag","status":"publish","type":"product","link":"https:\/\/precisebag.com\/es\/producto\/non-woven-shoulder-bag\/","title":{"rendered":"Bolso de hombro no tejido"},"content":{"rendered":"<p>Si est\u00e1 buscando un bolso elegante y funcional, \u00a1no busque m\u00e1s que el bolso de hombro no tejido! Estas bolsas se pueden usar a diario, lo que las hace perfectas para llevar con su logotipo o marca personal. La correa ajustable significa que tanto los ni\u00f1os peque\u00f1os como los adultos encontrar\u00e1n este tipo de carrito de compras perfecto, haciendo que su d\u00eda sea m\u00e1s colorido paso a paso.<\/p>\n<p><strong>Descripci\u00f3n del Producto<\/strong><br \/>\nLa bolsa de hombro no tejida es un tipo de bolsa de compras. Es perfecto para el uso diario lo que hace que tu logo, marca o eslogan personalizado regrese diariamente a las calles, escuelas, parques, supermercados. La correa para el hombro es ajustable, lo que hace posible que los bolsos de hombro sean utilizados por j\u00f3venes y mayores. Si la bandolera no tiene funci\u00f3n de ajustar, significa que la grande es m\u00e1s barata. Los bolsos de hombro est\u00e1n hechos de tejido no tejido o PP y el tejido no tejido tiene una sensaci\u00f3n de tela, pero es resistente.<\/p>\n<p>Todos sabemos que la tela no tejida es extremadamente duradera, por lo que la vida \u00fatil podr\u00eda durar algunos a\u00f1os. Los clientes utilizar\u00e1n la bolsa de hombro no tejida una y otra vez, lo que significa que los clientes llevar\u00e1n su bolsa promocional por todo el mundo para promocionar su empresa. En la vida diaria, tambi\u00e9n utilizan la bolsa no tejida reutilizable.<\/p>\n<p>Los bolsos de hombro est\u00e1n hechos de una fuerte calidad de PP-Woven y tienen un aspecto lujoso. Los bolsos de hombro laminados de Non-Woven se sienten m\u00e1s suaves en comparaci\u00f3n con los de PP-Woven, pero eso no los hace menos fuertes. Por supuesto, puede elegir el mejor seg\u00fan sus necesidades. Nuestra bolsa de hombro no tejida se usa ampliamente en muchos pa\u00edses, especialmente en las \u00e1reas de Europa y Am\u00e9rica. Este bolso es el m\u00e1s vers\u00e1til y pr\u00e1ctico del mercado actual. La protecci\u00f3n del medio ambiente es nuestro objetivo. De ahora en adelante, dejemos de usar pl\u00e1stico. El bolso de hombro no tejido ser\u00e1 una buena opci\u00f3n para todos.<\/p>\n<p>Podemos producir las bolsas de hombro por encargo. Esto significa que podemos producir las bolsas en cualquier tama\u00f1o, est\u00e1n disponibles en diferentes colores y se pueden imprimir con su logotipo. Este es uno de los m\u00e1s populares y efectivos para mostrar las ofertas promocionales: bolsos de hombro de obsequio adornados con el logotipo y el mensaje de su empresa. Es muy f\u00e1cil de plegar para ahorrar espacio en casa.<\/p>\n<p><strong>Especificaci\u00f3n<\/strong><\/p>\n<div class=\"table_wrap\">\n<table border=\"1\" cellspacing=\"0\">\n<tbody>\n<tr>\n<td valign=\"top\" width=\"284\">Material<\/td>\n<td valign=\"top\" width=\"284\">no tejido<\/td>\n<\/tr>\n<tr>\n<td valign=\"top\" width=\"284\">Logo<\/td>\n<td valign=\"top\" width=\"284\">Aceptar<\/td>\n<\/tr>\n<tr>\n<td valign=\"top\" width=\"284\">Tama\u00f1o<\/td>\n<td valign=\"top\" width=\"284\">Tama\u00f1o est\u00e1ndar o personalizado<\/td>\n<\/tr>\n<tr>\n<td valign=\"top\" width=\"284\">MOQ<\/td>\n<td valign=\"top\" width=\"284\">1000<\/td>\n<\/tr>\n<tr>\n<td valign=\"top\" width=\"284\">Uso<\/td>\n<td valign=\"top\" width=\"284\">Compras<\/td>\n<\/tr>\n<\/tbody>\n<\/table>\n<\/div>","protected":false},"excerpt":{"rendered":"<p>Si est\u00e1 buscando un bolso elegante y funcional, \u00a1no busque m\u00e1s que el bolso de hombro no tejido! Estas bolsas se pueden usar a diario, lo que las hace perfectas para llevar con su logotipo o marca personal. La correa ajustable significa que tanto los ni\u00f1os peque\u00f1os como los adultos encontrar\u00e1n este tipo de carrito de compras perfecto, haciendo que su d\u00eda sea m\u00e1s colorido paso a paso.<\/p>\n<p><strong>Especificaci\u00f3n<\/strong><\/p>\n<div class=\"table_wrap\">\n<table border=\"1\" cellspacing=\"0\">\n<tbody>\n<tr>\n<td valign=\"top\" width=\"284\">Material<\/td>\n<td valign=\"top\" width=\"284\">no tejido<\/td>\n<\/tr>\n<tr>\n<td valign=\"top\" width=\"284\">Logo<\/td>\n<td valign=\"top\" width=\"284\">Aceptar<\/td>\n<\/tr>\n<tr>\n<td valign=\"top\" width=\"284\">Tama\u00f1o<\/td>\n<td valign=\"top\" width=\"284\">Tama\u00f1o est\u00e1ndar o personalizado<\/td>\n<\/tr>\n<tr>\n<td valign=\"top\" width=\"284\">MOQ<\/td>\n<td valign=\"top\" width=\"284\">1000<\/td>\n<\/tr>\n<tr>\n<td valign=\"top\" width=\"284\">Uso<\/td>\n<td valign=\"top\" width=\"284\">Compras<\/td>\n<\/tr>\n<\/tbody>\n<\/table>\n<\/div>","protected":false},"featured_media":1702,"comment_status":"closed","ping_status":"closed","template":"","meta":{"_seopress_robots_primary_cat":"","_seopress_titles_title":"","_seopress_titles_desc":"","_seopress_robots_index":"","site-sidebar-layout":"default","site-content-layout":"default","ast-site-content-layout":"default","site-content-style":"default","site-sidebar-style":"default","ast-global-header-display":"","ast-banner-title-visibility":"","ast-main-header-display":"","ast-hfb-above-header-display":"","ast-hfb-below-header-display":"","ast-hfb-mobile-header-display":"","site-post-title":"","ast-breadcrumbs-content":"","ast-featured-img":"","footer-sml-layout":"","theme-transparent-header-meta":"default","adv-header-id-meta":"","stick-header-meta":"","header-above-stick-meta":"","header-main-stick-meta":"","header-below-stick-meta":"","astra-migrate-meta-layouts":"default","ast-page-background-enabled":"default","ast-page-background-meta":{"desktop":{"background-color":"","background-image":"","background-repeat":"repeat","background-position":"center center","background-size":"auto","background-attachment":"scroll","background-type":"","background-media":"","overlay-type":"","overlay-color":"","overlay-opacity":"","overlay-gradient":""},"tablet":{"background-color":"","background-image":"","background-repeat":"repeat","background-position":"center center","background-size":"auto","background-attachment":"scroll","background-type":"","background-media":"","overlay-type":"","overlay-color":"","overlay-opacity":"","overlay-gradient":""},"mobile":{"background-color":"","background-image":"","background-repeat":"repeat","background-position":"center center","background-size":"auto","background-attachment":"scroll","background-type":"","background-media":"","overlay-type":"","overlay-color":"","overlay-opacity":"","overlay-gradient":""}},"ast-content-background-meta":{"desktop":{"background-color":"var(--ast-global-color-5)","background-image":"","background-repeat":"repeat","background-position":"center center","background-size":"auto","background-attachment":"scroll","background-type":"","background-media":"","overlay-type":"","overlay-color":"","overlay-opacity":"","overlay-gradient":""},"tablet":{"background-color":"var(--ast-global-color-5)","background-image":"","background-repeat":"repeat","background-position":"center center","background-size":"auto","background-attachment":"scroll","background-type":"","background-media":"","overlay-type":"","overlay-color":"","overlay-opacity":"","overlay-gradient":""},"mobile":{"background-color":"var(--ast-global-color-5)","background-image":"","background-repeat":"repeat","background-position":"center center","background-size":"auto","background-attachment":"scroll","background-type":"","background-media":"","overlay-type":"","overlay-color":"","overlay-opacity":"","overlay-gradient":""}}},"product_brand":[],"product_cat":[38],"product_tag":[],"class_list":{"0":"post-1698","1":"product","2":"type-product","3":"status-publish","4":"has-post-thumbnail","6":"product_cat-shoppingbag","7":"desktop-align-left","8":"tablet-align-left","9":"mobile-align-left","11":"first","12":"instock","13":"shipping-taxable","14":"product-type-simple"},"_links":{"self":[{"href":"https:\/\/precisebag.com\/es\/wp-json\/wp\/v2\/product\/1698","targetHints":{"allow":["GET"]}}],"collection":[{"href":"https:\/\/precisebag.com\/es\/wp-json\/wp\/v2\/product"}],"about":[{"href":"https:\/\/precisebag.com\/es\/wp-json\/wp\/v2\/types\/product"}],"replies":[{"embeddable":true,"href":"https:\/\/precisebag.com\/es\/wp-json\/wp\/v2\/comments?post=1698"}],"wp:featuredmedia":[{"embeddable":true,"href":"https:\/\/precisebag.com\/es\/wp-json\/wp\/v2\/media\/1702"}],"wp:attachment":[{"href":"https:\/\/precisebag.com\/es\/wp-json\/wp\/v2\/media?parent=1698"}],"wp:term":[{"taxonomy":"product_brand","embeddable":true,"href":"https:\/\/precisebag.com\/es\/wp-json\/wp\/v2\/product_brand?post=1698"},{"taxonomy":"product_cat","embeddable":true,"href":"https:\/\/precisebag.com\/es\/wp-json\/wp\/v2\/product_cat?post=1698"},{"taxonomy":"product_tag","embeddable":true,"href":"https:\/\/precisebag.com\/es\/wp-json\/wp\/v2\/product_tag?post=1698"}],"curies":[{"name":"wp","href":"https:\/\/api.w.org\/{rel}","templated":true}]}}