{"id":1709,"date":"2022-04-05T13:16:47","date_gmt":"2022-04-05T13:16:47","guid":{"rendered":"https:\/\/precisebag.com\/?post_type=product&#038;p=1709"},"modified":"2022-04-05T13:16:48","modified_gmt":"2022-04-05T13:16:48","slug":"laminated-non-woven-bag","status":"publish","type":"product","link":"https:\/\/precisebag.com\/es\/producto\/laminated-non-woven-bag\/","title":{"rendered":"Bolsa no tejida laminada"},"content":{"rendered":"<p>Esta bolsa de compras laminada no tejida es la elecci\u00f3n perfecta para cualquier tienda que venda art\u00edculos de belleza, libros o manualidades. Puede contener c\u00f3modamente hasta cuatro cupones de Shopping Places y tiene un dise\u00f1o atractivo para que no se pierda en sus bolsos de mano diarios.<\/p>\n<p><strong>Descripci\u00f3n del Producto<\/strong><br \/>\nSi desea una bolsa de compras, esta bolsa laminada no tejida es ideal para usted. Se puede utilizar en Art\u00edculos de belleza, Libros, Tiendas de artesan\u00edas, Tarjetas, Tiendas de regalos, Tiendas de ropa, Grandes almacenes, Tiendas de comida r\u00e1pida, Tiendas de muebles, Tienda de regalos y flores, Tiendas de abarrotes, Joyer\u00edas, M\u00fasica, Tiendas de videos, Art\u00edculos de oficina, Farmacia y Droguer\u00eda, Restaurantes, Zapater\u00edas, Art\u00edculos Deportivos, Supermercados y Licorer\u00edas, Jugueter\u00edas y otros lugares de compras. Esta bolsa es s\u00faper fuerte y resistente al desgarro y al desgaste.<\/p>\n<p>Con la creciente conciencia de la gente sobre la protecci\u00f3n del medio ambiente, la gente comenz\u00f3 a darse cuenta de que la bolsa de pl\u00e1stico es peligrosa para el medio ambiente. Se ha fomentado que empresas, tiendas y supermercados busquen alternativas para el carry bag. La bolsa no tejida laminada es un excelente sustituto de la bolsa de pl\u00e1stico, ya que es ecol\u00f3gica y reciclable. En comparaci\u00f3n con la bolsa de papel, es m\u00e1s ecol\u00f3gica. La bolsa de papel requiere \u00e1rboles para mantener su materia prima y no tenemos motivos para talar \u00e1rboles para producir bolsas de papel todo el tiempo. De hecho, la bolsa de papel no es fuerte ni duradera para transportar alimentos pesados. Por esta raz\u00f3n, muchas personas eligen la bolsa laminada no tejida como bolsa de compras.<\/p>\n<p>La caracter\u00edstica importante de la bolsa laminada no tejida es resistente al agua, por lo que puede usarla para transportar una variedad de cosas, incluidos alimentos y bebidas. Adem\u00e1s, esta bolsa de compras tiene una gran capacidad para cumplir con sus requisitos. Si no est\u00e1 satisfecho con nuestro tama\u00f1o est\u00e1ndar, puede tener su propio dise\u00f1o. Aceptamos su logotipo personalizado, colores y tama\u00f1o.<\/p>\n<p>La bolsa no tejida laminada duradera est\u00e1 fabricada con una estructura no tejida especial, y la laminaci\u00f3n adicional hace que esta bolsa sea una de las m\u00e1s fuertes de su clase. Ideal para ir al mercado y ser ecol\u00f3gico, resistente y resistente pero a la vez ligero, por lo que lleva m\u00e1s con menos esfuerzo y es perfecto para ir de compras y al supermercado. Si desea saber m\u00e1s sobre nuestros productos, \u00a1puede consultarnos!<\/p>\n<p><strong>Especificaci\u00f3n<\/strong><\/p>\n<div class=\"table_wrap\">\n<table border=\"1\" cellspacing=\"0\">\n<tbody>\n<tr>\n<td valign=\"center\" width=\"284\">\n<p align=\"justify\">Material<\/p>\n<\/td>\n<td valign=\"center\" width=\"284\">\n<p align=\"justify\">Laminado No tejido<\/p>\n<\/td>\n<\/tr>\n<tr>\n<td valign=\"center\" width=\"284\">\n<p align=\"justify\">Logo<\/p>\n<\/td>\n<td valign=\"center\" width=\"284\">\n<p align=\"justify\">Aceptar<\/p>\n<\/td>\n<\/tr>\n<tr>\n<td valign=\"center\" width=\"284\">\n<p align=\"justify\">Tama\u00f1o<\/p>\n<\/td>\n<td valign=\"center\" width=\"284\">\n<p align=\"justify\">Tama\u00f1o est\u00e1ndar o personalizado<\/p>\n<\/td>\n<\/tr>\n<tr>\n<td valign=\"center\" width=\"284\">\n<p align=\"justify\">MOQ<\/p>\n<\/td>\n<td valign=\"center\" width=\"284\">\n<p align=\"justify\">1000<\/p>\n<\/td>\n<\/tr>\n<tr>\n<td valign=\"center\" width=\"284\">\n<p align=\"justify\">Uso<\/p>\n<\/td>\n<td valign=\"center\" width=\"284\">\n<p align=\"justify\">Compras<\/p>\n<\/td>\n<\/tr>\n<\/tbody>\n<\/table>\n<\/div>","protected":false},"excerpt":{"rendered":"<p>Esta bolsa de compras laminada no tejida es la elecci\u00f3n perfecta para cualquier tienda que venda art\u00edculos de belleza, libros o manualidades. Puede contener c\u00f3modamente hasta cuatro cupones de Shopping Places y tiene un dise\u00f1o atractivo para que no se pierda en sus bolsos de mano diarios.<\/p>\n<p><strong>Especificaci\u00f3n<\/strong><\/p>\n<div class=\"table_wrap\">\n<table border=\"1\" cellspacing=\"0\">\n<tbody>\n<tr>\n<td valign=\"center\" width=\"284\">\n<p align=\"justify\">Material<\/p>\n<\/td>\n<td valign=\"center\" width=\"284\">\n<p align=\"justify\">Laminado No tejido<\/p>\n<\/td>\n<\/tr>\n<tr>\n<td valign=\"center\" width=\"284\">\n<p align=\"justify\">Logo<\/p>\n<\/td>\n<td valign=\"center\" width=\"284\">\n<p align=\"justify\">Aceptar<\/p>\n<\/td>\n<\/tr>\n<tr>\n<td valign=\"center\" width=\"284\">\n<p align=\"justify\">Tama\u00f1o<\/p>\n<\/td>\n<td valign=\"center\" width=\"284\">\n<p align=\"justify\">Tama\u00f1o est\u00e1ndar o personalizado<\/p>\n<\/td>\n<\/tr>\n<tr>\n<td valign=\"center\" width=\"284\">\n<p align=\"justify\">MOQ<\/p>\n<\/td>\n<td valign=\"center\" width=\"284\">\n<p align=\"justify\">1000<\/p>\n<\/td>\n<\/tr>\n<tr>\n<td valign=\"center\" width=\"284\">\n<p align=\"justify\">Uso<\/p>\n<\/td>\n<td valign=\"center\" width=\"284\">\n<p align=\"justify\">Compras<\/p>\n<\/td>\n<\/tr>\n<\/tbody>\n<\/table>\n<\/div>\n<div class=\"clear\"><\/div>","protected":false},"featured_media":1711,"comment_status":"closed","ping_status":"closed","template":"","meta":{"_seopress_robots_primary_cat":"","_seopress_titles_title":"","_seopress_titles_desc":"","_seopress_robots_index":"","site-sidebar-layout":"default","site-content-layout":"default","ast-site-content-layout":"default","site-content-style":"default","site-sidebar-style":"default","ast-global-header-display":"","ast-banner-title-visibility":"","ast-main-header-display":"","ast-hfb-above-header-display":"","ast-hfb-below-header-display":"","ast-hfb-mobile-header-display":"","site-post-title":"","ast-breadcrumbs-content":"","ast-featured-img":"","footer-sml-layout":"","theme-transparent-header-meta":"default","adv-header-id-meta":"","stick-header-meta":"","header-above-stick-meta":"","header-main-stick-meta":"","header-below-stick-meta":"","astra-migrate-meta-layouts":"default","ast-page-background-enabled":"default","ast-page-background-meta":{"desktop":{"background-color":"","background-image":"","background-repeat":"repeat","background-position":"center center","background-size":"auto","background-attachment":"scroll","background-type":"","background-media":"","overlay-type":"","overlay-color":"","overlay-opacity":"","overlay-gradient":""},"tablet":{"background-color":"","background-image":"","background-repeat":"repeat","background-position":"center center","background-size":"auto","background-attachment":"scroll","background-type":"","background-media":"","overlay-type":"","overlay-color":"","overlay-opacity":"","overlay-gradient":""},"mobile":{"background-color":"","background-image":"","background-repeat":"repeat","background-position":"center center","background-size":"auto","background-attachment":"scroll","background-type":"","background-media":"","overlay-type":"","overlay-color":"","overlay-opacity":"","overlay-gradient":""}},"ast-content-background-meta":{"desktop":{"background-color":"var(--ast-global-color-5)","background-image":"","background-repeat":"repeat","background-position":"center center","background-size":"auto","background-attachment":"scroll","background-type":"","background-media":"","overlay-type":"","overlay-color":"","overlay-opacity":"","overlay-gradient":""},"tablet":{"background-color":"var(--ast-global-color-5)","background-image":"","background-repeat":"repeat","background-position":"center center","background-size":"auto","background-attachment":"scroll","background-type":"","background-media":"","overlay-type":"","overlay-color":"","overlay-opacity":"","overlay-gradient":""},"mobile":{"background-color":"var(--ast-global-color-5)","background-image":"","background-repeat":"repeat","background-position":"center center","background-size":"auto","background-attachment":"scroll","background-type":"","background-media":"","overlay-type":"","overlay-color":"","overlay-opacity":"","overlay-gradient":""}}},"product_brand":[],"product_cat":[38],"product_tag":[],"class_list":{"0":"post-1709","1":"product","2":"type-product","3":"status-publish","4":"has-post-thumbnail","6":"product_cat-shoppingbag","7":"desktop-align-left","8":"tablet-align-left","9":"mobile-align-left","11":"first","12":"instock","13":"shipping-taxable","14":"product-type-simple"},"_links":{"self":[{"href":"https:\/\/precisebag.com\/es\/wp-json\/wp\/v2\/product\/1709","targetHints":{"allow":["GET"]}}],"collection":[{"href":"https:\/\/precisebag.com\/es\/wp-json\/wp\/v2\/product"}],"about":[{"href":"https:\/\/precisebag.com\/es\/wp-json\/wp\/v2\/types\/product"}],"replies":[{"embeddable":true,"href":"https:\/\/precisebag.com\/es\/wp-json\/wp\/v2\/comments?post=1709"}],"wp:featuredmedia":[{"embeddable":true,"href":"https:\/\/precisebag.com\/es\/wp-json\/wp\/v2\/media\/1711"}],"wp:attachment":[{"href":"https:\/\/precisebag.com\/es\/wp-json\/wp\/v2\/media?parent=1709"}],"wp:term":[{"taxonomy":"product_brand","embeddable":true,"href":"https:\/\/precisebag.com\/es\/wp-json\/wp\/v2\/product_brand?post=1709"},{"taxonomy":"product_cat","embeddable":true,"href":"https:\/\/precisebag.com\/es\/wp-json\/wp\/v2\/product_cat?post=1709"},{"taxonomy":"product_tag","embeddable":true,"href":"https:\/\/precisebag.com\/es\/wp-json\/wp\/v2\/product_tag?post=1709"}],"curies":[{"name":"wp","href":"https:\/\/api.w.org\/{rel}","templated":true}]}}