{"id":1718,"date":"2022-04-05T14:05:36","date_gmt":"2022-04-05T14:05:36","guid":{"rendered":"https:\/\/precisebag.com\/?post_type=product&#038;p=1718"},"modified":"2022-04-05T14:05:38","modified_gmt":"2022-04-05T14:05:38","slug":"reusable-canvas-tote-bag","status":"publish","type":"product","link":"https:\/\/precisebag.com\/es\/producto\/reusable-canvas-tote-bag\/","title":{"rendered":"Bolsa de lona reutilizable"},"content":{"rendered":"<p>Las bolsas de compras de lona brindan una alternativa duradera a las endebles de pl\u00e1stico y papel. \u00a1Estos materiales naturales son degradables, lo que significa que se descomponen con el tiempo para que nuestro planeta pueda continuar d\u00e1ndonos todo lo que tiene!<\/p>\n<p><strong>Descripci\u00f3n del Producto<\/strong><\/p>\n<p>La mayor\u00eda de la gente sabe que el algod\u00f3n es uno de los materiales m\u00e1s antiguos en d\u00e9cadas. Por lo tanto, considerando el aspecto de protecci\u00f3n ambiental del algod\u00f3n, el algod\u00f3n es el mejor material para fabricar bolsas en comparaci\u00f3n con el pl\u00e1stico. Las bolsas de compras de lona son degradables y son bolsas de compras relativamente respetuosas con el medio ambiente, reutilizables y org\u00e1nicas. A diferencia de otras bolsas de papel y pl\u00e1stico endebles, esta es duradera.<\/p>\n<p>Elegir una bolsa de lona adecuada puede hacer que nuestra vida sea m\u00e1s c\u00f3moda. \u00bfQu\u00e9 debemos tener en cuenta a la hora de comprar un bolso tote de lona?<\/p>\n<p>En primer lugar, debemos tener en cuenta el material de la bolsa de lona. El lienzo es un tejido relativamente grueso, fuerte y duradero, que no es f\u00e1cil de usar y dura mucho tiempo. Su durabilidad y firmeza son superiores a las bolsas de la compra no tejidas. Tiene m\u00e1s telas, estilos novedosos y no es f\u00e1cil de deformar cuando se limpia. Algunas bolsas de compras de lona tambi\u00e9n tienen m\u00faltiples funciones, como forro interior y cremallera, y se pueden usar como mochilas.<\/p>\n<p>El grosor de la bolsa de lona es generalmente lona 12A, que es m\u00e1s adecuada en t\u00e9rminos de grosor y precio. Si no hay un requisito especial, este grosor es m\u00e1s adecuado para el uso diario. Si tiene necesidades especiales, puede elegir un lienzo m\u00e1s grueso.<\/p>\n<p>Podemos personalizar bolsas de lona, tama\u00f1o y estilo, que pueden satisfacer las necesidades de muchas personas. Tambi\u00e9n hay muchos colores que se pueden elegir. La bolsa de lona se puede usar no solo como bolsas de mano, sino tambi\u00e9n como bolsas de compras, bolsas promocionales, etc.<\/p>\n<p>Nuestro bolso de lona fue dise\u00f1ado con una variedad de estilos simples y elegantes, estilos cl\u00e1sicos. Ha sido ampliamente reconocido por el mercado. El llamado cl\u00e1sico es originalmente una prueba del tiempo. Si un bolso se llama bolso cl\u00e1sico, en primer lugar, debe ser de alta calidad, resistente al desgaste y duradero. Esta es la verdad m\u00e1s b\u00e1sica.<\/p>\n<p><strong>Especificaci\u00f3n<\/strong><\/p>\n<div class=\"table_wrap\">\n<table border=\"1\" cellspacing=\"0\">\n<tbody>\n<tr>\n<td valign=\"center\" width=\"284\">\n<p align=\"justify\">Material<\/p>\n<\/td>\n<td valign=\"center\" width=\"284\">\n<p align=\"justify\">Lienzo<\/p>\n<\/td>\n<\/tr>\n<tr>\n<td valign=\"center\" width=\"284\">\n<p align=\"justify\">Tama\u00f1o<\/p>\n<\/td>\n<td valign=\"center\" width=\"284\">\n<p align=\"justify\">Tama\u00f1o grande, tama\u00f1o est\u00e1ndar o personalizado<\/p>\n<\/td>\n<\/tr>\n<tr>\n<td valign=\"center\" width=\"284\">\n<p align=\"justify\">Colores<\/p>\n<\/td>\n<td valign=\"center\" width=\"284\">\n<p align=\"justify\">Costumbre<\/p>\n<\/td>\n<\/tr>\n<tr>\n<td valign=\"center\" width=\"284\">\n<p align=\"justify\">Orden m\u00ednima<\/p>\n<\/td>\n<td valign=\"center\" width=\"284\">\n<p align=\"justify\">100 piezas<\/p>\n<\/td>\n<\/tr>\n<tr>\n<td valign=\"center\" width=\"284\">\n<p align=\"justify\">OEM y ODM<\/p>\n<\/td>\n<td valign=\"center\" width=\"284\">\n<p align=\"justify\">Aceptar<\/p>\n<\/td>\n<\/tr>\n<tr>\n<td valign=\"center\" width=\"284\">\n<p align=\"justify\">Logo<\/p>\n<\/td>\n<td valign=\"center\" width=\"284\">\n<p align=\"justify\">Costumbre<\/p>\n<\/td>\n<\/tr>\n<\/tbody>\n<\/table>\n<\/div>","protected":false},"excerpt":{"rendered":"<p>Las bolsas de compras de lona brindan una alternativa duradera a las endebles de pl\u00e1stico y papel. \u00a1Estos materiales naturales son degradables, lo que significa que se descomponen con el tiempo para que nuestro planeta pueda continuar d\u00e1ndonos todo lo que tiene!<\/p>\n<p><strong>Especificaci\u00f3n<\/strong><\/p>\n<div class=\"table_wrap\">\n<table border=\"1\" cellspacing=\"0\">\n<tbody>\n<tr>\n<td valign=\"center\" width=\"284\">\n<p align=\"justify\">Material<\/p>\n<\/td>\n<td valign=\"center\" width=\"284\">\n<p align=\"justify\">Lienzo<\/p>\n<\/td>\n<\/tr>\n<tr>\n<td valign=\"center\" width=\"284\">\n<p align=\"justify\">Tama\u00f1o<\/p>\n<\/td>\n<td valign=\"center\" width=\"284\">\n<p align=\"justify\">Tama\u00f1o grande, tama\u00f1o est\u00e1ndar o personalizado<\/p>\n<\/td>\n<\/tr>\n<tr>\n<td valign=\"center\" width=\"284\">\n<p align=\"justify\">Colores<\/p>\n<\/td>\n<td valign=\"center\" width=\"284\">\n<p align=\"justify\">Costumbre<\/p>\n<\/td>\n<\/tr>\n<tr>\n<td valign=\"center\" width=\"284\">\n<p align=\"justify\">Orden m\u00ednima<\/p>\n<\/td>\n<td valign=\"center\" width=\"284\">\n<p align=\"justify\">100 piezas<\/p>\n<\/td>\n<\/tr>\n<tr>\n<td valign=\"center\" width=\"284\">\n<p align=\"justify\">OEM y ODM<\/p>\n<\/td>\n<td valign=\"center\" width=\"284\">\n<p align=\"justify\">Aceptar<\/p>\n<\/td>\n<\/tr>\n<tr>\n<td valign=\"center\" width=\"284\">\n<p align=\"justify\">Logo<\/p>\n<\/td>\n<td valign=\"center\" width=\"284\">\n<p align=\"justify\">Costumbre<\/p>\n<\/td>\n<\/tr>\n<\/tbody>\n<\/table>\n<\/div>","protected":false},"featured_media":1721,"comment_status":"closed","ping_status":"closed","template":"","meta":{"_seopress_robots_primary_cat":"","_seopress_titles_title":"","_seopress_titles_desc":"","_seopress_robots_index":"","site-sidebar-layout":"default","site-content-layout":"default","ast-site-content-layout":"default","site-content-style":"default","site-sidebar-style":"default","ast-global-header-display":"","ast-banner-title-visibility":"","ast-main-header-display":"","ast-hfb-above-header-display":"","ast-hfb-below-header-display":"","ast-hfb-mobile-header-display":"","site-post-title":"","ast-breadcrumbs-content":"","ast-featured-img":"","footer-sml-layout":"","theme-transparent-header-meta":"default","adv-header-id-meta":"","stick-header-meta":"","header-above-stick-meta":"","header-main-stick-meta":"","header-below-stick-meta":"","astra-migrate-meta-layouts":"default","ast-page-background-enabled":"default","ast-page-background-meta":{"desktop":{"background-color":"","background-image":"","background-repeat":"repeat","background-position":"center center","background-size":"auto","background-attachment":"scroll","background-type":"","background-media":"","overlay-type":"","overlay-color":"","overlay-opacity":"","overlay-gradient":""},"tablet":{"background-color":"","background-image":"","background-repeat":"repeat","background-position":"center center","background-size":"auto","background-attachment":"scroll","background-type":"","background-media":"","overlay-type":"","overlay-color":"","overlay-opacity":"","overlay-gradient":""},"mobile":{"background-color":"","background-image":"","background-repeat":"repeat","background-position":"center center","background-size":"auto","background-attachment":"scroll","background-type":"","background-media":"","overlay-type":"","overlay-color":"","overlay-opacity":"","overlay-gradient":""}},"ast-content-background-meta":{"desktop":{"background-color":"var(--ast-global-color-5)","background-image":"","background-repeat":"repeat","background-position":"center center","background-size":"auto","background-attachment":"scroll","background-type":"","background-media":"","overlay-type":"","overlay-color":"","overlay-opacity":"","overlay-gradient":""},"tablet":{"background-color":"var(--ast-global-color-5)","background-image":"","background-repeat":"repeat","background-position":"center center","background-size":"auto","background-attachment":"scroll","background-type":"","background-media":"","overlay-type":"","overlay-color":"","overlay-opacity":"","overlay-gradient":""},"mobile":{"background-color":"var(--ast-global-color-5)","background-image":"","background-repeat":"repeat","background-position":"center center","background-size":"auto","background-attachment":"scroll","background-type":"","background-media":"","overlay-type":"","overlay-color":"","overlay-opacity":"","overlay-gradient":""}}},"product_brand":[],"product_cat":[35],"product_tag":[],"class_list":{"0":"post-1718","1":"product","2":"type-product","3":"status-publish","4":"has-post-thumbnail","6":"product_cat-canvastotebag","7":"desktop-align-left","8":"tablet-align-left","9":"mobile-align-left","11":"first","12":"instock","13":"shipping-taxable","14":"product-type-simple"},"_links":{"self":[{"href":"https:\/\/precisebag.com\/es\/wp-json\/wp\/v2\/product\/1718","targetHints":{"allow":["GET"]}}],"collection":[{"href":"https:\/\/precisebag.com\/es\/wp-json\/wp\/v2\/product"}],"about":[{"href":"https:\/\/precisebag.com\/es\/wp-json\/wp\/v2\/types\/product"}],"replies":[{"embeddable":true,"href":"https:\/\/precisebag.com\/es\/wp-json\/wp\/v2\/comments?post=1718"}],"wp:featuredmedia":[{"embeddable":true,"href":"https:\/\/precisebag.com\/es\/wp-json\/wp\/v2\/media\/1721"}],"wp:attachment":[{"href":"https:\/\/precisebag.com\/es\/wp-json\/wp\/v2\/media?parent=1718"}],"wp:term":[{"taxonomy":"product_brand","embeddable":true,"href":"https:\/\/precisebag.com\/es\/wp-json\/wp\/v2\/product_brand?post=1718"},{"taxonomy":"product_cat","embeddable":true,"href":"https:\/\/precisebag.com\/es\/wp-json\/wp\/v2\/product_cat?post=1718"},{"taxonomy":"product_tag","embeddable":true,"href":"https:\/\/precisebag.com\/es\/wp-json\/wp\/v2\/product_tag?post=1718"}],"curies":[{"name":"wp","href":"https:\/\/api.w.org\/{rel}","templated":true}]}}