{"id":1725,"date":"2022-04-05T14:10:27","date_gmt":"2022-04-05T14:10:27","guid":{"rendered":"https:\/\/precisebag.com\/?post_type=product&#038;p=1725"},"modified":"2022-04-05T14:10:28","modified_gmt":"2022-04-05T14:10:28","slug":"cotton-tote-bag","status":"publish","type":"product","link":"https:\/\/precisebag.com\/es\/producto\/cotton-tote-bag\/","title":{"rendered":"Bolsa de algod\u00f3n"},"content":{"rendered":"<p>Las bolsas de compras de lona son perfectas para la persona que quiere destacar entre la multitud. \u00a1Est\u00e1n disponibles con muchos estilos diferentes, como estilo bosque o incluso a la moda para combinar con todo!<\/p>\n<p><strong>Descripci\u00f3n del Producto<\/strong><br \/>\n<strong>Bolsas de compras de lona<\/strong>\u00a0se est\u00e1n volviendo cada vez m\u00e1s populares en nuestra vida cotidiana. Hay muchos estilos de bolsas de lona, como el estilo forestal, el estilo literario y la moda que combina con todo.<\/p>\n<p>La mayor\u00eda de los bolsos de lona tienen un estilo m\u00e1s informal. Las rayas horizontales son un estilo muy popular todo el tiempo. Este tipo de bolsa de lona suave e informal es buena para un vestido sencillo. El rojo ladrillo tambi\u00e9n es una buena combinaci\u00f3n, y las rayas horizontales de moda son un estilo primaveral muy bueno, un estilo literario t\u00edpico.<\/p>\n<p>El tama\u00f1o de la bolsa de lona debe ser grande y debe poder contener una computadora port\u00e1til y papel de tama\u00f1o A4. El estilo de la bolsa de lona debe ser simple y no engorroso. La bolsa de lona debe ser f\u00e1cil de transportar, funcional y f\u00e1cil de manejar, y tambi\u00e9n es la principal consideraci\u00f3n para comprar una bolsa de lona. El material de la bolsa de lona es liviano, y la bolsa de lona con hombro y mano es la m\u00e1s pr\u00e1ctica.<\/p>\n<p>El estilo es el medio principal para expresar el estilo de un producto, y tambi\u00e9n puede expresar la compra del cliente.<br \/>\nInspiraci\u00f3n. La bolsa de lona a rayas tiene estilos simples y modernos, colores limpios y hermosos, y se ha convertido en el primer punto brillante para atraer clientes. El buen estilo es la piedra angular de las ventas exitosas. Cuando el estilo est\u00e1 m\u00e1s en l\u00ednea con el cliente, reci\u00e9n comienza el proceso de atenci\u00f3n y evaluaci\u00f3n de telas y mano de obra.<\/p>\n<p>Las telas de lona se usaban para fabricar tiendas de campa\u00f1a militares y paraca\u00eddas en los primeros d\u00edas debido a sus propiedades s\u00f3lidas y duraderas. Con el avance de la ciencia y la tecnolog\u00eda, la tecnolog\u00eda textil ha mejorado mucho, y los tipos de lienzos han aumentado gradualmente y la aplicaci\u00f3n se ha vuelto m\u00e1s extensa. En el siglo XXI, hemos entrado en la era de la protecci\u00f3n del medio ambiente, y el lienzo, un tejido respetuoso con el medio ambiente, ha ganado m\u00e1s reconocimiento y ha llevado nuevos conceptos de moda y ha entrado en el campo de la moda. Los bolsos de lona se han convertido en un art\u00edculo de moda popular.<\/p>\n<p>Sin embargo, cuando las personas compran bolsas de lona, los clientes suelen tener malentendidos. Algunos consumidores piensan que cuanto m\u00e1s gruesa es la tela, mejor es la calidad de la lona, pero no es as\u00ed. La calidad de la tela no tiene nada que ver con el grosor de la tela.<\/p>\n<p>Nuestro material de bolsas de lona ha sido procesado por varias tecnolog\u00edas, por lo que no solo es firme y duradero, sino que tambi\u00e9n tiene una sensaci\u00f3n m\u00e1s delicada, suave y transpirable. La ligereza de la tela tambi\u00e9n reduce el peso de la bolsa de lona pesada original.<\/p>\n<p><strong>Especificaci\u00f3n<\/strong><\/p>\n<div class=\"table_wrap\">\n<table border=\"1\" cellspacing=\"0\">\n<tbody>\n<tr>\n<td valign=\"center\" width=\"284\">\n<p align=\"justify\">Material<\/p>\n<\/td>\n<td valign=\"center\" width=\"284\">\n<p align=\"justify\">Lienzo<\/p>\n<\/td>\n<\/tr>\n<tr>\n<td valign=\"center\" width=\"284\">\n<p align=\"justify\">Tama\u00f1o<\/p>\n<\/td>\n<td valign=\"center\" width=\"284\">\n<p align=\"justify\">Tama\u00f1o grande, tama\u00f1o est\u00e1ndar o personalizado<\/p>\n<\/td>\n<\/tr>\n<tr>\n<td valign=\"center\" width=\"284\">\n<p align=\"justify\">Colores<\/p>\n<\/td>\n<td valign=\"center\" width=\"284\">\n<p align=\"justify\">Costumbre<\/p>\n<\/td>\n<\/tr>\n<tr>\n<td valign=\"center\" width=\"284\">\n<p align=\"justify\">Orden m\u00ednima<\/p>\n<\/td>\n<td valign=\"center\" width=\"284\">\n<p align=\"justify\">100 piezas<\/p>\n<\/td>\n<\/tr>\n<tr>\n<td valign=\"center\" width=\"284\">\n<p align=\"justify\">OEM y ODM<\/p>\n<\/td>\n<td valign=\"center\" width=\"284\">\n<p align=\"justify\">Aceptar<\/p>\n<\/td>\n<\/tr>\n<tr>\n<td valign=\"center\" width=\"284\">\n<p align=\"justify\">Logo<\/p>\n<\/td>\n<td valign=\"center\" width=\"284\">\n<p align=\"justify\">Costumbre<\/p>\n<\/td>\n<\/tr>\n<\/tbody>\n<\/table>\n<\/div>","protected":false},"excerpt":{"rendered":"<p>Las bolsas de compras de lona son perfectas para la persona que quiere destacar entre la multitud. \u00a1Est\u00e1n disponibles con muchos estilos diferentes, como estilo bosque o incluso a la moda para combinar con todo!<\/p>\n<p><strong>Especificaci\u00f3n<\/strong><\/p>\n<div class=\"table_wrap\">\n<table border=\"1\" cellspacing=\"0\">\n<tbody>\n<tr>\n<td valign=\"center\" width=\"284\">\n<p align=\"justify\">Material<\/p>\n<\/td>\n<td valign=\"center\" width=\"284\">\n<p align=\"justify\">Lienzo<\/p>\n<\/td>\n<\/tr>\n<tr>\n<td valign=\"center\" width=\"284\">\n<p align=\"justify\">Tama\u00f1o<\/p>\n<\/td>\n<td valign=\"center\" width=\"284\">\n<p align=\"justify\">Tama\u00f1o grande, tama\u00f1o est\u00e1ndar o personalizado<\/p>\n<\/td>\n<\/tr>\n<tr>\n<td valign=\"center\" width=\"284\">\n<p align=\"justify\">Colores<\/p>\n<\/td>\n<td valign=\"center\" width=\"284\">\n<p align=\"justify\">Costumbre<\/p>\n<\/td>\n<\/tr>\n<tr>\n<td valign=\"center\" width=\"284\">\n<p align=\"justify\">Orden m\u00ednima<\/p>\n<\/td>\n<td valign=\"center\" width=\"284\">\n<p align=\"justify\">100 piezas<\/p>\n<\/td>\n<\/tr>\n<tr>\n<td valign=\"center\" width=\"284\">\n<p align=\"justify\">OEM y ODM<\/p>\n<\/td>\n<td valign=\"center\" width=\"284\">\n<p align=\"justify\">Aceptar<\/p>\n<\/td>\n<\/tr>\n<tr>\n<td valign=\"center\" width=\"284\">\n<p align=\"justify\">Logo<\/p>\n<\/td>\n<td valign=\"center\" width=\"284\">\n<p align=\"justify\">Costumbre<\/p>\n<\/td>\n<\/tr>\n<\/tbody>\n<\/table>\n<\/div>","protected":false},"featured_media":1727,"comment_status":"closed","ping_status":"closed","template":"","meta":{"_seopress_robots_primary_cat":"","_seopress_titles_title":"","_seopress_titles_desc":"","_seopress_robots_index":"","site-sidebar-layout":"default","site-content-layout":"default","ast-site-content-layout":"default","site-content-style":"default","site-sidebar-style":"default","ast-global-header-display":"","ast-banner-title-visibility":"","ast-main-header-display":"","ast-hfb-above-header-display":"","ast-hfb-below-header-display":"","ast-hfb-mobile-header-display":"","site-post-title":"","ast-breadcrumbs-content":"","ast-featured-img":"","footer-sml-layout":"","theme-transparent-header-meta":"default","adv-header-id-meta":"","stick-header-meta":"","header-above-stick-meta":"","header-main-stick-meta":"","header-below-stick-meta":"","astra-migrate-meta-layouts":"default","ast-page-background-enabled":"default","ast-page-background-meta":{"desktop":{"background-color":"","background-image":"","background-repeat":"repeat","background-position":"center center","background-size":"auto","background-attachment":"scroll","background-type":"","background-media":"","overlay-type":"","overlay-color":"","overlay-opacity":"","overlay-gradient":""},"tablet":{"background-color":"","background-image":"","background-repeat":"repeat","background-position":"center center","background-size":"auto","background-attachment":"scroll","background-type":"","background-media":"","overlay-type":"","overlay-color":"","overlay-opacity":"","overlay-gradient":""},"mobile":{"background-color":"","background-image":"","background-repeat":"repeat","background-position":"center center","background-size":"auto","background-attachment":"scroll","background-type":"","background-media":"","overlay-type":"","overlay-color":"","overlay-opacity":"","overlay-gradient":""}},"ast-content-background-meta":{"desktop":{"background-color":"var(--ast-global-color-5)","background-image":"","background-repeat":"repeat","background-position":"center center","background-size":"auto","background-attachment":"scroll","background-type":"","background-media":"","overlay-type":"","overlay-color":"","overlay-opacity":"","overlay-gradient":""},"tablet":{"background-color":"var(--ast-global-color-5)","background-image":"","background-repeat":"repeat","background-position":"center center","background-size":"auto","background-attachment":"scroll","background-type":"","background-media":"","overlay-type":"","overlay-color":"","overlay-opacity":"","overlay-gradient":""},"mobile":{"background-color":"var(--ast-global-color-5)","background-image":"","background-repeat":"repeat","background-position":"center center","background-size":"auto","background-attachment":"scroll","background-type":"","background-media":"","overlay-type":"","overlay-color":"","overlay-opacity":"","overlay-gradient":""}}},"product_brand":[],"product_cat":[35],"product_tag":[],"class_list":{"0":"post-1725","1":"product","2":"type-product","3":"status-publish","4":"has-post-thumbnail","6":"product_cat-canvastotebag","7":"desktop-align-left","8":"tablet-align-left","9":"mobile-align-left","11":"first","12":"instock","13":"shipping-taxable","14":"product-type-simple"},"_links":{"self":[{"href":"https:\/\/precisebag.com\/es\/wp-json\/wp\/v2\/product\/1725","targetHints":{"allow":["GET"]}}],"collection":[{"href":"https:\/\/precisebag.com\/es\/wp-json\/wp\/v2\/product"}],"about":[{"href":"https:\/\/precisebag.com\/es\/wp-json\/wp\/v2\/types\/product"}],"replies":[{"embeddable":true,"href":"https:\/\/precisebag.com\/es\/wp-json\/wp\/v2\/comments?post=1725"}],"wp:featuredmedia":[{"embeddable":true,"href":"https:\/\/precisebag.com\/es\/wp-json\/wp\/v2\/media\/1727"}],"wp:attachment":[{"href":"https:\/\/precisebag.com\/es\/wp-json\/wp\/v2\/media?parent=1725"}],"wp:term":[{"taxonomy":"product_brand","embeddable":true,"href":"https:\/\/precisebag.com\/es\/wp-json\/wp\/v2\/product_brand?post=1725"},{"taxonomy":"product_cat","embeddable":true,"href":"https:\/\/precisebag.com\/es\/wp-json\/wp\/v2\/product_cat?post=1725"},{"taxonomy":"product_tag","embeddable":true,"href":"https:\/\/precisebag.com\/es\/wp-json\/wp\/v2\/product_tag?post=1725"}],"curies":[{"name":"wp","href":"https:\/\/api.w.org\/{rel}","templated":true}]}}