{"id":1731,"date":"2022-04-05T14:16:36","date_gmt":"2022-04-05T14:16:36","guid":{"rendered":"https:\/\/precisebag.com\/?post_type=product&#038;p=1731"},"modified":"2022-04-05T14:16:37","modified_gmt":"2022-04-05T14:16:37","slug":"eco-friendly-canvas-tote-bag","status":"publish","type":"product","link":"https:\/\/precisebag.com\/es\/producto\/eco-friendly-canvas-tote-bag\/","title":{"rendered":"Bolso tote de lona ecol\u00f3gico"},"content":{"rendered":"<p>Las bolsas de lona vienen en tres tipos: algod\u00f3n poli\u00e9ster, algod\u00f3n puro o un h\u00edbrido de los dos; estos se dividen seg\u00fan tengan revestimiento interior y revestimiento exterior. Tambi\u00e9n hay una versi\u00f3n de bolso de hombro individual para aquellos que prefieren no llevar art\u00edculos pesados en un brazo, as\u00ed como estilo de hombro doble (poli\u00e9ster) si necesita m\u00e1s espacio pero no quiere que nada voluminoso se derrame alrededor de sus manos cuando camina por calles concurridas. La \u00faltima opci\u00f3n disponible ser\u00edan los bolsos que pueden tener cierre de cremallera como lo hacen muchas mujeres hoy en d\u00eda debido a su comodidad, aunque parezca anticuado.<\/p>\n<p><strong>Descripci\u00f3n del Producto<\/strong><br \/>\nLas bolsas de lona se pueden dividir en tres tipos seg\u00fan el material, algod\u00f3n poli\u00e9ster, algod\u00f3n puro y poli\u00e9ster puro; Los bolsos de lona se dividen en un solo hombro, doble hombro y bolso de mano de acuerdo con el m\u00e9todo de la espalda. El bolso de lona es un bolso popular en los \u00faltimos a\u00f1os porque es duradero y tiene un sentimiento nost\u00e1lgico despu\u00e9s de verlo. Es la tendencia de la moda actual. Y hay diferentes tipos seg\u00fan los diferentes grupos de personas. Hay estilos de monta\u00f1ismo, viajes y ocio.<\/p>\n<p>Los colores de las bolsas de lona tambi\u00e9n son muy diversos. Los hay de un solo color o una combinaci\u00f3n de colores. Son bolsos que combinan m\u00e1s libremente. Con m\u00e1s y m\u00e1s elementos de dise\u00f1o de bolsas de lona, la bolsa de lona se ha convertido en una moda de moda. El bolso de lona es la nueva moda actual para las personas. Las bolsas de supermercado de lona son b\u00e1sicamente vers\u00e1tiles y pueden combinar con cualquier ropa. La bolsa de lona mon\u00f3tona es el art\u00edculo m\u00e1s com\u00fan, aunque es muy pr\u00e1ctica, pero creo que a veces te aburrir\u00e1s, entonces tambi\u00e9n puedes elegir una bolsa de lona estampada de colores brillantes para ir de compras.<\/p>\n<p>La bolsa de lona es resistente y duradera, en consonancia con la moda de los entusiastas de los viajes. La bolsa de lona est\u00e1 hecha de lona de arpillera. La caracter\u00edstica m\u00e1s importante es que es duradero. Muchas personas tambi\u00e9n prefieren su naturaleza vers\u00e1til y se puede combinar con cualquier ropa. El dise\u00f1o casual \u00fanico de la bolsa de lona, y el adorno exterior y la calidad interior m\u00e1s actuales, se ha convertido en la moda de moda para los j\u00f3venes.<\/p>\n<p>La mayor ventaja de las bolsas de lona es que son duraderas y los patrones de la bolsa son creativos. Las bolsas de lona son f\u00e1ciles de usar y lucen bien y el precio es relativamente econ\u00f3mico. Generalmente, puedes comprar uno por m\u00e1s de diez d\u00f3lares, pero si vas a comprarlos en alguna marca famosa, tambi\u00e9n es muy caro. Despu\u00e9s de todo, sus marcas valen mucho dinero. La bolsa tambi\u00e9n es un tipo de bolsa econ\u00f3mica y asequible. Aceptamos tu propio dise\u00f1o, lo que significa que puedes tener tus propias bolsas de lona con poco dinero. \u00a1Por favor cons\u00faltenos!<\/p>\n<p><strong>Especificaci\u00f3n<\/strong><\/p>\n<div class=\"table_wrap\">\n<table border=\"1\" cellspacing=\"0\">\n<tbody>\n<tr>\n<td valign=\"center\" width=\"284\">\n<p align=\"justify\">Material<\/p>\n<\/td>\n<td valign=\"center\" width=\"284\">\n<p align=\"justify\">Lienzo<\/p>\n<\/td>\n<\/tr>\n<tr>\n<td valign=\"center\" width=\"284\">\n<p align=\"justify\">Tama\u00f1o<\/p>\n<\/td>\n<td valign=\"center\" width=\"284\">\n<p align=\"justify\">Tama\u00f1o grande, tama\u00f1o est\u00e1ndar o personalizado<\/p>\n<\/td>\n<\/tr>\n<tr>\n<td valign=\"center\" width=\"284\">\n<p align=\"justify\">Colores<\/p>\n<\/td>\n<td valign=\"center\" width=\"284\">\n<p align=\"justify\">Costumbre<\/p>\n<\/td>\n<\/tr>\n<tr>\n<td valign=\"center\" width=\"284\">\n<p align=\"justify\">Orden m\u00ednima<\/p>\n<\/td>\n<td valign=\"center\" width=\"284\">\n<p align=\"justify\">100 piezas<\/p>\n<\/td>\n<\/tr>\n<tr>\n<td valign=\"center\" width=\"284\">\n<p align=\"justify\">OEM y ODM<\/p>\n<\/td>\n<td valign=\"center\" width=\"284\">\n<p align=\"justify\">Aceptar<\/p>\n<\/td>\n<\/tr>\n<tr>\n<td valign=\"center\" width=\"284\">\n<p align=\"justify\">Logo<\/p>\n<\/td>\n<td valign=\"center\" width=\"284\">\n<p align=\"justify\">Costumbre<\/p>\n<\/td>\n<\/tr>\n<\/tbody>\n<\/table>\n<\/div>","protected":false},"excerpt":{"rendered":"<p>Las bolsas de lona vienen en tres tipos: algod\u00f3n poli\u00e9ster, algod\u00f3n puro o un h\u00edbrido de los dos; estos se dividen seg\u00fan tengan revestimiento interior y revestimiento exterior. Tambi\u00e9n hay una versi\u00f3n de bolso de hombro individual para aquellos que prefieren no llevar art\u00edculos pesados en un brazo, as\u00ed como estilo de hombro doble (poli\u00e9ster) si necesita m\u00e1s espacio pero no quiere que nada voluminoso se derrame alrededor de sus manos cuando camina por calles concurridas. La \u00faltima opci\u00f3n disponible ser\u00edan los bolsos que pueden tener cierre de cremallera como lo hacen muchas mujeres hoy en d\u00eda debido a su comodidad, aunque parezca anticuado.<\/p>\n<p><strong>Especificaci\u00f3n<\/strong><\/p>\n<div class=\"table_wrap\">\n<table border=\"1\" cellspacing=\"0\">\n<tbody>\n<tr>\n<td valign=\"center\" width=\"284\">\n<p align=\"justify\">Material<\/p>\n<\/td>\n<td valign=\"center\" width=\"284\">\n<p align=\"justify\">Lienzo<\/p>\n<\/td>\n<\/tr>\n<tr>\n<td valign=\"center\" width=\"284\">\n<p align=\"justify\">Tama\u00f1o<\/p>\n<\/td>\n<td valign=\"center\" width=\"284\">\n<p align=\"justify\">Tama\u00f1o grande, tama\u00f1o est\u00e1ndar o personalizado<\/p>\n<\/td>\n<\/tr>\n<tr>\n<td valign=\"center\" width=\"284\">\n<p align=\"justify\">Colores<\/p>\n<\/td>\n<td valign=\"center\" width=\"284\">\n<p align=\"justify\">Costumbre<\/p>\n<\/td>\n<\/tr>\n<tr>\n<td valign=\"center\" width=\"284\">\n<p align=\"justify\">Orden m\u00ednima<\/p>\n<\/td>\n<td valign=\"center\" width=\"284\">\n<p align=\"justify\">100 piezas<\/p>\n<\/td>\n<\/tr>\n<tr>\n<td valign=\"center\" width=\"284\">\n<p align=\"justify\">OEM y ODM<\/p>\n<\/td>\n<td valign=\"center\" width=\"284\">\n<p align=\"justify\">Aceptar<\/p>\n<\/td>\n<\/tr>\n<tr>\n<td valign=\"center\" width=\"284\">\n<p align=\"justify\">Logo<\/p>\n<\/td>\n<td valign=\"center\" width=\"284\">\n<p align=\"justify\">Costumbre<\/p>\n<\/td>\n<\/tr>\n<\/tbody>\n<\/table>\n<\/div>","protected":false},"featured_media":1733,"comment_status":"closed","ping_status":"closed","template":"","meta":{"_seopress_robots_primary_cat":"","_seopress_titles_title":"","_seopress_titles_desc":"","_seopress_robots_index":"","site-sidebar-layout":"default","site-content-layout":"default","ast-site-content-layout":"default","site-content-style":"default","site-sidebar-style":"default","ast-global-header-display":"","ast-banner-title-visibility":"","ast-main-header-display":"","ast-hfb-above-header-display":"","ast-hfb-below-header-display":"","ast-hfb-mobile-header-display":"","site-post-title":"","ast-breadcrumbs-content":"","ast-featured-img":"","footer-sml-layout":"","theme-transparent-header-meta":"default","adv-header-id-meta":"","stick-header-meta":"","header-above-stick-meta":"","header-main-stick-meta":"","header-below-stick-meta":"","astra-migrate-meta-layouts":"default","ast-page-background-enabled":"default","ast-page-background-meta":{"desktop":{"background-color":"","background-image":"","background-repeat":"repeat","background-position":"center center","background-size":"auto","background-attachment":"scroll","background-type":"","background-media":"","overlay-type":"","overlay-color":"","overlay-opacity":"","overlay-gradient":""},"tablet":{"background-color":"","background-image":"","background-repeat":"repeat","background-position":"center center","background-size":"auto","background-attachment":"scroll","background-type":"","background-media":"","overlay-type":"","overlay-color":"","overlay-opacity":"","overlay-gradient":""},"mobile":{"background-color":"","background-image":"","background-repeat":"repeat","background-position":"center center","background-size":"auto","background-attachment":"scroll","background-type":"","background-media":"","overlay-type":"","overlay-color":"","overlay-opacity":"","overlay-gradient":""}},"ast-content-background-meta":{"desktop":{"background-color":"var(--ast-global-color-5)","background-image":"","background-repeat":"repeat","background-position":"center center","background-size":"auto","background-attachment":"scroll","background-type":"","background-media":"","overlay-type":"","overlay-color":"","overlay-opacity":"","overlay-gradient":""},"tablet":{"background-color":"var(--ast-global-color-5)","background-image":"","background-repeat":"repeat","background-position":"center center","background-size":"auto","background-attachment":"scroll","background-type":"","background-media":"","overlay-type":"","overlay-color":"","overlay-opacity":"","overlay-gradient":""},"mobile":{"background-color":"var(--ast-global-color-5)","background-image":"","background-repeat":"repeat","background-position":"center center","background-size":"auto","background-attachment":"scroll","background-type":"","background-media":"","overlay-type":"","overlay-color":"","overlay-opacity":"","overlay-gradient":""}}},"product_brand":[],"product_cat":[35],"product_tag":[],"class_list":{"0":"post-1731","1":"product","2":"type-product","3":"status-publish","4":"has-post-thumbnail","6":"product_cat-canvastotebag","7":"desktop-align-left","8":"tablet-align-left","9":"mobile-align-left","11":"first","12":"instock","13":"shipping-taxable","14":"product-type-simple"},"_links":{"self":[{"href":"https:\/\/precisebag.com\/es\/wp-json\/wp\/v2\/product\/1731","targetHints":{"allow":["GET"]}}],"collection":[{"href":"https:\/\/precisebag.com\/es\/wp-json\/wp\/v2\/product"}],"about":[{"href":"https:\/\/precisebag.com\/es\/wp-json\/wp\/v2\/types\/product"}],"replies":[{"embeddable":true,"href":"https:\/\/precisebag.com\/es\/wp-json\/wp\/v2\/comments?post=1731"}],"wp:featuredmedia":[{"embeddable":true,"href":"https:\/\/precisebag.com\/es\/wp-json\/wp\/v2\/media\/1733"}],"wp:attachment":[{"href":"https:\/\/precisebag.com\/es\/wp-json\/wp\/v2\/media?parent=1731"}],"wp:term":[{"taxonomy":"product_brand","embeddable":true,"href":"https:\/\/precisebag.com\/es\/wp-json\/wp\/v2\/product_brand?post=1731"},{"taxonomy":"product_cat","embeddable":true,"href":"https:\/\/precisebag.com\/es\/wp-json\/wp\/v2\/product_cat?post=1731"},{"taxonomy":"product_tag","embeddable":true,"href":"https:\/\/precisebag.com\/es\/wp-json\/wp\/v2\/product_tag?post=1731"}],"curies":[{"name":"wp","href":"https:\/\/api.w.org\/{rel}","templated":true}]}}