{"id":2859,"date":"2022-09-08T11:14:21","date_gmt":"2022-09-08T11:14:21","guid":{"rendered":"https:\/\/precisebag.com\/?post_type=product&#038;p=2859"},"modified":"2022-09-08T11:16:28","modified_gmt":"2022-09-08T11:16:28","slug":"lightweight-travel-sport-floating-waterproof-dry-bag-with-logo","status":"publish","type":"product","link":"https:\/\/precisebag.com\/es\/producto\/lightweight-travel-sport-floating-waterproof-dry-bag-with-logo\/","title":{"rendered":"Bolsa seca impermeable flotante deportiva de viaje ligera con logotipo"},"content":{"rendered":"<h2><strong><b>Detalles R\u00e1pidos<\/b><\/strong><\/h2>\n<ul>\n<li>Lugar de origen: Jiangsu, China<\/li>\n<li>Nombre de la marca: oem\/odm<\/li>\n<li>Nombre del producto: Bolsa seca impermeable<\/li>\n<li>Material: PVC\/TUP\/nailon<\/li>\n<li>Uso: Acampar al aire libre Senderismo Viajar<\/li>\n<li>Color: Color personalizado<\/li>\n<li>Caracter\u00edstica: a prueba de agua<\/li>\n<li>Logotipo: logotipo del cliente<\/li>\n<li>MOQ: 300<\/li>\n<li>Tama\u00f1o: 5L\/10L\/15L\/20L\/30L\/40L\/50L, etc.<\/li>\n<li>muestra: disponible<\/li>\n<\/ul>\n<h2>Caracter\u00edsticas<\/h2>\n<ul>\n<li>La mochila Dry Bag est\u00e1 fabricada con un material resistente al agua que es resistente a los ara\u00f1azos y de alto rendimiento, lo que garantiza que no entre agua desde la parte superior del saco seco para mantener su equipo de campamento seco durante la aventura. Su mochila impermeable y seca est\u00e1 doblemente reforzada en todos los principales puntos de presi\u00f3n para que sea lo suficientemente duradera y resistente al desgaste. Definitivamente ser\u00eda su elecci\u00f3n para cualquier entorno dif\u00edcil que pueda encontrar.<\/li>\n<li>Conecte la hebilla superior y estire la correa para evitar que su equipo se moje. Cada bolsa seca proporciona un agarre firme y ancho para su comodidad. Dise\u00f1o humanizado: nuestra nueva mochila seca especial viene en una selecci\u00f3n de 4 colores diferentes, cada uno de los cuales presenta el sistema de transporte con dise\u00f1o de panal. Se trata de un sistema personalizable y c\u00f3modo que apoya la espalda a trav\u00e9s de un dise\u00f1o mec\u00e1nico ergon\u00f3mico para hacer m\u00e1s agradable la experiencia del usuario. Adem\u00e1s, tambi\u00e9n colocamos la tira reflectante en esta bolsa seca impermeable, que es muy visible por la noche o en condiciones de poca luz. Eso significa que su seguridad est\u00e1 asegurada.<\/li>\n<li>Bolsillo exterior y bolsillo interior: su mochila impermeable viene con una bolsa exterior a prueba de salpicaduras y una bolsa interior que le permite mantener sus cosas organizadas para una mayor comodidad. La bolsa exterior frontal de esta bolsa seca contiene elementos esenciales como un cuchillo, una linterna y objetos personales para su acceso r\u00e1pido en caso de emergencia. La bolsa interior ayuda a almacenar esos art\u00edculos de alto valor para evitar que los roben, como tel\u00e9fonos, tarjetas, billetera.<\/li>\n<li>Multiusos: nuestra bolsa seca impermeable es perfecta para una gran variedad de actividades al aire libre, como senderismo, camping, escalada, ciclismo, incluso deportes acu\u00e1ticos como flotar, kayak, nataci\u00f3n, rafting, canotaje, pirag\u00fcismo, pesca, surf, remo... todo adecuado!<\/li>\n<\/ul>\n<p><img fetchpriority=\"high\" decoding=\"async\" class=\"alignnone size-full wp-image-2870\" src=\"https:\/\/precisebag.com\/wp-content\/uploads\/2022\/09\/\u8be6\u60c5\u98751.webp\" alt=\"bolsa seca impermeable flotante deportiva de viaje ligera con logotipo\" width=\"790\" height=\"975\" srcset=\"https:\/\/precisebag.com\/wp-content\/uploads\/2022\/09\/\u8be6\u60c5\u98751.webp 790w, https:\/\/precisebag.com\/wp-content\/uploads\/2022\/09\/\u8be6\u60c5\u98751-243x300.webp 243w, https:\/\/precisebag.com\/wp-content\/uploads\/2022\/09\/\u8be6\u60c5\u98751-768x948.webp 768w, https:\/\/precisebag.com\/wp-content\/uploads\/2022\/09\/\u8be6\u60c5\u98751-10x12.webp 10w, https:\/\/precisebag.com\/wp-content\/uploads\/2022\/09\/\u8be6\u60c5\u98751-600x741.webp 600w\" sizes=\"(max-width: 790px) 100vw, 790px\" \/> <img decoding=\"async\" class=\"alignnone size-full wp-image-2869\" src=\"https:\/\/precisebag.com\/wp-content\/uploads\/2022\/09\/Lightweight-Travel-Sport-Floating-Waterproof-Dry-Bag-with-Logo-4.webp\" alt=\"bolsa seca impermeable flotante deportiva de viaje ligera con logotipo\" width=\"790\" height=\"958\" srcset=\"https:\/\/precisebag.com\/wp-content\/uploads\/2022\/09\/Lightweight-Travel-Sport-Floating-Waterproof-Dry-Bag-with-Logo-4.webp 790w, https:\/\/precisebag.com\/wp-content\/uploads\/2022\/09\/Lightweight-Travel-Sport-Floating-Waterproof-Dry-Bag-with-Logo-4-247x300.webp 247w, https:\/\/precisebag.com\/wp-content\/uploads\/2022\/09\/Lightweight-Travel-Sport-Floating-Waterproof-Dry-Bag-with-Logo-4-768x931.webp 768w, https:\/\/precisebag.com\/wp-content\/uploads\/2022\/09\/Lightweight-Travel-Sport-Floating-Waterproof-Dry-Bag-with-Logo-4-10x12.webp 10w, https:\/\/precisebag.com\/wp-content\/uploads\/2022\/09\/Lightweight-Travel-Sport-Floating-Waterproof-Dry-Bag-with-Logo-4-600x728.webp 600w\" sizes=\"(max-width: 790px) 100vw, 790px\" \/> <img decoding=\"async\" class=\"alignnone size-full wp-image-2867\" src=\"https:\/\/precisebag.com\/wp-content\/uploads\/2022\/09\/Lightweight-Travel-Sport-Floating-Waterproof-Dry-Bag-with-Logo-3.webp\" alt=\"bolsa seca impermeable flotante deportiva de viaje ligera con logotipo\" width=\"790\" height=\"2261\" srcset=\"https:\/\/precisebag.com\/wp-content\/uploads\/2022\/09\/Lightweight-Travel-Sport-Floating-Waterproof-Dry-Bag-with-Logo-3.webp 790w, https:\/\/precisebag.com\/wp-content\/uploads\/2022\/09\/Lightweight-Travel-Sport-Floating-Waterproof-Dry-Bag-with-Logo-3-105x300.webp 105w, https:\/\/precisebag.com\/wp-content\/uploads\/2022\/09\/Lightweight-Travel-Sport-Floating-Waterproof-Dry-Bag-with-Logo-3-358x1024.webp 358w, https:\/\/precisebag.com\/wp-content\/uploads\/2022\/09\/Lightweight-Travel-Sport-Floating-Waterproof-Dry-Bag-with-Logo-3-768x2198.webp 768w, https:\/\/precisebag.com\/wp-content\/uploads\/2022\/09\/Lightweight-Travel-Sport-Floating-Waterproof-Dry-Bag-with-Logo-3-537x1536.webp 537w, https:\/\/precisebag.com\/wp-content\/uploads\/2022\/09\/Lightweight-Travel-Sport-Floating-Waterproof-Dry-Bag-with-Logo-3-716x2048.webp 716w, https:\/\/precisebag.com\/wp-content\/uploads\/2022\/09\/Lightweight-Travel-Sport-Floating-Waterproof-Dry-Bag-with-Logo-3-4x12.webp 4w, https:\/\/precisebag.com\/wp-content\/uploads\/2022\/09\/Lightweight-Travel-Sport-Floating-Waterproof-Dry-Bag-with-Logo-3-600x1717.webp 600w\" sizes=\"(max-width: 790px) 100vw, 790px\" \/> <img loading=\"lazy\" decoding=\"async\" class=\"alignnone size-full wp-image-2865\" src=\"https:\/\/precisebag.com\/wp-content\/uploads\/2022\/09\/Lightweight-Travel-Sport-Floating-Waterproof-Dry-Bag-with-Logo-2.webp\" alt=\"bolsa seca impermeable flotante deportiva de viaje ligera con logotipo\" width=\"790\" height=\"1728\" srcset=\"https:\/\/precisebag.com\/wp-content\/uploads\/2022\/09\/Lightweight-Travel-Sport-Floating-Waterproof-Dry-Bag-with-Logo-2.webp 790w, https:\/\/precisebag.com\/wp-content\/uploads\/2022\/09\/Lightweight-Travel-Sport-Floating-Waterproof-Dry-Bag-with-Logo-2-137x300.webp 137w, https:\/\/precisebag.com\/wp-content\/uploads\/2022\/09\/Lightweight-Travel-Sport-Floating-Waterproof-Dry-Bag-with-Logo-2-468x1024.webp 468w, https:\/\/precisebag.com\/wp-content\/uploads\/2022\/09\/Lightweight-Travel-Sport-Floating-Waterproof-Dry-Bag-with-Logo-2-768x1680.webp 768w, https:\/\/precisebag.com\/wp-content\/uploads\/2022\/09\/Lightweight-Travel-Sport-Floating-Waterproof-Dry-Bag-with-Logo-2-702x1536.webp 702w, https:\/\/precisebag.com\/wp-content\/uploads\/2022\/09\/Lightweight-Travel-Sport-Floating-Waterproof-Dry-Bag-with-Logo-2-5x12.webp 5w, https:\/\/precisebag.com\/wp-content\/uploads\/2022\/09\/Lightweight-Travel-Sport-Floating-Waterproof-Dry-Bag-with-Logo-2-600x1312.webp 600w\" sizes=\"(max-width: 790px) 100vw, 790px\" \/> <img loading=\"lazy\" decoding=\"async\" class=\"alignnone size-full wp-image-2863\" src=\"https:\/\/precisebag.com\/wp-content\/uploads\/2022\/09\/Lightweight-Travel-Sport-Floating-Waterproof-Dry-Bag-with-Logo-1.webp\" alt=\"bolsa seca impermeable flotante deportiva de viaje ligera con logotipo\" width=\"790\" height=\"1479\" srcset=\"https:\/\/precisebag.com\/wp-content\/uploads\/2022\/09\/Lightweight-Travel-Sport-Floating-Waterproof-Dry-Bag-with-Logo-1.webp 790w, https:\/\/precisebag.com\/wp-content\/uploads\/2022\/09\/Lightweight-Travel-Sport-Floating-Waterproof-Dry-Bag-with-Logo-1-160x300.webp 160w, https:\/\/precisebag.com\/wp-content\/uploads\/2022\/09\/Lightweight-Travel-Sport-Floating-Waterproof-Dry-Bag-with-Logo-1-547x1024.webp 547w, https:\/\/precisebag.com\/wp-content\/uploads\/2022\/09\/Lightweight-Travel-Sport-Floating-Waterproof-Dry-Bag-with-Logo-1-768x1438.webp 768w, https:\/\/precisebag.com\/wp-content\/uploads\/2022\/09\/Lightweight-Travel-Sport-Floating-Waterproof-Dry-Bag-with-Logo-1-6x12.webp 6w, https:\/\/precisebag.com\/wp-content\/uploads\/2022\/09\/Lightweight-Travel-Sport-Floating-Waterproof-Dry-Bag-with-Logo-1-600x1123.webp 600w\" sizes=\"(max-width: 790px) 100vw, 790px\" \/><\/p>","protected":false},"excerpt":{"rendered":"<p>La bolsa impermeable ligera flotante deportiva de viaje con logotipo es una bolsa seca perfecta para cualquier actividad acu\u00e1tica. Est\u00e1 hecho de un material liviano que no te pesar\u00e1 cuando est\u00e1 mojado y tiene un cierre fuerte para mantener tus pertenencias secas. La bolsa tambi\u00e9n flota, por lo que es perfecta para nadar o navegar. La bolsa seca impermeable ligera para viajes deportivos flotantes con logotipo tambi\u00e9n es ideal para practicar senderismo o acampar, ya que es liviana y f\u00e1cil de transportar. Este bolso es imprescindible para cualquiera que ame pasar tiempo al aire libre.<\/p>","protected":false},"featured_media":2866,"comment_status":"closed","ping_status":"closed","template":"","meta":{"_seopress_robots_primary_cat":"none","_seopress_titles_title":"","_seopress_titles_desc":"","_seopress_robots_index":"","site-sidebar-layout":"default","site-content-layout":"default","ast-site-content-layout":"default","site-content-style":"default","site-sidebar-style":"default","ast-global-header-display":"","ast-banner-title-visibility":"","ast-main-header-display":"","ast-hfb-above-header-display":"","ast-hfb-below-header-display":"","ast-hfb-mobile-header-display":"","site-post-title":"","ast-breadcrumbs-content":"","ast-featured-img":"","footer-sml-layout":"","theme-transparent-header-meta":"default","adv-header-id-meta":"","stick-header-meta":"","header-above-stick-meta":"","header-main-stick-meta":"","header-below-stick-meta":"","astra-migrate-meta-layouts":"default","ast-page-background-enabled":"default","ast-page-background-meta":{"desktop":{"background-color":"","background-image":"","background-repeat":"repeat","background-position":"center center","background-size":"auto","background-attachment":"scroll","background-type":"","background-media":"","overlay-type":"","overlay-color":"","overlay-opacity":"","overlay-gradient":""},"tablet":{"background-color":"","background-image":"","background-repeat":"repeat","background-position":"center center","background-size":"auto","background-attachment":"scroll","background-type":"","background-media":"","overlay-type":"","overlay-color":"","overlay-opacity":"","overlay-gradient":""},"mobile":{"background-color":"","background-image":"","background-repeat":"repeat","background-position":"center center","background-size":"auto","background-attachment":"scroll","background-type":"","background-media":"","overlay-type":"","overlay-color":"","overlay-opacity":"","overlay-gradient":""}},"ast-content-background-meta":{"desktop":{"background-color":"var(--ast-global-color-5)","background-image":"","background-repeat":"repeat","background-position":"center center","background-size":"auto","background-attachment":"scroll","background-type":"","background-media":"","overlay-type":"","overlay-color":"","overlay-opacity":"","overlay-gradient":""},"tablet":{"background-color":"var(--ast-global-color-5)","background-image":"","background-repeat":"repeat","background-position":"center center","background-size":"auto","background-attachment":"scroll","background-type":"","background-media":"","overlay-type":"","overlay-color":"","overlay-opacity":"","overlay-gradient":""},"mobile":{"background-color":"var(--ast-global-color-5)","background-image":"","background-repeat":"repeat","background-position":"center center","background-size":"auto","background-attachment":"scroll","background-type":"","background-media":"","overlay-type":"","overlay-color":"","overlay-opacity":"","overlay-gradient":""}}},"product_brand":[],"product_cat":[40],"product_tag":[],"class_list":{"0":"post-2859","1":"product","2":"type-product","3":"status-publish","4":"has-post-thumbnail","6":"product_cat-drybag","7":"desktop-align-left","8":"tablet-align-left","9":"mobile-align-left","11":"first","12":"instock","13":"shipping-taxable","14":"product-type-simple"},"_links":{"self":[{"href":"https:\/\/precisebag.com\/es\/wp-json\/wp\/v2\/product\/2859","targetHints":{"allow":["GET"]}}],"collection":[{"href":"https:\/\/precisebag.com\/es\/wp-json\/wp\/v2\/product"}],"about":[{"href":"https:\/\/precisebag.com\/es\/wp-json\/wp\/v2\/types\/product"}],"replies":[{"embeddable":true,"href":"https:\/\/precisebag.com\/es\/wp-json\/wp\/v2\/comments?post=2859"}],"wp:featuredmedia":[{"embeddable":true,"href":"https:\/\/precisebag.com\/es\/wp-json\/wp\/v2\/media\/2866"}],"wp:attachment":[{"href":"https:\/\/precisebag.com\/es\/wp-json\/wp\/v2\/media?parent=2859"}],"wp:term":[{"taxonomy":"product_brand","embeddable":true,"href":"https:\/\/precisebag.com\/es\/wp-json\/wp\/v2\/product_brand?post=2859"},{"taxonomy":"product_cat","embeddable":true,"href":"https:\/\/precisebag.com\/es\/wp-json\/wp\/v2\/product_cat?post=2859"},{"taxonomy":"product_tag","embeddable":true,"href":"https:\/\/precisebag.com\/es\/wp-json\/wp\/v2\/product_tag?post=2859"}],"curies":[{"name":"wp","href":"https:\/\/api.w.org\/{rel}","templated":true}]}}