{"id":2885,"date":"2022-09-08T11:32:02","date_gmt":"2022-09-08T11:32:02","guid":{"rendered":"https:\/\/precisebag.com\/?post_type=product&#038;p=2885"},"modified":"2022-09-08T11:32:05","modified_gmt":"2022-09-08T11:32:05","slug":"recycled-roll-top-zipper-picnic-kayaking-camping-hiking-swimming-floating-pvc-waterproof-dry-bag","status":"publish","type":"product","link":"https:\/\/precisebag.com\/es\/producto\/recycled-roll-top-zipper-picnic-kayaking-camping-hiking-swimming-floating-pvc-waterproof-dry-bag\/","title":{"rendered":"Reciclado Roll Top Zipper Picnic Kayak Camping Senderismo Nataci\u00f3n Bolsa seca impermeable de PVC flotante"},"content":{"rendered":"<h2><strong><b>Detalles R\u00e1pidos<\/b><\/strong><\/h2>\n<ul>\n<li>Lugar de origen: Jiangsu, China<\/li>\n<li>Nombre de la marca: oem\/odm<\/li>\n<li>Nombre del producto: Bolsa seca impermeable<\/li>\n<li>Material: PVC\/TUP\/nailon<\/li>\n<li>Uso: Acampar al aire libre Senderismo Viajar<\/li>\n<li>Color: Color personalizado<\/li>\n<li>Caracter\u00edstica: a prueba de agua<\/li>\n<li>Logotipo: logotipo del cliente<\/li>\n<li>MOQ: 300<\/li>\n<li>Tama\u00f1o: 5L\/10L\/15L\/20L\/30L\/40L\/50L, etc.<\/li>\n<li>muestra: disponible<\/li>\n<li>ENV\u00cdO: DHL\\EMS\\UPS\\FEDEX\\por mar\\por aire<\/li>\n<\/ul>\n<h2>Caracter\u00edsticas<\/h2>\n<ul>\n<li>La mochila Dry Bag est\u00e1 fabricada con un material resistente al agua que es resistente a los ara\u00f1azos y de alto rendimiento, lo que garantiza que no entre agua desde la parte superior del saco seco para mantener su equipo de campamento seco durante la aventura. Su mochila impermeable y seca est\u00e1 doblemente reforzada en todos los principales puntos de presi\u00f3n para que sea lo suficientemente duradera y resistente al desgaste. Definitivamente ser\u00eda su elecci\u00f3n para cualquier entorno dif\u00edcil que pueda encontrar.<\/li>\n<li>Conecte la hebilla superior y estire la correa para evitar que su equipo se moje. Cada bolsa seca proporciona un agarre firme y ancho para su comodidad. Dise\u00f1o humanizado: nuestra nueva mochila seca especial viene en una selecci\u00f3n de 4 colores diferentes, cada uno de los cuales presenta el sistema de transporte con dise\u00f1o de panal. Se trata de un sistema personalizable y c\u00f3modo que apoya la espalda a trav\u00e9s de un dise\u00f1o mec\u00e1nico ergon\u00f3mico para hacer m\u00e1s agradable la experiencia del usuario. Adem\u00e1s, tambi\u00e9n colocamos la tira reflectante en esta bolsa seca impermeable, que es muy visible por la noche o en condiciones de poca luz. Eso significa que su seguridad est\u00e1 asegurada.<\/li>\n<li>Bolsillo exterior y bolsillo interior: su mochila impermeable viene con una bolsa exterior a prueba de salpicaduras y una bolsa interior que le permite mantener sus cosas organizadas para una mayor comodidad. La bolsa exterior frontal de esta bolsa seca contiene elementos esenciales como un cuchillo, una linterna y objetos personales para su acceso r\u00e1pido en caso de emergencia. La bolsa interior ayuda a almacenar esos art\u00edculos de alto valor para evitar que los roben, como tel\u00e9fonos, tarjetas, billetera.<\/li>\n<li>Multiusos: nuestra bolsa seca impermeable es perfecta para una gran variedad de actividades al aire libre, como senderismo, camping, escalada, ciclismo, incluso deportes acu\u00e1ticos como flotar, kayak, nataci\u00f3n, rafting, canotaje, pirag\u00fcismo, pesca, surf, remo... todo adecuado!<\/li>\n<\/ul>","protected":false},"excerpt":{"rendered":"<p>La bolsa seca impermeable de PVC para picnic con cremallera superior enrollable reciclada es una bolsa hecha de PVC reciclado y tiene una cremallera superior enrollable. La bolsa es resistente al agua y se puede usar para guardar art\u00edculos de picnic. La bolsa est\u00e1 hecha de PVC reciclado y es duradera. La bolsa tiene una cremallera que se puede enrollar para cerrar la bolsa. La bolsa es reutilizable y se puede utilizar de nuevo. La bolsa tambi\u00e9n es ecol\u00f3gica.<\/p>","protected":false},"featured_media":2887,"comment_status":"closed","ping_status":"closed","template":"","meta":{"_seopress_robots_primary_cat":"","_seopress_titles_title":"","_seopress_titles_desc":"","_seopress_robots_index":"","site-sidebar-layout":"default","site-content-layout":"default","ast-site-content-layout":"default","site-content-style":"default","site-sidebar-style":"default","ast-global-header-display":"","ast-banner-title-visibility":"","ast-main-header-display":"","ast-hfb-above-header-display":"","ast-hfb-below-header-display":"","ast-hfb-mobile-header-display":"","site-post-title":"","ast-breadcrumbs-content":"","ast-featured-img":"","footer-sml-layout":"","theme-transparent-header-meta":"default","adv-header-id-meta":"","stick-header-meta":"","header-above-stick-meta":"","header-main-stick-meta":"","header-below-stick-meta":"","astra-migrate-meta-layouts":"default","ast-page-background-enabled":"default","ast-page-background-meta":{"desktop":{"background-color":"","background-image":"","background-repeat":"repeat","background-position":"center center","background-size":"auto","background-attachment":"scroll","background-type":"","background-media":"","overlay-type":"","overlay-color":"","overlay-opacity":"","overlay-gradient":""},"tablet":{"background-color":"","background-image":"","background-repeat":"repeat","background-position":"center center","background-size":"auto","background-attachment":"scroll","background-type":"","background-media":"","overlay-type":"","overlay-color":"","overlay-opacity":"","overlay-gradient":""},"mobile":{"background-color":"","background-image":"","background-repeat":"repeat","background-position":"center center","background-size":"auto","background-attachment":"scroll","background-type":"","background-media":"","overlay-type":"","overlay-color":"","overlay-opacity":"","overlay-gradient":""}},"ast-content-background-meta":{"desktop":{"background-color":"var(--ast-global-color-5)","background-image":"","background-repeat":"repeat","background-position":"center center","background-size":"auto","background-attachment":"scroll","background-type":"","background-media":"","overlay-type":"","overlay-color":"","overlay-opacity":"","overlay-gradient":""},"tablet":{"background-color":"var(--ast-global-color-5)","background-image":"","background-repeat":"repeat","background-position":"center center","background-size":"auto","background-attachment":"scroll","background-type":"","background-media":"","overlay-type":"","overlay-color":"","overlay-opacity":"","overlay-gradient":""},"mobile":{"background-color":"var(--ast-global-color-5)","background-image":"","background-repeat":"repeat","background-position":"center center","background-size":"auto","background-attachment":"scroll","background-type":"","background-media":"","overlay-type":"","overlay-color":"","overlay-opacity":"","overlay-gradient":""}}},"product_brand":[],"product_cat":[40],"product_tag":[],"class_list":{"0":"post-2885","1":"product","2":"type-product","3":"status-publish","4":"has-post-thumbnail","6":"product_cat-drybag","7":"desktop-align-left","8":"tablet-align-left","9":"mobile-align-left","11":"first","12":"instock","13":"shipping-taxable","14":"product-type-simple"},"_links":{"self":[{"href":"https:\/\/precisebag.com\/es\/wp-json\/wp\/v2\/product\/2885","targetHints":{"allow":["GET"]}}],"collection":[{"href":"https:\/\/precisebag.com\/es\/wp-json\/wp\/v2\/product"}],"about":[{"href":"https:\/\/precisebag.com\/es\/wp-json\/wp\/v2\/types\/product"}],"replies":[{"embeddable":true,"href":"https:\/\/precisebag.com\/es\/wp-json\/wp\/v2\/comments?post=2885"}],"wp:featuredmedia":[{"embeddable":true,"href":"https:\/\/precisebag.com\/es\/wp-json\/wp\/v2\/media\/2887"}],"wp:attachment":[{"href":"https:\/\/precisebag.com\/es\/wp-json\/wp\/v2\/media?parent=2885"}],"wp:term":[{"taxonomy":"product_brand","embeddable":true,"href":"https:\/\/precisebag.com\/es\/wp-json\/wp\/v2\/product_brand?post=2885"},{"taxonomy":"product_cat","embeddable":true,"href":"https:\/\/precisebag.com\/es\/wp-json\/wp\/v2\/product_cat?post=2885"},{"taxonomy":"product_tag","embeddable":true,"href":"https:\/\/precisebag.com\/es\/wp-json\/wp\/v2\/product_tag?post=2885"}],"curies":[{"name":"wp","href":"https:\/\/api.w.org\/{rel}","templated":true}]}}