{"id":2888,"date":"2022-09-08T12:08:11","date_gmt":"2022-09-08T12:08:11","guid":{"rendered":"https:\/\/precisebag.com\/?post_type=product&#038;p=2888"},"modified":"2022-09-08T12:08:14","modified_gmt":"2022-09-08T12:08:14","slug":"small-overboard-sports-waterproof-dry-bag","status":"publish","type":"product","link":"https:\/\/precisebag.com\/es\/producto\/small-overboard-sports-waterproof-dry-bag\/","title":{"rendered":"Bolsa seca impermeable peque\u00f1a para deportes al agua"},"content":{"rendered":"<h2><strong><b>Detalles R\u00e1pidos<\/b><\/strong><\/h2>\n<ul>\n<li>Lugar de origen: Jiangsu, China<\/li>\n<li>Nombre de la marca: oem\/odm<\/li>\n<li>Nombre del producto: Bolsa seca impermeable<\/li>\n<li>Material: PVC\/TUP\/nailon<\/li>\n<li>Uso: Acampar al aire libre Senderismo Viajar<\/li>\n<li>Color: Color personalizado<\/li>\n<li>Caracter\u00edstica: a prueba de agua<\/li>\n<li>Logotipo: logotipo del cliente<\/li>\n<li>MOQ: 500<\/li>\n<li>Tama\u00f1o: 5L\/10L\/15L\/20L\/30L\/40L\/50L, etc.<\/li>\n<li>muestra: disponible<\/li>\n<li>ENV\u00cdO: DHL\\EMS\\UPS\\FEDEX\\por mar\\por aire<\/li>\n<\/ul>\n<h2>Caracter\u00edsticas<\/h2>\n<ol>\n<li>Las costuras soldadas herm\u00e9ticas y la parte superior enrollable brindan protecci\u00f3n IPX-6 para su equipo en una variedad de deportes y actividades al aire libre.<\/li>\n<li>ACCESO R\u00c1PIDO A EFECTIVO E IDENTIFICACI\u00d3N: El bolsillo exterior guarda de forma segura peque\u00f1os elementos esenciales. Alcanzar\u00e1 f\u00e1cilmente sus art\u00edculos imprescindibles sin tener que hurgar en su bolso, ya sea que est\u00e9 navegando en kayak, caminando o relaj\u00e1ndose en la playa.<\/li>\n<li>TE MANTIENE VISIBLE DE FORMA SEGURA POR LA NOCHE: el borde reflectante alrededor de la cremallera del bolsillo ayuda a garantizar que te vean. Adem\u00e1s, lo ayuda a detectar y recuperar su bolso si alguna vez se cae por la borda.<\/li>\n<li>CORREA PARA EL HOMBRO AJUSTABLE Y DESMONTABLE: col\u00f3quese la correa sobre el hombro para llevar f\u00e1cilmente su equipo a cualquier lugar. O fije la correa a su bote o kayak para tener su bolso convenientemente a mano.<\/li>\n<\/ol>","protected":false},"excerpt":{"rendered":"<p>Small Overboard Sports Waterproof Dry Bag es una bolsa seca dise\u00f1ada para mantener tus pertenencias seguras y secas mientras est\u00e1s en el agua. La bolsa est\u00e1 hecha de un material impermeable que mantendr\u00e1 tus cosas secas incluso si se moja. La bolsa tambi\u00e9n tiene un cierre superior enrollable que evita que entre agua. La bolsa seca impermeable peque\u00f1a para deportes al agua es perfecta para mantener sus pertenencias seguras mientras est\u00e1 en el agua.<\/p>","protected":false},"featured_media":2890,"comment_status":"closed","ping_status":"closed","template":"","meta":{"_seopress_robots_primary_cat":"","_seopress_titles_title":"","_seopress_titles_desc":"","_seopress_robots_index":"","site-sidebar-layout":"default","site-content-layout":"default","ast-site-content-layout":"default","site-content-style":"default","site-sidebar-style":"default","ast-global-header-display":"","ast-banner-title-visibility":"","ast-main-header-display":"","ast-hfb-above-header-display":"","ast-hfb-below-header-display":"","ast-hfb-mobile-header-display":"","site-post-title":"","ast-breadcrumbs-content":"","ast-featured-img":"","footer-sml-layout":"","theme-transparent-header-meta":"default","adv-header-id-meta":"","stick-header-meta":"","header-above-stick-meta":"","header-main-stick-meta":"","header-below-stick-meta":"","astra-migrate-meta-layouts":"default","ast-page-background-enabled":"default","ast-page-background-meta":{"desktop":{"background-color":"","background-image":"","background-repeat":"repeat","background-position":"center center","background-size":"auto","background-attachment":"scroll","background-type":"","background-media":"","overlay-type":"","overlay-color":"","overlay-opacity":"","overlay-gradient":""},"tablet":{"background-color":"","background-image":"","background-repeat":"repeat","background-position":"center center","background-size":"auto","background-attachment":"scroll","background-type":"","background-media":"","overlay-type":"","overlay-color":"","overlay-opacity":"","overlay-gradient":""},"mobile":{"background-color":"","background-image":"","background-repeat":"repeat","background-position":"center center","background-size":"auto","background-attachment":"scroll","background-type":"","background-media":"","overlay-type":"","overlay-color":"","overlay-opacity":"","overlay-gradient":""}},"ast-content-background-meta":{"desktop":{"background-color":"var(--ast-global-color-5)","background-image":"","background-repeat":"repeat","background-position":"center center","background-size":"auto","background-attachment":"scroll","background-type":"","background-media":"","overlay-type":"","overlay-color":"","overlay-opacity":"","overlay-gradient":""},"tablet":{"background-color":"var(--ast-global-color-5)","background-image":"","background-repeat":"repeat","background-position":"center center","background-size":"auto","background-attachment":"scroll","background-type":"","background-media":"","overlay-type":"","overlay-color":"","overlay-opacity":"","overlay-gradient":""},"mobile":{"background-color":"var(--ast-global-color-5)","background-image":"","background-repeat":"repeat","background-position":"center center","background-size":"auto","background-attachment":"scroll","background-type":"","background-media":"","overlay-type":"","overlay-color":"","overlay-opacity":"","overlay-gradient":""}}},"product_brand":[],"product_cat":[40],"product_tag":[],"class_list":{"0":"post-2888","1":"product","2":"type-product","3":"status-publish","4":"has-post-thumbnail","6":"product_cat-drybag","7":"desktop-align-left","8":"tablet-align-left","9":"mobile-align-left","11":"first","12":"instock","13":"shipping-taxable","14":"product-type-simple"},"_links":{"self":[{"href":"https:\/\/precisebag.com\/es\/wp-json\/wp\/v2\/product\/2888","targetHints":{"allow":["GET"]}}],"collection":[{"href":"https:\/\/precisebag.com\/es\/wp-json\/wp\/v2\/product"}],"about":[{"href":"https:\/\/precisebag.com\/es\/wp-json\/wp\/v2\/types\/product"}],"replies":[{"embeddable":true,"href":"https:\/\/precisebag.com\/es\/wp-json\/wp\/v2\/comments?post=2888"}],"wp:featuredmedia":[{"embeddable":true,"href":"https:\/\/precisebag.com\/es\/wp-json\/wp\/v2\/media\/2890"}],"wp:attachment":[{"href":"https:\/\/precisebag.com\/es\/wp-json\/wp\/v2\/media?parent=2888"}],"wp:term":[{"taxonomy":"product_brand","embeddable":true,"href":"https:\/\/precisebag.com\/es\/wp-json\/wp\/v2\/product_brand?post=2888"},{"taxonomy":"product_cat","embeddable":true,"href":"https:\/\/precisebag.com\/es\/wp-json\/wp\/v2\/product_cat?post=2888"},{"taxonomy":"product_tag","embeddable":true,"href":"https:\/\/precisebag.com\/es\/wp-json\/wp\/v2\/product_tag?post=2888"}],"curies":[{"name":"wp","href":"https:\/\/api.w.org\/{rel}","templated":true}]}}