{"id":2897,"date":"2023-11-14T12:34:02","date_gmt":"2023-11-14T12:34:02","guid":{"rendered":"https:\/\/precisebag.com\/?post_type=product&#038;p=2897"},"modified":"2023-11-14T12:34:37","modified_gmt":"2023-11-14T12:34:37","slug":"cooler-wine-bag-wine-bag","status":"publish","type":"product","link":"https:\/\/precisebag.com\/es\/producto\/cooler-wine-bag-wine-bag\/","title":{"rendered":"Bolsa de vino m\u00e1s fresca, Bolsa de vino"},"content":{"rendered":"<h2>Descripci\u00f3n<\/h2>\n<p>Una bolsa enfriadora de vino, tambi\u00e9n conocida como bolsa para vino o porta vino, es un pr\u00e1ctico accesorio para transportar y mantener el vino u otras bebidas a la temperatura deseada, ya sea que vayas a un picnic, a una fiesta o simplemente quieras conservar tu vino fresco mientras viaja. Estas bolsas est\u00e1n dise\u00f1adas para mantener la temperatura del vino y protegerlo de factores externos que puedan afectar su calidad. Al elegir una bolsa enfriadora de vino, tenga en cuenta sus necesidades espec\u00edficas, como la cantidad de botellas que desea llevar y si prefiere un dise\u00f1o m\u00e1s b\u00e1sico o elegante.<\/p>\n<h2><strong><b>Informaci\u00f3n adicional<\/b><\/strong><\/h2>\n<table>\n<tbody>\n<tr>\n<td width=\"426\">Tama\u00f1o<\/td>\n<td width=\"426\">Por encargo<\/td>\n<\/tr>\n<tr>\n<td width=\"426\">El tiempo de entrega<\/td>\n<td width=\"426\">30 dias<\/td>\n<\/tr>\n<tr>\n<td width=\"426\">Color<\/td>\n<td width=\"426\">Blanco, negro, gris o por encargo<\/td>\n<\/tr>\n<tr>\n<td width=\"426\">MOQ<\/td>\n<td width=\"426\">1000 piezas<\/td>\n<\/tr>\n<tr>\n<td width=\"426\">Material<\/td>\n<td width=\"426\">Oxford, Poli\u00e9ster, No tejido, Papel de aluminio\u2026<\/td>\n<\/tr>\n<tr>\n<td width=\"426\">Plazo de pago<\/td>\n<td width=\"426\">T\/T, L\/C, Paypal, etc.<\/td>\n<\/tr>\n<\/tbody>\n<\/table>\n<h2><strong><b>\u00bfPor qu\u00e9 elegirnos?<\/b><\/strong><\/h2>\n<ul>\n<li><b><\/b><strong><b>h<\/b><\/strong><strong><b>IG H <\/b><\/strong><strong><b>q<\/b><\/strong><strong><b>calidad y <\/b><\/strong><strong><b>R<\/b><\/strong><strong><b>confiabilidad<\/b><\/strong><\/li>\n<li><b><\/b><strong><b>Excepcional <\/b><\/strong><strong><b>C<\/b><\/strong><strong><b>cliente <\/b><\/strong><strong><b>S<\/b><\/strong><strong><b>servicio<\/b><\/strong><\/li>\n<li><b><\/b><strong><b>Competitivo <\/b><\/strong><strong><b>PAG<\/b><\/strong><strong><b>arroz<\/b><\/strong><\/li>\n<li><b><\/b><strong><b>Personalizaci\u00f3n<\/b><\/strong><\/li>\n<li><b><\/b><strong><b>Suministro directo de f\u00e1brica<\/b><\/strong><b><\/b><\/li>\n<\/ul>\n<h2><strong><b>Bolsa de vino m\u00e1s fresca<\/b><\/strong><\/h2>\n<p>1.Aislamiento: Las bolsas enfriadoras de vino suelen tener materiales aislantes para mantener el vino fresco o mantener su temperatura. Algunas bolsas usan aislamiento de espuma o papel de aluminio, mientras que otras tienen paquetes de gel o revestimientos t\u00e9rmicos que se pueden congelar e insertar en la bolsa.<\/p>\n<p>2.Tama\u00f1o: las bolsas enfriadoras de vino vienen en varios tama\u00f1os para acomodar una o varias botellas de vino.<\/p>\n<p>3.Estilo: Las bolsas enfriadoras de vino vienen en diferentes estilos y materiales, desde dise\u00f1os simples y funcionales hasta opciones m\u00e1s elegantes y con estilo.<\/p>\n<p>4.Divisores ajustables: algunas bolsas enfriadoras de vino tienen divisores o compartimentos ajustables para mantener las botellas separadas y seguras durante el transporte.<\/p>\n<p>5.Portabilidad: Las bolsas para enfriadores de vino a menudo vienen con asas o correas para facilitar su transporte, y algunas est\u00e1n dise\u00f1adas para ser estilo mochila para transporte con manos libres.<\/p>\n<p><img fetchpriority=\"high\" decoding=\"async\" class=\"alignnone size-full wp-image-2903\" src=\"https:\/\/precisebag.com\/wp-content\/uploads\/2023\/11\/certificate1.png\" alt=\"bolsa de vino m\u00e1s fresca, bolsa de vino\" width=\"1200\" height=\"450\" srcset=\"https:\/\/precisebag.com\/wp-content\/uploads\/2023\/11\/certificate1.png 1200w, https:\/\/precisebag.com\/wp-content\/uploads\/2023\/11\/certificate1-300x113.png 300w, https:\/\/precisebag.com\/wp-content\/uploads\/2023\/11\/certificate1-1024x384.png 1024w, https:\/\/precisebag.com\/wp-content\/uploads\/2023\/11\/certificate1-768x288.png 768w, https:\/\/precisebag.com\/wp-content\/uploads\/2023\/11\/certificate1-18x7.png 18w, https:\/\/precisebag.com\/wp-content\/uploads\/2023\/11\/certificate1-600x225.png 600w\" sizes=\"(max-width: 1200px) 100vw, 1200px\" \/><\/p>\n<h2><strong><b>Detalles de bolsas personalizadas<\/b><\/strong><\/h2>\n<p><img decoding=\"async\" class=\"size-full wp-image-2902 aligncenter\" src=\"https:\/\/precisebag.com\/wp-content\/uploads\/2023\/11\/precise.png\" alt=\"bolsa de vino m\u00e1s fresca, bolsa de vino\" width=\"750\" height=\"477\" srcset=\"https:\/\/precisebag.com\/wp-content\/uploads\/2023\/11\/precise.png 750w, https:\/\/precisebag.com\/wp-content\/uploads\/2023\/11\/precise-300x191.png 300w, https:\/\/precisebag.com\/wp-content\/uploads\/2023\/11\/precise-18x12.png 18w, https:\/\/precisebag.com\/wp-content\/uploads\/2023\/11\/precise-600x382.png 600w\" sizes=\"(max-width: 750px) 100vw, 750px\" \/><\/p>","protected":false},"excerpt":{"rendered":"<p>Una bolsa enfriadora de vino, tambi\u00e9n conocida como bolsa para vino o porta vino, es un pr\u00e1ctico accesorio para transportar y mantener el vino u otras bebidas a la temperatura deseada, ya sea que vayas a un picnic, a una fiesta o simplemente quieras conservar tu vino fresco mientras viaja. Estas bolsas est\u00e1n dise\u00f1adas para mantener la temperatura del vino y protegerlo de factores externos que puedan afectar su calidad. Al elegir una bolsa enfriadora de vino, tenga en cuenta sus necesidades espec\u00edficas, como la cantidad de botellas que desea llevar y si prefiere un dise\u00f1o m\u00e1s b\u00e1sico o elegante.<\/p>","protected":false},"featured_media":2900,"comment_status":"closed","ping_status":"closed","template":"","meta":{"_seopress_robots_primary_cat":"none","_seopress_titles_title":"","_seopress_titles_desc":"","_seopress_robots_index":"","site-sidebar-layout":"default","site-content-layout":"default","ast-site-content-layout":"default","site-content-style":"default","site-sidebar-style":"default","ast-global-header-display":"","ast-banner-title-visibility":"","ast-main-header-display":"","ast-hfb-above-header-display":"","ast-hfb-below-header-display":"","ast-hfb-mobile-header-display":"","site-post-title":"","ast-breadcrumbs-content":"","ast-featured-img":"","footer-sml-layout":"","theme-transparent-header-meta":"default","adv-header-id-meta":"","stick-header-meta":"","header-above-stick-meta":"","header-main-stick-meta":"","header-below-stick-meta":"","astra-migrate-meta-layouts":"default","ast-page-background-enabled":"default","ast-page-background-meta":{"desktop":{"background-color":"","background-image":"","background-repeat":"repeat","background-position":"center center","background-size":"auto","background-attachment":"scroll","background-type":"","background-media":"","overlay-type":"","overlay-color":"","overlay-opacity":"","overlay-gradient":""},"tablet":{"background-color":"","background-image":"","background-repeat":"repeat","background-position":"center center","background-size":"auto","background-attachment":"scroll","background-type":"","background-media":"","overlay-type":"","overlay-color":"","overlay-opacity":"","overlay-gradient":""},"mobile":{"background-color":"","background-image":"","background-repeat":"repeat","background-position":"center center","background-size":"auto","background-attachment":"scroll","background-type":"","background-media":"","overlay-type":"","overlay-color":"","overlay-opacity":"","overlay-gradient":""}},"ast-content-background-meta":{"desktop":{"background-color":"var(--ast-global-color-5)","background-image":"","background-repeat":"repeat","background-position":"center center","background-size":"auto","background-attachment":"scroll","background-type":"","background-media":"","overlay-type":"","overlay-color":"","overlay-opacity":"","overlay-gradient":""},"tablet":{"background-color":"var(--ast-global-color-5)","background-image":"","background-repeat":"repeat","background-position":"center center","background-size":"auto","background-attachment":"scroll","background-type":"","background-media":"","overlay-type":"","overlay-color":"","overlay-opacity":"","overlay-gradient":""},"mobile":{"background-color":"var(--ast-global-color-5)","background-image":"","background-repeat":"repeat","background-position":"center center","background-size":"auto","background-attachment":"scroll","background-type":"","background-media":"","overlay-type":"","overlay-color":"","overlay-opacity":"","overlay-gradient":""}}},"product_brand":[],"product_cat":[16],"product_tag":[],"class_list":{"0":"post-2897","1":"product","2":"type-product","3":"status-publish","4":"has-post-thumbnail","6":"product_cat-uncategorized","7":"desktop-align-left","8":"tablet-align-left","9":"mobile-align-left","11":"first","12":"instock","13":"shipping-taxable","14":"product-type-simple"},"_links":{"self":[{"href":"https:\/\/precisebag.com\/es\/wp-json\/wp\/v2\/product\/2897","targetHints":{"allow":["GET"]}}],"collection":[{"href":"https:\/\/precisebag.com\/es\/wp-json\/wp\/v2\/product"}],"about":[{"href":"https:\/\/precisebag.com\/es\/wp-json\/wp\/v2\/types\/product"}],"replies":[{"embeddable":true,"href":"https:\/\/precisebag.com\/es\/wp-json\/wp\/v2\/comments?post=2897"}],"wp:featuredmedia":[{"embeddable":true,"href":"https:\/\/precisebag.com\/es\/wp-json\/wp\/v2\/media\/2900"}],"wp:attachment":[{"href":"https:\/\/precisebag.com\/es\/wp-json\/wp\/v2\/media?parent=2897"}],"wp:term":[{"taxonomy":"product_brand","embeddable":true,"href":"https:\/\/precisebag.com\/es\/wp-json\/wp\/v2\/product_brand?post=2897"},{"taxonomy":"product_cat","embeddable":true,"href":"https:\/\/precisebag.com\/es\/wp-json\/wp\/v2\/product_cat?post=2897"},{"taxonomy":"product_tag","embeddable":true,"href":"https:\/\/precisebag.com\/es\/wp-json\/wp\/v2\/product_tag?post=2897"}],"curies":[{"name":"wp","href":"https:\/\/api.w.org\/{rel}","templated":true}]}}