{"id":2913,"date":"2023-11-14T13:16:04","date_gmt":"2023-11-14T13:16:04","guid":{"rendered":"https:\/\/precisebag.com\/?post_type=product&#038;p=2913"},"modified":"2023-11-14T13:16:06","modified_gmt":"2023-11-14T13:16:06","slug":"canvas-tote-bag","status":"publish","type":"product","link":"https:\/\/precisebag.com\/es\/producto\/canvas-tote-bag\/","title":{"rendered":"Bolsa de lona"},"content":{"rendered":"<p>El bolso tote de lona de algod\u00f3n es m\u00e1s que un simple accesorio de moda; es un s\u00edmbolo del consumismo consciente y la moda sostenible. Su sostenibilidad, durabilidad, versatilidad y facilidad de mantenimiento lo han convertido en el favorito entre las personas conscientes del medio ambiente y quienes buscan un bolso elegante y confiable para el uso diario. Los bolsos tote de lona de algod\u00f3n, suaves y duraderos, son una opci\u00f3n pr\u00e1ctica, elegante y ecol\u00f3gica para el uso diario. Est\u00e1n fabricados con un material de lona de algod\u00f3n de alta calidad que es suave y duradero, lo que los convierte en una gran inversi\u00f3n que durar\u00e1 muchos a\u00f1os.<\/p>\n<h2><strong><b>Informaci\u00f3n adicional<\/b><\/strong><\/h2>\n<table>\n<tbody>\n<tr>\n<td width=\"426\">Tama\u00f1o<\/td>\n<td width=\"426\">Por encargo<\/td>\n<\/tr>\n<tr>\n<td width=\"426\">El tiempo de entrega<\/td>\n<td width=\"426\">30 dias<\/td>\n<\/tr>\n<tr>\n<td width=\"426\">Color<\/td>\n<td width=\"426\">Blanco, negro, gris o por encargo<\/td>\n<\/tr>\n<tr>\n<td width=\"426\">MOQ<\/td>\n<td width=\"426\">1000 piezas<\/td>\n<\/tr>\n<tr>\n<td width=\"426\">Material<\/td>\n<td width=\"426\">Lienzo<\/td>\n<\/tr>\n<tr>\n<td width=\"426\">Plazo de pago<\/td>\n<td width=\"426\">T\/T, L\/C, Paypal, etc.<\/td>\n<\/tr>\n<\/tbody>\n<\/table>\n<h2><strong><b>\u00bfPor qu\u00e9 elegirnos?<\/b><\/strong><\/h2>\n<ul>\n<li><b><\/b><strong><b>Reutilizable <\/b><\/strong><\/li>\n<li><b><\/b><strong><b>Amigable con el medio ambiente<\/b><\/strong><\/li>\n<li><b><\/b><strong><b>Precio competitivo<\/b><\/strong><\/li>\n<li><b><\/b><strong><b>Personalizaci\u00f3n<\/b><\/strong><\/li>\n<li><b><\/b><strong><b>Suministro directo de f\u00e1brica<\/b><\/strong><\/li>\n<\/ul>\n<h2><strong><b>Bolso tote de algod\u00f3n y lona<\/b><\/strong><strong><b>\u00a0<\/b><\/strong><\/h2>\n<ol>\n<li>Sostenible: Los bolsos tote de lona de algod\u00f3n son un s\u00edmbolo de sostenibilidad. Fabricadas con materiales naturales y renovables, est\u00e1n muy lejos de las da\u00f1inas bolsas de pl\u00e1stico que contaminan nuestro medio ambiente. Elegir lonas de algod\u00f3n en lugar de bolsas de pl\u00e1stico desechables es un paso simple pero impactante para reducir la huella de carbono y apoyar pr\u00e1cticas de moda sostenibles.<\/li>\n<li>Durabilidad: Estas bolsas est\u00e1n dise\u00f1adas para durar. A diferencia de las endebles bolsas de pl\u00e1stico que a menudo se rompen con una m\u00ednima tensi\u00f3n, las bolsas de lona de algod\u00f3n est\u00e1n confeccionadas con materiales resistentes que pueden soportar un uso intensivo.<\/li>\n<li>Vers\u00e1til y elegante: los bolsos de lona de algod\u00f3n vienen en una variedad de dise\u00f1os y tama\u00f1os elegantes para adaptarse a diversos gustos y necesidades. Desde dise\u00f1os simples y cl\u00e1sicos hasta estampados vibrantes y art\u00edsticos, hay un bolso de lona de algod\u00f3n para todos. Ya sea que vayas al supermercado, a la playa, a un picnic o a ir de compras, hay un bolso de lona que complementa tu estilo y se adapta a la ocasi\u00f3n.<\/li>\n<li>F\u00e1cil de limpiar: limpiar y mantener las bolsas de lona de algod\u00f3n es muy sencillo. Muchos de ellos se pueden lavar a m\u00e1quina o se pueden limpiar f\u00e1cilmente, lo que garantiza que permanezcan en perfectas condiciones con el tiempo. La capacidad de mantenerlos limpios ayuda a prevenir olores o contaminaci\u00f3n de sus alimentos, lo que los convierte en una opci\u00f3n confiable para el uso diario.<\/li>\n<\/ol>\n<p>&nbsp;<\/p>","protected":false},"excerpt":{"rendered":"<p>El bolso tote de lona de algod\u00f3n es m\u00e1s que un simple accesorio de moda; es un s\u00edmbolo del consumismo consciente y la moda sostenible. Su sostenibilidad, durabilidad, versatilidad y facilidad de mantenimiento lo han convertido en el favorito entre las personas conscientes del medio ambiente y quienes buscan un bolso elegante y confiable para el uso diario. Los bolsos tote de lona de algod\u00f3n, suaves y duraderos, son una opci\u00f3n pr\u00e1ctica, elegante y ecol\u00f3gica para el uso diario. Est\u00e1n fabricados con un material de lona de algod\u00f3n de alta calidad que es suave y duradero, lo que los convierte en una gran inversi\u00f3n que durar\u00e1 muchos a\u00f1os.<\/p>","protected":false},"featured_media":2918,"comment_status":"closed","ping_status":"closed","template":"","meta":{"_seopress_robots_primary_cat":"","_seopress_titles_title":"","_seopress_titles_desc":"","_seopress_robots_index":"","site-sidebar-layout":"default","site-content-layout":"default","ast-site-content-layout":"default","site-content-style":"default","site-sidebar-style":"default","ast-global-header-display":"","ast-banner-title-visibility":"","ast-main-header-display":"","ast-hfb-above-header-display":"","ast-hfb-below-header-display":"","ast-hfb-mobile-header-display":"","site-post-title":"","ast-breadcrumbs-content":"","ast-featured-img":"","footer-sml-layout":"","theme-transparent-header-meta":"default","adv-header-id-meta":"","stick-header-meta":"","header-above-stick-meta":"","header-main-stick-meta":"","header-below-stick-meta":"","astra-migrate-meta-layouts":"default","ast-page-background-enabled":"default","ast-page-background-meta":{"desktop":{"background-color":"","background-image":"","background-repeat":"repeat","background-position":"center center","background-size":"auto","background-attachment":"scroll","background-type":"","background-media":"","overlay-type":"","overlay-color":"","overlay-opacity":"","overlay-gradient":""},"tablet":{"background-color":"","background-image":"","background-repeat":"repeat","background-position":"center center","background-size":"auto","background-attachment":"scroll","background-type":"","background-media":"","overlay-type":"","overlay-color":"","overlay-opacity":"","overlay-gradient":""},"mobile":{"background-color":"","background-image":"","background-repeat":"repeat","background-position":"center center","background-size":"auto","background-attachment":"scroll","background-type":"","background-media":"","overlay-type":"","overlay-color":"","overlay-opacity":"","overlay-gradient":""}},"ast-content-background-meta":{"desktop":{"background-color":"var(--ast-global-color-5)","background-image":"","background-repeat":"repeat","background-position":"center center","background-size":"auto","background-attachment":"scroll","background-type":"","background-media":"","overlay-type":"","overlay-color":"","overlay-opacity":"","overlay-gradient":""},"tablet":{"background-color":"var(--ast-global-color-5)","background-image":"","background-repeat":"repeat","background-position":"center center","background-size":"auto","background-attachment":"scroll","background-type":"","background-media":"","overlay-type":"","overlay-color":"","overlay-opacity":"","overlay-gradient":""},"mobile":{"background-color":"var(--ast-global-color-5)","background-image":"","background-repeat":"repeat","background-position":"center center","background-size":"auto","background-attachment":"scroll","background-type":"","background-media":"","overlay-type":"","overlay-color":"","overlay-opacity":"","overlay-gradient":""}}},"product_brand":[],"product_cat":[16],"product_tag":[],"class_list":{"0":"post-2913","1":"product","2":"type-product","3":"status-publish","4":"has-post-thumbnail","6":"product_cat-uncategorized","7":"desktop-align-left","8":"tablet-align-left","9":"mobile-align-left","11":"first","12":"instock","13":"shipping-taxable","14":"product-type-simple"},"_links":{"self":[{"href":"https:\/\/precisebag.com\/es\/wp-json\/wp\/v2\/product\/2913","targetHints":{"allow":["GET"]}}],"collection":[{"href":"https:\/\/precisebag.com\/es\/wp-json\/wp\/v2\/product"}],"about":[{"href":"https:\/\/precisebag.com\/es\/wp-json\/wp\/v2\/types\/product"}],"replies":[{"embeddable":true,"href":"https:\/\/precisebag.com\/es\/wp-json\/wp\/v2\/comments?post=2913"}],"wp:featuredmedia":[{"embeddable":true,"href":"https:\/\/precisebag.com\/es\/wp-json\/wp\/v2\/media\/2918"}],"wp:attachment":[{"href":"https:\/\/precisebag.com\/es\/wp-json\/wp\/v2\/media?parent=2913"}],"wp:term":[{"taxonomy":"product_brand","embeddable":true,"href":"https:\/\/precisebag.com\/es\/wp-json\/wp\/v2\/product_brand?post=2913"},{"taxonomy":"product_cat","embeddable":true,"href":"https:\/\/precisebag.com\/es\/wp-json\/wp\/v2\/product_cat?post=2913"},{"taxonomy":"product_tag","embeddable":true,"href":"https:\/\/precisebag.com\/es\/wp-json\/wp\/v2\/product_tag?post=2913"}],"curies":[{"name":"wp","href":"https:\/\/api.w.org\/{rel}","templated":true}]}}