{"id":1385,"date":"2022-03-20T04:36:11","date_gmt":"2022-03-20T04:36:11","guid":{"rendered":"https:\/\/precisebag.com\/?post_type=product&#038;p=1385"},"modified":"2022-03-20T04:36:13","modified_gmt":"2022-03-20T04:36:13","slug":"canvas-insulated-lunch-bag","status":"publish","type":"product","link":"https:\/\/precisebag.com\/fr\/produit\/canvas-insulated-lunch-bag\/","title":{"rendered":"Sac \u00e0 lunch isotherme en toile"},"content":{"rendered":"<p><strong>Description du produit<\/strong><br \/>\nLes sacs thermiques isothermes, \u00e9galement appel\u00e9s r\u00e9frig\u00e9rateurs passifs, sont des sacs \u00e0 haute isolation thermique et \u00e0 effets de temp\u00e9rature constants (chauds en hiver et frais en \u00e9t\u00e9). Il est fait de mat\u00e9riaux de haute qualit\u00e9, faciles \u00e0 transporter et adapt\u00e9s. le sac thermique plus frais est utilis\u00e9 pendant la conduite, les sorties de vacances et les pique-niques en famille.<\/p>\n<p>La couche int\u00e9rieure du sac isotherme est une feuille d&#039;aluminium, qui offre une bonne conservation de la chaleur et une bonne isolation thermique. La couche de surface est en coton, qui est \u00e9cologique et r\u00e9utilisable. D\u00e8s lors, vous pouvez transporter des boissons froides dans la voiture ou \u00e0 l&#039;ext\u00e9rieur.<\/p>\n<p>Le sac thermique est \u00e9l\u00e9gant et beau en apparence. Il est facile \u00e0 nettoyer, pliable et pratique \u00e0 ranger. Ce produit a \u00e9galement un effet de conservation de la chaleur et convient \u00e9galement \u00e0 la conservation de la chaleur en hiver. C&#039;est un incontournable pour la vie, les voyages et les loisirs.<\/p>\n<p>Avec l&#039;am\u00e9lioration du niveau de vie des gens, de plus en plus de personnes choisissent de voyager en vacances pour se d\u00e9tendre. C&#039;est le souhait de nombreux parents de sortir leurs b\u00e9b\u00e9s ensemble. Cependant, l&#039;isolation des aliments est devenue un enjeu important. L&#039;isolation alimentaire des employ\u00e9s de bureau est \u00e9galement au centre des pr\u00e9occupations. La nouvelle g\u00e9n\u00e9ration de jeunes aura de plus en plus de demande pour les produits d&#039;isolation alimentaire. Avec l&#039;augmentation de la demande du march\u00e9, l&#039;\u00e9mergence de nouveaux sacs isolants est pratique pour les gens.<\/p>\n<p>Les sacs thermiques isothermes gardent g\u00e9n\u00e9ralement au froid ou au chaud plus de 6 heures, et l&#039;effet est meilleur que les bo\u00eetes d&#039;isolation en fer ordinaires traditionnelles et les bo\u00eetes en plastique. Il est tr\u00e8s pratique \u00e0 utiliser, propre et hygi\u00e9nique.<\/p>\n<p>Le sac isotherme en toile de coton r\u00e9sout non seulement le probl\u00e8me d&#039;isolation des personnes pour apporter leur propre nourriture pour les pique-niques pendant les vacances, mais r\u00e9sout \u00e9galement le probl\u00e8me de l&#039;isolation des aliments pour les employ\u00e9s de bureau et prot\u00e8ge pleinement la sant\u00e9 des personnes. De plus, le sac thermique en toile de coton est utilis\u00e9 pour la livraison et le stockage des aliments. C&#039;est aussi un \u00e9l\u00e9ment indispensable dans l&#039;industrie de la restauration rapide.<\/p>\n<p><strong>sp\u00e9cification<\/strong><\/p>\n<div class=\"table_wrap\">\n<table border=\"1\" cellspacing=\"0\">\n<tbody>\n<tr>\n<td valign=\"top\" width=\"284\">Mat\u00e9riel<\/td>\n<td valign=\"top\" width=\"284\">Coton, toile, Oxford, papier d&#039;aluminium,<\/td>\n<\/tr>\n<tr>\n<td valign=\"top\" width=\"284\">Taille<\/td>\n<td valign=\"top\" width=\"284\">Grande taille ou personnalis\u00e9<\/td>\n<\/tr>\n<tr>\n<td valign=\"top\" width=\"284\">Couleurs<\/td>\n<td valign=\"top\" width=\"284\">Rouge, noir ou personnalis\u00e9<\/td>\n<\/tr>\n<tr>\n<td valign=\"top\" width=\"284\">Commande minimale<\/td>\n<td valign=\"top\" width=\"284\">100 pi\u00e8ces<\/td>\n<\/tr>\n<tr>\n<td valign=\"top\" width=\"284\">OEM et ODM<\/td>\n<td valign=\"top\" width=\"284\">Accepter<\/td>\n<\/tr>\n<tr>\n<td valign=\"top\" width=\"284\">Logo<\/td>\n<td valign=\"top\" width=\"284\">Coutume<\/td>\n<\/tr>\n<\/tbody>\n<\/table>\n<\/div>","protected":false},"excerpt":{"rendered":"<table border=\"1\" cellspacing=\"0\">\n<tbody>\n<tr>\n<td valign=\"top\" width=\"284\">Mat\u00e9riel<\/td>\n<td valign=\"top\" width=\"284\">Coton, toile, Oxford, papier d&#039;aluminium,<\/td>\n<\/tr>\n<tr>\n<td valign=\"top\" width=\"284\">Taille<\/td>\n<td valign=\"top\" width=\"284\">Grande taille ou personnalis\u00e9<\/td>\n<\/tr>\n<tr>\n<td valign=\"top\" width=\"284\">Couleurs<\/td>\n<td valign=\"top\" width=\"284\">Rouge, noir ou personnalis\u00e9<\/td>\n<\/tr>\n<tr>\n<td valign=\"top\" width=\"284\">Commande minimale<\/td>\n<td valign=\"top\" width=\"284\">100 pi\u00e8ces<\/td>\n<\/tr>\n<tr>\n<td valign=\"top\" width=\"284\">OEM et ODM<\/td>\n<td valign=\"top\" width=\"284\">Accepter<\/td>\n<\/tr>\n<tr>\n<td valign=\"top\" width=\"284\">Logo<\/td>\n<td valign=\"top\" width=\"284\">Coutume<\/td>\n<\/tr>\n<\/tbody>\n<\/table>","protected":false},"featured_media":1428,"comment_status":"closed","ping_status":"closed","template":"","meta":{"_seopress_robots_primary_cat":"","_seopress_titles_title":"","_seopress_titles_desc":"","_seopress_robots_index":"","site-sidebar-layout":"default","site-content-layout":"default","ast-site-content-layout":"default","site-content-style":"default","site-sidebar-style":"default","ast-global-header-display":"","ast-banner-title-visibility":"","ast-main-header-display":"","ast-hfb-above-header-display":"","ast-hfb-below-header-display":"","ast-hfb-mobile-header-display":"","site-post-title":"","ast-breadcrumbs-content":"","ast-featured-img":"","footer-sml-layout":"","theme-transparent-header-meta":"default","adv-header-id-meta":"","stick-header-meta":"","header-above-stick-meta":"","header-main-stick-meta":"","header-below-stick-meta":"","astra-migrate-meta-layouts":"default","ast-page-background-enabled":"default","ast-page-background-meta":{"desktop":{"background-color":"","background-image":"","background-repeat":"repeat","background-position":"center center","background-size":"auto","background-attachment":"scroll","background-type":"","background-media":"","overlay-type":"","overlay-color":"","overlay-opacity":"","overlay-gradient":""},"tablet":{"background-color":"","background-image":"","background-repeat":"repeat","background-position":"center center","background-size":"auto","background-attachment":"scroll","background-type":"","background-media":"","overlay-type":"","overlay-color":"","overlay-opacity":"","overlay-gradient":""},"mobile":{"background-color":"","background-image":"","background-repeat":"repeat","background-position":"center center","background-size":"auto","background-attachment":"scroll","background-type":"","background-media":"","overlay-type":"","overlay-color":"","overlay-opacity":"","overlay-gradient":""}},"ast-content-background-meta":{"desktop":{"background-color":"var(--ast-global-color-5)","background-image":"","background-repeat":"repeat","background-position":"center center","background-size":"auto","background-attachment":"scroll","background-type":"","background-media":"","overlay-type":"","overlay-color":"","overlay-opacity":"","overlay-gradient":""},"tablet":{"background-color":"var(--ast-global-color-5)","background-image":"","background-repeat":"repeat","background-position":"center center","background-size":"auto","background-attachment":"scroll","background-type":"","background-media":"","overlay-type":"","overlay-color":"","overlay-opacity":"","overlay-gradient":""},"mobile":{"background-color":"var(--ast-global-color-5)","background-image":"","background-repeat":"repeat","background-position":"center center","background-size":"auto","background-attachment":"scroll","background-type":"","background-media":"","overlay-type":"","overlay-color":"","overlay-opacity":"","overlay-gradient":""}}},"product_brand":[],"product_cat":[33],"product_tag":[],"class_list":{"0":"post-1385","1":"product","2":"type-product","3":"status-publish","4":"has-post-thumbnail","6":"product_cat-coolerbag","7":"desktop-align-left","8":"tablet-align-left","9":"mobile-align-left","11":"first","12":"instock","13":"shipping-taxable","14":"product-type-simple"},"_links":{"self":[{"href":"https:\/\/precisebag.com\/fr\/wp-json\/wp\/v2\/product\/1385","targetHints":{"allow":["GET"]}}],"collection":[{"href":"https:\/\/precisebag.com\/fr\/wp-json\/wp\/v2\/product"}],"about":[{"href":"https:\/\/precisebag.com\/fr\/wp-json\/wp\/v2\/types\/product"}],"replies":[{"embeddable":true,"href":"https:\/\/precisebag.com\/fr\/wp-json\/wp\/v2\/comments?post=1385"}],"wp:featuredmedia":[{"embeddable":true,"href":"https:\/\/precisebag.com\/fr\/wp-json\/wp\/v2\/media\/1428"}],"wp:attachment":[{"href":"https:\/\/precisebag.com\/fr\/wp-json\/wp\/v2\/media?parent=1385"}],"wp:term":[{"taxonomy":"product_brand","embeddable":true,"href":"https:\/\/precisebag.com\/fr\/wp-json\/wp\/v2\/product_brand?post=1385"},{"taxonomy":"product_cat","embeddable":true,"href":"https:\/\/precisebag.com\/fr\/wp-json\/wp\/v2\/product_cat?post=1385"},{"taxonomy":"product_tag","embeddable":true,"href":"https:\/\/precisebag.com\/fr\/wp-json\/wp\/v2\/product_tag?post=1385"}],"curies":[{"name":"wp","href":"https:\/\/api.w.org\/{rel}","templated":true}]}}