{"id":1436,"date":"2022-03-21T12:49:21","date_gmt":"2022-03-21T12:49:21","guid":{"rendered":"https:\/\/precisebag.com\/?post_type=product&#038;p=1436"},"modified":"2022-03-21T12:51:34","modified_gmt":"2022-03-21T12:51:34","slug":"tyvek-paper-lunch-bag","status":"publish","type":"product","link":"https:\/\/precisebag.com\/fr\/produit\/tyvek-paper-lunch-bag\/","title":{"rendered":"Sac \u00e0 lunch en papier Tyvek"},"content":{"rendered":"<p><strong>Description du produit<\/strong><br \/>\n<strong>Sac isotherme en papier Tyvek<\/strong>\u00a0est utilis\u00e9 dans un mat\u00e9riau respectueux de l&#039;environnement, similaire aux produits en plastique, pouvant \u00eatre lav\u00e9 \u00e0 plusieurs reprises et r\u00e9sistant aux d\u00e9chirures. L&#039;important est que le mat\u00e9riau soit respectueux de l&#039;environnement, il est donc r\u00e9utilisable. Ce nouveau mat\u00e9riau est notre premier essai d&#039;utilisation dans la surface du sac isotherme. L&#039;effet est \u00e9vident. C&#039;est tellement mignon et soign\u00e9. Le sac isotherme Tyvek est \u00e9tanche et r\u00e9sistant \u00e0 l&#039;huile, ce qui permet de transporter facilement de la nourriture au bureau et dans les \u00e9coles. Vous pouvez le garder dans la voiture avec un sac de courses r\u00e9utilisable et il sera parfait pour les petits et les congel\u00e9s.<\/p>\n<p>Si vous poss\u00e9dez ce type de sac isotherme, vous pourrez profiter \u00e0 temps de vos d\u00e9licieux plats, fruits de mer, fruits et l\u00e9gumes frais. Plus de malbouffe co\u00fbteuse et malsaine pour vous ou votre famille. La capacit\u00e9 est mod\u00e9r\u00e9e, ce qui signifie qu&#039;il y a beaucoup d&#039;espace pour le d\u00e9jeuner, les bouteilles d&#039;eau, les fruits et les collations.<\/p>\n<p>L&#039;apparence sp\u00e9ciale est con\u00e7ue pour les hommes, les femmes, les enfants, les gar\u00e7ons ou les filles. En un mot, le sac isotherme Tyvek convient \u00e0 tous les \u00e2ges pour travailler, pique-niquer, travailler ou voyager.<\/p>\n<p><strong>Sac isotherme Tyvek<\/strong>\u00a0est multifonctionnel, compact, \u00e9l\u00e9gant et durable, sac \u00e0 lunch pratique et r\u00e9utilisable, cousu bien tricot\u00e9, qui est plus fort que l&#039;aimant et il n&#039;est pas facile de tomber, facile \u00e0 utiliser, les adultes et les enfants conviennent m\u00eame au petit b\u00e9b\u00e9 peut \u00eatre ouvert tout seul. \u00c9l\u00e9gance, \u00e9l\u00e9gant, adorable, cool, distinctif et personnalis\u00e9, le sac \u00e0 lunch peut \u00e9galement \u00eatre peint et sign\u00e9. C&#039;est une fa\u00e7on originale de garder vos aliments au frais et au chaud, m\u00eame s&#039;ils ressemblent \u00e0 un paquet de papier froiss\u00e9.<\/p>\n<p>Il est temps de savoir comment le fermer et l&#039;ouvrir. Voici un bouton sur le dessus, il vous suffit donc de l&#039;ouvrir. Cependant, le sac isotherme n&#039;est pas compl\u00e8tement herm\u00e9tique, de sorte qu&#039;une d\u00e9licieuse odeur de nourriture ne se r\u00e9pandra pas hors du sac.<\/p>\n<p><strong>sp\u00e9cification<\/strong><\/p>\n<div class=\"table_wrap\">\n<table border=\"1\" cellspacing=\"0\">\n<tbody>\n<tr>\n<td valign=\"center\" width=\"284\">\n<p align=\"justify\">MAT\u00c9RIEL<\/p>\n<\/td>\n<td valign=\"center\" width=\"284\">\n<p align=\"justify\">Tyvek<\/p>\n<\/td>\n<\/tr>\n<tr>\n<td valign=\"center\" width=\"284\">\n<p align=\"justify\">Taille<\/p>\n<\/td>\n<td valign=\"center\" width=\"284\">\n<p align=\"justify\">Taille standard ou personnalis\u00e9e<\/p>\n<\/td>\n<\/tr>\n<tr>\n<td valign=\"center\" width=\"284\">\n<p align=\"justify\">Couleurs<\/p>\n<\/td>\n<td valign=\"center\" width=\"284\">\n<p align=\"justify\">Marron, noir, vert ou personnalis\u00e9<\/p>\n<\/td>\n<\/tr>\n<tr>\n<td valign=\"center\" width=\"284\">\n<p align=\"justify\">Commande minimale<\/p>\n<\/td>\n<td valign=\"center\" width=\"284\">\n<p align=\"justify\">100 pi\u00e8ces<\/p>\n<\/td>\n<\/tr>\n<tr>\n<td valign=\"center\" width=\"284\">\n<p align=\"justify\">OEM et ODM<\/p>\n<\/td>\n<td valign=\"center\" width=\"284\">\n<p align=\"justify\">Accepter<\/p>\n<\/td>\n<\/tr>\n<tr>\n<td valign=\"center\" width=\"284\">\n<p align=\"justify\">Logo<\/p>\n<\/td>\n<td valign=\"center\" width=\"284\">\n<p align=\"justify\">Coutume<\/p>\n<\/td>\n<\/tr>\n<\/tbody>\n<\/table>\n<\/div>\n<div class=\"clear\"><\/div>","protected":false},"excerpt":{"rendered":"<table border=\"1\" cellspacing=\"0\">\n<tbody>\n<tr>\n<td valign=\"center\" width=\"284\">\n<p align=\"justify\">MAT\u00c9RIEL<\/p>\n<\/td>\n<td valign=\"center\" width=\"284\">\n<p align=\"justify\">Tyvek<\/p>\n<\/td>\n<\/tr>\n<tr>\n<td valign=\"center\" width=\"284\">\n<p align=\"justify\">Taille<\/p>\n<\/td>\n<td valign=\"center\" width=\"284\">\n<p align=\"justify\">Taille standard ou personnalis\u00e9e<\/p>\n<\/td>\n<\/tr>\n<tr>\n<td valign=\"center\" width=\"284\">\n<p align=\"justify\">Couleurs<\/p>\n<\/td>\n<td valign=\"center\" width=\"284\">\n<p align=\"justify\">Marron, noir, vert ou personnalis\u00e9<\/p>\n<\/td>\n<\/tr>\n<tr>\n<td valign=\"center\" width=\"284\">\n<p align=\"justify\">Commande minimale<\/p>\n<\/td>\n<td valign=\"center\" width=\"284\">\n<p align=\"justify\">100 pi\u00e8ces<\/p>\n<\/td>\n<\/tr>\n<tr>\n<td valign=\"center\" width=\"284\">\n<p align=\"justify\">OEM et ODM<\/p>\n<\/td>\n<td valign=\"center\" width=\"284\">\n<p align=\"justify\">Accepter<\/p>\n<\/td>\n<\/tr>\n<tr>\n<td valign=\"center\" width=\"284\">\n<p align=\"justify\">Logo<\/p>\n<\/td>\n<td valign=\"center\" width=\"284\">\n<p align=\"justify\">Coutume<\/p>\n<\/td>\n<\/tr>\n<\/tbody>\n<\/table>","protected":false},"featured_media":1438,"comment_status":"closed","ping_status":"closed","template":"","meta":{"_seopress_robots_primary_cat":"","_seopress_titles_title":"","_seopress_titles_desc":"","_seopress_robots_index":"","site-sidebar-layout":"default","site-content-layout":"default","ast-site-content-layout":"default","site-content-style":"default","site-sidebar-style":"default","ast-global-header-display":"","ast-banner-title-visibility":"","ast-main-header-display":"","ast-hfb-above-header-display":"","ast-hfb-below-header-display":"","ast-hfb-mobile-header-display":"","site-post-title":"","ast-breadcrumbs-content":"","ast-featured-img":"","footer-sml-layout":"","theme-transparent-header-meta":"default","adv-header-id-meta":"","stick-header-meta":"","header-above-stick-meta":"","header-main-stick-meta":"","header-below-stick-meta":"","astra-migrate-meta-layouts":"default","ast-page-background-enabled":"default","ast-page-background-meta":{"desktop":{"background-color":"","background-image":"","background-repeat":"repeat","background-position":"center center","background-size":"auto","background-attachment":"scroll","background-type":"","background-media":"","overlay-type":"","overlay-color":"","overlay-opacity":"","overlay-gradient":""},"tablet":{"background-color":"","background-image":"","background-repeat":"repeat","background-position":"center center","background-size":"auto","background-attachment":"scroll","background-type":"","background-media":"","overlay-type":"","overlay-color":"","overlay-opacity":"","overlay-gradient":""},"mobile":{"background-color":"","background-image":"","background-repeat":"repeat","background-position":"center center","background-size":"auto","background-attachment":"scroll","background-type":"","background-media":"","overlay-type":"","overlay-color":"","overlay-opacity":"","overlay-gradient":""}},"ast-content-background-meta":{"desktop":{"background-color":"var(--ast-global-color-5)","background-image":"","background-repeat":"repeat","background-position":"center center","background-size":"auto","background-attachment":"scroll","background-type":"","background-media":"","overlay-type":"","overlay-color":"","overlay-opacity":"","overlay-gradient":""},"tablet":{"background-color":"var(--ast-global-color-5)","background-image":"","background-repeat":"repeat","background-position":"center center","background-size":"auto","background-attachment":"scroll","background-type":"","background-media":"","overlay-type":"","overlay-color":"","overlay-opacity":"","overlay-gradient":""},"mobile":{"background-color":"var(--ast-global-color-5)","background-image":"","background-repeat":"repeat","background-position":"center center","background-size":"auto","background-attachment":"scroll","background-type":"","background-media":"","overlay-type":"","overlay-color":"","overlay-opacity":"","overlay-gradient":""}}},"product_brand":[],"product_cat":[33],"product_tag":[],"class_list":{"0":"post-1436","1":"product","2":"type-product","3":"status-publish","4":"has-post-thumbnail","6":"product_cat-coolerbag","7":"desktop-align-left","8":"tablet-align-left","9":"mobile-align-left","11":"first","12":"instock","13":"shipping-taxable","14":"product-type-simple"},"_links":{"self":[{"href":"https:\/\/precisebag.com\/fr\/wp-json\/wp\/v2\/product\/1436","targetHints":{"allow":["GET"]}}],"collection":[{"href":"https:\/\/precisebag.com\/fr\/wp-json\/wp\/v2\/product"}],"about":[{"href":"https:\/\/precisebag.com\/fr\/wp-json\/wp\/v2\/types\/product"}],"replies":[{"embeddable":true,"href":"https:\/\/precisebag.com\/fr\/wp-json\/wp\/v2\/comments?post=1436"}],"wp:featuredmedia":[{"embeddable":true,"href":"https:\/\/precisebag.com\/fr\/wp-json\/wp\/v2\/media\/1438"}],"wp:attachment":[{"href":"https:\/\/precisebag.com\/fr\/wp-json\/wp\/v2\/media?parent=1436"}],"wp:term":[{"taxonomy":"product_brand","embeddable":true,"href":"https:\/\/precisebag.com\/fr\/wp-json\/wp\/v2\/product_brand?post=1436"},{"taxonomy":"product_cat","embeddable":true,"href":"https:\/\/precisebag.com\/fr\/wp-json\/wp\/v2\/product_cat?post=1436"},{"taxonomy":"product_tag","embeddable":true,"href":"https:\/\/precisebag.com\/fr\/wp-json\/wp\/v2\/product_tag?post=1436"}],"curies":[{"name":"wp","href":"https:\/\/api.w.org\/{rel}","templated":true}]}}