{"id":1445,"date":"2022-03-21T12:55:35","date_gmt":"2022-03-21T12:55:35","guid":{"rendered":"https:\/\/precisebag.com\/?post_type=product&#038;p=1445"},"modified":"2022-03-21T13:04:20","modified_gmt":"2022-03-21T13:04:20","slug":"insulated-pizza-delivery-bag","status":"publish","type":"product","link":"https:\/\/precisebag.com\/fr\/produit\/insulated-pizza-delivery-bag\/","title":{"rendered":"Sac de livraison de pizza isotherme"},"content":{"rendered":"<p><strong>Description du produit<\/strong><br \/>\n<strong>Le sac isotherme de livraison de nourriture est extra-large<\/strong>, ce qui signifie qu&#039;il y a suffisamment d&#039;espace pour les pizzas et les g\u00e2teaux, et \u00e9conomiser plus d&#039;espace pour tous les produits d&#039;\u00e9picerie ou de livraison de nourriture. Le sac de livraison de pizza est durable et con\u00e7u pour supporter de lourdes charges. Ils sont dot\u00e9s de coutures renforc\u00e9es le long des principaux points de tension et de sangles en nylon robustes qui renforcent la base de chaque sac.<\/p>\n<p>La surface est en oxford et l&#039;int\u00e9rieur est en aluminium, il est donc \u00e9tanche et r\u00e9sistant aux fuites. Cela rend \u00e9galement le nettoyage des sacs extr\u00eamement facile. La doublure de qualit\u00e9 sup\u00e9rieure est constitu\u00e9e de papier d&#039;aluminium et de mousse isol\u00e9e, ce qui garde les aliments chauds au chaud et les aliments surgel\u00e9s au froid. Il n&#039;y a pas besoin de s&#039;inqui\u00e9ter du froid de vos plats \u00e0 emporter ou de la d\u00e9cong\u00e9lation de la cr\u00e8me. La surface est en oxford, ce qui rend les sacs imperm\u00e9ables, ce qui signifie \u00e9galement que les sacs de livraison de nourriture peuvent \u00eatre utilis\u00e9s toute l&#039;ann\u00e9e, qu&#039;il pleuve ou qu&#039;il fasse beau. Peu importe que vous livriez des courses ou des pizzas, les sacs sont isol\u00e9s pour garder vos aliments frais.<\/p>\n<p>De nombreuses entreprises de restauration utilisent les sacs isothermes de livraison de nourriture pour tous nos \u00e9v\u00e9nements de restauration. Nous recommandons vivement ! ils peuvent supporter beaucoup de poids! Il y a deux couches \u00e0 l&#039;int\u00e9rieur du sac isotherme de livraison de nourriture, ce qui signifie que vous placez la pizza sur la couche sup\u00e9rieure. Une autre couche peut \u00eatre mise sur le g\u00e2teau. C&#039;est un bon moyen de r\u00e9soudre le probl\u00e8me d\u00e9sordonn\u00e9. La plupart des sacs de livraison de nourriture concurrents fuiront toujours en raison du processus de couture\/couture qui compromet l&#039;\u00e9tanch\u00e9it\u00e9 de l&#039;int\u00e9rieur. Cependant, le n\u00f4tre a une construction int\u00e9rieure monobloc qui le rend vraiment \u00e9tanche. Une qualit\u00e9 en laquelle vous pouvez avoir confiance. Un de nos clients a d\u00e9clar\u00e9\u00a0: le sac peut contenir deux grandes pizzas et il reste chaud pendant un certain temps, et il est tr\u00e8s solide et tr\u00e8s r\u00e9sistant.<\/p>\n<p><strong>sp\u00e9cification<\/strong><\/p>\n<div class=\"table_wrap\">\n<table border=\"1\" cellspacing=\"0\">\n<tbody>\n<tr>\n<td valign=\"top\" width=\"284\">Mat\u00e9riel<\/td>\n<td valign=\"top\" width=\"284\">Oxford, feuille d&#039;aluminium, PVC<\/td>\n<\/tr>\n<tr>\n<td valign=\"top\" width=\"284\">Taille<\/td>\n<td valign=\"top\" width=\"284\">Grande taille ou personnalis\u00e9<\/td>\n<\/tr>\n<tr>\n<td valign=\"top\" width=\"284\">Couleurs<\/td>\n<td valign=\"top\" width=\"284\">Rouge, noir ou personnalis\u00e9<\/td>\n<\/tr>\n<tr>\n<td valign=\"top\" width=\"284\">Commande minimale<\/td>\n<td valign=\"top\" width=\"284\">100 pi\u00e8ces<\/td>\n<\/tr>\n<tr>\n<td valign=\"top\" width=\"284\">OEM et ODM<\/td>\n<td valign=\"top\" width=\"284\">Accepter<\/td>\n<\/tr>\n<tr>\n<td valign=\"top\" width=\"284\">Logo<\/td>\n<td valign=\"top\" width=\"284\">Coutume<\/td>\n<\/tr>\n<\/tbody>\n<\/table>\n<\/div>","protected":false},"excerpt":{"rendered":"<table border=\"1\" cellspacing=\"0\">\n<tbody>\n<tr>\n<td valign=\"top\" width=\"284\">Mat\u00e9riel<\/td>\n<td valign=\"top\" width=\"284\">Oxford, feuille d&#039;aluminium, PVC<\/td>\n<\/tr>\n<tr>\n<td valign=\"top\" width=\"284\">Taille<\/td>\n<td valign=\"top\" width=\"284\">Grande taille ou personnalis\u00e9<\/td>\n<\/tr>\n<tr>\n<td valign=\"top\" width=\"284\">Couleurs<\/td>\n<td valign=\"top\" width=\"284\">Rouge, noir ou personnalis\u00e9<\/td>\n<\/tr>\n<tr>\n<td valign=\"top\" width=\"284\">Commande minimale<\/td>\n<td valign=\"top\" width=\"284\">100 pi\u00e8ces<\/td>\n<\/tr>\n<tr>\n<td valign=\"top\" width=\"284\">OEM et ODM<\/td>\n<td valign=\"top\" width=\"284\">Accepter<\/td>\n<\/tr>\n<tr>\n<td valign=\"top\" width=\"284\">Logo<\/td>\n<td valign=\"top\" width=\"284\">Coutume<\/td>\n<\/tr>\n<\/tbody>\n<\/table>","protected":false},"featured_media":1447,"comment_status":"closed","ping_status":"closed","template":"","meta":{"_seopress_robots_primary_cat":"","_seopress_titles_title":"","_seopress_titles_desc":"","_seopress_robots_index":"","site-sidebar-layout":"default","site-content-layout":"default","ast-site-content-layout":"default","site-content-style":"default","site-sidebar-style":"default","ast-global-header-display":"","ast-banner-title-visibility":"","ast-main-header-display":"","ast-hfb-above-header-display":"","ast-hfb-below-header-display":"","ast-hfb-mobile-header-display":"","site-post-title":"","ast-breadcrumbs-content":"","ast-featured-img":"","footer-sml-layout":"","theme-transparent-header-meta":"default","adv-header-id-meta":"","stick-header-meta":"","header-above-stick-meta":"","header-main-stick-meta":"","header-below-stick-meta":"","astra-migrate-meta-layouts":"default","ast-page-background-enabled":"default","ast-page-background-meta":{"desktop":{"background-color":"","background-image":"","background-repeat":"repeat","background-position":"center center","background-size":"auto","background-attachment":"scroll","background-type":"","background-media":"","overlay-type":"","overlay-color":"","overlay-opacity":"","overlay-gradient":""},"tablet":{"background-color":"","background-image":"","background-repeat":"repeat","background-position":"center center","background-size":"auto","background-attachment":"scroll","background-type":"","background-media":"","overlay-type":"","overlay-color":"","overlay-opacity":"","overlay-gradient":""},"mobile":{"background-color":"","background-image":"","background-repeat":"repeat","background-position":"center center","background-size":"auto","background-attachment":"scroll","background-type":"","background-media":"","overlay-type":"","overlay-color":"","overlay-opacity":"","overlay-gradient":""}},"ast-content-background-meta":{"desktop":{"background-color":"var(--ast-global-color-5)","background-image":"","background-repeat":"repeat","background-position":"center center","background-size":"auto","background-attachment":"scroll","background-type":"","background-media":"","overlay-type":"","overlay-color":"","overlay-opacity":"","overlay-gradient":""},"tablet":{"background-color":"var(--ast-global-color-5)","background-image":"","background-repeat":"repeat","background-position":"center center","background-size":"auto","background-attachment":"scroll","background-type":"","background-media":"","overlay-type":"","overlay-color":"","overlay-opacity":"","overlay-gradient":""},"mobile":{"background-color":"var(--ast-global-color-5)","background-image":"","background-repeat":"repeat","background-position":"center center","background-size":"auto","background-attachment":"scroll","background-type":"","background-media":"","overlay-type":"","overlay-color":"","overlay-opacity":"","overlay-gradient":""}}},"product_brand":[],"product_cat":[33],"product_tag":[],"class_list":{"0":"post-1445","1":"product","2":"type-product","3":"status-publish","4":"has-post-thumbnail","6":"product_cat-coolerbag","7":"desktop-align-left","8":"tablet-align-left","9":"mobile-align-left","11":"first","12":"instock","13":"shipping-taxable","14":"product-type-simple"},"_links":{"self":[{"href":"https:\/\/precisebag.com\/fr\/wp-json\/wp\/v2\/product\/1445","targetHints":{"allow":["GET"]}}],"collection":[{"href":"https:\/\/precisebag.com\/fr\/wp-json\/wp\/v2\/product"}],"about":[{"href":"https:\/\/precisebag.com\/fr\/wp-json\/wp\/v2\/types\/product"}],"replies":[{"embeddable":true,"href":"https:\/\/precisebag.com\/fr\/wp-json\/wp\/v2\/comments?post=1445"}],"wp:featuredmedia":[{"embeddable":true,"href":"https:\/\/precisebag.com\/fr\/wp-json\/wp\/v2\/media\/1447"}],"wp:attachment":[{"href":"https:\/\/precisebag.com\/fr\/wp-json\/wp\/v2\/media?parent=1445"}],"wp:term":[{"taxonomy":"product_brand","embeddable":true,"href":"https:\/\/precisebag.com\/fr\/wp-json\/wp\/v2\/product_brand?post=1445"},{"taxonomy":"product_cat","embeddable":true,"href":"https:\/\/precisebag.com\/fr\/wp-json\/wp\/v2\/product_cat?post=1445"},{"taxonomy":"product_tag","embeddable":true,"href":"https:\/\/precisebag.com\/fr\/wp-json\/wp\/v2\/product_tag?post=1445"}],"curies":[{"name":"wp","href":"https:\/\/api.w.org\/{rel}","templated":true}]}}