{"id":1478,"date":"2022-03-22T13:03:35","date_gmt":"2022-03-22T13:03:35","guid":{"rendered":"https:\/\/precisebag.com\/?post_type=product&#038;p=1478"},"modified":"2022-03-22T13:03:41","modified_gmt":"2022-03-22T13:03:41","slug":"canvas-shopping-bag","status":"publish","type":"product","link":"https:\/\/precisebag.com\/fr\/produit\/canvas-shopping-bag\/","title":{"rendered":"Sac \u00e0 provisions en toile"},"content":{"rendered":"<p><strong>Description du produit<\/strong><br \/>\nLe sac fourre-tout en toile est en coton. En raison de son mat\u00e9riau respectueux de l&#039;environnement, le co\u00fbt des sacs fourre-tout en toile est plus \u00e9lev\u00e9 que celui des tissus non tiss\u00e9s. Nous ch\u00e9rissons la protection de la terre et avec des sacs d&#039;\u00e9picerie r\u00e9utilisables, vous pouvez dire non aux sacs en papier ou en plastique et prot\u00e9ger l&#039;environnement de la terre qui abrite toute l&#039;humanit\u00e9. Responsable de sauver la plan\u00e8te en ne choisissant pas de sacs en papier ou en plastique, passez au vert, apportez notre vie de mani\u00e8re color\u00e9e et cr\u00e9ative. Ce grand sac fourre-tout \u00e0 rayures est r\u00e9utilisable et peut \u00eatre utilis\u00e9 comme sac d&#039;\u00e9picerie, sac de plage, cr\u00e9ation artisanale, sac cadeau, sac \u00e9cologique ou tout autre usage auquel vous pouvez penser\u00a0! Il y a une poche dans le sac, vous pouvez y mettre des cl\u00e9s, un portefeuille, des pi\u00e8ces de monnaie et d&#039;autres petits objets.<\/p>\n<p>Avec de plus en plus d&#039;\u00e9l\u00e9ments de conception de sac fourre-tout en toile, le sac en toile est devenu une poursuite de la mode. C&#039;est la nouvelle mode \u00e0 la mode pour les gens. Les sacs en toile sont fondamentalement polyvalents et peuvent \u00eatre assortis \u00e0 n&#039;importe quel v\u00eatement. Le sac en toile monochrome est l&#039;article le plus courant, bien qu&#039;il soit tr\u00e8s pratique, mais je crois que vous vous ennuierez parfois, alors autant choisir un sac en toile \u00e0 motifs lumineux.<\/p>\n<p>Tous les sacs fourre-tout en toile peuvent \u00eatre personnalis\u00e9s. Si vous souhaitez avoir un tote bag vierge, les sacs en toile vierge vous permettent de profiter des motifs pr\u00e9f\u00e9r\u00e9s du DIY. traitement de blanchiment unique, absorption rapide de l&#039;eau, id\u00e9al pour les projets de peinture et de d\u00e9coration \u00e0 la maison, \u00e0 l&#039;\u00e9cole ou au camp, ajoutez votre propre touche avec de la peinture et d&#039;autres outils d&#039;artisanat pour un sac cadeau personnalis\u00e9 \u00e0 vos proches. Achetez du papier vinyle de transfert thermique pour le transf\u00e9rer sur le sac, vous pouvez \u00e9galement faire de la broderie. Si vous souhaitez avoir votre propre design, nous pouvons \u00e9galement vous aider \u00e0 le compl\u00e9ter.<\/p>\n<p>Les tissus du sac fourre-tout en toile subissent le traitement de blanchiment et de teinture, le r\u00e9tr\u00e9cissement est assez bien contr\u00f4l\u00e9. Ne vous inqui\u00e9tez pas des marques de salet\u00e9 ou de la boue, il suffit de le jeter dans la machine \u00e0 laver pour le nettoyer.<\/p>\n<p><strong>sp\u00e9cification<\/strong><\/p>\n<div class=\"table_wrap\">\n<table border=\"1\" cellspacing=\"0\">\n<tbody>\n<tr>\n<td valign=\"top\" width=\"284\">Mat\u00e9riel<\/td>\n<td valign=\"top\" width=\"284\">Toile<\/td>\n<\/tr>\n<tr>\n<td valign=\"top\" width=\"284\">Taille<\/td>\n<td valign=\"top\" width=\"284\">Grande taille, taille standard ou personnalis\u00e9e<\/td>\n<\/tr>\n<tr>\n<td valign=\"top\" width=\"284\">Couleurs<\/td>\n<td valign=\"top\" width=\"284\">Coutume<\/td>\n<\/tr>\n<tr>\n<td valign=\"top\" width=\"284\">Commande minimale<\/td>\n<td valign=\"top\" width=\"284\">100 pi\u00e8ces<\/td>\n<\/tr>\n<tr>\n<td valign=\"top\" width=\"284\">OEM et ODM<\/td>\n<td valign=\"top\" width=\"284\">Accepter<\/td>\n<\/tr>\n<tr>\n<td valign=\"top\" width=\"284\">Logo<\/td>\n<td valign=\"top\" width=\"284\">Coutume<\/td>\n<\/tr>\n<\/tbody>\n<\/table>\n<\/div>","protected":false},"excerpt":{"rendered":"<table border=\"1\" cellspacing=\"0\">\n<tbody>\n<tr>\n<td valign=\"top\" width=\"284\">Mat\u00e9riel<\/td>\n<td valign=\"top\" width=\"284\">Toile<\/td>\n<\/tr>\n<tr>\n<td valign=\"top\" width=\"284\">Taille<\/td>\n<td valign=\"top\" width=\"284\">Grande taille, taille standard ou personnalis\u00e9e<\/td>\n<\/tr>\n<tr>\n<td valign=\"top\" width=\"284\">Couleurs<\/td>\n<td valign=\"top\" width=\"284\">Coutume<\/td>\n<\/tr>\n<tr>\n<td valign=\"top\" width=\"284\">Commande minimale<\/td>\n<td valign=\"top\" width=\"284\">100 pi\u00e8ces<\/td>\n<\/tr>\n<tr>\n<td valign=\"top\" width=\"284\">OEM et ODM<\/td>\n<td valign=\"top\" width=\"284\">Accepter<\/td>\n<\/tr>\n<tr>\n<td valign=\"top\" width=\"284\">Logo<\/td>\n<td valign=\"top\" width=\"284\">Coutume<\/td>\n<\/tr>\n<\/tbody>\n<\/table>","protected":false},"featured_media":1481,"comment_status":"closed","ping_status":"closed","template":"","meta":{"_seopress_robots_primary_cat":"","_seopress_titles_title":"","_seopress_titles_desc":"","_seopress_robots_index":"","site-sidebar-layout":"default","site-content-layout":"default","ast-site-content-layout":"default","site-content-style":"default","site-sidebar-style":"default","ast-global-header-display":"","ast-banner-title-visibility":"","ast-main-header-display":"","ast-hfb-above-header-display":"","ast-hfb-below-header-display":"","ast-hfb-mobile-header-display":"","site-post-title":"","ast-breadcrumbs-content":"","ast-featured-img":"","footer-sml-layout":"","theme-transparent-header-meta":"default","adv-header-id-meta":"","stick-header-meta":"","header-above-stick-meta":"","header-main-stick-meta":"","header-below-stick-meta":"","astra-migrate-meta-layouts":"default","ast-page-background-enabled":"default","ast-page-background-meta":{"desktop":{"background-color":"","background-image":"","background-repeat":"repeat","background-position":"center center","background-size":"auto","background-attachment":"scroll","background-type":"","background-media":"","overlay-type":"","overlay-color":"","overlay-opacity":"","overlay-gradient":""},"tablet":{"background-color":"","background-image":"","background-repeat":"repeat","background-position":"center center","background-size":"auto","background-attachment":"scroll","background-type":"","background-media":"","overlay-type":"","overlay-color":"","overlay-opacity":"","overlay-gradient":""},"mobile":{"background-color":"","background-image":"","background-repeat":"repeat","background-position":"center center","background-size":"auto","background-attachment":"scroll","background-type":"","background-media":"","overlay-type":"","overlay-color":"","overlay-opacity":"","overlay-gradient":""}},"ast-content-background-meta":{"desktop":{"background-color":"var(--ast-global-color-5)","background-image":"","background-repeat":"repeat","background-position":"center center","background-size":"auto","background-attachment":"scroll","background-type":"","background-media":"","overlay-type":"","overlay-color":"","overlay-opacity":"","overlay-gradient":""},"tablet":{"background-color":"var(--ast-global-color-5)","background-image":"","background-repeat":"repeat","background-position":"center center","background-size":"auto","background-attachment":"scroll","background-type":"","background-media":"","overlay-type":"","overlay-color":"","overlay-opacity":"","overlay-gradient":""},"mobile":{"background-color":"var(--ast-global-color-5)","background-image":"","background-repeat":"repeat","background-position":"center center","background-size":"auto","background-attachment":"scroll","background-type":"","background-media":"","overlay-type":"","overlay-color":"","overlay-opacity":"","overlay-gradient":""}}},"product_brand":[],"product_cat":[35],"product_tag":[],"class_list":{"0":"post-1478","1":"product","2":"type-product","3":"status-publish","4":"has-post-thumbnail","6":"product_cat-canvastotebag","7":"desktop-align-left","8":"tablet-align-left","9":"mobile-align-left","11":"first","12":"instock","13":"shipping-taxable","14":"product-type-simple"},"_links":{"self":[{"href":"https:\/\/precisebag.com\/fr\/wp-json\/wp\/v2\/product\/1478","targetHints":{"allow":["GET"]}}],"collection":[{"href":"https:\/\/precisebag.com\/fr\/wp-json\/wp\/v2\/product"}],"about":[{"href":"https:\/\/precisebag.com\/fr\/wp-json\/wp\/v2\/types\/product"}],"replies":[{"embeddable":true,"href":"https:\/\/precisebag.com\/fr\/wp-json\/wp\/v2\/comments?post=1478"}],"wp:featuredmedia":[{"embeddable":true,"href":"https:\/\/precisebag.com\/fr\/wp-json\/wp\/v2\/media\/1481"}],"wp:attachment":[{"href":"https:\/\/precisebag.com\/fr\/wp-json\/wp\/v2\/media?parent=1478"}],"wp:term":[{"taxonomy":"product_brand","embeddable":true,"href":"https:\/\/precisebag.com\/fr\/wp-json\/wp\/v2\/product_brand?post=1478"},{"taxonomy":"product_cat","embeddable":true,"href":"https:\/\/precisebag.com\/fr\/wp-json\/wp\/v2\/product_cat?post=1478"},{"taxonomy":"product_tag","embeddable":true,"href":"https:\/\/precisebag.com\/fr\/wp-json\/wp\/v2\/product_tag?post=1478"}],"curies":[{"name":"wp","href":"https:\/\/api.w.org\/{rel}","templated":true}]}}