{"id":1523,"date":"2022-03-26T02:57:33","date_gmt":"2022-03-26T02:57:33","guid":{"rendered":"https:\/\/precisebag.com\/?post_type=product&#038;p=1523"},"modified":"2022-03-26T03:06:20","modified_gmt":"2022-03-26T03:06:20","slug":"extra-large-nylon-laundry-bag","status":"publish","type":"product","link":"https:\/\/precisebag.com\/fr\/produit\/extra-large-nylon-laundry-bag\/","title":{"rendered":"Tr\u00e8s grand sac \u00e0 linge en nylon"},"content":{"rendered":"<p>Ce sac \u00e0 linge est parfait pour ceux qui aiment partir en vacances avec leurs v\u00eatements sales. Sa grande taille peut contenir jusqu&#039;\u00e0 30 v\u00eatements et sa conception sup\u00e9rieure comporte un cordon de verrouillage qui maintient tout en place !<\/p>\n<p><strong>Description du produit<\/strong><br \/>\nSi vous recherchez un sac \u00e0 linge robuste et extra large, ce sac \u00e0 linge de style est parfait pour vous. Ce type de sac peut contenir 20 \u00e0 30 v\u00eatements. La conception sup\u00e9rieure est un cordon de serrage verrouillable, ce qui peut garder vos v\u00eatements dans le sac \u00e0 linge. La bandouli\u00e8re extra large le rend rapide et facile \u00e0 transporter dans la buanderie, et peut \u00e9galement all\u00e9ger le poids de vos \u00e9paules. La couleur est orange, qui semble incroyablement fra\u00eeche et frappante. En raison du fond durable du sac \u00e0 linge, vous pouvez \u00e9galement porter des v\u00eatements ou des draps saisonniers, parfaitement adapt\u00e9s aux v\u00eatements sales et sales ainsi qu&#039;aux activit\u00e9s de plein air.<\/p>\n<p>Si vous souhaitez avoir une \u00e9tiquette d&#039;identification, nous pouvons \u00e9galement concevoir une poche d&#039;identification pour que vous puissiez mettre votre nom, votre adresse et tout autre message important, afin que vous puissiez obtenir votre sac \u00e0 linge rapidement. Afin d&#039;\u00e9conomiser plus d&#039;espace, vous pouvez \u00e9galement l&#039;accrocher derri\u00e8re la porte, ce qui est id\u00e9al pour les dortoirs et la buanderie. Soyons honn\u00eates un instant, si vous avez un joli sac \u00e0 linge, cela pourrait rendre le linge un peu moins terne. Ce sac \u00e0 linge est en nylon et sa couleur orange sera un bon moyen de convaincre les plus jeunes membres de la famille d&#039;aider aux t\u00e2ches m\u00e9nag\u00e8res.<\/p>\n<p>Le sac \u00e0 linge est parfait pour le rangement \u00e0 la maison ou les voyages, les pique-niques et les v\u00eatements de transport, et le tissu en nylon prot\u00e8ge les v\u00eatements sales contre les dommages. Lorsque vous arrivez \u00e0 la buanderie, il vous suffit de retirer les sacs du sac \u00e0 linge et de les plier soigneusement pour \u00e9conomiser de l&#039;espace lorsqu&#039;ils sont vides. Si vous \u00eates \u00e0 la maison, le sac \u00e0 linge peut \u00e9galement \u00eatre facilement d\u00e9plac\u00e9 dans votre maison gr\u00e2ce aux poign\u00e9es durables. Ce sac \u00e0 linge polyvalent et durable est un choix parfait pour toute famille et son prix comp\u00e9titif le rend encore plus attrayant.<\/p>\n<p><strong>sp\u00e9cification<\/strong><\/p>\n<div class=\"table_wrap\">\n<table border=\"1\" cellspacing=\"0\">\n<tbody>\n<tr>\n<td valign=\"top\" width=\"284\">Mat\u00e9riel<\/td>\n<td valign=\"top\" width=\"284\">Nylon<\/td>\n<\/tr>\n<tr>\n<td valign=\"top\" width=\"284\">Couleur<\/td>\n<td valign=\"top\" width=\"284\">Orange<\/td>\n<\/tr>\n<tr>\n<td valign=\"top\" width=\"284\">Taille<\/td>\n<td valign=\"top\" width=\"284\">Taille standard ou personnalis\u00e9e<\/td>\n<\/tr>\n<tr>\n<td valign=\"top\" width=\"284\">MOQ<\/td>\n<td valign=\"top\" width=\"284\">200<\/td>\n<\/tr>\n<tr>\n<td valign=\"top\" width=\"284\">Impression de logos<\/td>\n<td valign=\"top\" width=\"284\">Accepter<\/td>\n<\/tr>\n<\/tbody>\n<\/table>\n<\/div>","protected":false},"excerpt":{"rendered":"<table border=\"1\" cellspacing=\"0\">\n<tbody>\n<tr>\n<td valign=\"top\" width=\"284\">Mat\u00e9riel<\/td>\n<td valign=\"top\" width=\"284\">Nylon<\/td>\n<\/tr>\n<tr>\n<td valign=\"top\" width=\"284\">Couleur<\/td>\n<td valign=\"top\" width=\"284\">Orange<\/td>\n<\/tr>\n<tr>\n<td valign=\"top\" width=\"284\">Taille<\/td>\n<td valign=\"top\" width=\"284\">Taille standard ou personnalis\u00e9e<\/td>\n<\/tr>\n<tr>\n<td valign=\"top\" width=\"284\">MOQ<\/td>\n<td valign=\"top\" width=\"284\">200<\/td>\n<\/tr>\n<tr>\n<td valign=\"top\" width=\"284\">Impression de logos<\/td>\n<td valign=\"top\" width=\"284\">Accepter<\/td>\n<\/tr>\n<\/tbody>\n<\/table>","protected":false},"featured_media":1526,"comment_status":"closed","ping_status":"closed","template":"","meta":{"_seopress_robots_primary_cat":"","_seopress_titles_title":"","_seopress_titles_desc":"","_seopress_robots_index":"","site-sidebar-layout":"default","site-content-layout":"default","ast-site-content-layout":"default","site-content-style":"default","site-sidebar-style":"default","ast-global-header-display":"","ast-banner-title-visibility":"","ast-main-header-display":"","ast-hfb-above-header-display":"","ast-hfb-below-header-display":"","ast-hfb-mobile-header-display":"","site-post-title":"","ast-breadcrumbs-content":"","ast-featured-img":"","footer-sml-layout":"","theme-transparent-header-meta":"default","adv-header-id-meta":"","stick-header-meta":"","header-above-stick-meta":"","header-main-stick-meta":"","header-below-stick-meta":"","astra-migrate-meta-layouts":"default","ast-page-background-enabled":"default","ast-page-background-meta":{"desktop":{"background-color":"","background-image":"","background-repeat":"repeat","background-position":"center center","background-size":"auto","background-attachment":"scroll","background-type":"","background-media":"","overlay-type":"","overlay-color":"","overlay-opacity":"","overlay-gradient":""},"tablet":{"background-color":"","background-image":"","background-repeat":"repeat","background-position":"center center","background-size":"auto","background-attachment":"scroll","background-type":"","background-media":"","overlay-type":"","overlay-color":"","overlay-opacity":"","overlay-gradient":""},"mobile":{"background-color":"","background-image":"","background-repeat":"repeat","background-position":"center center","background-size":"auto","background-attachment":"scroll","background-type":"","background-media":"","overlay-type":"","overlay-color":"","overlay-opacity":"","overlay-gradient":""}},"ast-content-background-meta":{"desktop":{"background-color":"var(--ast-global-color-5)","background-image":"","background-repeat":"repeat","background-position":"center center","background-size":"auto","background-attachment":"scroll","background-type":"","background-media":"","overlay-type":"","overlay-color":"","overlay-opacity":"","overlay-gradient":""},"tablet":{"background-color":"var(--ast-global-color-5)","background-image":"","background-repeat":"repeat","background-position":"center center","background-size":"auto","background-attachment":"scroll","background-type":"","background-media":"","overlay-type":"","overlay-color":"","overlay-opacity":"","overlay-gradient":""},"mobile":{"background-color":"var(--ast-global-color-5)","background-image":"","background-repeat":"repeat","background-position":"center center","background-size":"auto","background-attachment":"scroll","background-type":"","background-media":"","overlay-type":"","overlay-color":"","overlay-opacity":"","overlay-gradient":""}}},"product_brand":[],"product_cat":[36],"product_tag":[],"class_list":{"0":"post-1523","1":"product","2":"type-product","3":"status-publish","4":"has-post-thumbnail","6":"product_cat-laundrybag","7":"desktop-align-left","8":"tablet-align-left","9":"mobile-align-left","11":"first","12":"instock","13":"shipping-taxable","14":"product-type-simple"},"_links":{"self":[{"href":"https:\/\/precisebag.com\/fr\/wp-json\/wp\/v2\/product\/1523","targetHints":{"allow":["GET"]}}],"collection":[{"href":"https:\/\/precisebag.com\/fr\/wp-json\/wp\/v2\/product"}],"about":[{"href":"https:\/\/precisebag.com\/fr\/wp-json\/wp\/v2\/types\/product"}],"replies":[{"embeddable":true,"href":"https:\/\/precisebag.com\/fr\/wp-json\/wp\/v2\/comments?post=1523"}],"wp:featuredmedia":[{"embeddable":true,"href":"https:\/\/precisebag.com\/fr\/wp-json\/wp\/v2\/media\/1526"}],"wp:attachment":[{"href":"https:\/\/precisebag.com\/fr\/wp-json\/wp\/v2\/media?parent=1523"}],"wp:term":[{"taxonomy":"product_brand","embeddable":true,"href":"https:\/\/precisebag.com\/fr\/wp-json\/wp\/v2\/product_brand?post=1523"},{"taxonomy":"product_cat","embeddable":true,"href":"https:\/\/precisebag.com\/fr\/wp-json\/wp\/v2\/product_cat?post=1523"},{"taxonomy":"product_tag","embeddable":true,"href":"https:\/\/precisebag.com\/fr\/wp-json\/wp\/v2\/product_tag?post=1523"}],"curies":[{"name":"wp","href":"https:\/\/api.w.org\/{rel}","templated":true}]}}