{"id":1540,"date":"2022-03-26T13:42:34","date_gmt":"2022-03-26T13:42:34","guid":{"rendered":"https:\/\/precisebag.com\/?post_type=product&#038;p=1540"},"modified":"2022-03-26T13:47:06","modified_gmt":"2022-03-26T13:47:06","slug":"laundry-bag-backpack","status":"publish","type":"product","link":"https:\/\/precisebag.com\/fr\/produit\/laundry-bag-backpack\/","title":{"rendered":"Sac \u00e0 linge Sac \u00e0 dos"},"content":{"rendered":"<p>Avec un sac \u00e0 dos pour sac \u00e0 linge en polyester durable, vous pouvez le laver dans votre machine sans vous soucier d&#039;endommager le mat\u00e9riau. Les coutures renforc\u00e9es sur chaque joint garantissent que ces coutures ne se d\u00e9chirent pas facilement et offrent plus de soutien lors du transport de charges lourdes avec peu de poids suppl\u00e9mentaire.<\/p>\n<p><strong>Description du produit<\/strong><br \/>\nCette<strong>\u00a0sac \u00e0 dos sac \u00e0 linge<\/strong>\u00a0est fait de polyester, qui est durable et solide. Il est imperm\u00e9able et lavable en machine. Des coutures renforc\u00e9es sur chaque joint garantissent que les coutures ne se d\u00e9chirent pas facilement et sont plus faciles \u00e0 transporter avec peu de poids suppl\u00e9mentaire. Assurez-vous d&#039;une dur\u00e9e de vie plus longue et d&#039;une utilisation durable. Tout le sac \u00e0 linge est personnalis\u00e9. Vous pouvez nous envoyer votre propre taille, couleur et design, nous pourrions vous aider \u00e0 le compl\u00e9ter.<\/p>\n<p>La forme unique est tr\u00e8s sp\u00e9ciale. La conception du cordon de serrage est facile \u00e0 ramasser les v\u00eatements. Serrez un n\u0153ud sur le verrou du cordon de serrage pour vous assurer que rien ne se perd lorsque le sac \u00e0 linge est plein. Les doubles bretelles sont r\u00e9glables, vous pouvez donc l&#039;ajuster \u00e0 votre stature.<\/p>\n<p>Les bretelles r\u00e9glables du sac \u00e0 dos du sac \u00e0 linge rendent ce sac \u00e0 la fois confortable \u00e0 transporter et vous permettent de garder les mains libres. Le mat\u00e9riau est un tissu en polyester imperm\u00e9able, id\u00e9al pour le camping et les voyages.<\/p>\n<p>La tr\u00e8s grande capacit\u00e9 peut s&#039;\u00e9tendre en haut du sac et offre encore plus d&#039;espace pour ranger des v\u00eatements suppl\u00e9mentaires, des articles de randonn\u00e9e, des \u00e9quipements de sport ou tout ce dont vous avez besoin pour ce voyage de nuit ou de camping.<\/p>\n<p>Il y a deux poches \u00e0 l&#039;avant du sac \u00e0 linge, qui offrent un espace de rangement suppl\u00e9mentaire pour le d\u00e9tergent, les sous-v\u00eatements et le soutien-gorge. Si vous devez rester longtemps dans la lessive, vous pouvez mettre un livre dans la poche. Le Livre vous aidera \u00e0 tuer le temps.<\/p>\n<p>C&#039;est une bonne id\u00e9e d&#039;accrocher ce sac \u00e0 dos \u00e0 linge au mur ou \u00e0 la porte pour ramasser le linge sale. En outre, le sac \u00e0 linge \u00e0 dos est imperm\u00e9able et lavable en machine pour la laverie, l&#039;appartement et l&#039;universit\u00e9. Cette m\u00e9thode pourrait \u00e9conomiser de l&#039;espace. Le sac \u00e0 linge robuste peut contenir jusqu&#039;\u00e0 50 livres, con\u00e7u pour supporter une charge de v\u00eatements hebdomadaires. Ce grand sac \u00e0 dos \u00e0 linge est pliable et facile \u00e0 ranger pour le voyage ou le camping.<\/p>\n<p>Si le sac \u00e0 linge \u00e0 dos a des probl\u00e8mes de qualit\u00e9, veuillez nous contacter.<\/p>\n<p><strong>sp\u00e9cification<\/strong><\/p>\n<div class=\"table_wrap\">\n<table border=\"1\" cellspacing=\"0\">\n<tbody>\n<tr>\n<td valign=\"top\" width=\"284\">Mat\u00e9riel<\/td>\n<td valign=\"top\" width=\"284\">Polyester<\/td>\n<\/tr>\n<tr>\n<td valign=\"top\" width=\"284\">Taille<\/td>\n<td valign=\"top\" width=\"284\">Grande taille ou personnalis\u00e9<\/td>\n<\/tr>\n<tr>\n<td valign=\"top\" width=\"284\">Couleurs<\/td>\n<td valign=\"top\" width=\"284\">Rouge, noir, vert ou personnalis\u00e9<\/td>\n<\/tr>\n<tr>\n<td valign=\"top\" width=\"284\">Commande minimale<\/td>\n<td valign=\"top\" width=\"284\">200 pi\u00e8ces<\/td>\n<\/tr>\n<tr>\n<td valign=\"top\" width=\"284\">OEM et ODM<\/td>\n<td valign=\"top\" width=\"284\">Accepter<\/td>\n<\/tr>\n<tr>\n<td valign=\"top\" width=\"284\">Logo<\/td>\n<td valign=\"top\" width=\"284\">Coutume<\/td>\n<\/tr>\n<\/tbody>\n<\/table>\n<\/div>","protected":false},"excerpt":{"rendered":"<p><strong>sp\u00e9cification<\/strong><\/p>\n<div class=\"table_wrap\">\n<table border=\"1\" cellspacing=\"0\">\n<tbody>\n<tr>\n<td valign=\"top\" width=\"284\">Mat\u00e9riel<\/td>\n<td valign=\"top\" width=\"284\">Polyester<\/td>\n<\/tr>\n<tr>\n<td valign=\"top\" width=\"284\">Taille<\/td>\n<td valign=\"top\" width=\"284\">Grande taille ou personnalis\u00e9<\/td>\n<\/tr>\n<tr>\n<td valign=\"top\" width=\"284\">Couleurs<\/td>\n<td valign=\"top\" width=\"284\">Rouge, noir, vert ou personnalis\u00e9<\/td>\n<\/tr>\n<tr>\n<td valign=\"top\" width=\"284\">Commande minimale<\/td>\n<td valign=\"top\" width=\"284\">200 pi\u00e8ces<\/td>\n<\/tr>\n<tr>\n<td valign=\"top\" width=\"284\">OEM et ODM<\/td>\n<td valign=\"top\" width=\"284\">Accepter<\/td>\n<\/tr>\n<tr>\n<td valign=\"top\" width=\"284\">Logo<\/td>\n<td valign=\"top\" width=\"284\">Coutume<\/td>\n<\/tr>\n<\/tbody>\n<\/table>\n<\/div>","protected":false},"featured_media":1542,"comment_status":"closed","ping_status":"closed","template":"","meta":{"_seopress_robots_primary_cat":"","_seopress_titles_title":"","_seopress_titles_desc":"","_seopress_robots_index":"","site-sidebar-layout":"default","site-content-layout":"default","ast-site-content-layout":"default","site-content-style":"default","site-sidebar-style":"default","ast-global-header-display":"","ast-banner-title-visibility":"","ast-main-header-display":"","ast-hfb-above-header-display":"","ast-hfb-below-header-display":"","ast-hfb-mobile-header-display":"","site-post-title":"","ast-breadcrumbs-content":"","ast-featured-img":"","footer-sml-layout":"","theme-transparent-header-meta":"default","adv-header-id-meta":"","stick-header-meta":"","header-above-stick-meta":"","header-main-stick-meta":"","header-below-stick-meta":"","astra-migrate-meta-layouts":"default","ast-page-background-enabled":"default","ast-page-background-meta":{"desktop":{"background-color":"","background-image":"","background-repeat":"repeat","background-position":"center center","background-size":"auto","background-attachment":"scroll","background-type":"","background-media":"","overlay-type":"","overlay-color":"","overlay-opacity":"","overlay-gradient":""},"tablet":{"background-color":"","background-image":"","background-repeat":"repeat","background-position":"center center","background-size":"auto","background-attachment":"scroll","background-type":"","background-media":"","overlay-type":"","overlay-color":"","overlay-opacity":"","overlay-gradient":""},"mobile":{"background-color":"","background-image":"","background-repeat":"repeat","background-position":"center center","background-size":"auto","background-attachment":"scroll","background-type":"","background-media":"","overlay-type":"","overlay-color":"","overlay-opacity":"","overlay-gradient":""}},"ast-content-background-meta":{"desktop":{"background-color":"var(--ast-global-color-5)","background-image":"","background-repeat":"repeat","background-position":"center center","background-size":"auto","background-attachment":"scroll","background-type":"","background-media":"","overlay-type":"","overlay-color":"","overlay-opacity":"","overlay-gradient":""},"tablet":{"background-color":"var(--ast-global-color-5)","background-image":"","background-repeat":"repeat","background-position":"center center","background-size":"auto","background-attachment":"scroll","background-type":"","background-media":"","overlay-type":"","overlay-color":"","overlay-opacity":"","overlay-gradient":""},"mobile":{"background-color":"var(--ast-global-color-5)","background-image":"","background-repeat":"repeat","background-position":"center center","background-size":"auto","background-attachment":"scroll","background-type":"","background-media":"","overlay-type":"","overlay-color":"","overlay-opacity":"","overlay-gradient":""}}},"product_brand":[],"product_cat":[36],"product_tag":[],"class_list":{"0":"post-1540","1":"product","2":"type-product","3":"status-publish","4":"has-post-thumbnail","6":"product_cat-laundrybag","7":"desktop-align-left","8":"tablet-align-left","9":"mobile-align-left","11":"first","12":"instock","13":"shipping-taxable","14":"product-type-simple"},"_links":{"self":[{"href":"https:\/\/precisebag.com\/fr\/wp-json\/wp\/v2\/product\/1540","targetHints":{"allow":["GET"]}}],"collection":[{"href":"https:\/\/precisebag.com\/fr\/wp-json\/wp\/v2\/product"}],"about":[{"href":"https:\/\/precisebag.com\/fr\/wp-json\/wp\/v2\/types\/product"}],"replies":[{"embeddable":true,"href":"https:\/\/precisebag.com\/fr\/wp-json\/wp\/v2\/comments?post=1540"}],"wp:featuredmedia":[{"embeddable":true,"href":"https:\/\/precisebag.com\/fr\/wp-json\/wp\/v2\/media\/1542"}],"wp:attachment":[{"href":"https:\/\/precisebag.com\/fr\/wp-json\/wp\/v2\/media?parent=1540"}],"wp:term":[{"taxonomy":"product_brand","embeddable":true,"href":"https:\/\/precisebag.com\/fr\/wp-json\/wp\/v2\/product_brand?post=1540"},{"taxonomy":"product_cat","embeddable":true,"href":"https:\/\/precisebag.com\/fr\/wp-json\/wp\/v2\/product_cat?post=1540"},{"taxonomy":"product_tag","embeddable":true,"href":"https:\/\/precisebag.com\/fr\/wp-json\/wp\/v2\/product_tag?post=1540"}],"curies":[{"name":"wp","href":"https:\/\/api.w.org\/{rel}","templated":true}]}}