{"id":1553,"date":"2022-03-26T14:55:26","date_gmt":"2022-03-26T14:55:26","guid":{"rendered":"https:\/\/precisebag.com\/?post_type=product&#038;p=1553"},"modified":"2022-03-26T14:56:40","modified_gmt":"2022-03-26T14:56:40","slug":"drawstring-mesh-laundry-bag","status":"publish","type":"product","link":"https:\/\/precisebag.com\/fr\/produit\/drawstring-mesh-laundry-bag\/","title":{"rendered":"Sac \u00e0 linge en maille \u00e0 cordon"},"content":{"rendered":"<p>Le grand sac \u00e0 linge en filet \u00e0 cordon de serrage est un excellent moyen de ranger et de transporter des v\u00eatements. Fabriqu\u00e9 en nylon durable, mat\u00e9riau polyester avec une couche int\u00e9rieure en tissu polyester moyen pour plus de r\u00e9sistance le long du tissu \u00e9ponge en coton sur le dessus - cela signifie que vos chemises ou autres v\u00eatements resteront impeccables \u00e0 tout moment\u00a0!<\/p>\n<p><strong>Description du produit<\/strong><br \/>\nCe grand\u00a0<strong>Sacs \u00e0 linge en maille \u00e0 cordon<\/strong>\u00a0facilite le rangement et le transport des v\u00eatements. Il est fait de nylon et de polyester. Le mat\u00e9riau du milieu et du bas est en polyester et l&#039;autre zone de maille est en nylon, il est donc solide et fiable. Pourquoi la moiti\u00e9 sup\u00e9rieure du sac \u00e0 linge est fabriqu\u00e9e \u00e0 partir d&#039;un mat\u00e9riau en maille ? La conception permet \u00e0 l&#039;air de circuler et emp\u00eache l&#039;humidit\u00e9 et les odeurs de s&#039;accumuler.<\/p>\n<p>Il y a une fermeture \u00e0 cordon pour garder tous les v\u00eatements en toute s\u00e9curit\u00e9 \u00e0 l&#039;int\u00e9rieur. En tant que sac \u00e0 linge commercial, le sac \u00e0 linge en filet \u00e0 cordon de serrage emp\u00eache \u00e9galement les d\u00e9versements de v\u00eatements. Nous pourrions \u00e9galement concevoir une petite taille pour vous, afin que vous puissiez mettre le sac \u00e0 linge dans la machine \u00e0 laver. Mais vous devez cacher la fermeture \u00e0 cordon. Si vous souhaitez avoir une poche suppl\u00e9mentaire, nous pouvons en concevoir une unique pour vous.<\/p>\n<p>Les bretelles r\u00e9glables du sac \u00e0 dos du sac \u00e0 linge rendent ce sac \u00e0 la fois confortable \u00e0 transporter et vous permettent de garder les mains libres. Le mat\u00e9riau est un tissu Oxford imperm\u00e9able, id\u00e9al pour le camping et les voyages.<\/p>\n<p>Ce grand sac est \u00e9galement id\u00e9al pour les sacs de couchage, les serviettes, les draps et autres articles de pique-nique, et le fond en nylon solide emp\u00eache la salet\u00e9 et le dessus en maille vous permet de voir ce qu&#039;il y a dans le sac afin que vous puissiez facilement trouver ce que vous cherchez. .<\/p>\n<p>Nos sacs \u00e0 linge en maille avec cordon de serrage peuvent \u00e9galement stocker des \u00e9quipements sportifs, des ballons de gymnastique et d&#039;autres \u00e9quipements sportifs. La maille en polyester respirant permet d&#039;\u00e9viter les odeurs et la moisissure lors du stockage de v\u00eatements mouill\u00e9s ou humides et d&#039;autres articles.<\/p>\n<p>Le sac \u00e0 linge est une solution vestimentaire simple pour le dortoir, l&#039;appartement, les voyages et la maison. Nous acceptons toutes les tailles personnalis\u00e9es, vous pouvez donc trouver une taille id\u00e9ale pour une charge compl\u00e8te de linge. Ces sacs \u00e0 linge \u00e0 cordon sont exactement ce que vous recherchez pour vous aider \u00e0 \u00e9conomiser de l&#039;espace. Si vous cherchez un moyen facile de transporter vos v\u00eatements sales \u00e0 la laveuse d&#039;un dortoir universitaire ou de les ramener \u00e0 la maison ou si vous vivez dans un appartement et que vous souhaitez d\u00e9poser votre linge \u00e0 la laverie automatique, vous devez l&#039;y apporter sans rien perdre. C&#039;est pourquoi ces sacs \u00e0 linge en maille \u00e0 cordon de serrage robuste fonctionneront pour vous.<\/p>\n<p><strong>sp\u00e9cification<\/strong><\/p>\n<div class=\"table_wrap\">\n<table border=\"1\" cellspacing=\"0\">\n<tbody>\n<tr>\n<td valign=\"top\" width=\"284\">Mat\u00e9riel<\/td>\n<td valign=\"top\" width=\"284\">Polyester\/Nylon<\/td>\n<\/tr>\n<tr>\n<td valign=\"top\" width=\"284\">Couleur<\/td>\n<td valign=\"top\" width=\"284\">Blanc\/Bleu\/Accepter personnalis\u00e9<\/td>\n<\/tr>\n<tr>\n<td valign=\"top\" width=\"284\">Taille<\/td>\n<td valign=\"top\" width=\"284\">Taille standard ou personnalis\u00e9e<\/td>\n<\/tr>\n<tr>\n<td valign=\"top\" width=\"284\">MOQ<\/td>\n<td valign=\"top\" width=\"284\">200<\/td>\n<\/tr>\n<tr>\n<td valign=\"top\" width=\"284\">Impression de logos<\/td>\n<td valign=\"top\" width=\"284\">Accepter<\/td>\n<\/tr>\n<\/tbody>\n<\/table>\n<\/div>","protected":false},"excerpt":{"rendered":"<p><strong>sp\u00e9cification<\/strong><\/p>\n<div class=\"table_wrap\">\n<table border=\"1\" cellspacing=\"0\">\n<tbody>\n<tr>\n<td valign=\"top\" width=\"284\">Mat\u00e9riel<\/td>\n<td valign=\"top\" width=\"284\">Polyester\/Nylon<\/td>\n<\/tr>\n<tr>\n<td valign=\"top\" width=\"284\">Couleur<\/td>\n<td valign=\"top\" width=\"284\">Blanc\/Bleu\/Accepter personnalis\u00e9<\/td>\n<\/tr>\n<tr>\n<td valign=\"top\" width=\"284\">Taille<\/td>\n<td valign=\"top\" width=\"284\">Taille standard ou personnalis\u00e9e<\/td>\n<\/tr>\n<tr>\n<td valign=\"top\" width=\"284\">MOQ<\/td>\n<td valign=\"top\" width=\"284\">200<\/td>\n<\/tr>\n<tr>\n<td valign=\"top\" width=\"284\">Impression de logos<\/td>\n<td valign=\"top\" width=\"284\">Accepter<\/td>\n<\/tr>\n<\/tbody>\n<\/table>\n<\/div>","protected":false},"featured_media":1555,"comment_status":"closed","ping_status":"closed","template":"","meta":{"_seopress_robots_primary_cat":"","_seopress_titles_title":"","_seopress_titles_desc":"","_seopress_robots_index":"","site-sidebar-layout":"default","site-content-layout":"default","ast-site-content-layout":"default","site-content-style":"default","site-sidebar-style":"default","ast-global-header-display":"","ast-banner-title-visibility":"","ast-main-header-display":"","ast-hfb-above-header-display":"","ast-hfb-below-header-display":"","ast-hfb-mobile-header-display":"","site-post-title":"","ast-breadcrumbs-content":"","ast-featured-img":"","footer-sml-layout":"","theme-transparent-header-meta":"default","adv-header-id-meta":"","stick-header-meta":"","header-above-stick-meta":"","header-main-stick-meta":"","header-below-stick-meta":"","astra-migrate-meta-layouts":"default","ast-page-background-enabled":"default","ast-page-background-meta":{"desktop":{"background-color":"","background-image":"","background-repeat":"repeat","background-position":"center center","background-size":"auto","background-attachment":"scroll","background-type":"","background-media":"","overlay-type":"","overlay-color":"","overlay-opacity":"","overlay-gradient":""},"tablet":{"background-color":"","background-image":"","background-repeat":"repeat","background-position":"center center","background-size":"auto","background-attachment":"scroll","background-type":"","background-media":"","overlay-type":"","overlay-color":"","overlay-opacity":"","overlay-gradient":""},"mobile":{"background-color":"","background-image":"","background-repeat":"repeat","background-position":"center center","background-size":"auto","background-attachment":"scroll","background-type":"","background-media":"","overlay-type":"","overlay-color":"","overlay-opacity":"","overlay-gradient":""}},"ast-content-background-meta":{"desktop":{"background-color":"var(--ast-global-color-5)","background-image":"","background-repeat":"repeat","background-position":"center center","background-size":"auto","background-attachment":"scroll","background-type":"","background-media":"","overlay-type":"","overlay-color":"","overlay-opacity":"","overlay-gradient":""},"tablet":{"background-color":"var(--ast-global-color-5)","background-image":"","background-repeat":"repeat","background-position":"center center","background-size":"auto","background-attachment":"scroll","background-type":"","background-media":"","overlay-type":"","overlay-color":"","overlay-opacity":"","overlay-gradient":""},"mobile":{"background-color":"var(--ast-global-color-5)","background-image":"","background-repeat":"repeat","background-position":"center center","background-size":"auto","background-attachment":"scroll","background-type":"","background-media":"","overlay-type":"","overlay-color":"","overlay-opacity":"","overlay-gradient":""}}},"product_brand":[],"product_cat":[36],"product_tag":[],"class_list":{"0":"post-1553","1":"product","2":"type-product","3":"status-publish","4":"has-post-thumbnail","6":"product_cat-laundrybag","7":"desktop-align-left","8":"tablet-align-left","9":"mobile-align-left","11":"first","12":"instock","13":"shipping-taxable","14":"product-type-simple"},"_links":{"self":[{"href":"https:\/\/precisebag.com\/fr\/wp-json\/wp\/v2\/product\/1553","targetHints":{"allow":["GET"]}}],"collection":[{"href":"https:\/\/precisebag.com\/fr\/wp-json\/wp\/v2\/product"}],"about":[{"href":"https:\/\/precisebag.com\/fr\/wp-json\/wp\/v2\/types\/product"}],"replies":[{"embeddable":true,"href":"https:\/\/precisebag.com\/fr\/wp-json\/wp\/v2\/comments?post=1553"}],"wp:featuredmedia":[{"embeddable":true,"href":"https:\/\/precisebag.com\/fr\/wp-json\/wp\/v2\/media\/1555"}],"wp:attachment":[{"href":"https:\/\/precisebag.com\/fr\/wp-json\/wp\/v2\/media?parent=1553"}],"wp:term":[{"taxonomy":"product_brand","embeddable":true,"href":"https:\/\/precisebag.com\/fr\/wp-json\/wp\/v2\/product_brand?post=1553"},{"taxonomy":"product_cat","embeddable":true,"href":"https:\/\/precisebag.com\/fr\/wp-json\/wp\/v2\/product_cat?post=1553"},{"taxonomy":"product_tag","embeddable":true,"href":"https:\/\/precisebag.com\/fr\/wp-json\/wp\/v2\/product_tag?post=1553"}],"curies":[{"name":"wp","href":"https:\/\/api.w.org\/{rel}","templated":true}]}}