{"id":1573,"date":"2022-04-04T04:53:11","date_gmt":"2022-04-04T04:53:11","guid":{"rendered":"https:\/\/precisebag.com\/?post_type=product&#038;p=1573"},"modified":"2022-04-04T04:55:33","modified_gmt":"2022-04-04T04:55:33","slug":"reusable-foldable-garment-bag","status":"publish","type":"product","link":"https:\/\/precisebag.com\/fr\/produit\/reusable-foldable-garment-bag\/","title":{"rendered":"Sac \u00e0 v\u00eatements pliable r\u00e9utilisable"},"content":{"rendered":"<p><strong>Description du produit<\/strong><br \/>\n<strong>Sac de v\u00eatement<\/strong>, \u00e9galement appel\u00e9 sac de costume ou housse de v\u00eatement, g\u00e9n\u00e9ralement utilis\u00e9 pour transporter des costumes, des vestes et d&#039;autres v\u00eatements. Les v\u00eatements peuvent \u00eatre prot\u00e9g\u00e9s de la poussi\u00e8re gr\u00e2ce au sac \u00e0 v\u00eatements. Les gens les accrochent g\u00e9n\u00e9ralement \u00e0 l&#039;int\u00e9rieur avec leurs cintres dans le bar du placard.<\/p>\n<p>Ce type de sac \u00e0 v\u00eatements est fabriqu\u00e9 en tissu non tiss\u00e9. Il est respirant, solide et l\u00e9ger pour les vestes, les manteaux de robe de mari\u00e9e, les pantalons, les uniformes, les manteaux de fourrure, etc. La couleur avant est marron et le verso est blanc. Les gens pouvaient distinguer les v\u00eatements \u00e0 travers la fen\u00eatre transparente du verso, et c&#039;est une conception sp\u00e9ciale de nos clients. Pliable et facile \u00e0 accrocher avec un trou d&#039;ouverture en haut, id\u00e9al pour les voyages et le stockage \u00e0 domicile. La fermeture \u00e0 glissi\u00e8re centrale sur toute la longueur est facile \u00e0 mettre et \u00e0 retirer des v\u00eatements.<\/p>\n<p>La poign\u00e9e du sac \u00e0 v\u00eatements a \u00e9t\u00e9 renforc\u00e9e, ce qui signifie que les gens peuvent mettre des costumes trois ou quatre pi\u00e8ces dans les sacs. Il y a une poche zipp\u00e9e sous la poign\u00e9e, quelques petites choses peuvent y \u00eatre mises comme des cl\u00e9s, des serviettes, des sous-v\u00eatements.<\/p>\n<p>Le sac de protection est sp\u00e9cialement con\u00e7u pour prot\u00e9ger les combinaisons de l&#039;humidit\u00e9, de l&#039;exposition au soleil et des parasites tels que les mites, et pour garder les v\u00eatements propres et sans plis.<\/p>\n<p>Un de nos clients a d\u00e9clar\u00e9 : \u00ab Le sac \u00e0 v\u00eatements est parfait pour contenir plusieurs articles. Je l&#039;ai achet\u00e9 pour ranger deux de mes chers manteaux d&#039;hiver. Avec les deux manteaux \u00e0 l&#039;int\u00e9rieur, il y a encore de la place pour plus. Le sac et la fermeture \u00e9clair semblent durables.<\/p>\n<p>Que vous voyagiez pour le travail ou les loisirs, il arrive un moment o\u00f9 vous devez emporter quelques costumes dans vos bagages. Il se peut que vous vous rendiez dans un autre pays pour organiser une r\u00e9union ou que vous ayez besoin de faire une apparition \u00e0 une occasion importante. Si un voyage d&#039;affaires fait partie de votre travail, le sac \u00e0 v\u00eatements est si important pour vous. Vous devez \u00eatre \u00e0 votre meilleur dans votre costume personnalis\u00e9 en voyage d&#039;affaires et mettre vos costumes dans un sac \u00e0 v\u00eatements solide.<\/p>\n<p><strong>sp\u00e9cification<\/strong><strong><br \/>\n<\/strong><\/p>\n<div class=\"table_wrap\">\n<table border=\"1\" cellspacing=\"0\">\n<tbody>\n<tr>\n<td valign=\"center\" width=\"284\">\n<p align=\"justify\">Mat\u00e9riel<\/p>\n<\/td>\n<td valign=\"center\" width=\"284\">\n<p align=\"justify\">Non tiss\u00e9, Polyester, PEVA, PVC, Coton<\/p>\n<\/td>\n<\/tr>\n<tr>\n<td valign=\"center\" width=\"284\">\n<p align=\"justify\">Taille<\/p>\n<\/td>\n<td valign=\"center\" width=\"284\">\n<p align=\"justify\">Grande taille ou personnalis\u00e9<\/p>\n<\/td>\n<\/tr>\n<tr>\n<td valign=\"center\" width=\"284\">\n<p align=\"justify\">Couleurs<\/p>\n<\/td>\n<td valign=\"center\" width=\"284\">\n<p align=\"justify\">Rouge, noir ou personnalis\u00e9<\/p>\n<\/td>\n<\/tr>\n<tr>\n<td valign=\"center\" width=\"284\">\n<p align=\"justify\">Commande minimale<\/p>\n<\/td>\n<td valign=\"center\" width=\"284\">\n<p align=\"justify\">100 pi\u00e8ces<\/p>\n<\/td>\n<\/tr>\n<tr>\n<td valign=\"center\" width=\"284\">\n<p align=\"justify\">OEM et ODM<\/p>\n<\/td>\n<td valign=\"center\" width=\"284\">\n<p align=\"justify\">Accepter<\/p>\n<\/td>\n<\/tr>\n<tr>\n<td valign=\"center\" width=\"284\">\n<p align=\"justify\">Logo<\/p>\n<\/td>\n<td valign=\"center\" width=\"284\">\n<p align=\"justify\">Coutume<\/p>\n<\/td>\n<\/tr>\n<\/tbody>\n<\/table>\n<\/div>","protected":false},"excerpt":{"rendered":"<p>Le sac \u00e0 v\u00eatements, \u00e9galement appel\u00e9 sac \u00e0 costume ou housse de v\u00eatement, est g\u00e9n\u00e9ralement utilis\u00e9 pour transporter des costumes, des vestes et d&#039;autres v\u00eatements. Les v\u00eatements peuvent \u00eatre prot\u00e9g\u00e9s de la poussi\u00e8re gr\u00e2ce au sac \u00e0 v\u00eatements. Les gens les accrochent g\u00e9n\u00e9ralement \u00e0 l&#039;int\u00e9rieur avec leurs cintres dans le bar du placard.<\/p>\n<p><strong>sp\u00e9cification<\/strong><strong><br \/>\n<\/strong><\/p>\n<div class=\"table_wrap\">\n<table border=\"1\" cellspacing=\"0\">\n<tbody>\n<tr>\n<td valign=\"center\" width=\"284\">\n<p align=\"justify\">Mat\u00e9riel<\/p>\n<\/td>\n<td valign=\"center\" width=\"284\">\n<p align=\"justify\">Non tiss\u00e9, Polyester, PEVA, PVC, Coton<\/p>\n<\/td>\n<\/tr>\n<tr>\n<td valign=\"center\" width=\"284\">\n<p align=\"justify\">Taille<\/p>\n<\/td>\n<td valign=\"center\" width=\"284\">\n<p align=\"justify\">Grande taille ou personnalis\u00e9<\/p>\n<\/td>\n<\/tr>\n<tr>\n<td valign=\"center\" width=\"284\">\n<p align=\"justify\">Couleurs<\/p>\n<\/td>\n<td valign=\"center\" width=\"284\">\n<p align=\"justify\">Rouge, noir ou personnalis\u00e9<\/p>\n<\/td>\n<\/tr>\n<tr>\n<td valign=\"center\" width=\"284\">\n<p align=\"justify\">Commande minimale<\/p>\n<\/td>\n<td valign=\"center\" width=\"284\">\n<p align=\"justify\">100 pi\u00e8ces<\/p>\n<\/td>\n<\/tr>\n<tr>\n<td valign=\"center\" width=\"284\">\n<p align=\"justify\">OEM et ODM<\/p>\n<\/td>\n<td valign=\"center\" width=\"284\">\n<p align=\"justify\">Accepter<\/p>\n<\/td>\n<\/tr>\n<tr>\n<td valign=\"center\" width=\"284\">\n<p align=\"justify\">Logo<\/p>\n<\/td>\n<td valign=\"center\" width=\"284\">\n<p align=\"justify\">Coutume<\/p>\n<\/td>\n<\/tr>\n<\/tbody>\n<\/table>\n<\/div>","protected":false},"featured_media":1577,"comment_status":"closed","ping_status":"closed","template":"","meta":{"_seopress_robots_primary_cat":"none","_seopress_titles_title":"","_seopress_titles_desc":"","_seopress_robots_index":"","site-sidebar-layout":"default","site-content-layout":"default","ast-site-content-layout":"default","site-content-style":"default","site-sidebar-style":"default","ast-global-header-display":"","ast-banner-title-visibility":"","ast-main-header-display":"","ast-hfb-above-header-display":"","ast-hfb-below-header-display":"","ast-hfb-mobile-header-display":"","site-post-title":"","ast-breadcrumbs-content":"","ast-featured-img":"","footer-sml-layout":"","theme-transparent-header-meta":"default","adv-header-id-meta":"","stick-header-meta":"","header-above-stick-meta":"","header-main-stick-meta":"","header-below-stick-meta":"","astra-migrate-meta-layouts":"default","ast-page-background-enabled":"default","ast-page-background-meta":{"desktop":{"background-color":"","background-image":"","background-repeat":"repeat","background-position":"center center","background-size":"auto","background-attachment":"scroll","background-type":"","background-media":"","overlay-type":"","overlay-color":"","overlay-opacity":"","overlay-gradient":""},"tablet":{"background-color":"","background-image":"","background-repeat":"repeat","background-position":"center center","background-size":"auto","background-attachment":"scroll","background-type":"","background-media":"","overlay-type":"","overlay-color":"","overlay-opacity":"","overlay-gradient":""},"mobile":{"background-color":"","background-image":"","background-repeat":"repeat","background-position":"center center","background-size":"auto","background-attachment":"scroll","background-type":"","background-media":"","overlay-type":"","overlay-color":"","overlay-opacity":"","overlay-gradient":""}},"ast-content-background-meta":{"desktop":{"background-color":"var(--ast-global-color-5)","background-image":"","background-repeat":"repeat","background-position":"center center","background-size":"auto","background-attachment":"scroll","background-type":"","background-media":"","overlay-type":"","overlay-color":"","overlay-opacity":"","overlay-gradient":""},"tablet":{"background-color":"var(--ast-global-color-5)","background-image":"","background-repeat":"repeat","background-position":"center center","background-size":"auto","background-attachment":"scroll","background-type":"","background-media":"","overlay-type":"","overlay-color":"","overlay-opacity":"","overlay-gradient":""},"mobile":{"background-color":"var(--ast-global-color-5)","background-image":"","background-repeat":"repeat","background-position":"center center","background-size":"auto","background-attachment":"scroll","background-type":"","background-media":"","overlay-type":"","overlay-color":"","overlay-opacity":"","overlay-gradient":""}}},"product_brand":[],"product_cat":[37],"product_tag":[],"class_list":{"0":"post-1573","1":"product","2":"type-product","3":"status-publish","4":"has-post-thumbnail","6":"product_cat-garmentbag","7":"desktop-align-left","8":"tablet-align-left","9":"mobile-align-left","11":"first","12":"instock","13":"shipping-taxable","14":"product-type-simple"},"_links":{"self":[{"href":"https:\/\/precisebag.com\/fr\/wp-json\/wp\/v2\/product\/1573","targetHints":{"allow":["GET"]}}],"collection":[{"href":"https:\/\/precisebag.com\/fr\/wp-json\/wp\/v2\/product"}],"about":[{"href":"https:\/\/precisebag.com\/fr\/wp-json\/wp\/v2\/types\/product"}],"replies":[{"embeddable":true,"href":"https:\/\/precisebag.com\/fr\/wp-json\/wp\/v2\/comments?post=1573"}],"wp:featuredmedia":[{"embeddable":true,"href":"https:\/\/precisebag.com\/fr\/wp-json\/wp\/v2\/media\/1577"}],"wp:attachment":[{"href":"https:\/\/precisebag.com\/fr\/wp-json\/wp\/v2\/media?parent=1573"}],"wp:term":[{"taxonomy":"product_brand","embeddable":true,"href":"https:\/\/precisebag.com\/fr\/wp-json\/wp\/v2\/product_brand?post=1573"},{"taxonomy":"product_cat","embeddable":true,"href":"https:\/\/precisebag.com\/fr\/wp-json\/wp\/v2\/product_cat?post=1573"},{"taxonomy":"product_tag","embeddable":true,"href":"https:\/\/precisebag.com\/fr\/wp-json\/wp\/v2\/product_tag?post=1573"}],"curies":[{"name":"wp","href":"https:\/\/api.w.org\/{rel}","templated":true}]}}