{"id":1578,"date":"2022-04-04T04:58:38","date_gmt":"2022-04-04T04:58:38","guid":{"rendered":"https:\/\/precisebag.com\/?post_type=product&#038;p=1578"},"modified":"2022-04-04T05:48:40","modified_gmt":"2022-04-04T05:48:40","slug":"polyester-garment-bag","status":"publish","type":"product","link":"https:\/\/precisebag.com\/fr\/produit\/polyester-garment-bag\/","title":{"rendered":"Sac \u00e0 v\u00eatements en polyester"},"content":{"rendered":"<p><strong>Description du produit<\/strong><br \/>\nDe nos jours, il existe de nombreux costumes co\u00fbteux sur le march\u00e9. Comment prot\u00e9ger les costumes et les v\u00eatements co\u00fbteux est une chose importante. De nombreuses marques c\u00e9l\u00e8bres choisiront un sac de costume pour garder les costumes neufs pendant le processus de stockage.<\/p>\n<p>Le sac de costume en polyester est \u00e9galement appel\u00e9 housse anti-poussi\u00e8re en polyester. Le sac de costume est principalement compos\u00e9 de polyester et est \u00e9galement \u00e9quip\u00e9 d&#039;accessoires vestimentaires tels que des fermetures \u00e0 glissi\u00e8re, du PVC, des crochets et des \u00e9tiquettes volantes.<\/p>\n<p>Le mat\u00e9riau en polyester est l\u00e9ger, r\u00e9sistant \u00e0 l&#039;usure, \u00e0 l&#039;eau et \u00e0 la poussi\u00e8re, et a une bonne r\u00e9silience. Dans le m\u00eame temps, le prix pr\u00e9sente un grand avantage par rapport au coton naturel. Compar\u00e9 aux tissus non tiss\u00e9s, le polyester est plus r\u00e9sistant \u00e0 l&#039;usure et durable, et dure plus longtemps. Compar\u00e9 \u00e0 d&#039;autres sacs en plastique, il est plus respectueux de l&#039;environnement.<\/p>\n<p>Le corps du sac de costume en polyester peut \u00eatre imprim\u00e9 avec le logo de la marque, qui peut \u00eatre utilis\u00e9 comme publicit\u00e9 pour accro\u00eetre la popularit\u00e9 de la marque de costume. Le mode d&#039;impression LOGO peut \u00eatre grossi\u00e8rement divis\u00e9 en: s\u00e9rigraphie, impression par transfert thermique et broderie.<\/p>\n<p>Le sac de costume en polyester est facile \u00e0 transporter et \u00e0 entretenir pour les clients. Comme nous le savons tous, les marques de v\u00eatements fourniront des sacs \u00e0 main gratuits aux consommateurs. En tant que type sp\u00e9cial de v\u00eatements, les marques de v\u00eatements fourniront gratuitement des ensembles de costumes.<\/p>\n<p>Une fois que le client a achet\u00e9 la combinaison, le sac de combinaison peut \u00eatre utilis\u00e9 comme housse de protection anti-poussi\u00e8re pour prot\u00e9ger la combinaison de la poussi\u00e8re et de l&#039;humidit\u00e9, afin que la combinaison ait toujours l&#039;air neuve lors de sa prochaine utilisation. De nombreux sacs de costumes en polyester sont con\u00e7us pour \u00eatre pliables, et apr\u00e8s avoir \u00e9t\u00e9 pli\u00e9s en deux, ils se transforment imm\u00e9diatement en une grande \u00ab mallette \u00bb, ce qui est pratique pour les voyages d&#039;affaires et le travail de bureau.<\/p>\n<p>De nombreuses marques de v\u00eatements bien connues se soucient toujours de l&#039;emballage des v\u00eatements. Ils trouveront des fabricants r\u00e9guliers pour personnaliser leurs propres combinaisons. Les costumes peuvent \u00e9galement refl\u00e9ter la force et l&#039;influence de la marque de c\u00f4t\u00e9. Un bon sac \u00e0 poussi\u00e8re de costume peut mettre en valeur de mani\u00e8re invisible la connotation et la qualit\u00e9 de la marque. Precisepackage est un fabricant professionnel de sacs de costume. Nous acceptons les OEM. Si vous avez des exigences concernant les produits, nous pouvons concevoir pour vous.<\/p>\n<p><strong>sp\u00e9cification<\/strong><\/p>\n<div class=\"table_wrap\">\n<table border=\"1\" cellspacing=\"0\">\n<tbody>\n<tr>\n<td valign=\"top\" width=\"284\">Mat\u00e9riel<\/td>\n<td valign=\"top\" width=\"284\">Polyester, non tiss\u00e9, oxford, coton ou sur mesure<\/td>\n<\/tr>\n<tr>\n<td valign=\"top\" width=\"284\">Couleurs<\/td>\n<td valign=\"top\" width=\"284\">Accepter les couleurs personnalis\u00e9es<\/td>\n<\/tr>\n<tr>\n<td valign=\"top\" width=\"284\">Taille<\/td>\n<td valign=\"top\" width=\"284\">Taille standard ou personnalis\u00e9e<\/td>\n<\/tr>\n<tr>\n<td valign=\"top\" width=\"284\">MOQ<\/td>\n<td valign=\"top\" width=\"284\">500<\/td>\n<\/tr>\n<\/tbody>\n<\/table>\n<\/div>","protected":false},"excerpt":{"rendered":"<p>Comment prot\u00e9ger les costumes et les v\u00eatements co\u00fbteux est une chose importante. De nombreuses marques c\u00e9l\u00e8bres choisiront un sac de costume pour garder les costumes neufs pendant le processus de stockage.<\/p>\n<section class=\"web_main page_main\">\n<div class=\"layout\">\n<section class=\"main\">\n<section class=\"tab-content-wrap product-detail\">\n<section class=\"tab-panel-wrap\">\n<section class=\"tab-panel entry\">\n<section class=\"tab-panel-content\"><strong>sp\u00e9cification<\/strong><\/p>\n<div class=\"table_wrap\">\n<table border=\"1\" cellspacing=\"0\">\n<tbody>\n<tr>\n<td valign=\"top\" width=\"284\">Mat\u00e9riel<\/td>\n<td valign=\"top\" width=\"284\">Polyester, non tiss\u00e9, oxford, coton ou sur mesure<\/td>\n<\/tr>\n<tr>\n<td valign=\"top\" width=\"284\">Couleurs<\/td>\n<td valign=\"top\" width=\"284\">Accepter les couleurs personnalis\u00e9es<\/td>\n<\/tr>\n<tr>\n<td valign=\"top\" width=\"284\">Taille<\/td>\n<td valign=\"top\" width=\"284\">Taille standard ou personnalis\u00e9e<\/td>\n<\/tr>\n<tr>\n<td valign=\"top\" width=\"284\">MOQ<\/td>\n<td valign=\"top\" width=\"284\">500<\/td>\n<\/tr>\n<\/tbody>\n<\/table>\n<\/div>\n<\/section>\n<\/section>\n<\/section>\n<\/section>\n<\/section>\n<\/div>\n<\/section>","protected":false},"featured_media":1582,"comment_status":"closed","ping_status":"closed","template":"","meta":{"_seopress_robots_primary_cat":"none","_seopress_titles_title":"","_seopress_titles_desc":"","_seopress_robots_index":"","site-sidebar-layout":"default","site-content-layout":"default","ast-site-content-layout":"default","site-content-style":"default","site-sidebar-style":"default","ast-global-header-display":"","ast-banner-title-visibility":"","ast-main-header-display":"","ast-hfb-above-header-display":"","ast-hfb-below-header-display":"","ast-hfb-mobile-header-display":"","site-post-title":"","ast-breadcrumbs-content":"","ast-featured-img":"","footer-sml-layout":"","theme-transparent-header-meta":"default","adv-header-id-meta":"","stick-header-meta":"","header-above-stick-meta":"","header-main-stick-meta":"","header-below-stick-meta":"","astra-migrate-meta-layouts":"default","ast-page-background-enabled":"default","ast-page-background-meta":{"desktop":{"background-color":"","background-image":"","background-repeat":"repeat","background-position":"center center","background-size":"auto","background-attachment":"scroll","background-type":"","background-media":"","overlay-type":"","overlay-color":"","overlay-opacity":"","overlay-gradient":""},"tablet":{"background-color":"","background-image":"","background-repeat":"repeat","background-position":"center center","background-size":"auto","background-attachment":"scroll","background-type":"","background-media":"","overlay-type":"","overlay-color":"","overlay-opacity":"","overlay-gradient":""},"mobile":{"background-color":"","background-image":"","background-repeat":"repeat","background-position":"center center","background-size":"auto","background-attachment":"scroll","background-type":"","background-media":"","overlay-type":"","overlay-color":"","overlay-opacity":"","overlay-gradient":""}},"ast-content-background-meta":{"desktop":{"background-color":"var(--ast-global-color-5)","background-image":"","background-repeat":"repeat","background-position":"center center","background-size":"auto","background-attachment":"scroll","background-type":"","background-media":"","overlay-type":"","overlay-color":"","overlay-opacity":"","overlay-gradient":""},"tablet":{"background-color":"var(--ast-global-color-5)","background-image":"","background-repeat":"repeat","background-position":"center center","background-size":"auto","background-attachment":"scroll","background-type":"","background-media":"","overlay-type":"","overlay-color":"","overlay-opacity":"","overlay-gradient":""},"mobile":{"background-color":"var(--ast-global-color-5)","background-image":"","background-repeat":"repeat","background-position":"center center","background-size":"auto","background-attachment":"scroll","background-type":"","background-media":"","overlay-type":"","overlay-color":"","overlay-opacity":"","overlay-gradient":""}}},"product_brand":[],"product_cat":[37],"product_tag":[],"class_list":{"0":"post-1578","1":"product","2":"type-product","3":"status-publish","4":"has-post-thumbnail","6":"product_cat-garmentbag","7":"desktop-align-left","8":"tablet-align-left","9":"mobile-align-left","11":"first","12":"instock","13":"shipping-taxable","14":"product-type-simple"},"_links":{"self":[{"href":"https:\/\/precisebag.com\/fr\/wp-json\/wp\/v2\/product\/1578","targetHints":{"allow":["GET"]}}],"collection":[{"href":"https:\/\/precisebag.com\/fr\/wp-json\/wp\/v2\/product"}],"about":[{"href":"https:\/\/precisebag.com\/fr\/wp-json\/wp\/v2\/types\/product"}],"replies":[{"embeddable":true,"href":"https:\/\/precisebag.com\/fr\/wp-json\/wp\/v2\/comments?post=1578"}],"wp:featuredmedia":[{"embeddable":true,"href":"https:\/\/precisebag.com\/fr\/wp-json\/wp\/v2\/media\/1582"}],"wp:attachment":[{"href":"https:\/\/precisebag.com\/fr\/wp-json\/wp\/v2\/media?parent=1578"}],"wp:term":[{"taxonomy":"product_brand","embeddable":true,"href":"https:\/\/precisebag.com\/fr\/wp-json\/wp\/v2\/product_brand?post=1578"},{"taxonomy":"product_cat","embeddable":true,"href":"https:\/\/precisebag.com\/fr\/wp-json\/wp\/v2\/product_cat?post=1578"},{"taxonomy":"product_tag","embeddable":true,"href":"https:\/\/precisebag.com\/fr\/wp-json\/wp\/v2\/product_tag?post=1578"}],"curies":[{"name":"wp","href":"https:\/\/api.w.org\/{rel}","templated":true}]}}