{"id":1588,"date":"2022-04-04T05:54:29","date_gmt":"2022-04-04T05:54:29","guid":{"rendered":"https:\/\/precisebag.com\/?post_type=product&#038;p=1588"},"modified":"2022-04-04T05:54:31","modified_gmt":"2022-04-04T05:54:31","slug":"garment-suit-cover","status":"publish","type":"product","link":"https:\/\/precisebag.com\/fr\/produit\/garment-suit-cover\/","title":{"rendered":"Couverture de costume de v\u00eatement"},"content":{"rendered":"<p>Un sac de couverture de costume de v\u00eatement est un article courant pour un voyage d&#039;affaires ou un voyage. La housse de costume est un doux, qui est con\u00e7u pour transporter qui sont g\u00e9n\u00e9ralement conserv\u00e9s sur un cintre.<\/p>\n<p><strong>sp\u00e9cification<\/strong><\/p>\n<div class=\"table_wrap\">\n<table border=\"1\" cellspacing=\"0\">\n<tbody>\n<tr>\n<td valign=\"top\" width=\"284\">Mat\u00e9riel<\/td>\n<td valign=\"top\" width=\"284\">Polyester, non tiss\u00e9, oxford, coton ou sur mesure<\/td>\n<\/tr>\n<tr>\n<td valign=\"top\" width=\"284\">Couleurs<\/td>\n<td valign=\"top\" width=\"284\">Accepter les couleurs personnalis\u00e9es<\/td>\n<\/tr>\n<tr>\n<td valign=\"top\" width=\"284\">Taille<\/td>\n<td valign=\"top\" width=\"284\">Taille standard ou personnalis\u00e9e<\/td>\n<\/tr>\n<tr>\n<td valign=\"top\" width=\"284\">MOQ<\/td>\n<td valign=\"top\" width=\"284\">500<\/td>\n<\/tr>\n<\/tbody>\n<\/table>\n<\/div>","protected":false},"excerpt":{"rendered":"<p><strong>Description du produit<\/strong><br \/>\nQu&#039;est-ce qu&#039;une housse de costume ? Un sac de couverture de costume de v\u00eatement est un article courant pour un voyage d&#039;affaires ou un voyage. La housse de costume est un doux, qui est con\u00e7u pour transporter qui sont g\u00e9n\u00e9ralement conserv\u00e9s sur un cintre. Le design a toujours fi\u00e8re allure. Que vous les rep\u00e9rez lors d&#039;un voyage d&#039;affaires ou lors d&#039;un \u00e9v\u00e9nement, ils sont toujours \u00e0 la mode.<\/p>\n<p>Nous avons con\u00e7u des centaines de housses de combinaison de diff\u00e9rentes tailles, formes et sp\u00e9cifications pour r\u00e9pondre aux besoins des voyageurs fr\u00e9quents. Vous devriez acheter le sac \u00e0 v\u00eatements qui correspond \u00e0 votre style de vie et \u00e0 vos besoins de voyage.<\/p>\n<p>Ce type de housse de costume est en coton, r\u00e9utilisable et \u00e9cologique. Il est extr\u00eamement respirant et garde vos v\u00eatements en s\u00e9curit\u00e9 et neufs. La taille est personnalis\u00e9e et peut \u00eatre con\u00e7ue pour \u00eatre longue et courte. Ces types de sacs de couverture de costume sont parfaits pour un usage domestique. Cependant, lorsque vous devez emporter vos costumes personnalis\u00e9s sur la route, il est temps d&#039;investir dans un sac \u00e0 v\u00eatements de qualit\u00e9 pr\u00eat \u00e0 voyager.<\/p>\n<p>Si vous voulez que la housse de costume reste comme neuve aussi longtemps que possible, optez pour des sacs de rangement en coton blanc. Il existe de nombreuses tailles qui peuvent \u00eatre con\u00e7ues et sont fabriqu\u00e9es \u00e0 partir de coton 100%. Les sacs de couverture de costume de v\u00eatement ont une poche de fen\u00eatre pour mettre la carte pour distinguer les costumes. Cette fonctionnalit\u00e9 utile est importante, car elle vous permet d&#039;identifier rapidement et facilement vos articles chaque fois que vous en avez besoin.<\/p>\n<p>De mani\u00e8re g\u00e9n\u00e9rale, les sacs \u00e0 costumes peuvent contenir une douzaine de v\u00eatements pour gagner plus d&#039;espace. La fonction sp\u00e9ciale de col d\u00e9velopp\u00e9 scelle les espaces entre les cols de chaque cintre et garde vos combinaisons en s\u00e9curit\u00e9 contre les mites emb\u00eatantes.<\/p>\n<p>La housse de costume est parfaite pour les articles hors saison. Ce sac de couverture de costume long est id\u00e9al pour toutes vos robes de soir\u00e9e, robes, manteaux longs, ce qui est parfait pour organiser votre garde-robe et garder en stock tous vos articles pr\u00e9f\u00e9r\u00e9s.<\/p>\n<p><strong>sp\u00e9cification<\/strong><\/p>\n<div class=\"table_wrap\">\n<table border=\"1\" cellspacing=\"0\">\n<tbody>\n<tr>\n<td valign=\"top\" width=\"284\">Mat\u00e9riel<\/td>\n<td valign=\"top\" width=\"284\">Polyester, non tiss\u00e9, oxford, coton ou sur mesure<\/td>\n<\/tr>\n<tr>\n<td valign=\"top\" width=\"284\">Couleurs<\/td>\n<td valign=\"top\" width=\"284\">Accepter les couleurs personnalis\u00e9es<\/td>\n<\/tr>\n<tr>\n<td valign=\"top\" width=\"284\">Taille<\/td>\n<td valign=\"top\" width=\"284\">Taille standard ou personnalis\u00e9e<\/td>\n<\/tr>\n<tr>\n<td valign=\"top\" width=\"284\">MOQ<\/td>\n<td valign=\"top\" width=\"284\">500<\/td>\n<\/tr>\n<\/tbody>\n<\/table>\n<\/div>","protected":false},"featured_media":1591,"comment_status":"closed","ping_status":"closed","template":"","meta":{"_seopress_robots_primary_cat":"","_seopress_titles_title":"","_seopress_titles_desc":"","_seopress_robots_index":"","site-sidebar-layout":"default","site-content-layout":"default","ast-site-content-layout":"default","site-content-style":"default","site-sidebar-style":"default","ast-global-header-display":"","ast-banner-title-visibility":"","ast-main-header-display":"","ast-hfb-above-header-display":"","ast-hfb-below-header-display":"","ast-hfb-mobile-header-display":"","site-post-title":"","ast-breadcrumbs-content":"","ast-featured-img":"","footer-sml-layout":"","theme-transparent-header-meta":"default","adv-header-id-meta":"","stick-header-meta":"","header-above-stick-meta":"","header-main-stick-meta":"","header-below-stick-meta":"","astra-migrate-meta-layouts":"default","ast-page-background-enabled":"default","ast-page-background-meta":{"desktop":{"background-color":"","background-image":"","background-repeat":"repeat","background-position":"center center","background-size":"auto","background-attachment":"scroll","background-type":"","background-media":"","overlay-type":"","overlay-color":"","overlay-opacity":"","overlay-gradient":""},"tablet":{"background-color":"","background-image":"","background-repeat":"repeat","background-position":"center center","background-size":"auto","background-attachment":"scroll","background-type":"","background-media":"","overlay-type":"","overlay-color":"","overlay-opacity":"","overlay-gradient":""},"mobile":{"background-color":"","background-image":"","background-repeat":"repeat","background-position":"center center","background-size":"auto","background-attachment":"scroll","background-type":"","background-media":"","overlay-type":"","overlay-color":"","overlay-opacity":"","overlay-gradient":""}},"ast-content-background-meta":{"desktop":{"background-color":"var(--ast-global-color-5)","background-image":"","background-repeat":"repeat","background-position":"center center","background-size":"auto","background-attachment":"scroll","background-type":"","background-media":"","overlay-type":"","overlay-color":"","overlay-opacity":"","overlay-gradient":""},"tablet":{"background-color":"var(--ast-global-color-5)","background-image":"","background-repeat":"repeat","background-position":"center center","background-size":"auto","background-attachment":"scroll","background-type":"","background-media":"","overlay-type":"","overlay-color":"","overlay-opacity":"","overlay-gradient":""},"mobile":{"background-color":"var(--ast-global-color-5)","background-image":"","background-repeat":"repeat","background-position":"center center","background-size":"auto","background-attachment":"scroll","background-type":"","background-media":"","overlay-type":"","overlay-color":"","overlay-opacity":"","overlay-gradient":""}}},"product_brand":[],"product_cat":[37],"product_tag":[],"class_list":{"0":"post-1588","1":"product","2":"type-product","3":"status-publish","4":"has-post-thumbnail","6":"product_cat-garmentbag","7":"desktop-align-left","8":"tablet-align-left","9":"mobile-align-left","11":"first","12":"instock","13":"shipping-taxable","14":"product-type-simple"},"_links":{"self":[{"href":"https:\/\/precisebag.com\/fr\/wp-json\/wp\/v2\/product\/1588","targetHints":{"allow":["GET"]}}],"collection":[{"href":"https:\/\/precisebag.com\/fr\/wp-json\/wp\/v2\/product"}],"about":[{"href":"https:\/\/precisebag.com\/fr\/wp-json\/wp\/v2\/types\/product"}],"replies":[{"embeddable":true,"href":"https:\/\/precisebag.com\/fr\/wp-json\/wp\/v2\/comments?post=1588"}],"wp:featuredmedia":[{"embeddable":true,"href":"https:\/\/precisebag.com\/fr\/wp-json\/wp\/v2\/media\/1591"}],"wp:attachment":[{"href":"https:\/\/precisebag.com\/fr\/wp-json\/wp\/v2\/media?parent=1588"}],"wp:term":[{"taxonomy":"product_brand","embeddable":true,"href":"https:\/\/precisebag.com\/fr\/wp-json\/wp\/v2\/product_brand?post=1588"},{"taxonomy":"product_cat","embeddable":true,"href":"https:\/\/precisebag.com\/fr\/wp-json\/wp\/v2\/product_cat?post=1588"},{"taxonomy":"product_tag","embeddable":true,"href":"https:\/\/precisebag.com\/fr\/wp-json\/wp\/v2\/product_tag?post=1588"}],"curies":[{"name":"wp","href":"https:\/\/api.w.org\/{rel}","templated":true}]}}