{"id":1593,"date":"2022-04-04T06:04:41","date_gmt":"2022-04-04T06:04:41","guid":{"rendered":"https:\/\/precisebag.com\/?post_type=product&#038;p=1593"},"modified":"2022-04-04T06:04:43","modified_gmt":"2022-04-04T06:04:43","slug":"wedding-dress-bag","status":"publish","type":"product","link":"https:\/\/precisebag.com\/fr\/produit\/wedding-dress-bag\/","title":{"rendered":"Robe de mari\u00e9e Sac"},"content":{"rendered":"<p>Le sac de robe de mari\u00e9e est \u00e9galement appel\u00e9 sac de protection pour v\u00eatements. Les gens pouvaient l&#039;acheter dans une boutique de mariage, des magasins et d&#039;autres magasins de v\u00eatements. La couleur principale de ce sac de robe de mari\u00e9e est le noir et assorti au gris.<\/p>\n<p><strong>Description du produit<\/strong><br \/>\n<strong>Sac de robe de mari\u00e9e<\/strong>, est \u00e9galement appel\u00e9 sac \u00e0 v\u00eatements de protection. Les gens pouvaient l&#039;acheter dans une boutique de mariage, des magasins et d&#039;autres magasins de v\u00eatements. La couleur principale de ce sac de robe de mari\u00e9e est le noir et assorti au gris. \u00c7a a l&#039;air luxueux. D&#039;une mani\u00e8re g\u00e9n\u00e9rale, ce sac est utilis\u00e9 pour la robe de mari\u00e9e, la robe de soir\u00e9e et la robe longue. Certaines personnes mettent \u00e9galement le manteau, le costume et la robe ordinaire. Dans de nombreux cas, le sac donne l&#039;impression d&#039;\u00eatre un cadeau bon march\u00e9 pour le magasin, avec un logo de magasin personnalis\u00e9 imprim\u00e9 dessus. Cependant, nous acceptons le logo personnalis\u00e9, ce qui signifie que vous pouvez avoir votre propre design.<\/p>\n<p>Lorsque vous avez d\u00e9pens\u00e9 des milliers de dollars pour une robe, vous devriez avoir un sac de robe de mari\u00e9e qui offre \u00e0 la fois une fonction de haute qualit\u00e9 et une mode de luxe abordable. En bref, le sac \u00e0 v\u00eatements doit \u00eatre \u00e0 la hauteur de ce que vaut votre robe de mari\u00e9e.<\/p>\n<p>Sur le march\u00e9, le sac de robe de mari\u00e9e ne co\u00fbte que quelques dollars en gros et ne durera pas longtemps, car le mat\u00e9riau des sacs est inf\u00e9rieur. Nos sacs sont fabriqu\u00e9s \u00e0 partir de mat\u00e9riaux de haute qualit\u00e9, ils sont donc r\u00e9utilisables. Peut-\u00eatre souhaitez-vous conserver votre robe pendant de nombreuses ann\u00e9es, auquel cas l&#039;achat d&#039;un sac \u00e0 v\u00eatements fait d&#039;un mat\u00e9riau de qualit\u00e9 archivistique devrait figurer en t\u00eate de votre liste de priorit\u00e9s. Ou peut-\u00eatre planifiez-vous un mariage \u00e0 destination et vous souciez-vous davantage d&#039;acheter la bonne option de stockage pour transporter votre pr\u00e9cieuse robe.<\/p>\n<p>Cette housse de v\u00eatement est assez grande pour accueillir toute la robe de mari\u00e9e. Il est l\u00e9ger pour ne pas alourdir la robe. Le mat\u00e9riau du sac de robe de mari\u00e9e est respirant, tout en prot\u00e9geant la robe des particules en suspension dans l&#039;air ou des insectes g\u00eanants.<\/p>\n<p>Il vous suffit de dire vos besoins, nous concevrons un type de sac \u00e0 v\u00eatements pour vous\u00a0!<\/p>\n<p><strong>sp\u00e9cification<\/strong><\/p>\n<div class=\"table_wrap\">\n<table border=\"1\" cellspacing=\"0\">\n<tbody>\n<tr>\n<td valign=\"top\" width=\"284\">Mat\u00e9riel<\/td>\n<td valign=\"top\" width=\"284\">Polyester, non tiss\u00e9, oxford, coton ou sur mesure<\/td>\n<\/tr>\n<tr>\n<td valign=\"top\" width=\"284\">Couleurs<\/td>\n<td valign=\"top\" width=\"284\">Accepter les couleurs personnalis\u00e9es<\/td>\n<\/tr>\n<tr>\n<td valign=\"top\" width=\"284\">Taille<\/td>\n<td valign=\"top\" width=\"284\">Taille standard ou personnalis\u00e9e<\/td>\n<\/tr>\n<tr>\n<td valign=\"top\" width=\"284\">MOQ<\/td>\n<td valign=\"top\" width=\"284\">500<\/td>\n<\/tr>\n<\/tbody>\n<\/table>\n<\/div>","protected":false},"excerpt":{"rendered":"<p>Le sac de robe de mari\u00e9e est \u00e9galement appel\u00e9 sac de protection pour v\u00eatements. Les gens pouvaient l&#039;acheter dans une boutique de mariage, des magasins et d&#039;autres magasins de v\u00eatements. La couleur principale de ce sac de robe de mari\u00e9e est le noir et assorti au gris.<\/p>\n<p><strong>sp\u00e9cification<\/strong><\/p>\n<div class=\"table_wrap\">\n<table border=\"1\" cellspacing=\"0\">\n<tbody>\n<tr>\n<td valign=\"top\" width=\"284\">Mat\u00e9riel<\/td>\n<td valign=\"top\" width=\"284\">Polyester, non tiss\u00e9, oxford, coton ou sur mesure<\/td>\n<\/tr>\n<tr>\n<td valign=\"top\" width=\"284\">Couleurs<\/td>\n<td valign=\"top\" width=\"284\">Accepter les couleurs personnalis\u00e9es<\/td>\n<\/tr>\n<tr>\n<td valign=\"top\" width=\"284\">Taille<\/td>\n<td valign=\"top\" width=\"284\">Taille standard ou personnalis\u00e9e<\/td>\n<\/tr>\n<tr>\n<td valign=\"top\" width=\"284\">MOQ<\/td>\n<td valign=\"top\" width=\"284\">500<\/td>\n<\/tr>\n<\/tbody>\n<\/table>\n<\/div>","protected":false},"featured_media":1597,"comment_status":"closed","ping_status":"closed","template":"","meta":{"_seopress_robots_primary_cat":"","_seopress_titles_title":"","_seopress_titles_desc":"","_seopress_robots_index":"","site-sidebar-layout":"default","site-content-layout":"default","ast-site-content-layout":"default","site-content-style":"default","site-sidebar-style":"default","ast-global-header-display":"","ast-banner-title-visibility":"","ast-main-header-display":"","ast-hfb-above-header-display":"","ast-hfb-below-header-display":"","ast-hfb-mobile-header-display":"","site-post-title":"","ast-breadcrumbs-content":"","ast-featured-img":"","footer-sml-layout":"","theme-transparent-header-meta":"default","adv-header-id-meta":"","stick-header-meta":"","header-above-stick-meta":"","header-main-stick-meta":"","header-below-stick-meta":"","astra-migrate-meta-layouts":"default","ast-page-background-enabled":"default","ast-page-background-meta":{"desktop":{"background-color":"","background-image":"","background-repeat":"repeat","background-position":"center center","background-size":"auto","background-attachment":"scroll","background-type":"","background-media":"","overlay-type":"","overlay-color":"","overlay-opacity":"","overlay-gradient":""},"tablet":{"background-color":"","background-image":"","background-repeat":"repeat","background-position":"center center","background-size":"auto","background-attachment":"scroll","background-type":"","background-media":"","overlay-type":"","overlay-color":"","overlay-opacity":"","overlay-gradient":""},"mobile":{"background-color":"","background-image":"","background-repeat":"repeat","background-position":"center center","background-size":"auto","background-attachment":"scroll","background-type":"","background-media":"","overlay-type":"","overlay-color":"","overlay-opacity":"","overlay-gradient":""}},"ast-content-background-meta":{"desktop":{"background-color":"var(--ast-global-color-5)","background-image":"","background-repeat":"repeat","background-position":"center center","background-size":"auto","background-attachment":"scroll","background-type":"","background-media":"","overlay-type":"","overlay-color":"","overlay-opacity":"","overlay-gradient":""},"tablet":{"background-color":"var(--ast-global-color-5)","background-image":"","background-repeat":"repeat","background-position":"center center","background-size":"auto","background-attachment":"scroll","background-type":"","background-media":"","overlay-type":"","overlay-color":"","overlay-opacity":"","overlay-gradient":""},"mobile":{"background-color":"var(--ast-global-color-5)","background-image":"","background-repeat":"repeat","background-position":"center center","background-size":"auto","background-attachment":"scroll","background-type":"","background-media":"","overlay-type":"","overlay-color":"","overlay-opacity":"","overlay-gradient":""}}},"product_brand":[],"product_cat":[37],"product_tag":[],"class_list":{"0":"post-1593","1":"product","2":"type-product","3":"status-publish","4":"has-post-thumbnail","6":"product_cat-garmentbag","7":"desktop-align-left","8":"tablet-align-left","9":"mobile-align-left","11":"first","12":"instock","13":"shipping-taxable","14":"product-type-simple"},"_links":{"self":[{"href":"https:\/\/precisebag.com\/fr\/wp-json\/wp\/v2\/product\/1593","targetHints":{"allow":["GET"]}}],"collection":[{"href":"https:\/\/precisebag.com\/fr\/wp-json\/wp\/v2\/product"}],"about":[{"href":"https:\/\/precisebag.com\/fr\/wp-json\/wp\/v2\/types\/product"}],"replies":[{"embeddable":true,"href":"https:\/\/precisebag.com\/fr\/wp-json\/wp\/v2\/comments?post=1593"}],"wp:featuredmedia":[{"embeddable":true,"href":"https:\/\/precisebag.com\/fr\/wp-json\/wp\/v2\/media\/1597"}],"wp:attachment":[{"href":"https:\/\/precisebag.com\/fr\/wp-json\/wp\/v2\/media?parent=1593"}],"wp:term":[{"taxonomy":"product_brand","embeddable":true,"href":"https:\/\/precisebag.com\/fr\/wp-json\/wp\/v2\/product_brand?post=1593"},{"taxonomy":"product_cat","embeddable":true,"href":"https:\/\/precisebag.com\/fr\/wp-json\/wp\/v2\/product_cat?post=1593"},{"taxonomy":"product_tag","embeddable":true,"href":"https:\/\/precisebag.com\/fr\/wp-json\/wp\/v2\/product_tag?post=1593"}],"curies":[{"name":"wp","href":"https:\/\/api.w.org\/{rel}","templated":true}]}}