{"id":1692,"date":"2022-04-05T12:53:43","date_gmt":"2022-04-05T12:53:43","guid":{"rendered":"https:\/\/precisebag.com\/?post_type=product&#038;p=1692"},"modified":"2022-04-05T12:53:45","modified_gmt":"2022-04-05T12:53:45","slug":"non-woven-wine-bag","status":"publish","type":"product","link":"https:\/\/precisebag.com\/fr\/produit\/non-woven-wine-bag\/","title":{"rendered":"Sac \u00e0 vin non tiss\u00e9"},"content":{"rendered":"<p>Le sac \u00e0 vin est un incontournable pour tout magasin d&#039;alcools et peut \u00eatre fabriqu\u00e9 \u00e0 partir de coton ou de polyester non tiss\u00e9 et tiss\u00e9. Le mat\u00e9riau offre une durabilit\u00e9, le poids \u00e9tant un aspect essentiel des produits de qualit\u00e9 comme ces sacs\u00a0!<\/p>\n<p><strong>Description du produit<\/strong><br \/>\nLe sac \u00e0 vin est indispensable pour le magasin d&#039;alcools. De mani\u00e8re g\u00e9n\u00e9rale, ces magasins peuvent choisir des couleurs plus vives. Il y a beaucoup de couleurs peuvent \u00eatre choisies. Au-del\u00e0 de la couleur, vous pouvez imprimer votre logo sur les sacs. Le sac \u00e0 vin peut \u00eatre fabriqu\u00e9 en non tiss\u00e9, en pp tiss\u00e9, en coton et en polyester. Il est tr\u00e8s lourd et de bonne qualit\u00e9.<\/p>\n<p>Si les gens veulent envoyer du vin en cadeau \u00e0 des amis, ils doivent avoir un sac pour contenir le vin. De mani\u00e8re g\u00e9n\u00e9rale, le magasin d&#039;alcools offrira un sac de vin gratuit. Le client apportera le vin \u00e0 la maison, au parc ou \u00e0 d&#039;autres endroits. Ce v\u00e9ritable avantage est que les clients ont promu et construit la marque d&#039;un magasin d&#039;alcools sans vraiment s&#039;en rendre compte. Si vous \u00eates \u00e0 une r\u00e9union de d\u00e9gustation de vin, les gens pourraient vous poser la question sur la cave, les vins pr\u00e9f\u00e9r\u00e9s et les \u00e9v\u00e9nements.<\/p>\n<p>Les sacs de vin promotionnels sont une v\u00e9ritable victoire lorsqu&#039;il s&#039;agit de construire et de promouvoir votre marque de vin.<\/p>\n<p>Les sacs \u00e0 vin des images sont des sacs \u00e0 vin non tiss\u00e9s. Il est r\u00e9utilisable, \u00e9cologique et solide. \u00c0 l&#039;int\u00e9rieur des sacs \u00e0 vin, vous pouvez trouver une disposition pour les bouteilles doubles, trois bouteilles, quatre bouteilles ou six bouteilles. Bien s\u00fbr, cela d\u00e9pend de vos besoins.<\/p>\n<p>Vous devriez avoir une telle exp\u00e9rience: vous avez achet\u00e9 une bouteille de vin, mais la bouteille a gliss\u00e9 de vos bras, est tomb\u00e9e et s&#039;est cass\u00e9e, avec du vin \u00e9clabouss\u00e9 partout. Une telle exp\u00e9rience embarrassante. Maintenant, les sacs \u00e0 vin peuvent vous aider \u00e0 r\u00e9soudre le probl\u00e8me. Ce sac \u00e0 vin peut contenir jusqu&#039;\u00e0 6 bouteilles de vin en toute s\u00e9curit\u00e9. Si vous pensez que les 6 bouteilles sont trop pour vous, un sac \u00e0 vin de 2 bouteilles est \u00e9galement une bonne id\u00e9e.<\/p>\n<p>Cela peut \u00e9galement \u00eatre utilis\u00e9 pour d&#039;autres marchandises. Il est parfait pour un petit r\u00e9cipient de lingettes de surface, de lingettes pour les mains, de d\u00e9sinfectant pour les mains, de spray, etc. Les s\u00e9parateurs emp\u00eachent tout de tomber.<\/p>\n<p><strong>sp\u00e9cification<\/strong><\/p>\n<div class=\"table_wrap\">\n<table border=\"1\" cellspacing=\"0\">\n<tbody>\n<tr>\n<td valign=\"top\" width=\"284\">Mat\u00e9riel<\/td>\n<td valign=\"top\" width=\"284\">Non tiss\u00e9<\/td>\n<\/tr>\n<tr>\n<td valign=\"top\" width=\"284\">Logo<\/td>\n<td valign=\"top\" width=\"284\">Accepter<\/td>\n<\/tr>\n<tr>\n<td valign=\"top\" width=\"284\">Taille<\/td>\n<td valign=\"top\" width=\"284\">Taille standard ou sur mesure<\/td>\n<\/tr>\n<tr>\n<td valign=\"top\" width=\"284\">MOQ<\/td>\n<td valign=\"top\" width=\"284\">1000<\/td>\n<\/tr>\n<tr>\n<td valign=\"top\" width=\"284\">Usage<\/td>\n<td valign=\"top\" width=\"284\">Shopping\/vin\/boisson<\/td>\n<\/tr>\n<\/tbody>\n<\/table>\n<\/div>","protected":false},"excerpt":{"rendered":"<p>Le sac \u00e0 vin est un incontournable pour tout magasin d&#039;alcools et peut \u00eatre fabriqu\u00e9 \u00e0 partir de coton ou de polyester non tiss\u00e9 et tiss\u00e9. Le mat\u00e9riau offre une durabilit\u00e9, le poids \u00e9tant un aspect essentiel des produits de qualit\u00e9 comme ces sacs\u00a0!<\/p>\n<p><strong>sp\u00e9cification<\/strong><\/p>\n<div class=\"table_wrap\">\n<table border=\"1\" cellspacing=\"0\">\n<tbody>\n<tr>\n<td valign=\"top\" width=\"284\">Mat\u00e9riel<\/td>\n<td valign=\"top\" width=\"284\">Non tiss\u00e9<\/td>\n<\/tr>\n<tr>\n<td valign=\"top\" width=\"284\">Logo<\/td>\n<td valign=\"top\" width=\"284\">Accepter<\/td>\n<\/tr>\n<tr>\n<td valign=\"top\" width=\"284\">Taille<\/td>\n<td valign=\"top\" width=\"284\">Taille standard ou sur mesure<\/td>\n<\/tr>\n<tr>\n<td valign=\"top\" width=\"284\">MOQ<\/td>\n<td valign=\"top\" width=\"284\">1000<\/td>\n<\/tr>\n<tr>\n<td valign=\"top\" width=\"284\">Usage<\/td>\n<td valign=\"top\" width=\"284\">Shopping\/vin\/boisson<\/td>\n<\/tr>\n<\/tbody>\n<\/table>\n<\/div>","protected":false},"featured_media":1695,"comment_status":"closed","ping_status":"closed","template":"","meta":{"_seopress_robots_primary_cat":"","_seopress_titles_title":"","_seopress_titles_desc":"","_seopress_robots_index":"","site-sidebar-layout":"default","site-content-layout":"default","ast-site-content-layout":"default","site-content-style":"default","site-sidebar-style":"default","ast-global-header-display":"","ast-banner-title-visibility":"","ast-main-header-display":"","ast-hfb-above-header-display":"","ast-hfb-below-header-display":"","ast-hfb-mobile-header-display":"","site-post-title":"","ast-breadcrumbs-content":"","ast-featured-img":"","footer-sml-layout":"","theme-transparent-header-meta":"default","adv-header-id-meta":"","stick-header-meta":"","header-above-stick-meta":"","header-main-stick-meta":"","header-below-stick-meta":"","astra-migrate-meta-layouts":"default","ast-page-background-enabled":"default","ast-page-background-meta":{"desktop":{"background-color":"","background-image":"","background-repeat":"repeat","background-position":"center center","background-size":"auto","background-attachment":"scroll","background-type":"","background-media":"","overlay-type":"","overlay-color":"","overlay-opacity":"","overlay-gradient":""},"tablet":{"background-color":"","background-image":"","background-repeat":"repeat","background-position":"center center","background-size":"auto","background-attachment":"scroll","background-type":"","background-media":"","overlay-type":"","overlay-color":"","overlay-opacity":"","overlay-gradient":""},"mobile":{"background-color":"","background-image":"","background-repeat":"repeat","background-position":"center center","background-size":"auto","background-attachment":"scroll","background-type":"","background-media":"","overlay-type":"","overlay-color":"","overlay-opacity":"","overlay-gradient":""}},"ast-content-background-meta":{"desktop":{"background-color":"var(--ast-global-color-5)","background-image":"","background-repeat":"repeat","background-position":"center center","background-size":"auto","background-attachment":"scroll","background-type":"","background-media":"","overlay-type":"","overlay-color":"","overlay-opacity":"","overlay-gradient":""},"tablet":{"background-color":"var(--ast-global-color-5)","background-image":"","background-repeat":"repeat","background-position":"center center","background-size":"auto","background-attachment":"scroll","background-type":"","background-media":"","overlay-type":"","overlay-color":"","overlay-opacity":"","overlay-gradient":""},"mobile":{"background-color":"var(--ast-global-color-5)","background-image":"","background-repeat":"repeat","background-position":"center center","background-size":"auto","background-attachment":"scroll","background-type":"","background-media":"","overlay-type":"","overlay-color":"","overlay-opacity":"","overlay-gradient":""}}},"product_brand":[],"product_cat":[38],"product_tag":[],"class_list":{"0":"post-1692","1":"product","2":"type-product","3":"status-publish","4":"has-post-thumbnail","6":"product_cat-shoppingbag","7":"desktop-align-left","8":"tablet-align-left","9":"mobile-align-left","11":"first","12":"instock","13":"shipping-taxable","14":"product-type-simple"},"_links":{"self":[{"href":"https:\/\/precisebag.com\/fr\/wp-json\/wp\/v2\/product\/1692","targetHints":{"allow":["GET"]}}],"collection":[{"href":"https:\/\/precisebag.com\/fr\/wp-json\/wp\/v2\/product"}],"about":[{"href":"https:\/\/precisebag.com\/fr\/wp-json\/wp\/v2\/types\/product"}],"replies":[{"embeddable":true,"href":"https:\/\/precisebag.com\/fr\/wp-json\/wp\/v2\/comments?post=1692"}],"wp:featuredmedia":[{"embeddable":true,"href":"https:\/\/precisebag.com\/fr\/wp-json\/wp\/v2\/media\/1695"}],"wp:attachment":[{"href":"https:\/\/precisebag.com\/fr\/wp-json\/wp\/v2\/media?parent=1692"}],"wp:term":[{"taxonomy":"product_brand","embeddable":true,"href":"https:\/\/precisebag.com\/fr\/wp-json\/wp\/v2\/product_brand?post=1692"},{"taxonomy":"product_cat","embeddable":true,"href":"https:\/\/precisebag.com\/fr\/wp-json\/wp\/v2\/product_cat?post=1692"},{"taxonomy":"product_tag","embeddable":true,"href":"https:\/\/precisebag.com\/fr\/wp-json\/wp\/v2\/product_tag?post=1692"}],"curies":[{"name":"wp","href":"https:\/\/api.w.org\/{rel}","templated":true}]}}